{"id":12053,"date":"2025-06-19T10:31:24","date_gmt":"2025-06-19T08:31:24","guid":{"rendered":"https:\/\/agora.xtec.cat\/iesperealsius\/?page_id=12053"},"modified":"2026-03-15T12:41:05","modified_gmt":"2026-03-15T11:41:05","slug":"complecio-destudis","status":"publish","type":"page","link":"https:\/\/agora.xtec.cat\/iesperealsius\/complecio-destudis\/","title":{"rendered":"Compleci\u00f3 d&#8217;estudis"},"content":{"rendered":"<p style=\"text-align: justify;\">El 21 de maig es va publicar al DOGC l&#8217;Ordre EDF\/74\/2025, de 15 de maig, del procediment per completar els ensenyaments professionalitzadors que s&#8217;extingeixen.<br \/>\nLa compleci\u00f3 \u00e9s un procediment per facilitar que l\u2019alumnat que ha cursat estudis professionalitzadors que s\u2019extingeixen, per\u00f2 no els ha superat, els pugui completar.<\/p>\n<ul>\n<li><strong>Terminis<\/strong> :\u00a0Durant els <b>dos cursos acad\u00e8mics <\/b>seg\u00fcents a la data de supressi\u00f3 legal del t\u00edtol o del pla d&#8217;estudis, per als ensenyaments en la modalitat presencial. Cursos 2025-2026 i 20226-2027.<\/li>\n<li>La <strong>inscripci\u00f3<\/strong> a les proves d&#8217;avaluaci\u00f3 s&#8217;ha de dur a terme:<br \/>\na) De l&#8217;1 al 15 d&#8217;octubre. Permet participar en les convocat\u00f2ries de novembre i d&#8217;abril.<br \/>\nb) De l&#8217;1 al 15 de mar\u00e7. Permet participar en la convocat\u00f2ria d&#8217;abril.<\/li>\n<li>Les <strong>proves d&#8217;avaluaci\u00f3<\/strong> s&#8217;han de dur a terme:<br \/>\na) Per a la convocat\u00f2ria de novembre, entre els dies 24 i 28 de novembre*.<br \/>\nb) Per a la convocat\u00f2ria d&#8217;abril, entre els dies 20 i 24 d&#8217;abril*.<\/li>\n<\/ul>\n<p>* Els alumnes de Grau Superior hauran de satisfer el preu p\u00fablic per la compleci\u00f3, per unitat formativa: 25,00 euros. S&#8217;ha de realitzar l&#8217;ingr\u00e9s al n\u00ba de compte: ES12 2100 8131 0423 0002 0492, tot indicant el nom i cognoms de l&#8217;alumne\/a i el nom del cicle formatiu.<\/p>\n<div class=\"yj6qo\"><\/div>\n<div class=\"adL\"><\/div>\n<p>* S&#8217;informar\u00e0 a l&#8217;alumnat via correu electr\u00f2nic del calendari de les proves d&#8217;avaluaci\u00f3.<\/p>\n<p><a href=\"https:\/\/drive.google.com\/file\/d\/1hC_2pvYOB0K9SBTyQeE7EWnDDdLQGv1p\/view?usp=sharing\"><strong>Carta informativa compleci\u00f3 d&#8217;estudis.<\/strong><\/a><\/p>\n<p><a href=\"https:\/\/drive.google.com\/file\/d\/1jwaJXLTCOLBMRfJ4f2D7lgMw3cgG4u2B\/view?usp=sharing\"><strong>Calendari d&#8217;ex\u00e0mens &#8211; mes d&#8217;ABRIL&#8217;26<\/strong><\/a><\/p>\n<p>&nbsp;<\/p>\n","protected":false},"excerpt":{"rendered":"<p>El 21 de maig es va publicar al DOGC l&#8217;Ordre EDF\/74\/2025, de 15 de maig, del procediment per completar els ensenyaments professionalitzadors que s&#8217;extingeixen.<br \/>\nLa compleci\u00f3 \u00e9s un procediment per facilitar que l\u2019alumnat que ha cursat estudis professionalitzadors que s\u2019extingeixen, per\u00f2 no els ha superat, els&hellip;  <a href=\"https:\/\/agora.xtec.cat\/iesperealsius\/complecio-destudis\/\" title=\"Read Compleci\u00f3 d&#8217;estudis\">Llegeix m\u00e9s\u00bb<\/a><\/p>\n","protected":false},"author":7,"featured_media":0,"parent":0,"menu_order":0,"comment_status":"closed","ping_status":"closed","template":"","meta":{"_bbp_topic_count":0,"_bbp_reply_count":0,"_bbp_total_topic_count":0,"_bbp_total_reply_count":0,"_bbp_voice_count":0,"_bbp_anonymous_reply_count":0,"_bbp_topic_count_hidden":0,"_bbp_reply_count_hidden":0,"_bbp_forum_subforum_count":0,"footnotes":""},"class_list":["post-12053","page","type-page","status-publish","hentry"],"post_mailing_queue_ids":[],"_links":{"self":[{"href":"https:\/\/agora.xtec.cat\/iesperealsius\/wp-json\/wp\/v2\/pages\/12053","targetHints":{"allow":["GET"]}}],"collection":[{"href":"https:\/\/agora.xtec.cat\/iesperealsius\/wp-json\/wp\/v2\/pages"}],"about":[{"href":"https:\/\/agora.xtec.cat\/iesperealsius\/wp-json\/wp\/v2\/types\/page"}],"author":[{"embeddable":true,"href":"https:\/\/agora.xtec.cat\/iesperealsius\/wp-json\/wp\/v2\/users\/7"}],"replies":[{"embeddable":true,"href":"https:\/\/agora.xtec.cat\/iesperealsius\/wp-json\/wp\/v2\/comments?post=12053"}],"version-history":[{"count":6,"href":"https:\/\/agora.xtec.cat\/iesperealsius\/wp-json\/wp\/v2\/pages\/12053\/revisions"}],"predecessor-version":[{"id":12825,"href":"https:\/\/agora.xtec.cat\/iesperealsius\/wp-json\/wp\/v2\/pages\/12053\/revisions\/12825"}],"wp:attachment":[{"href":"https:\/\/agora.xtec.cat\/iesperealsius\/wp-json\/wp\/v2\/media?parent=12053"}],"curies":[{"name":"wp","href":"https:\/\/api.w.org\/{rel}","templated":true}]}}