{"id":11924,"date":"2025-05-09T18:55:51","date_gmt":"2025-05-09T16:55:51","guid":{"rendered":"https:\/\/agora.xtec.cat\/iesperealsius\/?page_id=11924"},"modified":"2026-03-10T10:17:03","modified_gmt":"2026-03-10T09:17:03","slug":"sollicitud-del-titol","status":"publish","type":"page","link":"https:\/\/agora.xtec.cat\/iesperealsius\/sollicitud-del-titol\/","title":{"rendered":"Sol\u00b7licitud del t\u00edtol"},"content":{"rendered":"<p>SOL\u00b7LICITUD T\u00cdTOLS<br \/>\nL\u2019alumnat pot sol\u00b7licitar que s&#8217;expedeixi, es dupliqui o s&#8217;actualitzi el t\u00edtol de batxillerat i cicles a trav\u00e9s del seg\u00fcent enlla\u00e7: <a href=\"https:\/\/tramits.gencat.cat\/ca\/tramits\/tramits-temes\/titols-academics-no-universitaris?category=742b7874-a82c-11e3-a972-000c29052e2c\">sol\u00b7licitud<\/a><\/p>\n<p>Un cop omplerta la sol\u00b7licitud es genera una carta de pagament amb una data l\u00edmit per fer-lo.<br \/>\nEns heu d\u2019enviar el resguard de pagament i la c\u00f2pia del DNI al correu del centre secretaria@iesperealsius.cat<br \/>\nDes del centre validarem la vostra petici\u00f3 i es generar\u00e0 el resguard del t\u00edtol (48 hores) que podreu passar a recollir en horari de secretaria.<br \/>\nUs recordem que el resguard del t\u00edtol \u00e9s el document que acredita la titulaci\u00f3 mentre que aquest no arriba, no el podeu perdre.<\/p>\n","protected":false},"excerpt":{"rendered":"<p>SOL\u00b7LICITUD T\u00cdTOLS<br \/>\nL\u2019alumnat pot sol\u00b7licitar que s&#8217;expedeixi, es dupliqui o s&#8217;actualitzi el t\u00edtol de batxillerat i cicles a trav\u00e9s del seg\u00fcent enlla\u00e7: <a href=\"https:\/\/tramits.gencat.cat\/ca\/tramits\/tramits-temes\/titols-academics-no-universitaris?category=742b7874-a82c-11e3-a972-000c29052e2c\">sol\u00b7licitud<\/a><br \/>\nUn cop omplerta la sol\u00b7licitud es genera una carta de pagament amb una data l\u00edmit per fer-lo.<br \/>\nEns heu d\u2019enviar el resguard de pagament&hellip;  <a href=\"https:\/\/agora.xtec.cat\/iesperealsius\/sollicitud-del-titol\/\" title=\"Read Sol\u00b7licitud del t\u00edtol\">Llegeix m\u00e9s\u00bb<\/a><\/p>\n","protected":false},"author":7,"featured_media":0,"parent":0,"menu_order":0,"comment_status":"closed","ping_status":"closed","template":"","meta":{"_bbp_topic_count":0,"_bbp_reply_count":0,"_bbp_total_topic_count":0,"_bbp_total_reply_count":0,"_bbp_voice_count":0,"_bbp_anonymous_reply_count":0,"_bbp_topic_count_hidden":0,"_bbp_reply_count_hidden":0,"_bbp_forum_subforum_count":0,"footnotes":""},"class_list":["post-11924","page","type-page","status-publish","hentry"],"post_mailing_queue_ids":[],"_links":{"self":[{"href":"https:\/\/agora.xtec.cat\/iesperealsius\/wp-json\/wp\/v2\/pages\/11924","targetHints":{"allow":["GET"]}}],"collection":[{"href":"https:\/\/agora.xtec.cat\/iesperealsius\/wp-json\/wp\/v2\/pages"}],"about":[{"href":"https:\/\/agora.xtec.cat\/iesperealsius\/wp-json\/wp\/v2\/types\/page"}],"author":[{"embeddable":true,"href":"https:\/\/agora.xtec.cat\/iesperealsius\/wp-json\/wp\/v2\/users\/7"}],"replies":[{"embeddable":true,"href":"https:\/\/agora.xtec.cat\/iesperealsius\/wp-json\/wp\/v2\/comments?post=11924"}],"version-history":[{"count":3,"href":"https:\/\/agora.xtec.cat\/iesperealsius\/wp-json\/wp\/v2\/pages\/11924\/revisions"}],"predecessor-version":[{"id":12798,"href":"https:\/\/agora.xtec.cat\/iesperealsius\/wp-json\/wp\/v2\/pages\/11924\/revisions\/12798"}],"wp:attachment":[{"href":"https:\/\/agora.xtec.cat\/iesperealsius\/wp-json\/wp\/v2\/media?parent=11924"}],"curies":[{"name":"wp","href":"https:\/\/api.w.org\/{rel}","templated":true}]}}