{"id":11775,"date":"2025-03-27T09:37:16","date_gmt":"2025-03-27T08:37:16","guid":{"rendered":"https:\/\/agora.xtec.cat\/iesperealsius\/?page_id=11775"},"modified":"2025-11-19T15:41:19","modified_gmt":"2025-11-19T14:41:19","slug":"equip-docent-ife","status":"publish","type":"page","link":"https:\/\/agora.xtec.cat\/iesperealsius\/equips-docents\/equip-docent-ife\/","title":{"rendered":"Equip docent &#8211; IFE"},"content":{"rendered":"<p><a href=\"https:\/\/agora.xtec.cat\/iesperealsius\/wp-content\/uploads\/usu45\/2025\/11\/PHOTO-2025-11-13-16-12-02.jpg\"><img loading=\"lazy\" decoding=\"async\" class=\"alignnone wp-image-12521 size-large\" src=\"https:\/\/agora.xtec.cat\/iesperealsius\/wp-content\/uploads\/usu45\/2025\/11\/PHOTO-2025-11-13-16-12-02-1024x768.jpg\" alt=\"\" width=\"1024\" height=\"768\" srcset=\"https:\/\/agora.xtec.cat\/iesperealsius\/wp-content\/uploads\/usu45\/2025\/11\/PHOTO-2025-11-13-16-12-02-1024x768.jpg 1024w, https:\/\/agora.xtec.cat\/iesperealsius\/wp-content\/uploads\/usu45\/2025\/11\/PHOTO-2025-11-13-16-12-02-300x225.jpg 300w, https:\/\/agora.xtec.cat\/iesperealsius\/wp-content\/uploads\/usu45\/2025\/11\/PHOTO-2025-11-13-16-12-02-768x576.jpg 768w, https:\/\/agora.xtec.cat\/iesperealsius\/wp-content\/uploads\/usu45\/2025\/11\/PHOTO-2025-11-13-16-12-02-1536x1152.jpg 1536w, https:\/\/agora.xtec.cat\/iesperealsius\/wp-content\/uploads\/usu45\/2025\/11\/PHOTO-2025-11-13-16-12-02-200x150.jpg 200w, https:\/\/agora.xtec.cat\/iesperealsius\/wp-content\/uploads\/usu45\/2025\/11\/PHOTO-2025-11-13-16-12-02.jpg 2048w\" sizes=\"auto, (max-width: 1024px) 100vw, 1024px\" \/><\/a><\/p>\n<div>Meritxell Dilm\u00e9, Marta Reig, Marta Pujol , Paula Pag\u00e8s, Sergi Dub\u00e9, I\u00f1aki Codinach, Carles Roig, Mariona Duran.<\/div>\n","protected":false},"excerpt":{"rendered":"<p><a href=\"https:\/\/agora.xtec.cat\/iesperealsius\/wp-content\/uploads\/usu45\/2025\/11\/PHOTO-2025-11-13-16-12-02.jpg\"><\/a><br \/>\nMeritxell Dilm\u00e9, Marta Reig, Marta Pujol , Paula Pag\u00e8s, Sergi Dub\u00e9, I\u00f1aki Codinach, Carles Roig, Mariona Duran.<\/p>\n","protected":false},"author":7,"featured_media":0,"parent":7618,"menu_order":80,"comment_status":"closed","ping_status":"closed","template":"page-templates\/side-menu.php","meta":{"_bbp_topic_count":0,"_bbp_reply_count":0,"_bbp_total_topic_count":0,"_bbp_total_reply_count":0,"_bbp_voice_count":0,"_bbp_anonymous_reply_count":0,"_bbp_topic_count_hidden":0,"_bbp_reply_count_hidden":0,"_bbp_forum_subforum_count":0,"footnotes":""},"class_list":["post-11775","page","type-page","status-publish","hentry"],"post_mailing_queue_ids":[],"_links":{"self":[{"href":"https:\/\/agora.xtec.cat\/iesperealsius\/wp-json\/wp\/v2\/pages\/11775","targetHints":{"allow":["GET"]}}],"collection":[{"href":"https:\/\/agora.xtec.cat\/iesperealsius\/wp-json\/wp\/v2\/pages"}],"about":[{"href":"https:\/\/agora.xtec.cat\/iesperealsius\/wp-json\/wp\/v2\/types\/page"}],"author":[{"embeddable":true,"href":"https:\/\/agora.xtec.cat\/iesperealsius\/wp-json\/wp\/v2\/users\/7"}],"replies":[{"embeddable":true,"href":"https:\/\/agora.xtec.cat\/iesperealsius\/wp-json\/wp\/v2\/comments?post=11775"}],"version-history":[{"count":2,"href":"https:\/\/agora.xtec.cat\/iesperealsius\/wp-json\/wp\/v2\/pages\/11775\/revisions"}],"predecessor-version":[{"id":12522,"href":"https:\/\/agora.xtec.cat\/iesperealsius\/wp-json\/wp\/v2\/pages\/11775\/revisions\/12522"}],"up":[{"embeddable":true,"href":"https:\/\/agora.xtec.cat\/iesperealsius\/wp-json\/wp\/v2\/pages\/7618"}],"wp:attachment":[{"href":"https:\/\/agora.xtec.cat\/iesperealsius\/wp-json\/wp\/v2\/media?parent=11775"}],"curies":[{"name":"wp","href":"https:\/\/api.w.org\/{rel}","templated":true}]}}