{"id":11484,"date":"2024-11-12T14:55:15","date_gmt":"2024-11-12T13:55:15","guid":{"rendered":"https:\/\/agora.xtec.cat\/iesperealsius\/?page_id=11484"},"modified":"2024-11-14T12:01:53","modified_gmt":"2024-11-14T11:01:53","slug":"fp-dual-cf","status":"publish","type":"page","link":"https:\/\/agora.xtec.cat\/iesperealsius\/estudis\/cicles-formatius-2\/fp-dual-cf\/","title":{"rendered":"FP dual &#8211; CF"},"content":{"rendered":"<p><strong>Qu\u00e8 \u00e9s la Formaci\u00f3 Professional en Dual (FP Dual)?<\/strong><\/p>\n<p>La Formaci\u00f3 Professional (FP) dual \u00e9s la modalitat de formaci\u00f3 professional en la qual l\u2019estudiant esdev\u00e9 aprenent i combina la formaci\u00f3 en el centre educatiu amb l\u2019activitat a l\u2019empresa.<\/p>\n<p>&nbsp;<\/p>\n<p><strong>On puc trobar informaci\u00f3 de qu\u00e8 \u00e9s la FP Dual?<\/strong><\/p>\n<p>Podeu trobar informaci\u00f3 detallada de la FP Dual a &#8230;<\/p>\n<ul>\n<li><a href=\"https:\/\/projectes.xtec.cat\/fpdual\/\">https:\/\/projectes.xtec.cat\/fpdual\/<\/a><\/li>\n<li><a href=\"http:\/\/queestudiar.gencat.cat\/ca\/estudis\/fp\/mesures-flexib\/fp-dual\/\">http:\/\/queestudiar.gencat.cat\/ca\/estudis\/fp\/mesures-flexib\/fp-dual\/<\/a><\/li>\n<\/ul>\n<p>&nbsp;<\/p>\n<p><strong>I l\u2019Institut Pere Alsius quins estudis ofereix en Dual?<\/strong><\/p>\n<p>Actualment l\u2019institut ofereix el <strong>CFGS Ensenyament i Animaci\u00f3 Socioesportiva<\/strong> ,el <strong>CFGS Condicionament F\u00edsic <\/strong>en format Dual, i el <strong>CFGM Guia en el Medi Natural i de Temps de Lleure.<\/strong><\/p>\n<p>Podeu trobar informaci\u00f3 de com est\u00e0 organitzat el cicle en formaci\u00f3 Dual al nostre institut en els seg\u00fcents documents:<\/p>\n<ul>\n<li>Manual de funcionament TSEAS Dual (en breu)<\/li>\n<li>Manual de funcionament CF Dual (en breu)<\/li>\n<li>Manual de funcionament CFGM Dual (en breu)<\/li>\n<li>V\u00eddeo promocional de la FP Dual a l\u2019institut:<\/li>\n<\/ul>\n<p><iframe loading=\"lazy\" title=\"YouTube video player\" src=\"https:\/\/www.youtube.com\/embed\/prjzOHEVIac\" width=\"1200\" height=\"600\" frameborder=\"0\" allowfullscreen=\"allowfullscreen\" data-mce-fragment=\"1\"><\/iframe><\/p>\n<p><strong>Empreses amb conveni amb l\u2019institut per a la FP Dual dels nostres alumnes:<\/strong><\/p>\n<table style=\"border-collapse: collapse; width: 100%;\">\n<tbody>\n<tr>\n<td style=\"width: 33.3333%;\"><img loading=\"lazy\" decoding=\"async\" class=\"aligncenter wp-image-5101\" src=\"https:\/\/agora.xtec.cat\/iesperealsius\/wp-content\/uploads\/usu45\/2021\/04\/Ajuntament-Cass\u00e0-1.png\" alt=\"\" width=\"338\" height=\"167\" \/><\/td>\n<td style=\"width: 33.2432%;\">Ajuntament de Cass\u00e0 \u00e9s una empresa que coordina la pisicina i el gimn\u00e0s municipal. Ofereix poder dinamitzar activitats dirigides amb suport musical, al medi aqu\u00e0tic i ser t\u00e8cnic de sala, tamb\u00e9.<\/td>\n<td style=\"width: 33.2432%;\">Cass\u00e0 de la Selva<\/td>\n<\/tr>\n<tr>\n<td style=\"width: 33.3333%;\"><img loading=\"lazy\" decoding=\"async\" class=\"aligncenter wp-image-5100\" src=\"https:\/\/agora.xtec.cat\/iesperealsius\/wp-content\/uploads\/usu45\/2021\/04\/verbagym-1.png\" alt=\"\" width=\"290\" height=\"163\" \/><\/td>\n<td style=\"width: 33.2432%;\">Verbagym \u00e9s un gimn\u00e0s privat que ofereix diferents classes d&#8217;activitats dirigides. A m\u00e9s, ofereix classes de p\u00e0del i entrenaments personals.<\/td>\n<td style=\"width: 33.2432%;\">Platja d&#8217;Aro<\/td>\n<\/tr>\n<tr>\n<td style=\"width: 33.3333%;\"><img loading=\"lazy\" decoding=\"async\" class=\"aligncenter wp-image-5101\" src=\"https:\/\/agora.xtec.cat\/iesperealsius\/wp-content\/uploads\/usu45\/2021\/04\/logo-triops-200-1.png\" alt=\"\" width=\"338\" height=\"167\" \/><\/td>\n<td style=\"width: 33.2432%;\">Triops \u00e9s un gimn\u00e0s privat que ofereix diferents classes d&#8217;activitats dirigides. A m\u00e9s, ofereix els entrenaments en format redu\u00eft: small gruoups.<\/td>\n<td style=\"width: 33.2432%;\">Banyoles<\/td>\n<\/tr>\n<tr>\n<td style=\"width: 33.3333%; text-align: center;\"><a href=\"https:\/\/agora.xtec.cat\/iesperealsius\/wp-content\/uploads\/usu45\/2024\/11\/baixa.png\"><img loading=\"lazy\" decoding=\"async\" class=\"alignnone size-full wp-image-11499\" src=\"https:\/\/agora.xtec.cat\/iesperealsius\/wp-content\/uploads\/usu45\/2024\/11\/baixa.png\" alt=\"\" width=\"178\" height=\"284\" \/><\/a><\/td>\n<td style=\"width: 33.2432%;\">El Grup Excursionista i Esportiu Giron\u00ed (GEiEG) ofereix la dinamitzaci\u00f3 d&#8217;activitats dirigides i cursos de nataci\u00f3 per infants.<\/td>\n<td style=\"width: 33.2432%;\">Girona<\/td>\n<\/tr>\n<tr>\n<td style=\"width: 33.3333%; text-align: center;\"><a href=\"https:\/\/agora.xtec.cat\/iesperealsius\/wp-content\/uploads\/usu45\/2024\/11\/ballena.jpeg\"><img loading=\"lazy\" decoding=\"async\" class=\"alignnone size-full wp-image-11506\" src=\"https:\/\/agora.xtec.cat\/iesperealsius\/wp-content\/uploads\/usu45\/2024\/11\/ballena.jpeg\" alt=\"\" width=\"225\" height=\"225\" srcset=\"https:\/\/agora.xtec.cat\/iesperealsius\/wp-content\/uploads\/usu45\/2024\/11\/ballena.jpeg 225w, https:\/\/agora.xtec.cat\/iesperealsius\/wp-content\/uploads\/usu45\/2024\/11\/ballena-150x150.jpeg 150w\" sizes=\"auto, (max-width: 225px) 100vw, 225px\" \/><\/a><\/td>\n<td style=\"width: 33.2432%;\">El c\u00e0mping Ballena Alegre t\u00e9 un gimn\u00e0s en el qual els turistes hi poden anar entrenar durant la seva estada i disposa de material divers i actualitzat. Ofereixen assesorament personalitzat, activitats dirigides amb i sense suport musical i en el medi aqu\u00e0tic, tamb\u00e9.<\/td>\n<td style=\"width: 33.2432%;\">Sant Pere Pescador<\/td>\n<\/tr>\n<tr>\n<td style=\"width: 33.3333%; text-align: center;\"><a href=\"https:\/\/agora.xtec.cat\/iesperealsius\/wp-content\/uploads\/usu45\/2024\/11\/top.png\"><img loading=\"lazy\" decoding=\"async\" class=\"alignnone size-full wp-image-11510\" src=\"https:\/\/agora.xtec.cat\/iesperealsius\/wp-content\/uploads\/usu45\/2024\/11\/top.png\" alt=\"\" width=\"275\" height=\"183\" \/><\/a><\/td>\n<td style=\"width: 33.2432%;\">TopTeam ofereix les seg\u00fcents activitats: dirigides, fitness\/musculaci\u00f3, esports de contacte, classes per nens i bombers\/opositors.<\/td>\n<td style=\"width: 33.2432%;\">La Canya<\/td>\n<\/tr>\n<tr>\n<td style=\"width: 33.3333%; text-align: center;\"><a href=\"https:\/\/agora.xtec.cat\/iesperealsius\/wp-content\/uploads\/usu45\/2024\/11\/koax.png\"><img loading=\"lazy\" decoding=\"async\" class=\"alignnone size-full wp-image-11511\" src=\"https:\/\/agora.xtec.cat\/iesperealsius\/wp-content\/uploads\/usu45\/2024\/11\/koax.png\" alt=\"\" width=\"225\" height=\"225\" srcset=\"https:\/\/agora.xtec.cat\/iesperealsius\/wp-content\/uploads\/usu45\/2024\/11\/koax.png 225w, https:\/\/agora.xtec.cat\/iesperealsius\/wp-content\/uploads\/usu45\/2024\/11\/koax-150x150.png 150w\" sizes=\"auto, (max-width: 225px) 100vw, 225px\" \/><\/a><\/td>\n<td style=\"width: 33.2432%;\">KOAX Studio \u00e9s un centre d&#8217;entrenament personal. A m\u00e9s, preparen esportistes perqu\u00e8 puguin assolir al seu m\u00e0xim nivell.<\/td>\n<td style=\"width: 33.2432%;\">Palol d&#8217;Onyar, Girona<\/td>\n<\/tr>\n<tr>\n<td style=\"width: 33.3333%; text-align: center;\"><a href=\"https:\/\/agora.xtec.cat\/iesperealsius\/wp-content\/uploads\/usu45\/2024\/11\/Captura-de-pantalla-2024-11-14-a-les-8.51.08.png\"><img loading=\"lazy\" decoding=\"async\" class=\"alignnone size-full wp-image-11512\" src=\"https:\/\/agora.xtec.cat\/iesperealsius\/wp-content\/uploads\/usu45\/2024\/11\/Captura-de-pantalla-2024-11-14-a-les-8.51.08.png\" alt=\"\" width=\"560\" height=\"109\" srcset=\"https:\/\/agora.xtec.cat\/iesperealsius\/wp-content\/uploads\/usu45\/2024\/11\/Captura-de-pantalla-2024-11-14-a-les-8.51.08.png 560w, https:\/\/agora.xtec.cat\/iesperealsius\/wp-content\/uploads\/usu45\/2024\/11\/Captura-de-pantalla-2024-11-14-a-les-8.51.08-300x58.png 300w\" sizes=\"auto, (max-width: 560px) 100vw, 560px\" \/><\/a><\/td>\n<td style=\"width: 33.2432%;\">Indoorgym \u00e9s un gimn\u00e0s de fitness que ofereix diferents activitats dirigides.<\/td>\n<td style=\"width: 33.2432%;\">La Bisbal d&#8217;Empord\u00e0<\/td>\n<\/tr>\n<tr>\n<td style=\"width: 33.3333%; text-align: center;\"><a href=\"https:\/\/agora.xtec.cat\/iesperealsius\/wp-content\/uploads\/usu45\/2024\/11\/baixa-1.png\"><img loading=\"lazy\" decoding=\"async\" class=\"alignnone size-full wp-image-11513\" src=\"https:\/\/agora.xtec.cat\/iesperealsius\/wp-content\/uploads\/usu45\/2024\/11\/baixa-1.png\" alt=\"\" width=\"225\" height=\"225\" srcset=\"https:\/\/agora.xtec.cat\/iesperealsius\/wp-content\/uploads\/usu45\/2024\/11\/baixa-1.png 225w, https:\/\/agora.xtec.cat\/iesperealsius\/wp-content\/uploads\/usu45\/2024\/11\/baixa-1-150x150.png 150w\" sizes=\"auto, (max-width: 225px) 100vw, 225px\" \/><\/a><\/td>\n<td style=\"width: 33.2432%;\">Club Esportiu CT La Bisbal ofereix activitats dirigides: aigua, aire i mou-te. A m\u00e9s, d&#8217;escola de nataci\u00f3, triescola i new dance.<\/td>\n<td style=\"width: 33.2432%;\">La Bisbal d&#8217;Empord\u00e0<\/td>\n<\/tr>\n<tr>\n<td style=\"width: 33.3333%;\"><a href=\"https:\/\/agora.xtec.cat\/iesperealsius\/wp-content\/uploads\/usu45\/2020\/04\/CNB-e1586381668146.jpg\"><img loading=\"lazy\" decoding=\"async\" class=\"aligncenter size-full wp-image-5104\" src=\"https:\/\/agora.xtec.cat\/iesperealsius\/wp-content\/uploads\/usu45\/2020\/04\/CNB-e1586381668146.jpg\" alt=\"\" width=\"400\" height=\"264\" srcset=\"https:\/\/agora.xtec.cat\/iesperealsius\/wp-content\/uploads\/usu45\/2020\/04\/CNB-e1586381668146.jpg 400w, https:\/\/agora.xtec.cat\/iesperealsius\/wp-content\/uploads\/usu45\/2020\/04\/CNB-e1586381668146-300x198.jpg 300w\" sizes=\"auto, (max-width: 400px) 100vw, 400px\" \/><\/a><\/td>\n<td style=\"width: 33.2432%;\">El Club Nataci\u00f3 Banyoles (CNB) ofereix activitats dirigides, t\u00e8cnic de sala i entrenament funcional. Tamb\u00e9, ofereix un servei d&#8217;assessorament personal d&#8217;entrenament.<\/td>\n<td style=\"width: 33.2432%;\">Banyoles<\/td>\n<\/tr>\n<\/tbody>\n<\/table>\n<p>&nbsp;<\/p>\n<p><a href=\"https:\/\/agora.xtec.cat\/iesperealsius\/wp-content\/uploads\/usu45\/2020\/04\/QR-1.jpg\"><img loading=\"lazy\" decoding=\"async\" class=\"aligncenter size-full wp-image-5106\" src=\"https:\/\/agora.xtec.cat\/iesperealsius\/wp-content\/uploads\/usu45\/2020\/04\/QR-1.jpg\" alt=\"\" width=\"320\" height=\"320\" srcset=\"https:\/\/agora.xtec.cat\/iesperealsius\/wp-content\/uploads\/usu45\/2020\/04\/QR-1.jpg 320w, https:\/\/agora.xtec.cat\/iesperealsius\/wp-content\/uploads\/usu45\/2020\/04\/QR-1-150x150.jpg 150w, https:\/\/agora.xtec.cat\/iesperealsius\/wp-content\/uploads\/usu45\/2020\/04\/QR-1-300x300.jpg 300w\" sizes=\"auto, (max-width: 320px) 100vw, 320px\" \/><\/a><\/p>\n<p>&nbsp;<\/p>\n<p>&nbsp;<\/p>\n","protected":false},"excerpt":{"rendered":"<p>Qu\u00e8 \u00e9s la Formaci\u00f3 Professional en Dual (FP Dual)?<br \/>\nLa Formaci\u00f3 Professional (FP) dual \u00e9s la modalitat de formaci\u00f3 professional en la qual l\u2019estudiant esdev\u00e9 aprenent i combina la formaci\u00f3 en el centre educatiu amb l\u2019activitat a l\u2019empresa.<br \/>\n&nbsp;<br \/>\nOn puc trobar informaci\u00f3 de qu\u00e8 \u00e9s la FP&hellip;  <a href=\"https:\/\/agora.xtec.cat\/iesperealsius\/estudis\/cicles-formatius-2\/fp-dual-cf\/\" title=\"Read FP dual &#8211; CF\">Llegeix m\u00e9s\u00bb<\/a><\/p>\n","protected":false},"author":7,"featured_media":0,"parent":2568,"menu_order":90,"comment_status":"closed","ping_status":"closed","template":"page-templates\/side-menu.php","meta":{"_bbp_topic_count":0,"_bbp_reply_count":0,"_bbp_total_topic_count":0,"_bbp_total_reply_count":0,"_bbp_voice_count":0,"_bbp_anonymous_reply_count":0,"_bbp_topic_count_hidden":0,"_bbp_reply_count_hidden":0,"_bbp_forum_subforum_count":0,"footnotes":""},"class_list":["post-11484","page","type-page","status-publish","hentry"],"post_mailing_queue_ids":[],"_links":{"self":[{"href":"https:\/\/agora.xtec.cat\/iesperealsius\/wp-json\/wp\/v2\/pages\/11484","targetHints":{"allow":["GET"]}}],"collection":[{"href":"https:\/\/agora.xtec.cat\/iesperealsius\/wp-json\/wp\/v2\/pages"}],"about":[{"href":"https:\/\/agora.xtec.cat\/iesperealsius\/wp-json\/wp\/v2\/types\/page"}],"author":[{"embeddable":true,"href":"https:\/\/agora.xtec.cat\/iesperealsius\/wp-json\/wp\/v2\/users\/7"}],"replies":[{"embeddable":true,"href":"https:\/\/agora.xtec.cat\/iesperealsius\/wp-json\/wp\/v2\/comments?post=11484"}],"version-history":[{"count":6,"href":"https:\/\/agora.xtec.cat\/iesperealsius\/wp-json\/wp\/v2\/pages\/11484\/revisions"}],"predecessor-version":[{"id":11515,"href":"https:\/\/agora.xtec.cat\/iesperealsius\/wp-json\/wp\/v2\/pages\/11484\/revisions\/11515"}],"up":[{"embeddable":true,"href":"https:\/\/agora.xtec.cat\/iesperealsius\/wp-json\/wp\/v2\/pages\/2568"}],"wp:attachment":[{"href":"https:\/\/agora.xtec.cat\/iesperealsius\/wp-json\/wp\/v2\/media?parent=11484"}],"curies":[{"name":"wp","href":"https:\/\/api.w.org\/{rel}","templated":true}]}}