{"id":11481,"date":"2024-11-12T14:51:11","date_gmt":"2024-11-12T13:51:11","guid":{"rendered":"https:\/\/agora.xtec.cat\/iesperealsius\/?page_id=11481"},"modified":"2024-11-14T08:48:00","modified_gmt":"2024-11-14T07:48:00","slug":"fp-dual-gfgs","status":"publish","type":"page","link":"https:\/\/agora.xtec.cat\/iesperealsius\/estudis\/cicles-formatius-2\/fp-dual-gfgs\/","title":{"rendered":"FP dual &#8211; EAS"},"content":{"rendered":"<p><strong>Qu\u00e8 \u00e9s la Formaci\u00f3 Professional en Dual (FP Dual)?<\/strong><\/p>\n<p>La Formaci\u00f3 Professional (FP) dual \u00e9s la modalitat de formaci\u00f3 professional en la qual l\u2019estudiant esdev\u00e9 aprenent i combina la formaci\u00f3 en el centre educatiu amb l\u2019activitat a l\u2019empresa.<\/p>\n<p>&nbsp;<\/p>\n<p><strong>On puc trobar informaci\u00f3 de qu\u00e8 \u00e9s la FP Dual?<\/strong><\/p>\n<p>Podeu trobar informaci\u00f3 detallada de la FP Dual a &#8230;<\/p>\n<ul>\n<li><a href=\"https:\/\/projectes.xtec.cat\/fpdual\/\">https:\/\/projectes.xtec.cat\/fpdual\/<\/a><\/li>\n<li><a href=\"http:\/\/queestudiar.gencat.cat\/ca\/estudis\/fp\/mesures-flexib\/fp-dual\/\">http:\/\/queestudiar.gencat.cat\/ca\/estudis\/fp\/mesures-flexib\/fp-dual\/<\/a><\/li>\n<\/ul>\n<p>&nbsp;<\/p>\n<p><strong>I l\u2019Institut Pere Alsius quins estudis ofereix en Dual?<\/strong><\/p>\n<p>Actualment l\u2019institut ofereix el <strong>CFGS Ensenyament i Animaci\u00f3 Socioesportiva<\/strong> ,el <strong>CFGS Condicionament F\u00edsic <\/strong>en format Dual, i el <strong>CFGM Guia en el Medi Natural i de Temps de Lleure.<\/strong><\/p>\n<p>Podeu trobar informaci\u00f3 de com est\u00e0 organitzat el cicle en formaci\u00f3 Dual al nostre institut en els seg\u00fcents documents:<\/p>\n<ul>\n<li>Manual de funcionament TSEAS Dual (en breu)<\/li>\n<li>Manual de funcionament CF Dual (en breu)<\/li>\n<li>Manual de funcionament CFGM Dual (en breu)<\/li>\n<li>V\u00eddeo promocional de la FP Dual a l\u2019institut:<\/li>\n<\/ul>\n<p><iframe loading=\"lazy\" title=\"YouTube video player\" src=\"https:\/\/www.youtube.com\/embed\/prjzOHEVIac\" width=\"1200\" height=\"600\" frameborder=\"0\" allowfullscreen=\"allowfullscreen\" data-mce-fragment=\"1\"><\/iframe><\/p>\n<p><strong>Empreses amb conveni amb l\u2019institut per a la FP Dual dels nostres alumnes:<\/strong><\/p>\n<table style=\"border-collapse: collapse; width: 100%; height: 2001px;\">\n<tbody>\n<tr style=\"height: 205px;\">\n<td style=\"width: 33.3333%; height: 205px;\"><img loading=\"lazy\" decoding=\"async\" class=\"aligncenter wp-image-5100\" src=\"https:\/\/agora.xtec.cat\/iesperealsius\/wp-content\/uploads\/usu45\/2020\/04\/arriant.jpg\" alt=\"\" width=\"290\" height=\"163\" srcset=\"https:\/\/agora.xtec.cat\/iesperealsius\/wp-content\/uploads\/usu45\/2020\/04\/arriant.jpg 500w, https:\/\/agora.xtec.cat\/iesperealsius\/wp-content\/uploads\/usu45\/2020\/04\/arriant-300x169.jpg 300w\" sizes=\"auto, (max-width: 290px) 100vw, 290px\" \/><\/td>\n<td style=\"width: 33.3333%; height: 205px;\"><span data-sheets-root=\"1\">Arriant Formaci\u00f3 i Lleure \u00e9s una empresa dedicada al sector del lleure educatiu. Ofereix serveis a escoles, administracions i joves que volen introduir-se en el m\u00f3n del lleure educatiu, incloent activitats extraescolars, hores d&#8217;acollida, tallers, dinamitzacions juvenils i comunit\u00e0ries, aix\u00ed com col\u00f2nies i casals d&#8217;estiu. A m\u00e9s, imparteix formacions homologades per a monitors\/es i directors\/es de lleure.<\/span><\/td>\n<td style=\"width: 33.3333%; height: 205px;\">Olot<\/td>\n<\/tr>\n<tr style=\"height: 205px;\">\n<td style=\"width: 33.3333%; height: 205px;\"><a href=\"https:\/\/agora.xtec.cat\/iesperealsius\/wp-content\/uploads\/usu45\/2024\/11\/baixa.png\"><img loading=\"lazy\" decoding=\"async\" class=\"size-full wp-image-11499 aligncenter\" src=\"https:\/\/agora.xtec.cat\/iesperealsius\/wp-content\/uploads\/usu45\/2024\/11\/baixa.png\" alt=\"\" width=\"178\" height=\"284\" \/><\/a><\/td>\n<td style=\"width: 33.3333%; height: 205px;\"><span data-sheets-root=\"1\">El Grup Excursionista i Esportiu Giron\u00ed (GEiEG) \u00e9s una entitat dedicada a promoure l&#8217;esport base i amateur, aix\u00ed com activitats culturals i de lleure. Ofereix una \u00e0mplia gamma d&#8217;activitats extraescolars per a infants i joves, incloent-hi activitats esportives com triatl\u00f3, nataci\u00f3, b\u00e0squet i altres disciplines. A m\u00e9s, organitza casals d&#8217;estiu, campus esportius, activitats aqu\u00e0tiques, com tamb\u00e9 cursos d&#8217;esqu\u00ed i snow. <\/span><\/td>\n<td style=\"width: 33.3333%; height: 205px;\">Girona<\/td>\n<\/tr>\n<tr style=\"height: 244px;\">\n<td style=\"width: 33.3333%; height: 244px;\"><img loading=\"lazy\" decoding=\"async\" class=\"aligncenter size-full wp-image-5104\" src=\"https:\/\/agora.xtec.cat\/iesperealsius\/wp-content\/uploads\/usu45\/2021\/04\/el-collell-1.jpg\" alt=\"\" width=\"400\" height=\"264\" \/><\/td>\n<td style=\"width: 33.3333%; height: 244px;\"><span data-sheets-root=\"1\">El Collell \u00e9s una una casa de col\u00f2nies amb m\u00e9s de 15 anys d&#8217;experi\u00e8ncia en el sector del lleure, ofereix una \u00e0mplia gamma d&#8217;activitats com col\u00f2nies escolars, col\u00f2nies d&#8217;estiu, campus esportius, allotjament i activitats per a associacions, entitats, empreses o grans grups que desitgen realitzar una sortida amb acc\u00e9s a instal\u00b7lacions esportives i l\u00fadiques. <\/span><\/td>\n<td style=\"width: 33.3333%; height: 244px;\">Pla de l&#8217;Estany<\/td>\n<\/tr>\n<tr style=\"height: 126px;\">\n<td style=\"width: 33.3333%; height: 126px;\"><a href=\"https:\/\/agora.xtec.cat\/iesperealsius\/wp-content\/uploads\/usu45\/2024\/11\/consell-esp.jpeg\"><img loading=\"lazy\" decoding=\"async\" class=\"size-full wp-image-11500 aligncenter\" src=\"https:\/\/agora.xtec.cat\/iesperealsius\/wp-content\/uploads\/usu45\/2024\/11\/consell-esp.jpeg\" alt=\"\" width=\"300\" height=\"148\" \/><\/a><\/td>\n<td style=\"width: 33.3333%; height: 126px;\"><span data-sheets-root=\"1\">El Consell Esportiu del Pla de l&#8217;Estany \u00e9s una entitat privada sense \u00e0nim de lucre que ofereix activitats com activitats extraescolars, programes d&#8217;inclusi\u00f3 social, formaci\u00f3 en l&#8217;\u00e0mbit esportiu i esdeveniments esportius. <\/span><\/td>\n<td style=\"width: 33.3333%; height: 126px;\">Pla de l&#8217;Estany<\/td>\n<\/tr>\n<tr style=\"height: 126px;\">\n<td style=\"width: 33.3333%; height: 126px;\"><a href=\"https:\/\/agora.xtec.cat\/iesperealsius\/wp-content\/uploads\/usu45\/2024\/11\/Captura-de-pantalla-2024-11-14-a-les-8.44.05.png\"><img loading=\"lazy\" decoding=\"async\" class=\"size-full wp-image-11503 aligncenter\" src=\"https:\/\/agora.xtec.cat\/iesperealsius\/wp-content\/uploads\/usu45\/2024\/11\/Captura-de-pantalla-2024-11-14-a-les-8.44.05.png\" alt=\"\" width=\"534\" height=\"274\" srcset=\"https:\/\/agora.xtec.cat\/iesperealsius\/wp-content\/uploads\/usu45\/2024\/11\/Captura-de-pantalla-2024-11-14-a-les-8.44.05.png 534w, https:\/\/agora.xtec.cat\/iesperealsius\/wp-content\/uploads\/usu45\/2024\/11\/Captura-de-pantalla-2024-11-14-a-les-8.44.05-300x154.png 300w\" sizes=\"auto, (max-width: 534px) 100vw, 534px\" \/><\/a><\/td>\n<td style=\"width: 33.3333%; height: 126px;\"><span data-sheets-root=\"1\">El C\u00e0mping S\u00e8nia Cala Canyelles ofereix una \u00e0mplia gamma d&#8217;activitats, durant la temporada alta compta amb un equip d&#8217;animaci\u00f3 que organitza activitats esportives i jocs tant per a nens de 3 a 12 anys, com per a adolescents i adults.<\/span><\/td>\n<td style=\"width: 33.3333%; height: 126px;\"><span data-sheets-root=\"1\">Entre Lloret de Mar i Tossa de Mar<\/span><\/td>\n<\/tr>\n<tr style=\"height: 156px;\">\n<td style=\"width: 33.3333%; height: 156px;\"><img loading=\"lazy\" decoding=\"async\" class=\"aligncenter wp-image-5100\" src=\"https:\/\/agora.xtec.cat\/iesperealsius\/wp-content\/uploads\/usu45\/2021\/04\/escola-municipal-vela-1.png\" alt=\"\" width=\"290\" height=\"163\" \/><\/td>\n<td style=\"width: 33.3333%; height: 156px;\"><span data-sheets-root=\"1\">Empuriabrava Sailing \u00e9s l&#8217;Escola Municipal de Vela que ofereix Cursos de vela lleugera, sessions de windsurf, activitats de caiac i paddle surf, casals d&#8217;estiu i activitats dissenyades per a centres educatius relacionades amb activitats n\u00e0utiques. <\/span><\/td>\n<td style=\"width: 33.3333%; height: 156px;\"><span data-sheets-root=\"1\">Empuriabrava<\/span><\/td>\n<\/tr>\n<tr style=\"height: 167px;\">\n<td style=\"width: 33.3333%; height: 167px;\"><a href=\"https:\/\/agora.xtec.cat\/iesperealsius\/wp-content\/uploads\/usu45\/2020\/04\/CNB-e1586381668146.jpg\"><img loading=\"lazy\" decoding=\"async\" class=\"aligncenter size-full wp-image-5104\" src=\"https:\/\/agora.xtec.cat\/iesperealsius\/wp-content\/uploads\/usu45\/2020\/04\/CNB-e1586381668146.jpg\" alt=\"\" width=\"400\" height=\"264\" srcset=\"https:\/\/agora.xtec.cat\/iesperealsius\/wp-content\/uploads\/usu45\/2020\/04\/CNB-e1586381668146.jpg 400w, https:\/\/agora.xtec.cat\/iesperealsius\/wp-content\/uploads\/usu45\/2020\/04\/CNB-e1586381668146-300x198.jpg 300w\" sizes=\"auto, (max-width: 400px) 100vw, 400px\" \/><\/a><\/td>\n<td style=\"width: 33.3333%; height: 167px;\">El Club Nataci\u00f3 Banyoles \u00e9s una entitat esportiva que proposa cursos de nataci\u00f3 tants per a nadons, infants i adults, activitats dirigies com aiguagim, ioga, pilates, espinning i condicionament f\u00edsic. Tamb\u00e9 ofereix escola esportiva per infants i adolescents i casal esportiu d&#8217;estiu.<\/td>\n<td style=\"width: 33.3333%; height: 167px;\">Banyoles<\/td>\n<\/tr>\n<tr style=\"height: 110px;\">\n<td style=\"width: 33.3333%; height: 110px; text-align: center;\"><a href=\"https:\/\/agora.xtec.cat\/iesperealsius\/wp-content\/uploads\/usu45\/2024\/11\/vertical.png\"><img loading=\"lazy\" decoding=\"async\" class=\"alignnone size-full wp-image-11497\" src=\"https:\/\/agora.xtec.cat\/iesperealsius\/wp-content\/uploads\/usu45\/2024\/11\/vertical.png\" alt=\"\" width=\"201\" height=\"250\" \/><\/a><\/td>\n<td style=\"width: 33.3333%; height: 110px;\">Vertical Emotions \u00e9s una empresa de guies de muntanya que tamb\u00e9 ofereix col\u00f2nies, multiactivitats d&#8217;aventura i activitats al mateix centre educatiu, com orientaci\u00f3, escalada als arbres i tir amb arc.<\/td>\n<td style=\"width: 33.3333%; height: 110px;\">Girona<\/td>\n<\/tr>\n<tr style=\"height: 142px;\">\n<td style=\"width: 33.3333%; height: 142px; text-align: center;\"><a href=\"https:\/\/agora.xtec.cat\/iesperealsius\/wp-content\/uploads\/usu45\/2024\/11\/mila.jpeg\"><img loading=\"lazy\" decoding=\"async\" class=\"alignnone size-full wp-image-11504\" src=\"https:\/\/agora.xtec.cat\/iesperealsius\/wp-content\/uploads\/usu45\/2024\/11\/mila.jpeg\" alt=\"\" width=\"225\" height=\"225\" srcset=\"https:\/\/agora.xtec.cat\/iesperealsius\/wp-content\/uploads\/usu45\/2024\/11\/mila.jpeg 225w, https:\/\/agora.xtec.cat\/iesperealsius\/wp-content\/uploads\/usu45\/2024\/11\/mila-150x150.jpeg 150w\" sizes=\"auto, (max-width: 225px) 100vw, 225px\" \/><\/a><\/td>\n<td style=\"width: 33.3333%; height: 142px;\">El C\u00e0mping Punta Mil\u00e0 \u00e9s un c\u00e0mping de quatre estrelles. Durant la temporada alta, l&#8217;equip d&#8217;animaci\u00f3 organitza activitats com aquagym, tallers creatius, cer\u00e0mica, voleibol platja, classes de ball, gimn\u00e0stica, estiraments, aer\u00f2bic, fitness, l\u00e0ser game, paintball i esports col\u00b7lectius.<\/td>\n<td style=\"width: 33.3333%; height: 142px;\">L&#8217;Escala<\/td>\n<\/tr>\n<tr style=\"height: 173px;\">\n<td style=\"width: 33.3333%; height: 173px;\"><a href=\"https:\/\/agora.xtec.cat\/iesperealsius\/wp-content\/uploads\/usu45\/2024\/11\/esponella.jpeg\"><img loading=\"lazy\" decoding=\"async\" class=\"size-full wp-image-11505 aligncenter\" src=\"https:\/\/agora.xtec.cat\/iesperealsius\/wp-content\/uploads\/usu45\/2024\/11\/esponella.jpeg\" alt=\"\" width=\"225\" height=\"225\" srcset=\"https:\/\/agora.xtec.cat\/iesperealsius\/wp-content\/uploads\/usu45\/2024\/11\/esponella.jpeg 225w, https:\/\/agora.xtec.cat\/iesperealsius\/wp-content\/uploads\/usu45\/2024\/11\/esponella-150x150.jpeg 150w\" sizes=\"auto, (max-width: 225px) 100vw, 225px\" \/><\/a><\/td>\n<td style=\"width: 33.3333%; height: 173px;\">El C\u00e0mping Esponell\u00e0, situat a la vora del riu Fluvi\u00e0, \u00e9s un c\u00e0mping familiar que ofereix diferents tipus d&#8217;activitats, entre elles, lloguer de caiacs per navegar pel riu Fluvi\u00e0, Miniclub amb activitats dirigides, parcs infantils i sala de jocs amb ping-pong i billar, com tamb\u00e9 propostes de senderisme i ciclisme per tal de descobrir l&#8217;entorn.<\/td>\n<td style=\"width: 33.3333%; height: 173px;\">Esponell\u00e0<\/td>\n<\/tr>\n<tr style=\"height: 205px;\">\n<td style=\"width: 33.3333%; height: 205px; text-align: center;\"><a href=\"https:\/\/agora.xtec.cat\/iesperealsius\/wp-content\/uploads\/usu45\/2024\/11\/ballena.jpeg\"><img loading=\"lazy\" decoding=\"async\" class=\"alignnone size-full wp-image-11506\" src=\"https:\/\/agora.xtec.cat\/iesperealsius\/wp-content\/uploads\/usu45\/2024\/11\/ballena.jpeg\" alt=\"\" width=\"225\" height=\"225\" srcset=\"https:\/\/agora.xtec.cat\/iesperealsius\/wp-content\/uploads\/usu45\/2024\/11\/ballena.jpeg 225w, https:\/\/agora.xtec.cat\/iesperealsius\/wp-content\/uploads\/usu45\/2024\/11\/ballena-150x150.jpeg 150w\" sizes=\"auto, (max-width: 225px) 100vw, 225px\" \/><\/a><\/td>\n<td style=\"width: 33.3333%; height: 205px;\">El c\u00e0mping La Ballena Alegre \u00e9s un complex tur\u00edstic on les seves instal\u00b7lacions inclouen diverses piscines, pistes de tennis, camps de futbol, pistes de p\u00e0del, un gimn\u00e0s i una zona de jocs infantils. A m\u00e9s, el c\u00e0mping organitza activitats com classes de ioga, pilates, aquagym, tallers de manualitats, espectacles nocturns i competicions esportives. Tamb\u00e9 ofereix cursos de windsurf, kitesurf i vela.<\/td>\n<td style=\"width: 33.3333%; height: 205px;\">Sant Pere Pescador<\/td>\n<\/tr>\n<tr style=\"height: 142px;\">\n<td style=\"width: 33.3333%; height: 142px;\"><a href=\"https:\/\/agora.xtec.cat\/iesperealsius\/wp-content\/uploads\/usu45\/2024\/11\/corriol.png\"><img loading=\"lazy\" decoding=\"async\" class=\"alignnone size-full wp-image-11507\" src=\"https:\/\/agora.xtec.cat\/iesperealsius\/wp-content\/uploads\/usu45\/2024\/11\/corriol.png\" alt=\"\" width=\"392\" height=\"129\" srcset=\"https:\/\/agora.xtec.cat\/iesperealsius\/wp-content\/uploads\/usu45\/2024\/11\/corriol.png 392w, https:\/\/agora.xtec.cat\/iesperealsius\/wp-content\/uploads\/usu45\/2024\/11\/corriol-300x99.png 300w\" sizes=\"auto, (max-width: 392px) 100vw, 392px\" \/><\/a><\/td>\n<td style=\"width: 33.3333%; height: 142px;\">Corriol Serveis \u00e9s una empresa especialitzada en educaci\u00f3 ambiental. Ofereix activitats com col\u00f2nies escolars, casals d&#8217;estiu, visites guiades pel Parc Natural de la Zona Volc\u00e0nica de la Garrotxa i allotjament en cases de col\u00f2nies per estades familiars.<\/td>\n<td style=\"width: 33.3333%; height: 142px;\">La Garrotxa<\/td>\n<\/tr>\n<\/tbody>\n<\/table>\n<p>&nbsp;<\/p>\n<p><a href=\"https:\/\/agora.xtec.cat\/iesperealsius\/wp-content\/uploads\/usu45\/2020\/04\/QR-1.jpg\"><img loading=\"lazy\" decoding=\"async\" class=\"aligncenter size-full wp-image-5106\" src=\"https:\/\/agora.xtec.cat\/iesperealsius\/wp-content\/uploads\/usu45\/2020\/04\/QR-1.jpg\" alt=\"\" width=\"320\" height=\"320\" srcset=\"https:\/\/agora.xtec.cat\/iesperealsius\/wp-content\/uploads\/usu45\/2020\/04\/QR-1.jpg 320w, https:\/\/agora.xtec.cat\/iesperealsius\/wp-content\/uploads\/usu45\/2020\/04\/QR-1-150x150.jpg 150w, https:\/\/agora.xtec.cat\/iesperealsius\/wp-content\/uploads\/usu45\/2020\/04\/QR-1-300x300.jpg 300w\" sizes=\"auto, (max-width: 320px) 100vw, 320px\" \/><\/a><\/p>\n","protected":false},"excerpt":{"rendered":"<p>Qu\u00e8 \u00e9s la Formaci\u00f3 Professional en Dual (FP Dual)?<br \/>\nLa Formaci\u00f3 Professional (FP) dual \u00e9s la modalitat de formaci\u00f3 professional en la qual l\u2019estudiant esdev\u00e9 aprenent i combina la formaci\u00f3 en el centre educatiu amb l\u2019activitat a l\u2019empresa.<br \/>\n&nbsp;<br \/>\nOn puc trobar informaci\u00f3 de qu\u00e8 \u00e9s la FP&hellip;  <a href=\"https:\/\/agora.xtec.cat\/iesperealsius\/estudis\/cicles-formatius-2\/fp-dual-gfgs\/\" title=\"Read FP dual &#8211; EAS\">Llegeix m\u00e9s\u00bb<\/a><\/p>\n","protected":false},"author":7,"featured_media":0,"parent":2568,"menu_order":80,"comment_status":"closed","ping_status":"closed","template":"page-templates\/side-menu.php","meta":{"_bbp_topic_count":0,"_bbp_reply_count":0,"_bbp_total_topic_count":0,"_bbp_total_reply_count":0,"_bbp_voice_count":0,"_bbp_anonymous_reply_count":0,"_bbp_topic_count_hidden":0,"_bbp_reply_count_hidden":0,"_bbp_forum_subforum_count":0,"footnotes":""},"class_list":["post-11481","page","type-page","status-publish","hentry"],"post_mailing_queue_ids":[],"_links":{"self":[{"href":"https:\/\/agora.xtec.cat\/iesperealsius\/wp-json\/wp\/v2\/pages\/11481","targetHints":{"allow":["GET"]}}],"collection":[{"href":"https:\/\/agora.xtec.cat\/iesperealsius\/wp-json\/wp\/v2\/pages"}],"about":[{"href":"https:\/\/agora.xtec.cat\/iesperealsius\/wp-json\/wp\/v2\/types\/page"}],"author":[{"embeddable":true,"href":"https:\/\/agora.xtec.cat\/iesperealsius\/wp-json\/wp\/v2\/users\/7"}],"replies":[{"embeddable":true,"href":"https:\/\/agora.xtec.cat\/iesperealsius\/wp-json\/wp\/v2\/comments?post=11481"}],"version-history":[{"count":6,"href":"https:\/\/agora.xtec.cat\/iesperealsius\/wp-json\/wp\/v2\/pages\/11481\/revisions"}],"predecessor-version":[{"id":11508,"href":"https:\/\/agora.xtec.cat\/iesperealsius\/wp-json\/wp\/v2\/pages\/11481\/revisions\/11508"}],"up":[{"embeddable":true,"href":"https:\/\/agora.xtec.cat\/iesperealsius\/wp-json\/wp\/v2\/pages\/2568"}],"wp:attachment":[{"href":"https:\/\/agora.xtec.cat\/iesperealsius\/wp-json\/wp\/v2\/media?parent=11481"}],"curies":[{"name":"wp","href":"https:\/\/api.w.org\/{rel}","templated":true}]}}