{"id":11345,"date":"2024-09-19T10:19:55","date_gmt":"2024-09-19T08:19:55","guid":{"rendered":"https:\/\/agora.xtec.cat\/iesperealsius\/?page_id=11345"},"modified":"2024-09-19T10:19:55","modified_gmt":"2024-09-19T08:19:55","slug":"que-fem","status":"publish","type":"page","link":"https:\/\/agora.xtec.cat\/iesperealsius\/que-fem\/","title":{"rendered":"Qu\u00e8 fem?"},"content":{"rendered":"<p>L&#8217;AFA. La veu de les fam\u00edlies.<\/p>\n<p>QUI SOM?<br \/>\nSom l&#8217;associaci\u00f3 de fam\u00edlies d&#8217;alumnes de l&#8217;institut.<\/p>\n<p>QU\u00c8 FEM?<\/p>\n<ul style=\"list-style-type: circle;\">\n<li>Ens reunim peri\u00f2dicament per debatre temes relacionats amb l&#8217;educaci\u00f3 dels nostres fills i filles dins l&#8217;\u00e0mbit escolar<\/li>\n<li>Escoltem, donem suport i assessorem les fam\u00edlies quan tenen inquietuds.<\/li>\n<li>Fem de pont entre les fam\u00edlies i la direcci\u00f3 del centre quan hi ha queixes o propostes.<\/li>\n<li>Acollim les peticions de la direcci\u00f3 de l&#8217;institut i fem aportacions en funci\u00f3 d&#8217;aquestes necessitats.<\/li>\n<li>Gestionem les aportacions de les fam\u00edlies per tal que els alumnes puguin gaudir de certs serveis, materials, infraestructures i ajudes.<\/li>\n<li>Ens fem c\u00e0rrec de les despeses del programa Auxiliar de Conversa, el qual possibilita que una persona nativa en llengua anglesa participi en les activitats lectives del centre, potenciant l\u2019expressi\u00f3 oral en angl\u00e8s.<\/li>\n<li>Gestionem i col\u00b7laborem en la recollida i repartiment dels llibres de text del programa de reutilitzaci\u00f3.<\/li>\n<li>Assumim la subscripci\u00f3 al Portal d\u2019Orientaci\u00f3 UnPortal.net que permet als alumnes, a partir de 3r d&#8217;ESO, comparar titulacions i tenir acc\u00e9s als graus que s\u2019imparteixen a les universitats i cicles formatius de Catalunya.<\/li>\n<li>Col\u00b7laborem en les despeses i els premis de diversos concursos:<\/li>\n<\/ul>\n<ul>\n<li style=\"list-style-type: none;\">\n<ul style=\"list-style-type: disc;\">\n<li>Relats de Ci\u00e8ncia<\/li>\n<li>Microrrelats en llengua castellana i catalana<\/li>\n<li>Disseny de la portada de l\u2019agenda escolar<\/li>\n<li>Mostra de poesia de secund\u00e0ria<\/li>\n<li>Fotografia cient\u00edfica i cartells de la Setmana de la Ci\u00e8ncia<\/li>\n<li>Fotografia matem\u00e0tica<\/li>\n<\/ul>\n<\/li>\n<\/ul>\n<ul style=\"list-style-type: circle;\">\n<li>Subvencionem el transport de les col\u00f2nies de 1r ESO.<\/li>\n<li>Col\u00b7laborem en els actes de graduaci\u00f3 de l\u2019alumnat de 4t d\u2019ESO, 2n de Batxillerat i 2n de cicles formatius, amb el pica-pica, les fotografies de grup, el record i les orles.<\/li>\n<li>Col\u00b7laborem en l&#8217;organitzaci\u00f3 i en les despeses de les xerrades &#8220;Eduquem en fam\u00edlia\u201d, juntament amb les altres escoles i instituts de la comarca.<\/li>\n<li>Comprem material necessari per al centre, com armariets, taules de p\u00edcnic, sof\u00e0s per la biblioteca, aparcabicicletes&#8230;, i esperem continuar amb el projecte de renovaci\u00f3 de la biblioteca.<\/li>\n<li>Participem en el Consell Escolar del Centre i el Consell Escolar Municipal.<\/li>\n<li>Formem part de la Federaci\u00f3 d&#8217;Associacions de Fam\u00edlies d&#8217;Alumnes de Centres d&#8217;Educaci\u00f3 P\u00fablica de Catalunya= FAPAES que, entre altres temes, ens assessora en aspectes legals.<\/li>\n<\/ul>\n<p>Si vols posar-te en contacte amb nosaltres:<br \/>\nafa@iesperealsius.cat<\/p>\n","protected":false},"excerpt":{"rendered":"<p>L&#8217;AFA. La veu de les fam\u00edlies.<br \/>\nQUI SOM?<br \/>\nSom l&#8217;associaci\u00f3 de fam\u00edlies d&#8217;alumnes de l&#8217;institut.<br \/>\nQU\u00c8 FEM?<\/p>\n<ul style=\"list-style-type: circle;\">\n<li>Ens reunim peri\u00f2dicament per debatre temes relacionats amb l&#8217;educaci\u00f3 dels nostres fills i filles dins l&#8217;\u00e0mbit escolar<\/li>\n<li>Escoltem, donem suport i assessorem les fam\u00edlies quan tenen inquietuds.<\/li>\n<li>Fem de pont entre les&hellip;  <a href=\"https:\/\/agora.xtec.cat\/iesperealsius\/que-fem\/\" title=\"Read Qu\u00e8 fem?\">Llegeix m\u00e9s\u00bb<\/a><br \/>\n","protected":false},"author":7,"featured_media":0,"parent":0,"menu_order":0,"comment_status":"closed","ping_status":"closed","template":"","meta":{"_bbp_topic_count":0,"_bbp_reply_count":0,"_bbp_total_topic_count":0,"_bbp_total_reply_count":0,"_bbp_voice_count":0,"_bbp_anonymous_reply_count":0,"_bbp_topic_count_hidden":0,"_bbp_reply_count_hidden":0,"_bbp_forum_subforum_count":0,"footnotes":""},"class_list":["post-11345","page","type-page","status-publish","hentry"],"post_mailing_queue_ids":[],"_links":{"self":[{"href":"https:\/\/agora.xtec.cat\/iesperealsius\/wp-json\/wp\/v2\/pages\/11345","targetHints":{"allow":["GET"]}}],"collection":[{"href":"https:\/\/agora.xtec.cat\/iesperealsius\/wp-json\/wp\/v2\/pages"}],"about":[{"href":"https:\/\/agora.xtec.cat\/iesperealsius\/wp-json\/wp\/v2\/types\/page"}],"author":[{"embeddable":true,"href":"https:\/\/agora.xtec.cat\/iesperealsius\/wp-json\/wp\/v2\/users\/7"}],"replies":[{"embeddable":true,"href":"https:\/\/agora.xtec.cat\/iesperealsius\/wp-json\/wp\/v2\/comments?post=11345"}],"version-history":[{"count":1,"href":"https:\/\/agora.xtec.cat\/iesperealsius\/wp-json\/wp\/v2\/pages\/11345\/revisions"}],"predecessor-version":[{"id":11346,"href":"https:\/\/agora.xtec.cat\/iesperealsius\/wp-json\/wp\/v2\/pages\/11345\/revisions\/11346"}],"wp:attachment":[{"href":"https:\/\/agora.xtec.cat\/iesperealsius\/wp-json\/wp\/v2\/media?parent=11345"}],"curies":[{"name":"wp","href":"https:\/\/api.w.org\/{rel}","templated":true}]}}