{"id":11327,"date":"2024-09-08T19:22:45","date_gmt":"2024-09-08T17:22:45","guid":{"rendered":"https:\/\/agora.xtec.cat\/iesperealsius\/?page_id=11327"},"modified":"2024-09-25T12:53:53","modified_gmt":"2024-09-25T10:53:53","slug":"1-2-preinscripcio-places-vacants","status":"publish","type":"page","link":"https:\/\/agora.xtec.cat\/iesperealsius\/preinscripcio\/preinscripcio-grau-superior\/1-2-preinscripcio-places-vacants\/","title":{"rendered":"1.2 \u2013 Preinscripci\u00f3 (places vacants)"},"content":{"rendered":"<h2 class=\"header2 pd-15 pd-30\"><span style=\"font-size: 20px;\">Proc\u00e9s per a la gesti\u00f3 de places vacants<\/span><\/h2>\n<p>Per gestionar les places vacants s&#8217;obre un nou proc\u00e9s en qu\u00e8 podran participar les persones que no han obtingut una assignaci\u00f3 en la preinscripci\u00f3 i aquelles que no hagin presentat la sol\u00b7licitud de preinscripci\u00f3.<\/p>\n<p>(A) El calendari del proc\u00e9s de gesti\u00f3 de places vacants \u00e9s el seg\u00fcent:<\/p>\n<ul class=\"list-row border-filet \">\n<li class=\"list-item col-12\">\n<div class=\"list-item-wrapper\">\n<div class=\"col icon-col\">\n<div class=\"icon\"><img decoding=\"async\" src=\"https:\/\/preinscripcio.gencat.cat\/web\/.content\/icones\/consulta-revisa1-off.png_2044584825.png\" alt=\"\" \/><span style=\"font-family: inherit; font-size: 1em;\">12 de setembre 2024: publicaci\u00f3 de vacants<\/span><\/div>\n<div><\/div>\n<div>CFGS Ensenyament i Animaci\u00f3 Socioesportiva:<\/div>\n<div>CFGS Condicionament F\u00edsic:<\/div>\n<div><\/div>\n<\/div>\n<\/div>\n<\/li>\n<li class=\"list-item col-12\">\n<div class=\"list-item-wrapper\">\n<div class=\"col icon-col\">\n<div class=\"icon\"><img decoding=\"async\" src=\"https:\/\/preinscripcio.gencat.cat\/web\/.content\/icones\/sollicitud-off.png_2044584825.png\" alt=\"\" \/> <span style=\"font-family: inherit; font-size: 1em;\">Del 12 al 16 de setembre de 2024: ampliaci\u00f3 de peticions de la sol\u00b7licitud de preinscripci\u00f3, correcci\u00f3 de la qualificaci\u00f3 al\u00b7legada i presentaci\u00f3 de sol\u00b7licituds si no s&#8217;ha participat en el proc\u00e9s de preinscripci\u00f3<\/span><\/div>\n<div><\/div>\n<\/div>\n<\/div>\n<\/li>\n<li class=\"list-item col-12\">\n<div class=\"list-item-wrapper\">\n<div class=\"col icon-col\">\n<div class=\"icon\"><img decoding=\"async\" src=\"https:\/\/preinscripcio.gencat.cat\/web\/.content\/icones\/consulta-revisa1-off.png_2044584825.png\" alt=\"\" \/> <span style=\"font-family: inherit; font-size: 1em;\">19 de setembre de 2024: <a href=\"https:\/\/drive.google.com\/file\/d\/1G6VXTwDhe2p39TFzUJiZHUso7qRiXGdk\/view?usp=sharing\">llista de sol\u00b7licituds que participen en aquest proc\u00e9s amb la puntuaci\u00f3 validada<\/a><\/span><\/div>\n<div><\/div>\n<\/div>\n<\/div>\n<\/li>\n<li class=\"list-item col-12\">\n<div class=\"list-item-wrapper\">\n<div class=\"col icon-col\">\n<div class=\"icon\"><img decoding=\"async\" src=\"https:\/\/preinscripcio.gencat.cat\/web\/.content\/icones\/consulta-revisa1-off.png_2044584825.png\" alt=\"\" \/> <span style=\"font-family: inherit; font-size: 1em;\">25 de setembre de 2024:<strong> <a href=\"https:\/\/drive.google.com\/file\/d\/1D1eovXOtXsq8ZBFPO_FNBX-3weSleUo1\/view?usp=sharing\">llista de places assignades<\/a><\/strong><\/span><\/div>\n<div><\/div>\n<\/div>\n<\/div>\n<\/li>\n<li class=\"list-item col-12\">\n<div class=\"list-item-wrapper\">\n<div class=\"col icon-col\">\n<div class=\"icon\"><img decoding=\"async\" src=\"https:\/\/preinscripcio.gencat.cat\/web\/.content\/icones\/matricula-off.png_2044584825.png\" alt=\"\" \/> <span style=\"font-family: inherit; font-size: 1em;\">Del 26 al 30 de setembre de 2024: matriculaci\u00f3 de les assignacions del proc\u00e9s de gesti\u00f3 de les places vacants<\/span><\/div>\n<\/div>\n<\/div>\n<div><\/div>\n<p>b) Poden participar en el proc\u00e9s de gesti\u00f3 de les places vacants:<\/li>\n<\/ul>\n<p style=\"text-align: justify;\">&#8211; les persones que han participat en la preinscripci\u00f3 i no han obtingut cap pla\u00e7a ni en la primera ni en la segona<br \/>\nassignaci\u00f3. Aquests sol\u00b7licitants poden modificar la qualificaci\u00f3 dels estudis, del curs, del certificat de professionalitat o de la prova d&#8217;acc\u00e9s a tenir en compte en aquest proc\u00e9s, aportant nova documentaci\u00f3 que l&#8217;acrediti;<br \/>\n&#8211; les persones que no han participat en la preinscripci\u00f3, que han de presentar amb la sol\u00b7licitud la documentaci\u00f3 acreditativa de la qualificaci\u00f3 dels estudis, del curs, del certificat de professionalitat o de la prova d&#8217;acc\u00e9s a tenir en compte.<\/p>\n<p style=\"text-align: justify;\">c) Les peticions s&#8217;ordenen d&#8217;acord amb la qualificaci\u00f3 mitjana dels estudis, el curs o el certificat de professionalitat o la qualificaci\u00f3 de la prova d&#8217;acc\u00e9s, publicada en la data establerta en el calendari del proc\u00e9s de gesti\u00f3 de les places de vacants, per ordre decreixent.<\/p>\n<p style=\"text-align: justify;\">d) Si despr\u00e9s d&#8217;aquest proc\u00e9s d&#8217;assignaci\u00f3 encara resten vacants en un cr\u00e8dit, m\u00f2dul o unitat formativa d&#8217;un cicle, el centre ha d&#8217;admetre la matr\u00edcula parcial en aquest cr\u00e8dit, m\u00f2dul o unitat formativa de persones que compleixen les condicions d&#8217;acc\u00e9s al cicle corresponent.<\/p>\n<p>&nbsp;<\/p>\n<div><strong>Ac<\/strong><strong>c\u00e9s a l\u2019aplicaci\u00f3 per fer la preinscripci\u00f3 \u00a0\u00a0 \u00a0<a href=\"https:\/\/preinscripcio.gencat.cat\/ca\/estudis\/fp-grau-superior\/inici\/\">\u00a0<\/a><\/strong><b><\/b><a href=\"https:\/\/preinscripcio.gencat.cat\/ca\/estudis\/fp-grau-superior\/inici\/\"><b>INFORMACI\u00d3 DEPARTAMENT D\u2019ENSENYAMENT<\/b><\/a><\/div>\n","protected":false},"excerpt":{"rendered":"<p>Proc\u00e9s per a la gesti\u00f3 de places vacants<br \/>\nPer gestionar les places vacants s&#8217;obre un nou proc\u00e9s en qu\u00e8 podran participar les persones que no han obtingut una assignaci\u00f3 en la preinscripci\u00f3 i aquelles que no hagin presentat la sol\u00b7licitud de preinscripci\u00f3.<br \/>\n(A) El calendari del proc\u00e9s&hellip;  <a href=\"https:\/\/agora.xtec.cat\/iesperealsius\/preinscripcio\/preinscripcio-grau-superior\/1-2-preinscripcio-places-vacants\/\" title=\"Read 1.2 \u2013 Preinscripci\u00f3 (places vacants)\">Llegeix m\u00e9s\u00bb<\/a><\/p>\n","protected":false},"author":7,"featured_media":0,"parent":833,"menu_order":10,"comment_status":"closed","ping_status":"closed","template":"page-templates\/side-menu.php","meta":{"_bbp_topic_count":0,"_bbp_reply_count":0,"_bbp_total_topic_count":0,"_bbp_total_reply_count":0,"_bbp_voice_count":0,"_bbp_anonymous_reply_count":0,"_bbp_topic_count_hidden":0,"_bbp_reply_count_hidden":0,"_bbp_forum_subforum_count":0,"footnotes":""},"class_list":["post-11327","page","type-page","status-publish","hentry"],"post_mailing_queue_ids":[],"_links":{"self":[{"href":"https:\/\/agora.xtec.cat\/iesperealsius\/wp-json\/wp\/v2\/pages\/11327","targetHints":{"allow":["GET"]}}],"collection":[{"href":"https:\/\/agora.xtec.cat\/iesperealsius\/wp-json\/wp\/v2\/pages"}],"about":[{"href":"https:\/\/agora.xtec.cat\/iesperealsius\/wp-json\/wp\/v2\/types\/page"}],"author":[{"embeddable":true,"href":"https:\/\/agora.xtec.cat\/iesperealsius\/wp-json\/wp\/v2\/users\/7"}],"replies":[{"embeddable":true,"href":"https:\/\/agora.xtec.cat\/iesperealsius\/wp-json\/wp\/v2\/comments?post=11327"}],"version-history":[{"count":5,"href":"https:\/\/agora.xtec.cat\/iesperealsius\/wp-json\/wp\/v2\/pages\/11327\/revisions"}],"predecessor-version":[{"id":11353,"href":"https:\/\/agora.xtec.cat\/iesperealsius\/wp-json\/wp\/v2\/pages\/11327\/revisions\/11353"}],"up":[{"embeddable":true,"href":"https:\/\/agora.xtec.cat\/iesperealsius\/wp-json\/wp\/v2\/pages\/833"}],"wp:attachment":[{"href":"https:\/\/agora.xtec.cat\/iesperealsius\/wp-json\/wp\/v2\/media?parent=11327"}],"curies":[{"name":"wp","href":"https:\/\/api.w.org\/{rel}","templated":true}]}}