{"id":1092,"date":"2018-11-18T16:12:25","date_gmt":"2018-11-18T15:12:25","guid":{"rendered":"http:\/\/agora.xtec.cat\/iesperealsius\/?page_id=1092"},"modified":"2025-02-17T16:14:01","modified_gmt":"2025-02-17T15:14:01","slug":"cambridge","status":"publish","type":"page","link":"https:\/\/agora.xtec.cat\/iesperealsius\/cambridge\/","title":{"rendered":"Cambridge English Exams"},"content":{"rendered":"<div>\n<p><span style=\"font-weight: 400;\">Enguany, com cada any, l\u2019institut Pere Alsius participa dels ex\u00e0mens d\u2019angl\u00e8s de la \u201cCambridge University\u201d organitzat per \u201cEx\u00e0mens Girona\u201d. Aquestes proves s\u00f3n volunt\u00e0ries i s\u2019hi poden presentar tots els alumnes del centre que ho desitgin. Les proves es realitzaran el dissabte<\/span><b> 29 de mar\u00e7<\/b><span style=\"font-weight: 400;\"> a l\u2019institut Josep Brugulat.<\/span><\/p>\n<p><span style=\"font-weight: 400;\">A continuaci\u00f3 us adjuntem els nivells, els preus i els enlla\u00e7os per fer la prova. Les fam\u00edlies interessades han de seguir l\u2019enlla\u00e7 i entrar el codi corresponent al nivell al qual es volen presentar. Cal realitzar la <\/span><b>matr\u00edcula abans del 14 de mar\u00e7<\/b><span style=\"font-weight: 400;\">. Un cop feta la inscripci\u00f3 i el pagament, rebreu les indicacions d&#8217;\u201cEx\u00e0mens Girona\u201d amb tota la informaci\u00f3 sobre la prova i l\u2019acc\u00e9s per fer-ne el seguiment.<\/span><\/p>\n<p><span style=\"font-weight: 400;\">Per qualsevol dubte els vostres fills i filles poden adre\u00e7ar-se a les seves professores d\u2019angl\u00e8s.<\/span><\/p>\n<p>&nbsp;<\/p>\n<p><b>C1 ADVANCED DIGITAL 29\/03\/2025\u00a0<\/b><\/p>\n<p><span style=\"font-weight: 400;\">URL: <\/span><a href=\"https:\/\/intranet.cemdesk.com\/examensgirona\/codigos\/es\/\"><b>https:\/\/intranet.cemdesk.com\/examensgirona\/codigos\/es\/<\/b><\/a><\/p>\n<p><span style=\"font-weight: 400;\">Code: <\/span><b>4WU1V<\/b><\/p>\n<p><b>B2 FIRST for Schools DIGITAL 29\/03\/2025\u00a0<\/b><\/p>\n<p><span style=\"font-weight: 400;\">URL: <\/span><a href=\"https:\/\/intranet.cemdesk.com\/examensgirona\/codigos\/es\/\"><b>https:\/\/intranet.cemdesk.com\/examensgirona\/codigos\/es\/<\/b><\/a><\/p>\n<p><span style=\"font-weight: 400;\">Code: <\/span><b>B2SDF<\/b><\/p>\n<p><b>B1 PRELIMINARY for Schools DIGITAL 29\/03\/2025\u00a0<\/b><\/p>\n<p><span style=\"font-weight: 400;\">URL: <\/span><a href=\"https:\/\/intranet.cemdesk.com\/examensgirona\/codigos\/es\/\"><b>https:\/\/intranet.cemdesk.com\/examensgirona\/codigos\/es\/<\/b><\/a><\/p>\n<p><span style=\"font-weight: 400;\">Code: <\/span><b>FX4ZZ<\/b><\/p>\n<p><span style=\"font-weight: 400;\">Departament Llengua Anglesa, Institut Pere Alsius i Torrent.<\/span><\/p>\n<\/div>\n<div><\/div>\n<div><\/div>\n<div><\/div>\n","protected":false},"excerpt":{"rendered":"<p>Enguany, com cada any, l\u2019institut Pere Alsius participa dels ex\u00e0mens d\u2019angl\u00e8s de la \u201cCambridge University\u201d organitzat per \u201cEx\u00e0mens Girona\u201d. Aquestes proves s\u00f3n volunt\u00e0ries i s\u2019hi poden presentar tots els alumnes del centre que ho desitgin. Les proves es realitzaran el dissabte 29 de mar\u00e7 a&hellip;  <a href=\"https:\/\/agora.xtec.cat\/iesperealsius\/cambridge\/\" title=\"Read Cambridge English Exams\">Llegeix m\u00e9s\u00bb<\/a><\/p>\n","protected":false},"author":1,"featured_media":0,"parent":0,"menu_order":0,"comment_status":"closed","ping_status":"closed","template":"","meta":{"_bbp_topic_count":0,"_bbp_reply_count":0,"_bbp_total_topic_count":0,"_bbp_total_reply_count":0,"_bbp_voice_count":0,"_bbp_anonymous_reply_count":0,"_bbp_topic_count_hidden":0,"_bbp_reply_count_hidden":0,"_bbp_forum_subforum_count":0,"footnotes":""},"class_list":["post-1092","page","type-page","status-publish","hentry"],"post_mailing_queue_ids":[],"_links":{"self":[{"href":"https:\/\/agora.xtec.cat\/iesperealsius\/wp-json\/wp\/v2\/pages\/1092","targetHints":{"allow":["GET"]}}],"collection":[{"href":"https:\/\/agora.xtec.cat\/iesperealsius\/wp-json\/wp\/v2\/pages"}],"about":[{"href":"https:\/\/agora.xtec.cat\/iesperealsius\/wp-json\/wp\/v2\/types\/page"}],"author":[{"embeddable":true,"href":"https:\/\/agora.xtec.cat\/iesperealsius\/wp-json\/wp\/v2\/users\/1"}],"replies":[{"embeddable":true,"href":"https:\/\/agora.xtec.cat\/iesperealsius\/wp-json\/wp\/v2\/comments?post=1092"}],"version-history":[{"count":8,"href":"https:\/\/agora.xtec.cat\/iesperealsius\/wp-json\/wp\/v2\/pages\/1092\/revisions"}],"predecessor-version":[{"id":11657,"href":"https:\/\/agora.xtec.cat\/iesperealsius\/wp-json\/wp\/v2\/pages\/1092\/revisions\/11657"}],"wp:attachment":[{"href":"https:\/\/agora.xtec.cat\/iesperealsius\/wp-json\/wp\/v2\/media?parent=1092"}],"curies":[{"name":"wp","href":"https:\/\/api.w.org\/{rel}","templated":true}]}}