{"id":1089,"date":"2018-11-18T16:06:46","date_gmt":"2018-11-18T15:06:46","guid":{"rendered":"http:\/\/agora.xtec.cat\/iesperealsius\/?page_id=1089"},"modified":"2018-11-18T16:06:46","modified_gmt":"2018-11-18T15:06:46","slug":"recursos-mec","status":"publish","type":"page","link":"https:\/\/agora.xtec.cat\/iesperealsius\/recursos-educatius\/recursos-mec\/","title":{"rendered":"Recursos MEC"},"content":{"rendered":"<div>\n<p><span style=\"font-family: verdana,sans-serif;\"><span style=\"font-size: x-large;\"><a href=\"http:\/\/educalab.es\/recursos\" target=\"_blank\" rel=\"noopener\">Recursos Mec<\/a>: <span style=\"font-size: large;\">P\u00e0gina principal<\/span><\/span><\/span><\/p>\n<p><span style=\"font-size: large;\"><span style=\"font-family: verdana,sans-serif;\"><a href=\"http:\/\/educalab.es\/recursos\/historico\" target=\"_blank\" rel=\"noopener\">Banc hist\u00f2ric de recursos<\/a><\/span><\/span><\/p>\n<p>Des d&#8217;aquesta secci\u00f3 accedeix a milers de recursos educatius per al professorat i per a la comunitat docent. Accediu als materials segons els col\u00b7lectius de destinaci\u00f3, per criteris d&#8217;actualitat i per nivells educatius.<\/p>\n<p>&nbsp;<\/p>\n<p><span style=\"font-size: large;\"><span style=\"font-family: verdana,sans-serif;\"><span lang=\"ca\"><a href=\"http:\/\/recursostic.educacion.es\/bancoimagenes\/web\/\" target=\"_blank\" rel=\"noopener\">Banc d&#8217;imatges i sons<\/a><\/span><\/span><\/span><\/p>\n<p><span style=\"font-size: large;\"><span style=\"font-size: medium;\"><span lang=\"ca\">El banc d&#8217;imatges i sons \u00e9s una col\u00b7lecci\u00f3 de fotografies, v\u00eddeos, sons, il\u00b7lustracions i animacions, disponibles per al seu \u00fas gen\u00e8ric sota llic\u00e8ncia Creative Commons.<\/span><\/span><\/span><\/p>\n<p>&nbsp;<\/p>\n<p><span style=\"font-size: large;\"><span style=\"font-family: verdana,sans-serif;\"><span lang=\"ca\"><a href=\"http:\/\/recursostic.educacion.es\/secundaria\/edad\/\" target=\"_blank\" rel=\"noopener\">Llibres digitals. EDAD<\/a><\/span><\/span><\/span><\/p>\n<p><span style=\"font-size: medium;\"><span style=\"font-family: verdana,sans-serif;\"><span lang=\"ca\">Amb el projecte ed@d (Ensenyament Digital a Dist\u00e0ncia) el Ministeri d&#8217;Educaci\u00f3, Cultura i Esport d&#8217;Espanya presenta un nou model de llibre interactiu, que permet als estudiants aprofitar els avantatges de les Tecnologies de la Informaci\u00f3 i la Comunicaci\u00f3 per millorar la seva aprenentatge aut\u00f2nom i agilitzar la comunicaci\u00f3 amb els tutors, en un entorn tecnol\u00f2gic avan\u00e7at.<\/span><\/span><\/span><\/p>\n<p><span style=\"font-family: verdana,sans-serif;\"><span style=\"font-size: large;\"><a href=\"http:\/\/recursostic.educacion.es\/artes\/mos\/version\/v1\/index.php?PHPSESSID=8gfp4vkarlg4g7q7iam2c90bd4\" target=\"_blank\" rel=\"noopener\">Portal tem\u00e0tic d&#8217;Educaci\u00f3 Musical<\/a><\/span><\/span><\/p>\n<p>&nbsp;<\/p>\n<p><span style=\"font-family: verdana,sans-serif;\"><span style=\"font-size: large;\"><a href=\"http:\/\/ntic.educacion.es\/w3\/recursos\/secundaria\/sociales\/geografia\/contenido_indice.html\" target=\"_blank\" rel=\"noopener\">Flashes de geografia<\/a><\/span><\/span><\/p>\n<\/div>\n<div><span style=\"font-family: verdana,sans-serif;\"><span style=\"font-size: large;\">\u00a0<\/span><\/span><\/div>\n<div>\n<\/div>\n","protected":false},"excerpt":{"rendered":"<p><a href=\"http:\/\/educalab.es\/recursos\" target=\"_blank\" rel=\"noopener\">Recursos Mec<\/a>: P\u00e0gina principal<br \/>\n<a href=\"http:\/\/educalab.es\/recursos\/historico\" target=\"_blank\" rel=\"noopener\">Banc hist\u00f2ric de recursos<\/a><br \/>\nDes d&#8217;aquesta secci\u00f3 accedeix a milers de recursos educatius per al professorat i per a la comunitat docent. Accediu als materials segons els col\u00b7lectius de destinaci\u00f3, per criteris d&#8217;actualitat i per nivells educatius.<br \/>\n&nbsp;<br \/>\n<a&hellip;  <a href=\"https:\/\/agora.xtec.cat\/iesperealsius\/recursos-educatius\/recursos-mec\/\" title=\"Read Recursos MEC\">Llegeix m\u00e9s\u00bb<\/a><\/p>\n","protected":false},"author":1,"featured_media":0,"parent":1071,"menu_order":40,"comment_status":"closed","ping_status":"closed","template":"page-templates\/side-menu.php","meta":{"_bbp_topic_count":0,"_bbp_reply_count":0,"_bbp_total_topic_count":0,"_bbp_total_reply_count":0,"_bbp_voice_count":0,"_bbp_anonymous_reply_count":0,"_bbp_topic_count_hidden":0,"_bbp_reply_count_hidden":0,"_bbp_forum_subforum_count":0,"footnotes":""},"class_list":["post-1089","page","type-page","status-publish","hentry"],"post_mailing_queue_ids":[],"_links":{"self":[{"href":"https:\/\/agora.xtec.cat\/iesperealsius\/wp-json\/wp\/v2\/pages\/1089","targetHints":{"allow":["GET"]}}],"collection":[{"href":"https:\/\/agora.xtec.cat\/iesperealsius\/wp-json\/wp\/v2\/pages"}],"about":[{"href":"https:\/\/agora.xtec.cat\/iesperealsius\/wp-json\/wp\/v2\/types\/page"}],"author":[{"embeddable":true,"href":"https:\/\/agora.xtec.cat\/iesperealsius\/wp-json\/wp\/v2\/users\/1"}],"replies":[{"embeddable":true,"href":"https:\/\/agora.xtec.cat\/iesperealsius\/wp-json\/wp\/v2\/comments?post=1089"}],"version-history":[{"count":1,"href":"https:\/\/agora.xtec.cat\/iesperealsius\/wp-json\/wp\/v2\/pages\/1089\/revisions"}],"predecessor-version":[{"id":1090,"href":"https:\/\/agora.xtec.cat\/iesperealsius\/wp-json\/wp\/v2\/pages\/1089\/revisions\/1090"}],"up":[{"embeddable":true,"href":"https:\/\/agora.xtec.cat\/iesperealsius\/wp-json\/wp\/v2\/pages\/1071"}],"wp:attachment":[{"href":"https:\/\/agora.xtec.cat\/iesperealsius\/wp-json\/wp\/v2\/media?parent=1089"}],"curies":[{"name":"wp","href":"https:\/\/api.w.org\/{rel}","templated":true}]}}