{"id":1081,"date":"2018-11-18T15:56:18","date_gmt":"2018-11-18T14:56:18","guid":{"rendered":"http:\/\/agora.xtec.cat\/iesperealsius\/?page_id=1081"},"modified":"2018-11-18T15:56:18","modified_gmt":"2018-11-18T14:56:18","slug":"experiencies-didactiques","status":"publish","type":"page","link":"https:\/\/agora.xtec.cat\/iesperealsius\/recursos-educatius\/experiencies-didactiques\/","title":{"rendered":"Experi\u00e8ncies Did\u00e0ctiques"},"content":{"rendered":"<p><strong><span style=\"text-decoration: underline;\"><span style=\"font-size: large;\"><span style=\"font-family: verdana,sans-serif;\"><span style=\"font-size: x-large;\">Projectes telem\u00e0tics en xarxa: <\/span><\/span><\/span><\/span><\/strong><\/p>\n<p><span style=\"font-size: large;\"><span style=\"font-family: verdana,sans-serif;\">Entenem el \u2018projecte telem\u00e0tic\u2019 com la proposta did\u00e0ctica al voltant d\u2019un tema que comporta el treball en equip entre alumnes, tot utilitzant eines telem\u00e0tiques per facilitar la seva participaci\u00f3, interacci\u00f3 i comunicaci\u00f3. Aquest projecte pot ser realitzat en el mateix centre educatiu o entre participants de diferents centres.<\/span><\/span><\/p>\n<div><\/div>\n<ul>\n<li><span style=\"font-size: large;\"><span style=\"font-family: verdana,sans-serif;\"><a href=\"http:\/\/www.xtec.cat\/web\/recursos\/projxarxa\/eso\/telematic\" target=\"_blank\" rel=\"noopener\">ESO<\/a><\/span><\/span><\/li>\n<li><span style=\"font-size: large;\"><span style=\"font-family: verdana,sans-serif;\"><a href=\"http:\/\/www.xtec.cat\/web\/recursos\/projxarxa\/participacio\/batxillerat\/telematic\" target=\"_blank\" rel=\"noopener\">Batxillerat<\/a><\/span><\/span><\/li>\n<\/ul>\n<p><span style=\"font-size: large;\"><span style=\"font-family: verdana,sans-serif;\"><br \/>\n<span style=\"text-decoration: underline;\"><strong><span style=\"font-size: x-large;\">Webquests<\/span>: <\/strong><\/span><\/span><\/span><\/p>\n<p><span style=\"font-size: large;\"><span style=\"font-family: verdana,sans-serif;\">Una webquest, webquesta o WQ \u00e9s una proposta did\u00e0ctica de recerca guiada, que utilitza principalment recursos d\u2019Internet. T\u00e9 en compte el desenvolupament de les compet\u00e8ncies b\u00e0siques, contempla el treball cooperatiu i la responsabilitat individual, prioritza la construcci\u00f3 del coneixement mitjan\u00e7ant la transformaci\u00f3 de la informaci\u00f3 en la creaci\u00f3 d&#8217;un producte i cont\u00e9 una avaluaci\u00f3 directa del proc\u00e9s i dels resultats.<\/span><\/span><\/p>\n<ul>\n<li><span style=\"font-size: large;\"><span style=\"font-family: verdana,sans-serif;\"><a href=\"http:\/\/www.xtec.cat\/web\/recursos\/projxarxa\/eso\/webquesta\" target=\"_blank\" rel=\"noopener\">ESO<\/a><\/span><\/span><\/li>\n<li><span style=\"font-size: large;\"><span style=\"font-family: verdana,sans-serif;\"><a href=\"http:\/\/www.xtec.cat\/web\/recursos\/projxarxa\/batxillerat\/telematic\" target=\"_blank\" rel=\"noopener\">Batxillerat<\/a><\/span><\/span><\/li>\n<\/ul>\n<p><span style=\"font-size: large;\"><span style=\"font-family: verdana,sans-serif;\"><br \/>\n<span style=\"text-decoration: underline;\"><strong><span style=\"font-size: x-large;\">Caceres del tresor<\/span>:<\/strong><\/span><\/span><\/span><\/p>\n<p><span style=\"font-size: large;\"><span style=\"font-family: verdana,sans-serif;\">Una Cacera del tresor \u00e9s un tipus d&#8217;activitat did\u00e0ctica molt senzilla que utilitzen els docents que integren Internet en el curr\u00edculum. Consisteix en un seguit de preguntes i una llista de direccions de p\u00e0gines web, de les quals es pot extreure o inferir les respostes. Algunes inclouen una &#8220;Gran pregunta&#8221; al final, que requereix que els alumnes integrin els coneixements adquirits durant el proc\u00e9s.<\/span><\/span><\/p>\n<ul>\n<li><span style=\"font-size: large;\"><span style=\"font-family: verdana,sans-serif;\"><a href=\"http:\/\/www.xtec.cat\/web\/recursos\/projxarxa\/esocacera\" target=\"_blank\" rel=\"noopener\">ESO<\/a><\/span><\/span><\/li>\n<li><span style=\"font-size: large;\"><span style=\"font-family: verdana,sans-serif;\"><a href=\"http:\/\/www.xtec.cat\/web\/recursos\/projxarxa\/batxillerat\/cacera\" target=\"_blank\" rel=\"noopener\">Batxillerat<\/a><\/span><\/span><\/li>\n<\/ul>\n<p><span style=\"font-size: large;\"><span style=\"font-family: verdana,sans-serif;\">Analitzeu algunes pr\u00e0ctiques d\u2019aula amb \u00fas de les TAC i recollireu la informaci\u00f3 en la <a href=\"https:\/\/docs.google.com\/document\/d\/15eFpeuEJW5P0SeaEOqXFn-9bcL0CWmkvKGJKELTaQr0\/edit?usp=sharing\">graella_f2a1<\/a>. Heu de fer una c\u00f2pia de la graella a la vostra carpeta a la Fase 2.<br \/>\n<\/span><span style=\"font-family: verdana,sans-serif;\"><br \/>\n<\/span><\/span><\/p>\n<ul>\n<li><span style=\"font-size: large;\"><span style=\"font-family: verdana,sans-serif;\"><a style=\"text-decoration: none;\" href=\"http:\/\/www.xtec.cat\/web\/innovacio\/educat\/secundaria\/experiencies_sec\/terra.htm\"><span style=\"color: #1155cc; background-color: transparent; font-style: normal; font-variant: normal; text-decoration: underline; vertical-align: baseline;\">La nostra, una terra inquieta?<\/span><\/a><span style=\"color: #000000; background-color: transparent; font-style: normal; font-variant: normal; text-decoration: none; vertical-align: baseline;\"> (2n ESO)<\/span><\/span><\/span><\/li>\n<li><span style=\"font-size: large;\"><span style=\"font-family: verdana,sans-serif;\"><a style=\"text-decoration: none;\" href=\"http:\/\/www.xtec.cat\/web\/innovacio\/educat\/secundaria\/experiencies_sec\/fil\"><span style=\"color: #1155cc; background-color: transparent; font-style: normal; font-variant: normal; text-decoration: underline; vertical-align: baseline;\">El fil de les cl\u00e0ssiques<\/span><\/a><span style=\"color: #000000; background-color: transparent; font-style: normal; font-variant: normal; text-decoration: none; vertical-align: baseline;\"> (ESO i Batxillerat)<\/span><\/span><\/span><\/li>\n<li><span style=\"font-size: large;\"><span style=\"font-family: verdana,sans-serif;\"><a style=\"text-decoration: none;\" href=\"http:\/\/sites.google.com\/site\/femundiaridigital\/portada\/home\"><span style=\"color: #1155cc; background-color: transparent; font-style: normal; font-variant: normal; text-decoration: underline; vertical-align: baseline;\">Fem un diari digital!<\/span><\/a> <span style=\"color: #000000; background-color: transparent; font-style: normal; font-variant: normal; text-decoration: none; vertical-align: baseline;\">(4t d&#8217;ESO)<\/span><\/span><\/span><\/li>\n<li><span style=\"font-size: large;\"><span style=\"font-family: verdana,sans-serif;\"><a style=\"text-decoration: none;\" href=\"http:\/\/www.xtec.cat\/web\/innovacio\/educat\/secundaria\/experiencies_sec\/ulises\"><span style=\"color: #1155cc; background-color: transparent; font-style: normal; font-variant: normal; text-decoration: underline; vertical-align: baseline;\">Las aventuras de Ulises<\/span><\/a><span style=\"color: #000000; background-color: transparent; font-style: normal; font-variant: normal; text-decoration: none; vertical-align: baseline;\"> (2n d&#8217;ESO)<\/span><\/span><\/span><\/li>\n<li><span style=\"font-size: large;\"><span style=\"font-family: verdana,sans-serif;\"><a style=\"text-decoration: none;\" href=\"https:\/\/sites.google.com\/site\/cacebloc5\/\"><span style=\"color: #1155cc; background-color: transparent; font-style: normal; font-variant: normal; text-decoration: underline; vertical-align: baseline;\">El canvi clim\u00e0tic<\/span><\/a> <span style=\"color: #000000; background-color: transparent; font-style: normal; font-variant: normal; text-decoration: none; vertical-align: baseline;\">(1r i 2n ESO)<\/span><\/span><\/span><\/li>\n<li><span style=\"font-size: large;\"><span style=\"font-family: verdana,sans-serif;\"><a style=\"text-decoration: none;\" href=\"http:\/\/ntic.educacion.es\/w3\/recursos\/bachillerato\/lengua\/ayala\/webquest.html\"><span style=\"color: #1155cc; background-color: transparent; font-style: normal; font-variant: normal; text-decoration: underline; vertical-align: baseline;\">Francisco Ayala<\/span><\/a> <span style=\"color: #000000; background-color: transparent; font-style: normal; font-variant: normal; text-decoration: none; vertical-align: baseline;\">(Batxillerat)<\/span><\/span><\/span><\/li>\n<li><span style=\"font-size: large;\"><span style=\"font-family: verdana,sans-serif;\"><a style=\"text-decoration: none;\" href=\"https:\/\/sites.google.com\/site\/eldopatgerealitatoficcio\/Home\"><span style=\"color: #1155cc; background-color: transparent; font-style: normal; font-variant: normal; text-decoration: underline; vertical-align: baseline;\">El dopatge: realitat o ficci\u00f3<\/span><\/a> <span style=\"color: #000000; background-color: transparent; font-style: normal; font-variant: normal; text-decoration: none; vertical-align: baseline;\">(Batxillerat i CF)<\/span><\/span><\/span><\/li>\n<li><span style=\"font-size: large;\"><span style=\"font-family: verdana,sans-serif;\"><a style=\"text-decoration: none;\" href=\"https:\/\/sites.google.com\/site\/poprockdontstop\/\"><span style=\"color: #1155cc; background-color: transparent; font-style: normal; font-variant: normal; text-decoration: underline; vertical-align: baseline;\">Pop rock don&#8217;t stop<\/span><\/a> <span style=\"color: #000000; background-color: transparent; font-style: normal; font-variant: normal; text-decoration: none; vertical-align: baseline;\">(ESO)<\/span><\/span><\/span><\/li>\n<li><span style=\"font-size: large;\"><span style=\"font-family: verdana,sans-serif;\"><a style=\"text-decoration: none;\" href=\"http:\/\/zunal.com\/webquest.php?w=162555\"><span style=\"color: #1155cc; background-color: transparent; font-style: normal; font-variant: normal; text-decoration: underline; vertical-align: baseline;\">All about Britain<\/span><\/a> <span style=\"color: #000000; background-color: transparent; font-style: normal; font-variant: normal; text-decoration: none; vertical-align: baseline;\">(1r i 2n d&#8217;ESO)<\/span><\/span><\/span><\/li>\n<li><span style=\"font-size: large;\"><span style=\"font-family: verdana,sans-serif;\"><a style=\"text-decoration: none;\" href=\"http:\/\/www.xtec.cat\/%7Ejfierro\/Union%20Sovietica\/index.htm\"><span style=\"color: #1155cc; background-color: transparent; font-style: normal; font-variant: normal; text-decoration: underline; vertical-align: baseline;\">Col\u00b7lapse i final de la Uni\u00f3 Sovi\u00e8tica<\/span><\/a><span style=\"color: #000000; background-color: transparent; font-style: normal; font-variant: normal; text-decoration: none; vertical-align: baseline;\">(ESO i Batxillerat)<\/span><\/span><\/span><\/li>\n<li><span style=\"font-size: large;\"><span style=\"font-family: verdana,sans-serif;\"><a style=\"text-decoration: none;\" href=\"http:\/\/www.phpwebquest.org\/catala\/caza\/soporte_tabbed_c.php?id_actividad=2251&amp;id_pagina=1\"><span style=\"color: #1155cc; background-color: transparent; font-style: normal; font-variant: normal; text-decoration: underline; vertical-align: baseline;\">La diversitat ling\u00fc\u00edstica<\/span><\/a> <span style=\"color: #000000; background-color: transparent; font-style: normal; font-variant: normal; text-decoration: none; vertical-align: baseline;\">(ESO)<\/span><\/span><\/span><\/li>\n<li><span style=\"font-size: large;\"><span style=\"font-family: verdana,sans-serif;\"><a style=\"text-decoration: none;\" href=\"https:\/\/sites.google.com\/site\/cacerags\/home\"><span style=\"color: #1155cc; background-color: transparent; font-style: normal; font-variant: normal; text-decoration: underline; vertical-align: baseline;\">Webs amb Google Sites<\/span><\/a><\/span><\/span><\/li>\n<\/ul>\n","protected":false},"excerpt":{"rendered":"<p>Projectes telem\u00e0tics en xarxa:<br \/>\nEntenem el \u2018projecte telem\u00e0tic\u2019 com la proposta did\u00e0ctica al voltant d\u2019un tema que comporta el treball en equip entre alumnes, tot utilitzant eines telem\u00e0tiques per facilitar la seva participaci\u00f3, interacci\u00f3 i comunicaci\u00f3. Aquest projecte pot ser realitzat en el mateix centre&hellip;  <a href=\"https:\/\/agora.xtec.cat\/iesperealsius\/recursos-educatius\/experiencies-didactiques\/\" title=\"Read Experi\u00e8ncies Did\u00e0ctiques\">Llegeix m\u00e9s\u00bb<\/a><\/p>\n","protected":false},"author":1,"featured_media":0,"parent":1071,"menu_order":10,"comment_status":"closed","ping_status":"closed","template":"page-templates\/side-menu.php","meta":{"_bbp_topic_count":0,"_bbp_reply_count":0,"_bbp_total_topic_count":0,"_bbp_total_reply_count":0,"_bbp_voice_count":0,"_bbp_anonymous_reply_count":0,"_bbp_topic_count_hidden":0,"_bbp_reply_count_hidden":0,"_bbp_forum_subforum_count":0,"footnotes":""},"class_list":["post-1081","page","type-page","status-publish","hentry"],"post_mailing_queue_ids":[],"_links":{"self":[{"href":"https:\/\/agora.xtec.cat\/iesperealsius\/wp-json\/wp\/v2\/pages\/1081","targetHints":{"allow":["GET"]}}],"collection":[{"href":"https:\/\/agora.xtec.cat\/iesperealsius\/wp-json\/wp\/v2\/pages"}],"about":[{"href":"https:\/\/agora.xtec.cat\/iesperealsius\/wp-json\/wp\/v2\/types\/page"}],"author":[{"embeddable":true,"href":"https:\/\/agora.xtec.cat\/iesperealsius\/wp-json\/wp\/v2\/users\/1"}],"replies":[{"embeddable":true,"href":"https:\/\/agora.xtec.cat\/iesperealsius\/wp-json\/wp\/v2\/comments?post=1081"}],"version-history":[{"count":1,"href":"https:\/\/agora.xtec.cat\/iesperealsius\/wp-json\/wp\/v2\/pages\/1081\/revisions"}],"predecessor-version":[{"id":1082,"href":"https:\/\/agora.xtec.cat\/iesperealsius\/wp-json\/wp\/v2\/pages\/1081\/revisions\/1082"}],"up":[{"embeddable":true,"href":"https:\/\/agora.xtec.cat\/iesperealsius\/wp-json\/wp\/v2\/pages\/1071"}],"wp:attachment":[{"href":"https:\/\/agora.xtec.cat\/iesperealsius\/wp-json\/wp\/v2\/media?parent=1081"}],"curies":[{"name":"wp","href":"https:\/\/api.w.org\/{rel}","templated":true}]}}