{"id":1077,"date":"2018-11-18T15:52:14","date_gmt":"2018-11-18T14:52:14","guid":{"rendered":"http:\/\/agora.xtec.cat\/iesperealsius\/?page_id=1077"},"modified":"2018-11-18T15:52:54","modified_gmt":"2018-11-18T14:52:54","slug":"avaluar-les-tac","status":"publish","type":"page","link":"https:\/\/agora.xtec.cat\/iesperealsius\/recursos-educatius\/avaluar-les-tac\/","title":{"rendered":"Avaluar les TAC"},"content":{"rendered":"<h4><span style=\"font-size: medium;\"><span style=\"font-family: trebuchet ms,sans-serif;\"><span style=\"text-decoration: underline;\"><strong>Les r\u00fabriques o matrius d\u2019avaluaci\u00f3<\/strong><\/span><\/span><\/span><\/h4>\n<p>La r\u00fabrica es l\u2019eina m\u00e9s utilitzada per a l\u2019avaluaci\u00f3 d\u2019una activitat TAC amb la finalitat d\u2019aconseguir una objectivitat m\u00e9s gran. La r\u00fabrica \u00e9s un instrument per mesurar el treball de l&#8217;alumnat i el producte que se&#8217;n deriva.<\/p>\n<ul>\n<li><span style=\"font-size: medium;\"><span style=\"font-family: trebuchet ms,sans-serif;\"><a href=\"https:\/\/sites.google.com\/site\/avaluemavalueuavaluen\/eines-per-avaluar\/rubriques\/objectius-de-l-avaluacio\">Qu\u00e8 \u00e9s una r\u00fabrica ?<\/a><\/span><\/span><\/li>\n<li><span style=\"font-size: medium;\"><span style=\"font-family: trebuchet ms,sans-serif;\"><a href=\"https:\/\/sites.google.com\/site\/avaluemavalueuavaluen\/eines-per-avaluar\/rubriques\/com-crear-una-rubrica\">Com dissenyar una r\u00fabrica ?<\/a><\/span><\/span><\/li>\n<li><span style=\"font-size: medium;\"><span style=\"font-family: trebuchet ms,sans-serif;\"><a href=\"https:\/\/drive.google.com\/file\/d\/0B1sF-ltem7CCcnI2OUw3Q3g3TGs\/view?usp=sharing\" target=\"_blank\" rel=\"noopener\">Exemple. R\u00fabrica per avaluar una exposici\u00f3 oral<\/a><br \/>\n<\/span><\/span><\/li>\n<\/ul>\n<p>&nbsp;<\/p>\n<p><span style=\"font-size: medium;\"><span style=\"font-family: trebuchet ms,sans-serif;\"><b>R\u00fabriques<\/b><\/span><\/span><\/p>\n<ul>\n<li><span style=\"font-size: medium;\"><span style=\"font-family: trebuchet ms,sans-serif;\"><a title=\"https:\/\/sites.google.com\/site\/rubriquesdinfantilabatxillerat\/\" href=\"https:\/\/sites.google.com\/site\/rubriquesdinfantilabatxillerat\/\" target=\"_blank\" rel=\"nofollow noopener\">https:\/\/sites.google.com\/site\/rubriquesdinfantilabatxillerat\/<\/a><\/span><\/span><\/li>\n<li><span style=\"font-size: medium;\"><span style=\"font-family: trebuchet ms,sans-serif;\"><a title=\"https:\/\/sites.google.com\/site\/avaluemavalueuavaluen\/eines-per-avaluar\/rubriques\" href=\"https:\/\/sites.google.com\/site\/avaluemavalueuavaluen\/eines-per-avaluar\/rubriques\" target=\"_blank\" rel=\"nofollow noopener\">https:\/\/sites.google.com\/site\/avaluemavalueuavaluen\/eines-per-avaluar\/rubriques<\/a><\/span><\/span><\/li>\n<li><span style=\"font-size: medium;\"><span style=\"font-family: trebuchet ms,sans-serif;\"><a title=\"http:\/\/www.xtec.cat\/web\/curriculum\/xarxacb\/avaluarperaprendre\/rubrica\" href=\"http:\/\/www.xtec.cat\/web\/curriculum\/xarxacb\/avaluarperaprendre\/rubrica\" target=\"_blank\" rel=\"nofollow noopener\">http:\/\/www.xtec.cat\/web\/curriculum\/xarxacb\/avaluarperaprendre\/rubrica<\/a><\/span><\/span><\/li>\n<li><span style=\"font-size: medium;\"><span style=\"font-family: trebuchet ms,sans-serif;\"><a title=\"https:\/\/sites.google.com\/site\/rubriquesgurb\/\" href=\"https:\/\/sites.google.com\/site\/rubriquesgurb\/\" target=\"_blank\" rel=\"nofollow noopener\">https:\/\/sites.google.com\/site\/rubriquesgurb\/<\/a><\/span><\/span><\/li>\n<li><span style=\"font-size: medium;\"><span style=\"font-family: trebuchet ms,sans-serif;\"><a title=\"http:\/\/www.xtec.cat\/web\/curriculum\/bancderubriques\" href=\"http:\/\/www.xtec.cat\/web\/curriculum\/bancderubriques\" target=\"_blank\" rel=\"nofollow noopener\">http:\/\/www.xtec.cat\/web\/curriculum\/bancderubriques<\/a><\/span><\/span><\/li>\n<\/ul>\n<p>&nbsp;<\/p>\n<p><span style=\"font-size: medium;\"><span style=\"font-family: trebuchet ms,sans-serif;\"><b>Generadors de r\u00fabriques<\/b><\/span><\/span><\/p>\n<ul>\n<li><a href=\"http:\/\/rubistar.4teachers.org\/index.php?&amp;skin=es&amp;lang=es&amp;\" target=\"_blank\" rel=\"noopener\"><span style=\"font-size: medium;\"><span style=\"font-family: trebuchet ms,sans-serif;\">http:\/\/rubistar.4teachers.org\/index.php?&amp;skin=es&amp;lang=es&amp;<\/span><\/span><\/a><\/li>\n<li><span style=\"font-size: medium;\"><span style=\"font-family: trebuchet ms,sans-serif;\"><a title=\"http:\/\/www.rcampus.com\/indexrubric.cfm\" href=\"http:\/\/www.rcampus.com\/indexrubric.cfm\" target=\"_blank\" rel=\"nofollow noopener\">http:\/\/www.rcampus.com\/indexrubric.cfm<\/a><\/span><\/span><\/li>\n<\/ul>\n<p>&nbsp;<\/p>\n<p><span style=\"font-size: medium;\"><span style=\"font-family: trebuchet ms,sans-serif;\"><b>Formularis Google<\/b><\/span><\/span><\/p>\n<ul>\n<li><span style=\"font-size: medium;\"><span style=\"font-family: trebuchet ms,sans-serif;\"><a title=\"http:\/\/ateneu.xtec.cat\/wikiform\/wikiexport\/cursos\/curriculum\/interniv\/a2fp\/modul_3\/practica_1\" href=\"http:\/\/ateneu.xtec.cat\/wikiform\/wikiexport\/cursos\/curriculum\/interniv\/a2fp\/modul_3\/practica_1\" target=\"_blank\" rel=\"nofollow noopener\">http:\/\/ateneu.xtec.cat\/wikiform\/wikiexport\/cursos\/curriculum\/interniv\/a2fp\/modul_3\/practica_1<\/a><\/span><\/span><\/li>\n<li><span style=\"font-size: medium;\"><span style=\"font-family: trebuchet ms,sans-serif;\"><a title=\"https:\/\/sites.google.com\/a\/xtec.cat\/xtec-i-google\/documents\/formularis\" href=\"https:\/\/sites.google.com\/a\/xtec.cat\/xtec-i-google\/documents\/formularis\" target=\"_blank\" rel=\"nofollow noopener\">https:\/\/sites.google.com\/a\/xtec.cat\/xtec-i-google\/documents\/formularis<\/a><\/span><\/span><\/li>\n<\/ul>\n","protected":false},"excerpt":{"rendered":"<p>Les r\u00fabriques o matrius d\u2019avaluaci\u00f3<br \/>\nLa r\u00fabrica es l\u2019eina m\u00e9s utilitzada per a l\u2019avaluaci\u00f3 d\u2019una activitat TAC amb la finalitat d\u2019aconseguir una objectivitat m\u00e9s gran. La r\u00fabrica \u00e9s un instrument per mesurar el treball de l&#8217;alumnat i el producte que se&#8217;n deriva.<\/p>\n<ul>\n<li><a href=\"https:\/\/sites.google.com\/site\/avaluemavalueuavaluen\/eines-per-avaluar\/rubriques\/objectius-de-l-avaluacio\">Qu\u00e8 \u00e9s una r\u00fabrica&hellip;  <a href=\"https:\/\/agora.xtec.cat\/iesperealsius\/recursos-educatius\/avaluar-les-tac\/\" title=\"Read Avaluar les TAC\">Llegeix m\u00e9s\u00bb<\/a><br \/>\n","protected":false},"author":1,"featured_media":0,"parent":1071,"menu_order":0,"comment_status":"closed","ping_status":"closed","template":"page-templates\/side-menu.php","meta":{"_bbp_topic_count":0,"_bbp_reply_count":0,"_bbp_total_topic_count":0,"_bbp_total_reply_count":0,"_bbp_voice_count":0,"_bbp_anonymous_reply_count":0,"_bbp_topic_count_hidden":0,"_bbp_reply_count_hidden":0,"_bbp_forum_subforum_count":0,"footnotes":""},"class_list":["post-1077","page","type-page","status-publish","hentry"],"post_mailing_queue_ids":[],"_links":{"self":[{"href":"https:\/\/agora.xtec.cat\/iesperealsius\/wp-json\/wp\/v2\/pages\/1077","targetHints":{"allow":["GET"]}}],"collection":[{"href":"https:\/\/agora.xtec.cat\/iesperealsius\/wp-json\/wp\/v2\/pages"}],"about":[{"href":"https:\/\/agora.xtec.cat\/iesperealsius\/wp-json\/wp\/v2\/types\/page"}],"author":[{"embeddable":true,"href":"https:\/\/agora.xtec.cat\/iesperealsius\/wp-json\/wp\/v2\/users\/1"}],"replies":[{"embeddable":true,"href":"https:\/\/agora.xtec.cat\/iesperealsius\/wp-json\/wp\/v2\/comments?post=1077"}],"version-history":[{"count":2,"href":"https:\/\/agora.xtec.cat\/iesperealsius\/wp-json\/wp\/v2\/pages\/1077\/revisions"}],"predecessor-version":[{"id":1079,"href":"https:\/\/agora.xtec.cat\/iesperealsius\/wp-json\/wp\/v2\/pages\/1077\/revisions\/1079"}],"up":[{"embeddable":true,"href":"https:\/\/agora.xtec.cat\/iesperealsius\/wp-json\/wp\/v2\/pages\/1071"}],"wp:attachment":[{"href":"https:\/\/agora.xtec.cat\/iesperealsius\/wp-json\/wp\/v2\/media?parent=1077"}],"curies":[{"name":"wp","href":"https:\/\/api.w.org\/{rel}","templated":true}]}}