{"id":1071,"date":"2018-11-18T14:52:30","date_gmt":"2018-11-18T13:52:30","guid":{"rendered":"http:\/\/agora.xtec.cat\/iesperealsius\/?page_id=1071"},"modified":"2018-11-18T16:08:08","modified_gmt":"2018-11-18T15:08:08","slug":"recursos-educatius","status":"publish","type":"page","link":"https:\/\/agora.xtec.cat\/iesperealsius\/recursos-educatius\/","title":{"rendered":"Recursos Educatius"},"content":{"rendered":"<p><span style=\"color: #0000ff;\"><b><span style=\"font-size: large;\"><span style=\"font-family: verdana,sans-serif;\">\u00a0Recursos interns de centre:<\/span><\/span><\/b><\/span><\/p>\n<ul>\n<li><a href=\"https:\/\/sites.google.com\/a\/xtec.cat\/recursos-degc\/home\/Plantilla%20Llibreta%20Notes%20per%20al%20professorat.xlsx?attredirects=0&amp;d=1\"><b><span style=\"font-size: large;\"><span style=\"font-family: verdana,sans-serif;\">Llibreta de notes digital per al professorat<\/span><\/span><\/b><\/a><\/li>\n<li><a href=\"https:\/\/sites.google.com\/a\/xtec.cat\/recursos-degc\/home\/EstructuraGoogleDrive.pdf?attredirects=0&amp;d=1\"><b><span style=\"font-size: large;\"><span style=\"font-family: verdana,sans-serif;\">Estructura de la carpeta digital de l&#8217;alumnat<\/span><\/span><\/b><\/a><\/li>\n<\/ul>\n<p><span style=\"color: #0000ff;\"><b><span style=\"font-size: large;\"><span style=\"font-family: verdana,sans-serif;\">Projectes realitzats durant la formaci\u00f3 pel professorat del centre:<\/span><\/span><\/b><\/span><\/p>\n<ul>\n<li><a href=\"https:\/\/drive.google.com\/drive\/folders\/0B1sF-ltem7CCd0tsTXI0SG5GeW8\" target=\"_blank\" rel=\"noopener\"><b><span style=\"font-size: large;\"><span style=\"font-family: verdana,sans-serif;\">Avaluar per aprendre: Propostes d&#8217;activitats competencials i instruments d&#8217;avaluaci\u00f3<\/span><\/span><\/b><\/a><\/li>\n<li><a href=\"https:\/\/docs.google.com\/document\/d\/1quln0i6nhCH7Ei_yWMj0DR6N7u-r-Bosl2HUbXqWKao\/edit?usp=sharing\" target=\"_blank\" rel=\"noopener\"><b><span style=\"font-size: large;\"><span style=\"font-family: verdana,sans-serif;\">Usos curriculars de les TIC: Propostes d&#8217;activitats usant eines TIC\/TAC<\/span><\/span><\/b><\/a><\/li>\n<\/ul>\n<p><span style=\"color: #0000ff;\"><b><span style=\"font-size: large;\"><span style=\"font-family: verdana,sans-serif;\"><span style=\"color: #0000ff;\"><b><span style=\"font-size: large;\"><span style=\"font-family: verdana,sans-serif;\">Programaci\u00f3<\/span><\/span><\/b><\/span><\/span><\/span><\/b><\/span><\/p>\n<ul>\n<li><a href=\"http:\/\/agora.xtec.cat\/iesperealsius\/recursos-educatius\/programacio-de-les-materies-deso\/\" target=\"_blank\" rel=\"noopener\"><b><span style=\"font-size: large;\"><span style=\"font-family: verdana,sans-serif;\">Model de programaci\u00f3 de les mat\u00e8ries d&#8217;ESO<\/span><\/span><\/b><\/a><\/li>\n<\/ul>\n<p><span style=\"color: #0000ff;\"><b><span style=\"font-size: large;\"><span style=\"font-family: verdana,sans-serif;\">Recursos web 2.0:<\/span><\/span><\/b><\/span><\/p>\n<ul>\n<li><a href=\"https:\/\/agora.xtec.cat\/iesperealsius\/recursos-educatius\/recursos-dels-portals-degc\/\" target=\"_blank\" rel=\"noopener\"><b><span style=\"font-size: large;\"><span style=\"font-family: verdana,sans-serif;\">Recursos dels portals DEGC<\/span><\/span><\/b><\/a><\/li>\n<li><a href=\"https:\/\/agora.xtec.cat\/iesperealsius\/recursos-educatius\/recursos-mec\/\" target=\"_blank\" rel=\"noopener\"><b><span style=\"font-size: large;\"><span style=\"font-family: verdana,sans-serif;\">Recursos MEC<\/span><\/span><\/b><\/a><\/li>\n<li><a href=\"https:\/\/sites.google.com\/a\/xtec.cat\/recursosescola\/home\" target=\"_blank\" rel=\"noopener\"><b><span style=\"font-size: large;\"><span style=\"font-family: verdana,sans-serif;\">Altres Recursos<\/span><\/span><\/b><\/a><\/li>\n<li><a href=\"http:\/\/recursostic.educacion.es\/observatorio\/web\/es\/internet\/web-20\/1060-la-web-20-recursos-educativos\" target=\"_blank\" rel=\"noopener\"><b><span style=\"font-size: large;\"><span style=\"font-family: verdana,sans-serif;\">La web 2.0. Recurs educatiu<\/span><\/span><\/b><\/a><\/li>\n<li><a href=\"http:\/\/herramientasweb20.educvirtual.org\/index.php?title=Portada\" target=\"_blank\" rel=\"noopener\"><b><span style=\"font-size: large;\"><span style=\"font-family: verdana,sans-serif;\">Cat\u00e0leg de recursos did\u00e0ctics de la web 2.0<\/span><\/span><\/b><\/a><\/li>\n<li><a href=\"https:\/\/agora.xtec.cat\/iesperealsius\/recursos-educatius\/experiencies-didactiques\/\" target=\"_blank\" rel=\"noopener\"><b><span style=\"font-size: large;\"><span style=\"font-family: verdana,sans-serif;\">Experi\u00e8ncies i seq\u00fc\u00e8ncies did\u00e0ctiques i propostes d\u2019activitats amb l\u2019\u00fas de les TAC<\/span><\/span><\/b><\/a><\/li>\n<li><a href=\"https:\/\/agora.xtec.cat\/iesperealsius\/recursos-educatius\/avaluar-les-tac\/\" target=\"_blank\" rel=\"noopener\"><b><span style=\"font-size: large;\"><span style=\"font-family: verdana,sans-serif;\">Avaluar les TAC<\/span><\/span><\/b><\/a><\/li>\n<li><a href=\"http:\/\/recursospertots.blogspot.com.es\/p\/ja-estem.html\" target=\"_blank\" rel=\"noopener\"><b><span style=\"font-size: large;\"><span style=\"font-family: verdana,sans-serif;\">N\u00favols de paraules: aplicacions<\/span><\/span><\/b><\/a><\/li>\n<li><a href=\"http:\/\/www.ayudaparamaestros.com\/2015\/04\/40-herramientas-tic-y-blogs-educativos.html?m=1\" target=\"_blank\" rel=\"noopener\"><b><span style=\"font-size: large;\"><span style=\"font-family: verdana,sans-serif;\">100 eines TIC i blocs educatius<\/span><\/span><\/b><\/a><\/li>\n<li><a href=\"https:\/\/drive.google.com\/uc?report=download&amp;id=0B0Mw8NpVBZ7bUThBOFpTSHVfVWc\" target=\"_blank\" rel=\"noopener\"><b><span style=\"font-size: large;\"><span style=\"font-family: verdana,sans-serif;\">Connecta S<\/span><\/span><\/b><\/a><\/li>\n<\/ul>\n","protected":false},"excerpt":{"rendered":"<p>\u00a0Recursos interns de centre:<\/p>\n<ul>\n<li><a href=\"https:\/\/sites.google.com\/a\/xtec.cat\/recursos-degc\/home\/Plantilla%20Llibreta%20Notes%20per%20al%20professorat.xlsx?attredirects=0&amp;d=1\">Llibreta de notes digital per al professorat<\/a><\/li>\n<li><a href=\"https:\/\/sites.google.com\/a\/xtec.cat\/recursos-degc\/home\/EstructuraGoogleDrive.pdf?attredirects=0&amp;d=1\">Estructura de la carpeta digital de l&#8217;alumnat<\/a><\/li>\n<\/ul>\n<p>Projectes realitzats durant la formaci\u00f3 pel professorat del centre:<\/p>\n<ul>\n<li><a href=\"https:\/\/drive.google.com\/drive\/folders\/0B1sF-ltem7CCd0tsTXI0SG5GeW8\" target=\"_blank\" rel=\"noopener\">Avaluar per aprendre: Propostes d&#8217;activitats competencials i instruments d&#8217;avaluaci\u00f3<\/a><\/li>\n<li><a href=\"https:\/\/docs.google.com\/document\/d\/1quln0i6nhCH7Ei_yWMj0DR6N7u-r-Bosl2HUbXqWKao\/edit?usp=sharing\" target=\"_blank\" rel=\"noopener\">Usos curriculars de les TIC: Propostes&hellip;  <a href=\"https:\/\/agora.xtec.cat\/iesperealsius\/recursos-educatius\/\" title=\"Read Recursos Educatius\">Llegeix m\u00e9s\u00bb<\/a><br \/>\n","protected":false},"author":1,"featured_media":0,"parent":0,"menu_order":0,"comment_status":"closed","ping_status":"closed","template":"page-templates\/side-menu.php","meta":{"_bbp_topic_count":0,"_bbp_reply_count":0,"_bbp_total_topic_count":0,"_bbp_total_reply_count":0,"_bbp_voice_count":0,"_bbp_anonymous_reply_count":0,"_bbp_topic_count_hidden":0,"_bbp_reply_count_hidden":0,"_bbp_forum_subforum_count":0,"footnotes":""},"class_list":["post-1071","page","type-page","status-publish","hentry"],"post_mailing_queue_ids":[],"_links":{"self":[{"href":"https:\/\/agora.xtec.cat\/iesperealsius\/wp-json\/wp\/v2\/pages\/1071","targetHints":{"allow":["GET"]}}],"collection":[{"href":"https:\/\/agora.xtec.cat\/iesperealsius\/wp-json\/wp\/v2\/pages"}],"about":[{"href":"https:\/\/agora.xtec.cat\/iesperealsius\/wp-json\/wp\/v2\/types\/page"}],"author":[{"embeddable":true,"href":"https:\/\/agora.xtec.cat\/iesperealsius\/wp-json\/wp\/v2\/users\/1"}],"replies":[{"embeddable":true,"href":"https:\/\/agora.xtec.cat\/iesperealsius\/wp-json\/wp\/v2\/comments?post=1071"}],"version-history":[{"count":4,"href":"https:\/\/agora.xtec.cat\/iesperealsius\/wp-json\/wp\/v2\/pages\/1071\/revisions"}],"predecessor-version":[{"id":1091,"href":"https:\/\/agora.xtec.cat\/iesperealsius\/wp-json\/wp\/v2\/pages\/1071\/revisions\/1091"}],"wp:attachment":[{"href":"https:\/\/agora.xtec.cat\/iesperealsius\/wp-json\/wp\/v2\/media?parent=1071"}],"curies":[{"name":"wp","href":"https:\/\/api.w.org\/{rel}","templated":true}]}}