{"id":1059,"date":"2018-11-18T13:10:58","date_gmt":"2018-11-18T12:10:58","guid":{"rendered":"http:\/\/agora.xtec.cat\/iesperealsius\/?page_id=1059"},"modified":"2022-04-20T09:25:46","modified_gmt":"2022-04-20T07:25:46","slug":"universitat","status":"publish","type":"page","link":"https:\/\/agora.xtec.cat\/iesperealsius\/estudis\/orientacio\/universitat\/","title":{"rendered":"Universitat"},"content":{"rendered":"<div>\n<p><span style=\"font-size: large;\"><span style=\"font-size: large;\"><span style=\"font-family: verdana,sans-serif;\"><img loading=\"lazy\" decoding=\"async\" class=\"\" style=\"margin: 5px 10px; display: inline; float: right;\" src=\"https:\/\/sites.google.com\/site\/lalineaorientacion\/_\/rsrc\/1294530367547\/bachillerato\/acceso-a-la-universidad\/acceso_universidad.jpg\" alt=\"Imatge relacionada\" width=\"292\" height=\"237\" \/><span style=\"font-size: 24px;\"><a href=\"http:\/\/universitats.gencat.cat\/ca\/inici\/\" target=\"_blank\" rel=\"noopener noreferrer\">Acc\u00e9s i admissi\u00f3 a la universitat <\/a><\/span><\/span><\/span><\/span><\/p>\n<\/div>\n<div>\n<p><span style=\"font-size: 24px;\"><span style=\"font-family: verdana,sans-serif;\"><a href=\"https:\/\/universitats.gencat.cat\/ca\/proves-acces-PAU-PAP\/\">Proves d&#8217;acc\u00e9s a la universitat (PAU)<\/a><br \/>\n<\/span><span style=\"font-family: verdana,sans-serif;\"><br \/>\n<a href=\"https:\/\/universitats.gencat.cat\/ca\/preinscripcions\/\">Preinscripci\u00f3 a les universitats catalanes<\/a><br \/>\n<\/span><\/span><\/p>\n<ul>\n<li style=\"font-family: verdana,sans-serif;\"><a href=\"https:\/\/universitats.gencat.cat\/ca\/preinscripcions\/sobre-preinscripcio\/ponderacions\/\"><span style=\"font-size: 24px;\">Ponderaci\u00f3 de les mat\u00e8ries de modalitat en l&#8217;acc\u00e9s a la universitat<\/span><\/a><\/li>\n<\/ul>\n<ul>\n<li><a href=\"https:\/\/universitats.gencat.cat\/ca\/preinscripcions\/sobre-preinscripcio\/notes-tall\/\"><span style=\"font-weight: normal; font-size: 24px;\">Llistes de notes de tall i de places universit\u00e0ries<\/span><\/a><\/li>\n<\/ul>\n<\/div>\n<div>\n<div>\n<p><a href=\"https:\/\/universitats.gencat.cat\/ca\/acces-universitat\/sobre-preus-beques\/\"><span style=\"font-size: 24px;\"><span style=\"font-family: verdana,sans-serif;\">Beques i preus<\/span><\/span><\/a><\/p>\n<p><a href=\"https:\/\/universitats.gencat.cat\/ca\/estudis-universitaris\/universitats-catalanes\/\"><span style=\"font-size: large;\"><span style=\"font-family: verdana,sans-serif;\"><span style=\"font-size: 24px;\">Universitats catalanes<\/span><\/span><\/span><\/a><\/p>\n<\/div>\n<\/div>\n","protected":false},"excerpt":{"rendered":"<p><a href=\"http:\/\/universitats.gencat.cat\/ca\/inici\/\" target=\"_blank\" rel=\"noopener noreferrer\">Acc\u00e9s i admissi\u00f3 a la universitat <\/a><\/p>\n<p><a href=\"https:\/\/universitats.gencat.cat\/ca\/proves-acces-PAU-PAP\/\">Proves d&#8217;acc\u00e9s a la universitat (PAU)<\/a><\/p>\n<p><a href=\"https:\/\/universitats.gencat.cat\/ca\/preinscripcions\/\">Preinscripci\u00f3 a les universitats catalanes<\/a><\/p>\n<ul>\n<li style=\"font-family: verdana,sans-serif;\"><a href=\"https:\/\/universitats.gencat.cat\/ca\/preinscripcions\/sobre-preinscripcio\/ponderacions\/\">Ponderaci\u00f3 de les mat\u00e8ries de modalitat en l&#8217;acc\u00e9s a la universitat<\/a><\/li>\n<\/ul>\n<ul>\n<li><a href=\"https:\/\/universitats.gencat.cat\/ca\/preinscripcions\/sobre-preinscripcio\/notes-tall\/\">Llistes de notes de tall i de places universit\u00e0ries<\/a><\/li>\n<\/ul>\n<p><a href=\"https:\/\/universitats.gencat.cat\/ca\/acces-universitat\/sobre-preus-beques\/\">Beques&hellip;  <a href=\"https:\/\/agora.xtec.cat\/iesperealsius\/estudis\/orientacio\/universitat\/\" title=\"Read Universitat\">Llegeix m\u00e9s\u00bb<\/a><\/p>\n","protected":false},"author":1,"featured_media":0,"parent":1014,"menu_order":60,"comment_status":"closed","ping_status":"closed","template":"page-templates\/side-menu.php","meta":{"_bbp_topic_count":0,"_bbp_reply_count":0,"_bbp_total_topic_count":0,"_bbp_total_reply_count":0,"_bbp_voice_count":0,"_bbp_anonymous_reply_count":0,"_bbp_topic_count_hidden":0,"_bbp_reply_count_hidden":0,"_bbp_forum_subforum_count":0,"footnotes":""},"class_list":["post-1059","page","type-page","status-publish","hentry"],"post_mailing_queue_ids":[],"_links":{"self":[{"href":"https:\/\/agora.xtec.cat\/iesperealsius\/wp-json\/wp\/v2\/pages\/1059","targetHints":{"allow":["GET"]}}],"collection":[{"href":"https:\/\/agora.xtec.cat\/iesperealsius\/wp-json\/wp\/v2\/pages"}],"about":[{"href":"https:\/\/agora.xtec.cat\/iesperealsius\/wp-json\/wp\/v2\/types\/page"}],"author":[{"embeddable":true,"href":"https:\/\/agora.xtec.cat\/iesperealsius\/wp-json\/wp\/v2\/users\/1"}],"replies":[{"embeddable":true,"href":"https:\/\/agora.xtec.cat\/iesperealsius\/wp-json\/wp\/v2\/comments?post=1059"}],"version-history":[{"count":3,"href":"https:\/\/agora.xtec.cat\/iesperealsius\/wp-json\/wp\/v2\/pages\/1059\/revisions"}],"predecessor-version":[{"id":8474,"href":"https:\/\/agora.xtec.cat\/iesperealsius\/wp-json\/wp\/v2\/pages\/1059\/revisions\/8474"}],"up":[{"embeddable":true,"href":"https:\/\/agora.xtec.cat\/iesperealsius\/wp-json\/wp\/v2\/pages\/1014"}],"wp:attachment":[{"href":"https:\/\/agora.xtec.cat\/iesperealsius\/wp-json\/wp\/v2\/media?parent=1059"}],"curies":[{"name":"wp","href":"https:\/\/api.w.org\/{rel}","templated":true}]}}