{"id":1025,"date":"2018-11-18T12:24:04","date_gmt":"2018-11-18T11:24:04","guid":{"rendered":"http:\/\/agora.xtec.cat\/iesperealsius\/?page_id=1025"},"modified":"2018-11-18T12:24:04","modified_gmt":"2018-11-18T11:24:04","slug":"situat","status":"publish","type":"page","link":"https:\/\/agora.xtec.cat\/iesperealsius\/estudis\/orientacio\/situat\/","title":{"rendered":"Situa&#8217;t"},"content":{"rendered":"<p><span style=\"font-family: verdana,sans-serif;\"><span style=\"font-size: large;\"><img loading=\"lazy\" decoding=\"async\" style=\"margin: 5px 10px; display: inline; float: right;\" src=\"http:\/\/33.media.tumblr.com\/505a03d3448b99781c172d50d910e5b5\/tumblr_n7mhvv6XXN1qcung4o1_500.gif\" alt=\"Resultat d'imatges de compass\" width=\"200\" height=\"150\" \/><br \/>\n<a href=\"http:\/\/queestudiar.gencat.cat\/ca\/orientacio\/joves\/informo-ensenyaments\/explora_mapa_destudis\/\" target=\"_blank\" rel=\"noopener\">SISTEMA EDUCATIU CATAL\u00c0<\/a><br \/>\n<\/span><\/span><\/p>\n<div><span style=\"font-family: verdana,sans-serif;\"><span style=\"font-size: large;\">\u00a0<\/span><\/span><\/div>\n<div><span style=\"font-family: verdana,sans-serif;\"><span style=\"font-size: large;\">WEBS D&#8217;ORIENTACI\u00d3:\u00a0<\/span><\/span><\/div>\n<div>\n<ul>\n<li><span style=\"font-size: large;\"><span style=\"font-family: verdana,sans-serif;\"><b><a href=\"http:\/\/www.unportal.net\/\" target=\"_blank\" rel=\"noopener\">Unportal: Orientaci\u00f3 universit\u00e0ria i formaci\u00f3 professional<\/a><\/b><\/span><\/span><\/li>\n<\/ul>\n<\/div>\n","protected":false},"excerpt":{"rendered":"<p><a href=\"http:\/\/queestudiar.gencat.cat\/ca\/orientacio\/joves\/informo-ensenyaments\/explora_mapa_destudis\/\" target=\"_blank\" rel=\"noopener\">SISTEMA EDUCATIU CATAL\u00c0<\/a><\/p>\n<p>\u00a0<br \/>\nWEBS D&#8217;ORIENTACI\u00d3:\u00a0<\/p>\n<ul>\n<li><a href=\"http:\/\/www.unportal.net\/\" target=\"_blank\" rel=\"noopener\">Unportal: Orientaci\u00f3 universit\u00e0ria i formaci\u00f3 professional<\/a><\/li>\n<\/ul>\n","protected":false},"author":1,"featured_media":0,"parent":1014,"menu_order":10,"comment_status":"closed","ping_status":"closed","template":"page-templates\/side-menu.php","meta":{"_bbp_topic_count":0,"_bbp_reply_count":0,"_bbp_total_topic_count":0,"_bbp_total_reply_count":0,"_bbp_voice_count":0,"_bbp_anonymous_reply_count":0,"_bbp_topic_count_hidden":0,"_bbp_reply_count_hidden":0,"_bbp_forum_subforum_count":0,"footnotes":""},"class_list":["post-1025","page","type-page","status-publish","hentry"],"post_mailing_queue_ids":[],"_links":{"self":[{"href":"https:\/\/agora.xtec.cat\/iesperealsius\/wp-json\/wp\/v2\/pages\/1025","targetHints":{"allow":["GET"]}}],"collection":[{"href":"https:\/\/agora.xtec.cat\/iesperealsius\/wp-json\/wp\/v2\/pages"}],"about":[{"href":"https:\/\/agora.xtec.cat\/iesperealsius\/wp-json\/wp\/v2\/types\/page"}],"author":[{"embeddable":true,"href":"https:\/\/agora.xtec.cat\/iesperealsius\/wp-json\/wp\/v2\/users\/1"}],"replies":[{"embeddable":true,"href":"https:\/\/agora.xtec.cat\/iesperealsius\/wp-json\/wp\/v2\/comments?post=1025"}],"version-history":[{"count":1,"href":"https:\/\/agora.xtec.cat\/iesperealsius\/wp-json\/wp\/v2\/pages\/1025\/revisions"}],"predecessor-version":[{"id":1026,"href":"https:\/\/agora.xtec.cat\/iesperealsius\/wp-json\/wp\/v2\/pages\/1025\/revisions\/1026"}],"up":[{"embeddable":true,"href":"https:\/\/agora.xtec.cat\/iesperealsius\/wp-json\/wp\/v2\/pages\/1014"}],"wp:attachment":[{"href":"https:\/\/agora.xtec.cat\/iesperealsius\/wp-json\/wp\/v2\/media?parent=1025"}],"curies":[{"name":"wp","href":"https:\/\/api.w.org\/{rel}","templated":true}]}}