{"id":1019,"date":"2018-11-18T12:16:55","date_gmt":"2018-11-18T11:16:55","guid":{"rendered":"http:\/\/agora.xtec.cat\/iesperealsius\/?page_id=1019"},"modified":"2026-04-13T21:25:56","modified_gmt":"2026-04-13T19:25:56","slug":"optatives-4t-eso","status":"publish","type":"page","link":"https:\/\/agora.xtec.cat\/iesperealsius\/estudis\/secundaria-eso\/optatives-4t-eso\/","title":{"rendered":"Optatives 4t ESO"},"content":{"rendered":"<p><span style=\"font-size: 24px;\"><strong>Organitzaci\u00f3 curricular del 4t curs<\/strong><\/span><\/p>\n<p><span style=\"font-size: 24px; color: #ff0000;\">Per a la tria d&#8217;optatives cal omplir el <a href=\"https:\/\/docs.google.com\/forms\/d\/e\/1FAIpQLSeZ2RYlCR_EybCSjh57D-8crEFP_9DbKJlcqla-4N6t1SHL-A\/viewform?usp=header\">formulari<\/a><\/span><\/p>\n<p><span style=\"font-size: 24px;\">Els grups s\u2019organitzaran de manera que permetin atendre l\u2019alumnat en funci\u00f3 de la seva progressi\u00f3 acad\u00e8mica al llarg de l\u2019etapa, aix\u00ed com dels seus interessos de formaci\u00f3:<a href=\"https:\/\/agora.xtec.cat\/iesperealsius\/wp-content\/uploads\/usu45\/2020\/04\/Materies-4t.jpg\"><img loading=\"lazy\" decoding=\"async\" class=\"size-full wp-image-5280 alignright\" src=\"https:\/\/agora.xtec.cat\/iesperealsius\/wp-content\/uploads\/usu45\/2020\/04\/Materies-4t.jpg\" alt=\"\" width=\"329\" height=\"448\" srcset=\"https:\/\/agora.xtec.cat\/iesperealsius\/wp-content\/uploads\/usu45\/2020\/04\/Materies-4t.jpg 329w, https:\/\/agora.xtec.cat\/iesperealsius\/wp-content\/uploads\/usu45\/2020\/04\/Materies-4t-220x300.jpg 220w\" sizes=\"auto, (max-width: 329px) 100vw, 329px\" \/><\/a><\/span><\/p>\n<ul>\n<li><span style=\"font-size: 24px;\">Es prioritzar\u00e0 l\u2019agrupament de l\u2019alumnat en funci\u00f3 dels itineraris triats.<\/span><\/li>\n<li><span style=\"font-size: 24px;\">L\u2019equip docent, far\u00e0 arribar a les fam\u00edlies el seu consell orientador per tal d\u2019ajudar l\u2019alumne\/a en la seva elecci\u00f3.<\/span><\/li>\n<\/ul>\n<p><span style=\"font-size: 24px;\">Tots els grups:<\/span><\/p>\n<ul>\n<li><span style=\"font-size: 24px;\">Cursaran les mateixes mat\u00e8ries comunes, amb la mateixa dedicaci\u00f3 hor\u00e0ria.<\/span><\/li>\n<li><span style=\"font-size: 24px;\">Les mat\u00e8ries impartides tindran els mateixos objectius i criteris d\u2019avaluaci\u00f3, tot i atendre la diversitat concreta de l\u2019alumnat.<\/span><\/li>\n<\/ul>\n<p><span style=\"font-size: 24px;\"><u>Mat\u00e8ries optatives:<\/u><\/span><\/p>\n<p><span style=\"font-size: 24px;\">L\u2019Institut Pere Alsius considera que les mat\u00e8ries optatives en el quart curs han de tenir un caire clarament orientador per aix\u00f2 proposa que l\u2019alumnat cursi les mat\u00e8ries optatives seguint els seg\u00fcents itineraris:<\/span><\/p>\n<table class=\" aligncenter\" style=\"height: 443px; border-collapse: collapse;\" border=\"0\" width=\"842\" cellspacing=\"0\" cellpadding=\"0\">\n<tbody>\n<tr style=\"height: 59.15pt;\">\n<td style=\"border-width: 2.25pt 1pt 1pt 2.25pt; border-color: black; border-style: solid; background: #e7d6c5 none repeat scroll 0% 0%; padding: 3.6pt 7.2pt; width: 273.617px; height: 67px;\">\n<p style=\"margin: 4.3pt 0cm 0.0001pt; text-align: center; line-height: normal; vertical-align: baseline;\" align=\"center\"><span style=\"font-size: 20px;\"><span style=\"color: #000000;\"><b>ITINERARI<\/b><\/span><\/span><\/p>\n<\/td>\n<td style=\"border-width: 2.25pt 1pt 1pt medium; border-style: solid solid solid none; border-color: black black black currentcolor; background: #e7d6c5 none repeat scroll 0% 0%; padding: 3.6pt 7.2pt; width: 173px; height: 67px;\">\n<p style=\"margin: 4.3pt 0cm 0.0001pt; text-align: center; line-height: normal; vertical-align: baseline;\" align=\"center\"><span style=\"font-size: 20px;\"><span style=\"color: #000000;\"><b>OPTATIVA 1<\/b><\/span><\/span><\/p>\n<\/td>\n<td style=\"border-width: 2.25pt 1pt 1pt medium; border-style: solid solid solid none; border-color: black black black currentcolor; background: #e7d6c5 none repeat scroll 0% 0%; padding: 3.6pt 7.2pt; width: 209px; height: 67px;\">\n<p style=\"margin: 4.3pt 0cm 0.0001pt; text-align: center; line-height: normal; vertical-align: baseline;\" align=\"center\"><span style=\"font-size: 20px;\"><span style=\"color: #000000;\"><b>OPTATIVA 2<\/b><\/span><\/span><\/p>\n<\/td>\n<td style=\"border-width: 2.25pt 2.25pt 1pt medium; border-style: solid solid solid none; border-color: black black black currentcolor; background: #e7d6c5 none repeat scroll 0% 0%; padding: 3.6pt 7.2pt; width: 168px; height: 67px;\">\n<p style=\"margin: 4.3pt 0cm 0.0001pt; text-align: center; line-height: normal; vertical-align: baseline;\" align=\"center\"><span style=\"font-size: 20px;\"><b><span lang=\"CA\" style=\"color: black;\">OPTATIVA 3<\/span><\/b><\/span><\/p>\n<\/td>\n<\/tr>\n<tr style=\"height: 92.4pt;\">\n<td style=\"border-width: medium 1pt 1pt 2.25pt; border-style: none solid solid; border-color: currentcolor black black; background: #ffe185 none repeat scroll 0% 0%; padding: 3.6pt 7.2pt; width: 273.617px; height: 121px;\">\n<p style=\"margin: 3.85pt 0cm 0.0001pt; line-height: normal; vertical-align: baseline;\"><span style=\"font-size: 20px;\"><span style=\"color: #000000;\"><b>\u00a0<\/b><\/span><span style=\"color: #000000;\"><b>COMPETENCIAL*<\/b><\/span><b><\/b><\/span><\/p>\n<\/td>\n<td style=\"border-width: medium 1pt 1pt medium; border-style: none solid solid none; border-color: currentcolor black black currentcolor; background: #ffe185 none repeat scroll 0% 0%; padding: 3.6pt 7.2pt; width: 173px; height: 121px;\">\n<h4 style=\"margin: 4.3pt 0cm 0.0001pt; text-align: center; line-height: normal; vertical-align: baseline;\" align=\"center\"><span style=\"color: #000000; font-size: 20px;\">\u00a0Tecnologia<\/span><\/h4>\n<\/td>\n<td style=\"border-width: medium 1pt 1pt medium; border-style: none solid solid none; border-color: currentcolor black black currentcolor; background: #ffe185 none repeat scroll 0% 0%; padding: 3.6pt 7.2pt; width: 209px; height: 121px;\">\n<h4 style=\"margin: 4.3pt 0cm 0.0001pt; text-align: center; line-height: normal; vertical-align: baseline;\" align=\"center\"><span style=\"color: #000000; font-size: 20px;\">Cultura cient\u00edfica<\/span><\/h4>\n<\/td>\n<td style=\"border-width: medium 2.25pt 2.25pt medium; border-style: none solid solid none; border-color: currentcolor black black currentcolor; background: #bef397 none repeat scroll 0% 0%; padding: 3.6pt 7.2pt; width: 168px; height: 337px;\" rowspan=\"3\">\n<h4 style=\"margin: 4.3pt 0cm 0.0001pt; text-align: center; line-height: normal; vertical-align: baseline;\" align=\"center\"><span style=\"color: #000000; font-size: 20px;\"><span lang=\"CA\">\u00a0<\/span>Digitalitzaci\u00f3<br \/>\n<\/span><\/h4>\n<h4 style=\"margin: 4.3pt 0cm 0.0001pt; text-align: center; line-height: normal; vertical-align: baseline;\" align=\"center\"><span style=\"color: #000000; font-size: 20px;\">\u00a0<\/span><\/h4>\n<h4 style=\"margin: 4.3pt 0cm 0.0001pt; text-align: center; line-height: normal; vertical-align: baseline;\" align=\"center\"><span style=\"color: #000000; font-size: 20px;\">Franc\u00e8s<br \/>\n<\/span><\/h4>\n<h4 style=\"margin: 4.3pt 0cm 0.0001pt; text-align: center; line-height: normal; vertical-align: baseline;\" align=\"center\"><span style=\"color: #000000; font-size: 20px;\">\u00a0<\/span><\/h4>\n<h4 style=\"margin: 4.3pt 0cm 0.0001pt; text-align: center; line-height: normal; vertical-align: baseline;\" align=\"center\"><span style=\"color: #000000; font-size: 20px;\">Emprenedoria<\/span><\/h4>\n<h4 style=\"margin: 4.3pt 0cm 0.0001pt; text-align: center; line-height: normal; vertical-align: baseline;\" align=\"center\"><span style=\"color: #000000; font-size: 20px;\">\u00a0<\/span><\/h4>\n<h4 style=\"margin: 4.3pt 0cm 0.0001pt; text-align: center; line-height: normal; vertical-align: baseline;\" align=\"center\"><span style=\"color: #000000; font-size: 20px;\">Expressi\u00f3 art\u00edstica<\/span><\/h4>\n<h4 style=\"margin: 4.3pt 0cm 0.0001pt; text-align: center; line-height: normal; vertical-align: baseline;\" align=\"center\"><span style=\"color: #000000; font-size: 20px;\">\u00a0<\/span><\/h4>\n<h4 style=\"margin: 4.3pt 0cm 0.0001pt; text-align: center; line-height: normal; vertical-align: baseline;\" align=\"center\"><span style=\"color: #000000; font-size: 20px;\">Filosofia<\/span><\/h4>\n<\/td>\n<\/tr>\n<tr style=\"height: 86.8pt;\">\n<td style=\"border-width: medium 1pt 1pt 2.25pt; border-style: none solid solid; border-color: currentcolor black black; background: #d4a89e none repeat scroll 0% 0%; padding: 3.6pt 7.2pt; width: 273.617px; height: 115px;\">\n<p style=\"margin: 3.85pt 0cm 0.0001pt; line-height: normal; vertical-align: baseline;\"><span style=\"font-size: 20px;\"><span style=\"color: #000000;\"><b>\u00a0<\/b><\/span><span style=\"color: #000000;\"><b>CIENT\u00cdFICO<\/b><\/span><span style=\"color: #000000;\"><b>TECNOL\u00d2GIC<\/b><\/span><\/span><\/p>\n<\/td>\n<td style=\"border-width: medium 1pt 1pt medium; border-style: none solid solid none; border-color: currentcolor black black currentcolor; background: #d4a89e none repeat scroll 0% 0%; padding: 3.6pt 7.2pt; width: 173px; height: 115px;\">\n<h4 style=\"margin: 4.3pt 0cm 0.0001pt; text-align: center; line-height: normal; vertical-align: baseline;\" align=\"center\"><span style=\"color: #000000; font-size: 20px;\">F\u00edsica i Qu\u00edmica<\/span><\/h4>\n<\/td>\n<td style=\"border-width: medium 1pt 1pt medium; border-style: none solid solid none; border-color: currentcolor black black currentcolor; background: #d4a89e none repeat scroll 0% 0%; padding: 3.6pt 7.2pt; width: 209px; height: 115px;\">\n<h4 style=\"margin: 4.3pt 0cm 0.0001pt; text-align: center; line-height: normal; vertical-align: baseline;\" align=\"center\"><span style=\"color: #000000; font-size: 20px;\">Biologia i Geologia<\/span><\/h4>\n<p>________________________<\/p>\n<h4 style=\"margin: 4.3pt 0cm 0.0001pt; text-align: center; line-height: normal; vertical-align: baseline;\" align=\"center\"><span style=\"color: #000000; font-size: 20px;\"> Tecnologia<\/span><\/h4>\n<\/td>\n<\/tr>\n<tr style=\"height: 73.45pt;\">\n<td style=\"border-width: medium 1pt 2.25pt 2.25pt; border-style: none solid solid; border-color: currentcolor black black; background: #ff9c80 none repeat scroll 0% 0%; padding: 3.6pt 7.2pt; width: 273.617px; height: 101px;\">\n<p style=\"margin: 3.85pt 0cm 0.0001pt; line-height: normal; vertical-align: baseline;\"><span style=\"font-size: 20px;\"><span style=\"color: #000000;\"><b>\u00a0<\/b><\/span><span style=\"color: #000000;\"><b>HUMAN\u00cdSTIC-<\/b><\/span><span style=\"color: #000000;\"><b>SOCIAL<\/b><\/span><\/span><\/p>\n<\/td>\n<td style=\"border-width: medium 1pt 2.25pt medium; border-style: none solid solid none; border-color: currentcolor black black currentcolor; background: #ff9c80 none repeat scroll 0% 0%; padding: 3.6pt 7.2pt; width: 173px; height: 101px;\">\n<h4 style=\"margin: 4.3pt 0cm 0.0001pt; text-align: center; line-height: normal; vertical-align: baseline;\" align=\"center\"><span style=\"color: #000000; font-size: 20px;\">Llat\u00ed<\/span><\/h4>\n<\/td>\n<td style=\"border-width: medium 1pt 2.25pt medium; border-style: none solid solid none; border-color: currentcolor black black currentcolor; background: #ff9c80 none repeat scroll 0% 0%; padding: 3.6pt 7.2pt; width: 209px; height: 101px;\">\n<h4 style=\"margin: 4.3pt 0cm 0.0001pt; text-align: center; line-height: normal; vertical-align: baseline;\" align=\"center\"><span style=\"color: #000000; font-size: 20px;\">\u00a0Economia<\/span><\/h4>\n<\/td>\n<\/tr>\n<\/tbody>\n<\/table>\n<div style=\"position: relative; width: 100%; height: 0; padding-top: 56.2500%; padding-bottom: 0; box-shadow: 0 2px 8px 0 rgba(63,69,81,0.16); margin-top: 1.6em; margin-bottom: 0.9em; overflow: hidden; border-radius: 8px; will-change: transform;\"><iframe style=\"position: absolute; width: 100%; height: 100%; top: 0; left: 0; border: none; padding: 0; margin: 0;\" src=\"https:\/\/www.canva.com\/design\/DAEdmpty8ys\/view?embed\" allowfullscreen=\"allowfullscreen\"><br \/>\n<\/iframe><\/div>\n<p><a href=\"https:\/\/www.canva.com\/design\/DAEdmpty8ys\/view?utm_content=DAEdmpty8ys&amp;utm_campaign=designshare&amp;utm_medium=embeds&amp;utm_source=link\" target=\"_blank\" rel=\"noopener\">OPTATIVES 4t ESO<\/a> by Judith Torrent<br \/>\n<span style=\"font-size: 20px;\">* <\/span><span style=\"font-size: 24px;\">L\u2019<strong>Itinerari competencial <\/strong>\u00e9s un itinerari que el centre proposa a aquells\/es alumnes que al llarg dels diferents cursos d\u2019ESO han rebut recursos de suport educatiu i\/o que han mostrat dificultats per assolir les compet\u00e8ncies pr\u00f2pies de l\u2019etapa. L\u2019objectiu de l\u2019itinerari competencial que es proposa per 4t d\u2019ESO \u00e9s que l\u2019alumnat assoleixi les compet\u00e8ncies b\u00e0siques de l\u2019etapa que li permetran l\u2019obtenci\u00f3 del graduat i l\u2019acc\u00e9s a formaci\u00f3 postobligat\u00f2ria. <\/span><\/p>\n<p>&nbsp;<\/p>\n","protected":false},"excerpt":{"rendered":"<p>Organitzaci\u00f3 curricular del 4t curs<br \/>\nPer a la tria d&#8217;optatives cal omplir el <a href=\"https:\/\/docs.google.com\/forms\/d\/e\/1FAIpQLSeZ2RYlCR_EybCSjh57D-8crEFP_9DbKJlcqla-4N6t1SHL-A\/viewform?usp=header\">formulari<\/a><br \/>\nEls grups s\u2019organitzaran de manera que permetin atendre l\u2019alumnat en funci\u00f3 de la seva progressi\u00f3 acad\u00e8mica al llarg de l\u2019etapa, aix\u00ed com dels seus interessos de formaci\u00f3:<a href=\"https:\/\/agora.xtec.cat\/iesperealsius\/wp-content\/uploads\/usu45\/2020\/04\/Materies-4t.jpg\"><\/a><\/p>\n<ul>\n<li>Es prioritzar\u00e0 l\u2019agrupament de l\u2019alumnat&hellip;  <a href=\"https:\/\/agora.xtec.cat\/iesperealsius\/estudis\/secundaria-eso\/optatives-4t-eso\/\" title=\"Read Optatives 4t ESO\">Llegeix m\u00e9s\u00bb<\/a><br \/>\n","protected":false},"author":1,"featured_media":0,"parent":626,"menu_order":0,"comment_status":"closed","ping_status":"closed","template":"page-templates\/side-menu.php","meta":{"_bbp_topic_count":0,"_bbp_reply_count":0,"_bbp_total_topic_count":0,"_bbp_total_reply_count":0,"_bbp_voice_count":0,"_bbp_anonymous_reply_count":0,"_bbp_topic_count_hidden":0,"_bbp_reply_count_hidden":0,"_bbp_forum_subforum_count":0,"footnotes":""},"class_list":["post-1019","page","type-page","status-publish","hentry"],"post_mailing_queue_ids":[],"_links":{"self":[{"href":"https:\/\/agora.xtec.cat\/iesperealsius\/wp-json\/wp\/v2\/pages\/1019","targetHints":{"allow":["GET"]}}],"collection":[{"href":"https:\/\/agora.xtec.cat\/iesperealsius\/wp-json\/wp\/v2\/pages"}],"about":[{"href":"https:\/\/agora.xtec.cat\/iesperealsius\/wp-json\/wp\/v2\/types\/page"}],"author":[{"embeddable":true,"href":"https:\/\/agora.xtec.cat\/iesperealsius\/wp-json\/wp\/v2\/users\/1"}],"replies":[{"embeddable":true,"href":"https:\/\/agora.xtec.cat\/iesperealsius\/wp-json\/wp\/v2\/comments?post=1019"}],"version-history":[{"count":7,"href":"https:\/\/agora.xtec.cat\/iesperealsius\/wp-json\/wp\/v2\/pages\/1019\/revisions"}],"predecessor-version":[{"id":12998,"href":"https:\/\/agora.xtec.cat\/iesperealsius\/wp-json\/wp\/v2\/pages\/1019\/revisions\/12998"}],"up":[{"embeddable":true,"href":"https:\/\/agora.xtec.cat\/iesperealsius\/wp-json\/wp\/v2\/pages\/626"}],"wp:attachment":[{"href":"https:\/\/agora.xtec.cat\/iesperealsius\/wp-json\/wp\/v2\/media?parent=1019"}],"curies":[{"name":"wp","href":"https:\/\/api.w.org\/{rel}","templated":true}]}}