{"id":898,"date":"2015-11-20T13:31:00","date_gmt":"2015-11-20T12:31:00","guid":{"rendered":"http:\/\/agora.xtec.cat\/iespauvila\/?page_id=898"},"modified":"2018-02-20T10:51:01","modified_gmt":"2018-02-20T09:51:01","slug":"coral-de-linstitut","status":"publish","type":"page","link":"https:\/\/agora.xtec.cat\/iespauvila\/projecte-educatiu\/coral-de-linstitut\/","title":{"rendered":"Coral de l&#8217;institut"},"content":{"rendered":"<p>Des del seminari de m\u00fasica s&#8217;organitza la coral del centre amb participaci\u00f3 de l&#8217;alumnat de 3r i 4t d&#8217;ESO i, puntualment, d&#8217;altres nivells. L&#8217;objectiu \u00e9s crear una coral estable. Les seves actuacions es fan per les celebracions del centre: Nadal, St. Jordi i Comiat 4t d&#8217;ESO.<\/p>\n","protected":false},"excerpt":{"rendered":"<p>Des del seminari de m\u00fasica s&#8217;organitza la coral del centre amb participaci\u00f3 de l&#8217;alumnat de 3r i 4t d&#8217;ESO i, puntualment, d&#8217;altres nivells. L&#8217;objectiu \u00e9s crear una coral estable. Les seves actuacions es fan per les celebracions del centre: Nadal, St. Jordi i Comiat 4t&hellip;  <a href=\"https:\/\/agora.xtec.cat\/iespauvila\/projecte-educatiu\/coral-de-linstitut\/\" title=\"Read Coral de l&#8217;institut\">Llegeix m\u00e9s\u00bb<\/a><\/p>\n","protected":false},"author":1,"featured_media":0,"parent":57,"menu_order":39,"comment_status":"closed","ping_status":"closed","template":"page-templates\/side-menu.php","meta":{"_bbp_topic_count":0,"_bbp_reply_count":0,"_bbp_total_topic_count":0,"_bbp_total_reply_count":0,"_bbp_voice_count":0,"_bbp_anonymous_reply_count":0,"_bbp_topic_count_hidden":0,"_bbp_reply_count_hidden":0,"_bbp_forum_subforum_count":0,"footnotes":""},"class_list":["post-898","page","type-page","status-publish","hentry"],"post_mailing_queue_ids":[],"_links":{"self":[{"href":"https:\/\/agora.xtec.cat\/iespauvila\/wp-json\/wp\/v2\/pages\/898","targetHints":{"allow":["GET"]}}],"collection":[{"href":"https:\/\/agora.xtec.cat\/iespauvila\/wp-json\/wp\/v2\/pages"}],"about":[{"href":"https:\/\/agora.xtec.cat\/iespauvila\/wp-json\/wp\/v2\/types\/page"}],"author":[{"embeddable":true,"href":"https:\/\/agora.xtec.cat\/iespauvila\/wp-json\/wp\/v2\/users\/1"}],"replies":[{"embeddable":true,"href":"https:\/\/agora.xtec.cat\/iespauvila\/wp-json\/wp\/v2\/comments?post=898"}],"version-history":[{"count":1,"href":"https:\/\/agora.xtec.cat\/iespauvila\/wp-json\/wp\/v2\/pages\/898\/revisions"}],"predecessor-version":[{"id":899,"href":"https:\/\/agora.xtec.cat\/iespauvila\/wp-json\/wp\/v2\/pages\/898\/revisions\/899"}],"up":[{"embeddable":true,"href":"https:\/\/agora.xtec.cat\/iespauvila\/wp-json\/wp\/v2\/pages\/57"}],"wp:attachment":[{"href":"https:\/\/agora.xtec.cat\/iespauvila\/wp-json\/wp\/v2\/media?parent=898"}],"curies":[{"name":"wp","href":"https:\/\/api.w.org\/{rel}","templated":true}]}}