{"id":77,"date":"2014-09-18T10:29:25","date_gmt":"2014-09-18T10:29:25","guid":{"rendered":"http:\/\/agora.xtec.cat\/iespauvila\/?page_id=77"},"modified":"2026-01-26T16:50:43","modified_gmt":"2026-01-26T15:50:43","slug":"equip-directiu","status":"publish","type":"page","link":"https:\/\/agora.xtec.cat\/iespauvila\/linstitut\/organigrama\/equip-directiu\/","title":{"rendered":"Equip directiu i coordinacions"},"content":{"rendered":"<p style=\"color: #000000;\"><span class=\"text\" style=\"font-family: Arial, Helvetica;\">L&#8217;<span class=\"marcar\">equip directiu <\/span>(que est\u00e0 integrat pel director, el cap d&#8217;estudis, el coordinador pedag\u00f2gic, el secretari i el cap d&#8217;estudis adjunt) i els diversos coordinadors i coordinadores\u00a0 s&#8217;encarreguen de la gesti\u00f3 i organitzaci\u00f3 de l&#8217;institut, seguint les directrius establertes pel <a title=\"Consell escolar\" href=\"http:\/\/agora.xtec.cat\/iespauvila\/organigrama\/consell-escolar\/\">Consell Escolar<\/a> i pel <a title=\"Departaments\" href=\"http:\/\/agora.xtec.cat\/iespauvila\/linstitut\/organigrama\/claustre\/\">Claustre de professorat<\/a>.<\/span><\/p>\n<h2 style=\"color: #000000;\">Composici\u00f3 curs 2024-2025<\/h2>\n<table style=\"height: 543px;\" width=\"574\">\n<tbody>\n<tr>\n<td style=\"width: 109px;\">Equip directiu<\/td>\n<td style=\"width: 307px;\">Director<\/td>\n<td style=\"width: 148px;\">Josep Llu\u00eds Navarro<\/td>\n<\/tr>\n<tr>\n<td style=\"width: 109px;\"><\/td>\n<td style=\"width: 307px;\">Secret\u00e0ria<\/td>\n<td style=\"width: 148px;\">To\u00f1i Bejarano<\/td>\n<\/tr>\n<tr>\n<td style=\"width: 109px;\"><\/td>\n<td style=\"width: 307px;\">Cap d&#8217;estudis<\/td>\n<td style=\"width: 148px;\">\u00c0lex Costals<\/td>\n<\/tr>\n<tr>\n<td style=\"width: 109px;\"><\/td>\n<td style=\"width: 307px;\">Cap d&#8217;estudis adjunt<\/td>\n<td style=\"width: 148px;\">Lurdes Peralta<\/td>\n<\/tr>\n<tr>\n<td style=\"width: 109px;\"><\/td>\n<td style=\"width: 307px;\">Coordinadora pedag\u00f2gica<\/td>\n<td style=\"width: 148px;\">Helena Sarroca<\/td>\n<\/tr>\n<tr>\n<td style=\"width: 109px;\">Coordinacions<\/td>\n<td style=\"width: 307px;\">Coordinadora 1r ESO<\/td>\n<td style=\"width: 148px;\"><span style=\"font-weight: 400;\">Laia Faidella<\/span><\/td>\n<\/tr>\n<tr>\n<td style=\"width: 109px;\"><\/td>\n<td style=\"width: 307px;\">Coordinadora 2n\u00a0ESO<\/td>\n<td style=\"width: 148px;\">Marina Giannoni<\/td>\n<\/tr>\n<tr>\n<td style=\"width: 109px;\"><\/td>\n<td style=\"width: 307px;\">Coordinadora 3r ESO<\/td>\n<td style=\"width: 148px;\"><span style=\"font-weight: 400;\">Marta Dubreueil<\/span><\/td>\n<\/tr>\n<tr>\n<td style=\"width: 109px;\"><\/td>\n<td style=\"width: 307px;\">Coordinador 4t ESO<\/td>\n<td style=\"width: 148px;\"><span style=\"font-weight: 400;\">Miguel A. G\u00f3mez<\/span><\/td>\n<\/tr>\n<tr>\n<td style=\"width: 109px;\"><\/td>\n<td style=\"width: 307px;\">Coordinadora 1r Batxillerat di\u00fcrn<\/td>\n<td style=\"width: 148px;\">Clara Nu\u00f1ez<\/td>\n<\/tr>\n<tr>\n<td style=\"width: 109px;\"><\/td>\n<td style=\"width: 307px;\">Coordinadora 2n Batxillerat di\u00fcrn i treballs de recerca<\/td>\n<td style=\"width: 148px;\">Raquel Melo<\/td>\n<\/tr>\n<tr>\n<td style=\"width: 109px;\"><\/td>\n<td style=\"width: 307px;\">Coordinador Batxillerat nocturn<\/td>\n<td style=\"width: 148px;\"><span style=\"font-weight: 400;\">Joan Berlanga<\/span><\/td>\n<\/tr>\n<tr>\n<td style=\"width: 109px;\"><\/td>\n<td style=\"width: 307px;\">Coordinador inform\u00e0tica<\/td>\n<td style=\"width: 148px;\">Cesc Castellet<\/td>\n<\/tr>\n<tr>\n<td style=\"width: 109px;\"><\/td>\n<td style=\"width: 307px;\">Coordinadora sortides<\/td>\n<td style=\"width: 148px;\"><span style=\"font-weight: 400;\">M\u00f2nica Agramunt<\/span><\/td>\n<\/tr>\n<tr>\n<td style=\"width: 109px;\"><\/td>\n<td style=\"width: 307px;\">Coordinadora prevenci\u00f3 riscos laborals<\/td>\n<td style=\"width: 148px;\"><span style=\"font-weight: 400;\">Elisabet Civil<\/span><\/td>\n<\/tr>\n<tr>\n<td style=\"width: 109px;\"><\/td>\n<td style=\"width: 307px;\">Coordinador ling\u00fc\u00edstic i de cohesi\u00f3 social<\/td>\n<td style=\"width: 148px;\"><span style=\"font-weight: 400;\">Jordi P\u00e9rez<\/span><\/td>\n<\/tr>\n<tr>\n<td style=\"width: 109px;\"><\/td>\n<td style=\"width: 307px;\"><span style=\"font-weight: 400;\">Coordinadora IOC<\/span><\/td>\n<td style=\"width: 148px;\"><span style=\"font-weight: 400;\">Lurdes Peralta<\/span><\/td>\n<\/tr>\n<\/tbody>\n<\/table>\n","protected":false},"excerpt":{"rendered":"<p>L&#8217;equip directiu (que est\u00e0 integrat pel director, el cap d&#8217;estudis, el coordinador pedag\u00f2gic, el secretari i el cap d&#8217;estudis adjunt) i els diversos coordinadors i coordinadores\u00a0 s&#8217;encarreguen de la gesti\u00f3 i organitzaci\u00f3 de l&#8217;institut, seguint les directrius establertes pel <a title=\"Consell escolar\" href=\"http:\/\/agora.xtec.cat\/iespauvila\/organigrama\/consell-escolar\/\">Consell Escolar<\/a> i&hellip;  <a href=\"https:\/\/agora.xtec.cat\/iespauvila\/linstitut\/organigrama\/equip-directiu\/\" title=\"Read Equip directiu i coordinacions\">Llegeix m\u00e9s\u00bb<\/a><\/p>\n","protected":false},"author":2,"featured_media":0,"parent":46,"menu_order":142,"comment_status":"closed","ping_status":"closed","template":"page-templates\/side-menu.php","meta":{"_bbp_topic_count":0,"_bbp_reply_count":0,"_bbp_total_topic_count":0,"_bbp_total_reply_count":0,"_bbp_voice_count":0,"_bbp_anonymous_reply_count":0,"_bbp_topic_count_hidden":0,"_bbp_reply_count_hidden":0,"_bbp_forum_subforum_count":0,"footnotes":""},"class_list":["post-77","page","type-page","status-publish","hentry"],"post_mailing_queue_ids":[],"_links":{"self":[{"href":"https:\/\/agora.xtec.cat\/iespauvila\/wp-json\/wp\/v2\/pages\/77","targetHints":{"allow":["GET"]}}],"collection":[{"href":"https:\/\/agora.xtec.cat\/iespauvila\/wp-json\/wp\/v2\/pages"}],"about":[{"href":"https:\/\/agora.xtec.cat\/iespauvila\/wp-json\/wp\/v2\/types\/page"}],"author":[{"embeddable":true,"href":"https:\/\/agora.xtec.cat\/iespauvila\/wp-json\/wp\/v2\/users\/2"}],"replies":[{"embeddable":true,"href":"https:\/\/agora.xtec.cat\/iespauvila\/wp-json\/wp\/v2\/comments?post=77"}],"version-history":[{"count":6,"href":"https:\/\/agora.xtec.cat\/iespauvila\/wp-json\/wp\/v2\/pages\/77\/revisions"}],"predecessor-version":[{"id":15001,"href":"https:\/\/agora.xtec.cat\/iespauvila\/wp-json\/wp\/v2\/pages\/77\/revisions\/15001"}],"up":[{"embeddable":true,"href":"https:\/\/agora.xtec.cat\/iespauvila\/wp-json\/wp\/v2\/pages\/46"}],"wp:attachment":[{"href":"https:\/\/agora.xtec.cat\/iespauvila\/wp-json\/wp\/v2\/media?parent=77"}],"curies":[{"name":"wp","href":"https:\/\/api.w.org\/{rel}","templated":true}]}}