{"id":75,"date":"2014-09-18T10:21:02","date_gmt":"2014-09-18T10:21:02","guid":{"rendered":"http:\/\/agora.xtec.cat\/iespauvila\/?page_id=75"},"modified":"2023-09-07T17:22:28","modified_gmt":"2023-09-07T15:22:28","slug":"serveis-ampa","status":"publish","type":"page","link":"https:\/\/agora.xtec.cat\/iespauvila\/serveis\/serveis-ampa\/","title":{"rendered":"Serveis AFA"},"content":{"rendered":"<h2>Agendes i carpetes<\/h2>\n<p>Des de l&#8217;AFA, cada curs es crea una agenda i una carpeta del centre. El disseny interior est\u00e0 fet per l&#8217;alumnat i correspon al guanyador d&#8217;un concurs obert a tot l\u2019institut.<\/p>\n<p>L&#8217;agenda escolar es reparteix a tot l&#8217;alumnat perqu\u00e8 es considera un element important d&#8217;informaci\u00f3 i organitzaci\u00f3 escolar.<\/p>\n<p>A l&#8217;alumnat de 1r d&#8217;ESO tamb\u00e9 se li dona una carpeta del centre, que pot servir per m\u00e9s d&#8217;un any.<\/p>\n<h2>Activitats extraescolars<\/h2>\n<p>L\u2019AFA i l\u2019Associaci\u00f3 Esportiva Escolar de l&#8217;institut Pau Vila ofereixen cada curs un ventall d\u2019activitats extraescolars per cobrir l\u2019horari no lectiu, adre\u00e7ades a tota la comunitat educativa: futbol sala i voleibol (femen\u00ed i mascul\u00ed), refor\u00e7 a l\u2019estudi, teatre, angl\u00e8s, programaci\u00f3, etc. Trobareu tota la informaci\u00f3 al <a href=\"https:\/\/www.afadelpauvila.com\/\" target=\"_blank\" rel=\"noopener\">web de l&#8217;AFA<\/a><\/p>\n<h2>Llibres de text<\/h2>\n<p>L\u2019AFA dona suport a l&#8217;institut per gestionar l&#8217;adquisici\u00f3 de les llic\u00e8ncies digitals dels alumnes.<\/p>\n<p>Si cal adquirir algun llibre de text es recomana fer-ho a la cooperativa ABACUS, a partir del mes d&#8217;agost (c. Tres Creus, 86, Sabadell. Tel. 937276106). El motiu \u00e9s que existeix un conveni entre Abacus i l&#8217;AFA perqu\u00e8 es retorni un % dels llibres que els alumnes i fam\u00edlies del Pau Vila adquireixen anualment. Aquest import es reverteix en benefici de tot l&#8217;alumnat a trav\u00e9s de la reducci\u00f3 del cost del material que s&#8217;utilitza a l&#8217;aula.<\/p>\n<p>Trobareu tota la informaci\u00f3 al web de l&#8217;AFA: <a href=\"https:\/\/www.afadelpauvila.com\/\" target=\"_blank\" rel=\"noopener\">https:\/\/www.afadelpauvila.com\/<\/a><\/p>\n<p>&nbsp;<\/p>\n","protected":false},"excerpt":{"rendered":"<p>Agendes i carpetes<br \/>\nDes de l&#8217;AFA, cada curs es crea una agenda i una carpeta del centre. El disseny interior est\u00e0 fet per l&#8217;alumnat i correspon al guanyador d&#8217;un concurs obert a tot l\u2019institut.<br \/>\nL&#8217;agenda escolar es reparteix a tot l&#8217;alumnat perqu\u00e8 es considera un element important&hellip;  <a href=\"https:\/\/agora.xtec.cat\/iespauvila\/serveis\/serveis-ampa\/\" title=\"Read Serveis AFA\">Llegeix m\u00e9s\u00bb<\/a><\/p>\n","protected":false},"author":2,"featured_media":0,"parent":393,"menu_order":44,"comment_status":"closed","ping_status":"closed","template":"page-templates\/side-menu.php","meta":{"_bbp_topic_count":0,"_bbp_reply_count":0,"_bbp_total_topic_count":0,"_bbp_total_reply_count":0,"_bbp_voice_count":0,"_bbp_anonymous_reply_count":0,"_bbp_topic_count_hidden":0,"_bbp_reply_count_hidden":0,"_bbp_forum_subforum_count":0,"footnotes":""},"class_list":["post-75","page","type-page","status-publish","hentry"],"post_mailing_queue_ids":[],"_links":{"self":[{"href":"https:\/\/agora.xtec.cat\/iespauvila\/wp-json\/wp\/v2\/pages\/75","targetHints":{"allow":["GET"]}}],"collection":[{"href":"https:\/\/agora.xtec.cat\/iespauvila\/wp-json\/wp\/v2\/pages"}],"about":[{"href":"https:\/\/agora.xtec.cat\/iespauvila\/wp-json\/wp\/v2\/types\/page"}],"author":[{"embeddable":true,"href":"https:\/\/agora.xtec.cat\/iespauvila\/wp-json\/wp\/v2\/users\/2"}],"replies":[{"embeddable":true,"href":"https:\/\/agora.xtec.cat\/iespauvila\/wp-json\/wp\/v2\/comments?post=75"}],"version-history":[{"count":3,"href":"https:\/\/agora.xtec.cat\/iespauvila\/wp-json\/wp\/v2\/pages\/75\/revisions"}],"predecessor-version":[{"id":14031,"href":"https:\/\/agora.xtec.cat\/iespauvila\/wp-json\/wp\/v2\/pages\/75\/revisions\/14031"}],"up":[{"embeddable":true,"href":"https:\/\/agora.xtec.cat\/iespauvila\/wp-json\/wp\/v2\/pages\/393"}],"wp:attachment":[{"href":"https:\/\/agora.xtec.cat\/iespauvila\/wp-json\/wp\/v2\/media?parent=75"}],"curies":[{"name":"wp","href":"https:\/\/api.w.org\/{rel}","templated":true}]}}