{"id":67,"date":"2014-09-18T10:14:18","date_gmt":"2014-09-18T10:14:18","guid":{"rendered":"http:\/\/agora.xtec.cat\/iespauvila\/?page_id=67"},"modified":"2026-02-22T11:09:06","modified_gmt":"2026-02-22T10:09:06","slug":"claustre","status":"publish","type":"page","link":"https:\/\/agora.xtec.cat\/iespauvila\/linstitut\/organigrama\/claustre\/","title":{"rendered":"Claustre"},"content":{"rendered":"<p style=\"color: #444444;\"><span class=\"text\" style=\"font-family: Arial, Helvetica;\">El <strong>claustre<\/strong> de professors \u00e9s l&#8217;\u00f2rgan propi de participaci\u00f3 d&#8217;aquests en la gesti\u00f3 i la planificaci\u00f3 educatives de l&#8217;institut. Est\u00e0 integrat per la totalitat del professorat que hi presta serveis i el presideix el director.<\/span><\/p>\n<p style=\"color: #444444;\"><span class=\"text\" style=\"font-family: Arial, Helvetica;\">El professorat del centre s&#8217;adscriu d&#8217;acord amb les seves especialitats en els 16 <strong>departaments did\u00e0ctics<\/strong> establerts normativament. Segons la complexitat d&#8217;aquests s&#8217;han constitu\u00eft alguns seminaris.<\/span><\/p>\n<p><a href=\"https:\/\/agora.xtec.cat\/iespauvila\/wp-content\/uploads\/usu486\/2025\/09\/Claustre-2025-2026-50b-scaled.jpg\"><img loading=\"lazy\" decoding=\"async\" class=\"aligncenter size-full wp-image-14806\" src=\"https:\/\/agora.xtec.cat\/iespauvila\/wp-content\/uploads\/usu486\/2025\/09\/Claustre-2025-2026-50b-scaled.jpg\" alt=\"\" width=\"2560\" height=\"918\" srcset=\"https:\/\/agora.xtec.cat\/iespauvila\/wp-content\/uploads\/usu486\/2025\/09\/Claustre-2025-2026-50b-scaled.jpg 2560w, https:\/\/agora.xtec.cat\/iespauvila\/wp-content\/uploads\/usu486\/2025\/09\/Claustre-2025-2026-50b-300x108.jpg 300w, https:\/\/agora.xtec.cat\/iespauvila\/wp-content\/uploads\/usu486\/2025\/09\/Claustre-2025-2026-50b-1024x367.jpg 1024w, https:\/\/agora.xtec.cat\/iespauvila\/wp-content\/uploads\/usu486\/2025\/09\/Claustre-2025-2026-50b-768x275.jpg 768w, https:\/\/agora.xtec.cat\/iespauvila\/wp-content\/uploads\/usu486\/2025\/09\/Claustre-2025-2026-50b-1536x551.jpg 1536w, https:\/\/agora.xtec.cat\/iespauvila\/wp-content\/uploads\/usu486\/2025\/09\/Claustre-2025-2026-50b-2048x734.jpg 2048w\" sizes=\"auto, (max-width: 2560px) 100vw, 2560px\" \/><\/a><\/p>\n<h2 style=\"color: #444444;\">Composici\u00f3 curs 2024-2025<\/h2>\n<table style=\"width: 50.101%; height: 691px;\">\n<tbody>\n<tr style=\"background-color: #ffffff;\">\n<td style=\"width: 22.4706%; height: 133px;\">\n<pre>Angl\u00e8s<\/pre>\n<\/td>\n<td style=\"width: 29.6706%; height: 133px;\">\n<pre><span style=\"font-weight: 400;\">Bold\u00fa, Ester\nEgea, Lilian<\/span>\n<span style=\"font-weight: 400;\">Garcia, Gl\u00f2ria\nJawo, Hiwa<\/span>\n<span style=\"font-weight: 400;\">Navarro, Josep Llu\u00eds<\/span>\n<span style=\"font-weight: 400;\">Nu\u00f1ez, Clara<\/span>\n<span style=\"font-weight: 400;\">Roca, Ruth\nRodriguez, Sara\nSalazar, Noelia<\/span>\n<span style=\"font-weight: 400;\">S\u00e1nchez, Raquel<\/span><\/pre>\n<\/td>\n<\/tr>\n<tr style=\"background-color: #ffffff;\">\n<td style=\"width: 22.4706%; height: 39px;\">\n<pre><span style=\"font-weight: 400;\">Biologia i geologia<\/span><\/pre>\n<\/td>\n<td style=\"width: 29.6706%; height: 39px;\">\n<pre><span style=\"font-weight: 400;\">Benet, Gemma\nDubreueil, Marta<\/span>\n<span style=\"font-weight: 400;\">Faidella, Laia\nFern\u00e1ndez, Ester\nGonzalez, Juan Jos\u00e9<\/span>\n<span style=\"font-weight: 400;\">Rebollal, Laura<\/span><\/pre>\n<\/td>\n<\/tr>\n<tr style=\"background-color: #ffffff;\">\n<td style=\"width: 22.4706%; height: 18px;\">\n<pre><span style=\"font-weight: 400;\">Educaci\u00f3 F\u00edsica<\/span><\/pre>\n<\/td>\n<td style=\"width: 29.6706%; height: 18px;\">\n<pre><span style=\"font-weight: 400;\">Costals, \u00c0lex<\/span>\n<span style=\"font-weight: 400;\">Franquet, Carola\nGarcia, Alberto<\/span>\n<span style=\"font-weight: 400;\">Pina Lidia<\/span><\/pre>\n<\/td>\n<\/tr>\n<tr style=\"background-color: #ffffff;\">\n<td style=\"width: 22.4706%; height: 10px;\">\n<pre><span style=\"font-weight: 400;\">Educaci\u00f3 visual i pl\u00e0stica<\/span><\/pre>\n<\/td>\n<td style=\"width: 29.6706%; height: 10px;\">\n<pre><span style=\"font-weight: 400; color: #000000;\">Besc\u00f3s, Leonor\nCassanyes, Merc\u00e8\n<\/span><\/pre>\n<\/td>\n<\/tr>\n<tr style=\"background-color: #ffffff;\">\n<td style=\"width: 22.4706%; height: 10px;\">\n<pre><span style=\"font-weight: 400;\">Filosofia<\/span><\/pre>\n<\/td>\n<td style=\"width: 29.6706%; height: 10px;\">\n<pre><span style=\"font-weight: 400;\">Crespi, Marc Oriol\nPach\u00f3n, Sergi<\/span>\n<span style=\"font-weight: 400;\">Real, Marcel<\/span><\/pre>\n<\/td>\n<\/tr>\n<tr style=\"background-color: #ffffff;\">\n<td style=\"width: 22.4706%; height: 10px;\">\n<pre><span style=\"font-weight: 400;\">F\u00edsica i qu\u00edmica<\/span><\/pre>\n<\/td>\n<td style=\"width: 29.6706%; height: 10px;\">\n<pre><span style=\"font-weight: 400;\">Carreras, \u00c0ngels<\/span>\n<span style=\"font-weight: 400;\">Fuentes, \u00c0lex<\/span>\n<span style=\"font-weight: 400;\">Luque, Alejandro<\/span>\n<span style=\"font-weight: 400;\">Sol\u00e9, Laia\nTorra, Mateu\n<\/span><\/pre>\n<\/td>\n<\/tr>\n<tr style=\"background-color: #ffffff;\">\n<td style=\"width: 22.4706%; height: 13px;\">\n<pre><span style=\"font-weight: 400;\">Franc\u00e8s<\/span><\/pre>\n<\/td>\n<td style=\"width: 29.6706%; height: 13px;\">\n<pre><span style=\"font-weight: 400;\">Garcia, Silvia<\/span>\n<span style=\"font-weight: 400;\">Mart\u00edn, Maria del Mar\nS\u00e1nchez Masnou, Nina<\/span>\n<span style=\"font-weight: 400;\">Vives Reyes, Eva<\/span><\/pre>\n<\/td>\n<\/tr>\n<tr style=\"background-color: #ffffff;\">\n<td style=\"width: 22.4706%; height: 117px;\">\n<pre><span style=\"font-weight: 400;\">Geografia i hist\u00f2ria<\/span><\/pre>\n<\/td>\n<td style=\"width: 29.6706%; height: 117px;\">\n<pre><span style=\"font-weight: 400;\">Abril, Tom\u00e1s\nBerlanga Sarraseca, Joan<\/span>\n<span style=\"font-weight: 400;\">Caldera, Abel<\/span>\n<span style=\"font-weight: 400;\">Culler\u00e9, Olga<\/span>\n<span style=\"font-weight: 400;\">Gu\u00e0rdia Esp\u00edn, Pol<\/span>\n<span style=\"font-weight: 400;\">Mart\u00edn, David<\/span>\n<span style=\"font-weight: 400;\">Melo, Raquel<\/span>\n<span style=\"font-weight: 400;\">Palacios, David<\/span>\n<span style=\"font-weight: 400;\">Sillero Ja\u00e9n, Miguel\nSorni, Gemma<\/span>\n<span style=\"font-weight: 400;\">Vilanova, Montse<\/span><\/pre>\n<\/td>\n<\/tr>\n<tr style=\"background-color: #ffffff;\">\n<td style=\"width: 22.4706%; height: 59px;\">\n<pre><span style=\"font-weight: 400;\">Llengua castellana i literatura<\/span><\/pre>\n<\/td>\n<td style=\"width: 29.6706%; height: 59px;\">\n<pre><span style=\"font-weight: 400;\">Botella Ballesta, C\u00e8lia\nCastro, Maria Isabel<\/span>\n<span style=\"font-weight: 400;\">Fern\u00e1ndez, M\u00f3nica<\/span>\n<span style=\"font-weight: 400;\">Flores, Elena<\/span>\n<span style=\"font-weight: 400;\">Molina, Julian<\/span>\n<span style=\"font-weight: 400;\">Rico, Adri\u00e0<\/span>\n<span style=\"font-weight: 400;\">Romero-Nieva, Rosa<\/span>\n<span style=\"font-weight: 400;\">To, Alejandra<\/span><\/pre>\n<\/td>\n<\/tr>\n<tr style=\"background-color: #ffffff;\">\n<td style=\"width: 22.4706%; height: 49px;\">\n<pre><span style=\"font-weight: 400;\">Llengua catalana i literatura<\/span><\/pre>\n<\/td>\n<td style=\"width: 29.6706%; height: 49px;\">\n<pre><span style=\"font-weight: 400;\">Aragon\u00e9s, Eug\u00e8nia\nDevesa, Neus<\/span>\n<span style=\"font-weight: 400;\">Droguet, Anna<\/span>\n<span style=\"font-weight: 400;\">Giannoni, Marina<\/span>\n<span style=\"font-weight: 400;\">Lopez Art\u00e9s, Alba\nMoles, Imma<\/span>\n<span style=\"font-weight: 400;\">P\u00e9rez, Jordi<\/span><\/pre>\n<\/td>\n<\/tr>\n<tr style=\"background-color: #ffffff;\">\n<td style=\"width: 22.4706%; height: 10px;\">\n<pre><span style=\"font-weight: 400;\">Lleng\u00fces cl\u00e0ssiques<\/span><\/pre>\n<\/td>\n<td style=\"width: 29.6706%; height: 10px;\">\n<pre><span style=\"font-weight: 400;\">Agramunt, M\u00f3nica\nS\u00e1nchez, Anna<\/span><\/pre>\n<\/td>\n<\/tr>\n<tr style=\"background-color: #ffffff;\">\n<td style=\"width: 22.4706%; height: 57px;\">\n<pre><span style=\"font-weight: 400;\">Matem\u00e0tiques<\/span><\/pre>\n<\/td>\n<td style=\"width: 29.6706%; height: 57px;\">\n<pre><span style=\"font-weight: 400;\">Bejarano, To\u00f1i<\/span>\n<span style=\"font-weight: 400;\">Cort\u00e9s, Maria Jos\u00e9<\/span>\n<span style=\"font-weight: 400;\">Civil, Elisabet<\/span>\n<span style=\"font-weight: 400;\">G\u00f3mez, Miguel Angel<\/span>\n<span style=\"font-weight: 400;\">Gomez, F\u00e1tima<\/span>\n<span style=\"font-weight: 400;\">Guijosa, Joana<\/span>\n<span style=\"font-weight: 400;\">Mar\u00ed, Sergi<\/span>\n<span style=\"font-weight: 400;\">Martinez, V\u00edctor\nPeralta, Lurdes\n<\/span><\/pre>\n<\/td>\n<\/tr>\n<tr style=\"background-color: #ffffff;\">\n<td style=\"width: 22.4706%; height: 10px;\">\n<pre><span style=\"font-weight: 400;\">M\u00fasica<\/span><\/pre>\n<\/td>\n<td style=\"width: 29.6706%; height: 10px;\">\n<pre><span style=\"font-weight: 400;\">Cervera, Oriol\nGassiot, Anna<\/span><\/pre>\n<\/td>\n<\/tr>\n<tr style=\"background-color: #ffffff;\">\n<td style=\"width: 22.4706%; height: 108px;\">\n<pre><span style=\"font-weight: 400;\">Orientaci\u00f3 Educativa (Psicopedagogia)<\/span><\/pre>\n<\/td>\n<td style=\"width: 29.6706%; height: 108px;\">\n<pre><span style=\"font-weight: 400;\">Casado, Antonio<\/span>\n<span style=\"font-weight: 400;\">Mart\u00ednez, Xavi<\/span>\n<span style=\"font-weight: 400;\">Navarro, Ismael<\/span>\n<span style=\"font-weight: 400;\">Rodriguez, Andrea<\/span>\n<span style=\"font-weight: 400;\">Ruiz, Lusi<\/span>\n<span style=\"font-weight: 400;\">S\u00e1nchez, David<\/span>\n<span style=\"font-weight: 400;\">Sim\u00f3n, Vanessa<\/span>\n<span style=\"font-weight: 400;\">Torres, Antoni<\/span>\n<span style=\"font-weight: 400;\">Villena Vaquera, Laura<\/span><\/pre>\n<\/td>\n<\/tr>\n<tr style=\"background-color: #ffffff;\">\n<td style=\"width: 22.4706%; height: 38px;\">\n<pre><span style=\"font-weight: 400;\">Tecnologia<\/span><\/pre>\n<\/td>\n<td style=\"width: 29.6706%; height: 38px;\">\n<pre><span style=\"font-weight: 400;\">Castellet, Cesc<\/span>\n<span style=\"font-weight: 400;\">Escanes Garcia, Ferran\nParra, Elvira<\/span>\n<span style=\"font-weight: 400;\">Priego, Josep Maria<\/span>\n<span style=\"font-weight: 400;\">Vadillo, \u00c1ngel<\/span><\/pre>\n<\/td>\n<\/tr>\n<tr style=\"background-color: #ffffff;\">\n<td style=\"width: 22.4706%; height: 10px;\">\n<pre><span style=\"font-weight: 400;\">Religi\u00f3<\/span><\/pre>\n<\/td>\n<td style=\"width: 29.6706%; height: 10px;\">\n<pre><span style=\"font-weight: 400; color: #000000;\">Tino Martorana D\u00edaz<\/span><\/pre>\n<\/td>\n<\/tr>\n<\/tbody>\n<\/table>\n","protected":false},"excerpt":{"rendered":"<p>El claustre de professors \u00e9s l&#8217;\u00f2rgan propi de participaci\u00f3 d&#8217;aquests en la gesti\u00f3 i la planificaci\u00f3 educatives de l&#8217;institut. Est\u00e0 integrat per la totalitat del professorat que hi presta serveis i el presideix el director.<br \/>\nEl professorat del centre s&#8217;adscriu d&#8217;acord amb les seves especialitats en&hellip;  <a href=\"https:\/\/agora.xtec.cat\/iespauvila\/linstitut\/organigrama\/claustre\/\" title=\"Read Claustre\">Llegeix m\u00e9s\u00bb<\/a><\/p>\n","protected":false},"author":2,"featured_media":0,"parent":46,"menu_order":143,"comment_status":"closed","ping_status":"closed","template":"page-templates\/side-menu.php","meta":{"_bbp_topic_count":0,"_bbp_reply_count":0,"_bbp_total_topic_count":0,"_bbp_total_reply_count":0,"_bbp_voice_count":0,"_bbp_anonymous_reply_count":0,"_bbp_topic_count_hidden":0,"_bbp_reply_count_hidden":0,"_bbp_forum_subforum_count":0,"footnotes":""},"class_list":["post-67","page","type-page","status-publish","hentry"],"post_mailing_queue_ids":[],"_links":{"self":[{"href":"https:\/\/agora.xtec.cat\/iespauvila\/wp-json\/wp\/v2\/pages\/67","targetHints":{"allow":["GET"]}}],"collection":[{"href":"https:\/\/agora.xtec.cat\/iespauvila\/wp-json\/wp\/v2\/pages"}],"about":[{"href":"https:\/\/agora.xtec.cat\/iespauvila\/wp-json\/wp\/v2\/types\/page"}],"author":[{"embeddable":true,"href":"https:\/\/agora.xtec.cat\/iespauvila\/wp-json\/wp\/v2\/users\/2"}],"replies":[{"embeddable":true,"href":"https:\/\/agora.xtec.cat\/iespauvila\/wp-json\/wp\/v2\/comments?post=67"}],"version-history":[{"count":6,"href":"https:\/\/agora.xtec.cat\/iespauvila\/wp-json\/wp\/v2\/pages\/67\/revisions"}],"predecessor-version":[{"id":15138,"href":"https:\/\/agora.xtec.cat\/iespauvila\/wp-json\/wp\/v2\/pages\/67\/revisions\/15138"}],"up":[{"embeddable":true,"href":"https:\/\/agora.xtec.cat\/iespauvila\/wp-json\/wp\/v2\/pages\/46"}],"wp:attachment":[{"href":"https:\/\/agora.xtec.cat\/iespauvila\/wp-json\/wp\/v2\/media?parent=67"}],"curies":[{"name":"wp","href":"https:\/\/api.w.org\/{rel}","templated":true}]}}