{"id":65,"date":"2014-09-18T10:12:22","date_gmt":"2014-09-18T10:12:22","guid":{"rendered":"http:\/\/agora.xtec.cat\/iespauvila\/?page_id=65"},"modified":"2022-01-20T11:27:20","modified_gmt":"2022-01-20T10:27:20","slug":"serveis-digitals","status":"publish","type":"page","link":"https:\/\/agora.xtec.cat\/iespauvila\/serveis\/serveis-digitals\/","title":{"rendered":"Emails i xarxes socials"},"content":{"rendered":"<h2>AFA<\/h2>\n<p>P\u00e0gina web de l&#8217;Associaci\u00f3 de Mares i Pares d&#8217;Alumnes de l&#8217;Institut Pau Vila:\u00a0<a href=\"https:\/\/www.afadelpauvila.com\/\" target=\"_blank\" rel=\"noopener\">http:\/\/www.afadelpauvila.org\/<\/a><\/p>\n<h2 style=\"color: #444444;\">Institut<\/h2>\n<ul>\n<li>Institut Pau Vila: a8024871@xtec.cat<\/li>\n<li>Coordinaci\u00f3 ESO: eso@inspauvila.cat<\/li>\n<li>Tutories: Correu corporatiu que es lliura a les fam\u00edlies a l&#8217;inici de curs<\/li>\n<li>Consell escolar fam\u00edlies: consellescolar@inspauvila.cat<\/li>\n<\/ul>\n<h2>Departaments i seminaris<\/h2>\n<div class=\"grid-icon\"><a title=\"Batxibac\" href=\"https:\/\/sites.google.com\/a\/xtec.cat\/erasmuspauvila\/\" target=\"_blank\" rel=\"noopener\"><img loading=\"lazy\" decoding=\"async\" class=\"iconedu\" src=\"http:\/\/agora.xtec.cat\/iespauvila\/wp-content\/uploads\/usu486\/2015\/11\/logo_batxibac3.png\" alt=\"\" width=\"100\" height=\"100\" \/><\/a><a title=\"C. Socials\" href=\"https:\/\/sites.google.com\/a\/xtec.cat\/ciencies-socials-pau-vila\/2n-eso\" target=\"_blank\" rel=\"noopener\"><img loading=\"lazy\" decoding=\"async\" class=\"iconedu\" src=\"http:\/\/agora.xtec.cat\/iespauvila\/wp-content\/uploads\/usu486\/2017\/06\/logo_CCSS.png\" alt=\"\" width=\"100\" height=\"100\" \/><\/a><a title=\"Alemany\" href=\"https:\/\/sites.google.com\/a\/xtec.cat\/deutsch_pau_vila\/home\" target=\"_blank\" rel=\"noopener\"><img decoding=\"async\" class=\"iconedu\" src=\"http:\/\/agora.xtec.cat\/iespauvila\/wp-content\/uploads\/usu486\/2015\/11\/logo_deutsch.png\" alt=\"\" \/><\/a><a title=\"Angl\u00e8s\" href=\"https:\/\/sites.google.com\/site\/seminarianglespauvila\/\" target=\"_blank\" rel=\"noopener\"><img decoding=\"async\" class=\"iconedu\" src=\"http:\/\/agora.xtec.cat\/iespauvila\/wp-content\/uploads\/usu486\/2015\/11\/logo_english.png\" alt=\"\" \/><\/a><a title=\"Fotofilosofia\" href=\"http:\/\/blocs.xtec.cat\/filopauvila\" target=\"_blank\" rel=\"noopener\"><img decoding=\"async\" class=\"iconedu\" src=\"http:\/\/agora.xtec.cat\/iespauvila\/wp-content\/uploads\/usu486\/2015\/11\/logo_filo1.png\" alt=\"\" \/><\/a><a title=\"Franc\u00e8s\" href=\"http:\/\/blocs.xtec.cat\/cartes3\/\" target=\"_blank\" rel=\"noopener\"><img decoding=\"async\" class=\"iconedu\" src=\"http:\/\/agora.xtec.cat\/iespauvila\/wp-content\/uploads\/usu486\/2015\/11\/logo_francais1.png\" alt=\"\" \/><\/a><a title=\"Matem\u00e0tiques\" href=\"https:\/\/sites.google.com\/site\/pauvilamates\/\" target=\"_blank\" rel=\"noopener\"><img decoding=\"async\" class=\"iconedu\" src=\"http:\/\/agora.xtec.cat\/iespauvila\/wp-content\/uploads\/usu486\/2015\/11\/logo_mates1.png\" alt=\"\" \/><\/a><\/div>\n<ul>\n<li>Batxibac: <a href=\"https:\/\/sites.google.com\/a\/xtec.cat\/erasmuspauvila\/\" target=\"_blank\" rel=\"noopener\">https:\/\/sites.google.com\/a\/xtec.cat\/erasmuspauvila\/<\/a><\/li>\n<li>Ci\u00e8ncies Socials: <a href=\"https:\/\/sites.google.com\/a\/xtec.cat\/ciencies-socials-pau-vila\/2n-eso\" target=\"_blank\" rel=\"noopener\">https:\/\/sites.google.com\/a\/xtec.cat\/ciencies-socials-pau-vila\/2n-eso<\/a><\/li>\n<li>Deutsch: <a href=\"https:\/\/sites.google.com\/a\/xtec.cat\/deutsch_pau_vila\/home\" target=\"_blank\" rel=\"noopener\">https:\/\/sites.google.com\/a\/xtec.cat\/deutsch_pau_vila\/home<\/a><\/li>\n<li>English: <a href=\"https:\/\/sites.google.com\/site\/seminarianglespauvila\/\" target=\"_blank\" rel=\"noopener\">https:\/\/sites.google.com\/site\/seminarianglespauvila\/<\/a><\/li>\n<li>Fotofilosofia: <a href=\"http:\/\/blocs.xtec.cat\/filopauvila\" target=\"_blank\" rel=\"noopener\">http:\/\/blocs.xtec.cat\/filopauvila<\/a><\/li>\n<li>Fran\u00e7ais: <a href=\"http:\/\/blocs.xtec.cat\/cartes3\/\" target=\"_blank\" rel=\"noopener\">http:\/\/blocs.xtec.cat\/cartes3\/<\/a><\/li>\n<li>Matem\u00e0tiques: <a href=\"https:\/\/sites.google.com\/site\/pauvilamates\/\" target=\"_blank\" rel=\"noopener\">https:\/\/sites.google.com\/site\/pauvilamates\/<\/a><\/li>\n<\/ul>\n<h2>CLICKEDU<\/h2>\n<p><strong>Programa de Gesti\u00f3 de l&#8217;Alumnat<\/strong><\/p>\n<p style=\"text-align: justify;\">A l&#8217;inici de curs, cada alumne rep un codi unipersonal perqu\u00e8 la fam\u00edlia pugui accedir al <a href=\"https:\/\/agora.xtec.cat\/iespauvila\/serveis\/clickedu\/\">CLICKEDU<\/a>, on es pot consultar l&#8217;horari escolar de cada alumne, les sortides programades, les notificacions del professorat, aix\u00ed com les faltes d&#8217;assist\u00e8ncia, retards i incid\u00e8ncies, les notes d&#8217;ex\u00e0mens parcials, les notes trimestrals i molta m\u00e9s informaci\u00f3. Aquest programa es va comen\u00e7ar a utilitzar el curs 2020-21 i, de mica en mica, s&#8217;intentar\u00e0 que el seu \u00fas sigui m\u00e9s ampli per poder oferir m\u00e9s informaci\u00f3 a l&#8217;alumnat i a les fam\u00edlies.<\/p>\n<h2>Moodle<\/h2>\n<p><strong>Plataforma educativa<\/strong><\/p>\n<p style=\"text-align: justify;\">A l&#8217;inici de curs, cada alumne rep un codi unipersonal per poder accedir al <a href=\"http:\/\/agora.xtec.cat\/iespauvila\/moodle\/\" target=\"_blank\" rel=\"noopener\">moodle del centre<\/a>. All\u00e0 hi trobareu la informaci\u00f3 relativa a les mat\u00e8ries curriculars en forma de cursos virtuals, per\u00f2 tamb\u00e9 els criteris d&#8217;avaluaci\u00f3 per mat\u00e8ries i les activitats de tutoria per nivell.<\/p>\n<p><a href=\"http:\/\/agora.xtec.cat\/iespauvila\/moodle\/\"><img loading=\"lazy\" decoding=\"async\" class=\"aligncenter wp-image-989 size-full\" src=\"http:\/\/agora.xtec.cat\/iespauvila\/wp-content\/uploads\/usu486\/2014\/09\/moodle.png\" alt=\"moodle isntitut Pau Vila\" width=\"800\" height=\"258\" srcset=\"https:\/\/agora.xtec.cat\/iespauvila\/wp-content\/uploads\/usu486\/2014\/09\/moodle.png 800w, https:\/\/agora.xtec.cat\/iespauvila\/wp-content\/uploads\/usu486\/2014\/09\/moodle-300x97.png 300w\" sizes=\"auto, (max-width: 800px) 100vw, 800px\" \/><\/a><\/p>\n<p style=\"text-align: center;\">Moodle Institut Pau Vila: <a href=\"http:\/\/agora.xtec.cat\/iespauvila\/moodle\/\" target=\"_blank\" rel=\"noopener\">http:\/\/agora.xtec.cat\/iespauvila\/moodle\/<\/a><\/p>\n<h2>Xarxes Socials<\/h2>\n<p>Segueix-nos a:<\/p>\n<ul>\n<li>P\u00e0gina web: <a href=\"http:\/\/agora.xtec.cat\/iespauvila\/\">http:\/\/agora.xtec.cat\/iespauvila\/<\/a><\/li>\n<li>Twitter: <a href=\"https:\/\/twitter.com\/inspauvila\" target=\"_blank\" rel=\"noopener\">https:\/\/twitter.com\/inspauvila<\/a><\/li>\n<li>Facebook: <a href=\"https:\/\/www.facebook.com\/inspauvila\" target=\"_blank\" rel=\"noopener\">https:\/\/www.facebook.com\/inspauvila<\/a><\/li>\n<li>YouTube: <a href=\"https:\/\/www.youtube.com\/channel\/UC92vKVUoIqEGvs6ZV6SJHtg\" target=\"_blank\" rel=\"noopener\">https:\/\/www.youtube.com\/channel\/UC92vKVUoIqEGvs6ZV6SJHtg<\/a><\/li>\n<li>Instagram: <a href=\"https:\/\/www.instagram.com\/inspauvila\/\" target=\"_blank\" rel=\"noopener\">https:\/\/www.instagram.com\/inspauvila\/<\/a><\/li>\n<\/ul>\n<p>&nbsp;<\/p>\n","protected":false},"excerpt":{"rendered":"<p>AFA<br \/>\nP\u00e0gina web de l&#8217;Associaci\u00f3 de Mares i Pares d&#8217;Alumnes de l&#8217;Institut Pau Vila:\u00a0<a href=\"https:\/\/www.afadelpauvila.com\/\" target=\"_blank\" rel=\"noopener\">http:\/\/www.afadelpauvila.org\/<\/a><br \/>\nInstitut<\/p>\n<ul>\n<li>Institut Pau Vila: a8024871@xtec.cat<\/li>\n<li>Coordinaci\u00f3 ESO: eso@inspauvila.cat<\/li>\n<li>Tutories: Correu corporatiu que es lliura a les fam\u00edlies a l&#8217;inici de curs<\/li>\n<li>Consell escolar fam\u00edlies: consellescolar@inspauvila.cat<\/li>\n<\/ul>\n<p>Departaments i seminaris<br \/>\n<a title=\"Batxibac\" href=\"https:\/\/sites.google.com\/a\/xtec.cat\/erasmuspauvila\/\" target=\"_blank\" rel=\"noopener\"><\/a><a title=\"C. Socials\" href=\"https:\/\/sites.google.com\/a\/xtec.cat\/ciencies-socials-pau-vila\/2n-eso\"&hellip;  <a href=\"https:\/\/agora.xtec.cat\/iespauvila\/serveis\/serveis-digitals\/\" title=\"Read Emails i xarxes socials\">Llegeix m\u00e9s\u00bb<\/a><\/p>\n","protected":false},"author":1,"featured_media":0,"parent":393,"menu_order":43,"comment_status":"closed","ping_status":"closed","template":"page-templates\/side-menu.php","meta":{"_bbp_topic_count":0,"_bbp_reply_count":0,"_bbp_total_topic_count":0,"_bbp_total_reply_count":0,"_bbp_voice_count":0,"_bbp_anonymous_reply_count":0,"_bbp_topic_count_hidden":0,"_bbp_reply_count_hidden":0,"_bbp_forum_subforum_count":0,"footnotes":""},"class_list":["post-65","page","type-page","status-publish","hentry"],"post_mailing_queue_ids":[],"_links":{"self":[{"href":"https:\/\/agora.xtec.cat\/iespauvila\/wp-json\/wp\/v2\/pages\/65","targetHints":{"allow":["GET"]}}],"collection":[{"href":"https:\/\/agora.xtec.cat\/iespauvila\/wp-json\/wp\/v2\/pages"}],"about":[{"href":"https:\/\/agora.xtec.cat\/iespauvila\/wp-json\/wp\/v2\/types\/page"}],"author":[{"embeddable":true,"href":"https:\/\/agora.xtec.cat\/iespauvila\/wp-json\/wp\/v2\/users\/1"}],"replies":[{"embeddable":true,"href":"https:\/\/agora.xtec.cat\/iespauvila\/wp-json\/wp\/v2\/comments?post=65"}],"version-history":[{"count":4,"href":"https:\/\/agora.xtec.cat\/iespauvila\/wp-json\/wp\/v2\/pages\/65\/revisions"}],"predecessor-version":[{"id":11963,"href":"https:\/\/agora.xtec.cat\/iespauvila\/wp-json\/wp\/v2\/pages\/65\/revisions\/11963"}],"up":[{"embeddable":true,"href":"https:\/\/agora.xtec.cat\/iespauvila\/wp-json\/wp\/v2\/pages\/393"}],"wp:attachment":[{"href":"https:\/\/agora.xtec.cat\/iespauvila\/wp-json\/wp\/v2\/media?parent=65"}],"curies":[{"name":"wp","href":"https:\/\/api.w.org\/{rel}","templated":true}]}}