{"id":600,"date":"2015-11-06T14:52:20","date_gmt":"2015-11-06T13:52:20","guid":{"rendered":"http:\/\/agora.xtec.cat\/iespauvila\/?page_id=600"},"modified":"2026-03-14T11:14:34","modified_gmt":"2026-03-14T10:14:34","slug":"batxibac","status":"publish","type":"page","link":"https:\/\/agora.xtec.cat\/iespauvila\/estudis\/batxibac\/","title":{"rendered":"Batxibac"},"content":{"rendered":"<h3>Presentaci\u00f3 curriculum mixt &#8211; Baccalaur\u00e9at<\/h3>\n<p>L&#8217;institut Pau Vila \u00e9s el primer centre de Sabadell espec\u00edficament autoritzat pel Departament d&#8217;Ensenyament per impartir el programa Batxibac que permet a l\u2019alumnat cursar un curr\u00edculum mixt que suposa fer un ter\u00e7 de l\u2019horari lectiu del batxillerat en llengua francesa i cursar les mat\u00e8ries Llengua i literatura franceses i Hist\u00f2ria de Fran\u00e7a.<\/p>\n<p><a href=\"https:\/\/agora.xtec.cat\/iespauvila\/wp-content\/uploads\/usu486\/2026\/03\/Banner-Batxibac.jpg\"><img loading=\"lazy\" decoding=\"async\" class=\"aligncenter size-full wp-image-15303\" src=\"https:\/\/agora.xtec.cat\/iespauvila\/wp-content\/uploads\/usu486\/2026\/03\/Banner-Batxibac.jpg\" alt=\"\" width=\"1792\" height=\"592\" srcset=\"https:\/\/agora.xtec.cat\/iespauvila\/wp-content\/uploads\/usu486\/2026\/03\/Banner-Batxibac.jpg 1792w, https:\/\/agora.xtec.cat\/iespauvila\/wp-content\/uploads\/usu486\/2026\/03\/Banner-Batxibac-300x99.jpg 300w, https:\/\/agora.xtec.cat\/iespauvila\/wp-content\/uploads\/usu486\/2026\/03\/Banner-Batxibac-1024x338.jpg 1024w, https:\/\/agora.xtec.cat\/iespauvila\/wp-content\/uploads\/usu486\/2026\/03\/Banner-Batxibac-768x254.jpg 768w, https:\/\/agora.xtec.cat\/iespauvila\/wp-content\/uploads\/usu486\/2026\/03\/Banner-Batxibac-1536x507.jpg 1536w\" sizes=\"auto, (max-width: 1792px) 100vw, 1792px\" \/><\/a><\/p>\n<p style=\"text-align: center;\"><iframe loading=\"lazy\" src=\"https:\/\/docs.google.com\/presentation\/d\/e\/2PACX-1vRhIz2hPfn-5zUtM4mX3kw9apH4p_YToJx6HCuSs471aAJ7fl6ZC_77cjdZD8aXuwQTli5wq1GSEi_F\/embed?start=false&amp;loop=false&amp;delayms=3000\" width=\"400\" height=\"300\" frameborder=\"0\" allowfullscreen=\"allowfullscreen\"><\/iframe><\/p>\n<p>Per accedir al batxibac l\u2019alumnat ha de demostrar un nivell b\u00e0sic de franc\u00e8s, equivalent al B1 del Marc Europeu de Refer\u00e8ncia per a les Lleng\u00fces. L\u2019alumnat que cursi el curr\u00edculum mixt, a m\u00e9s d\u2019obtenir el t\u00edtol de batxillerat si supera totes les mat\u00e8ries cursades, obtindr\u00e0 tamb\u00e9 el diploma de baccalaur\u00e9at si supera una prova externa que es desenvolupa \u00edntegrament en franc\u00e8s.<\/p>\n<p><img loading=\"lazy\" decoding=\"async\" class=\"alignleft wp-image-10489\" src=\"https:\/\/agora.xtec.cat\/iespauvila\/wp-content\/uploads\/usu486\/2021\/03\/Batxibac-logo-300x161.jpg\" alt=\"\" width=\"518\" height=\"278\" srcset=\"https:\/\/agora.xtec.cat\/iespauvila\/wp-content\/uploads\/usu486\/2021\/03\/Batxibac-logo-300x161.jpg 300w, https:\/\/agora.xtec.cat\/iespauvila\/wp-content\/uploads\/usu486\/2021\/03\/Batxibac-logo.jpg 460w\" sizes=\"auto, (max-width: 518px) 100vw, 518px\" \/><\/p>\n<h2><span style=\"color: #000000;\">M\u00e9s informaci\u00f3:<\/span><\/h2>\n<ul>\n<li>\n<h3><a href=\"http:\/\/xtec.gencat.cat\/ca\/curriculum\/batxillerat\/baccalaureat\/\" target=\"_blank\" rel=\"noopener noreferrer\">Normativa<\/a><\/h3>\n<\/li>\n<li>\n<h3><a href=\"http:\/\/xtec.gencat.cat\/web\/.content\/alfresco\/d\/d\/workspace\/SpacesStore\/0063\/8ef050e8-0635-4f94-94ea-2022b04feb15\/batxibac_presentation.pdf\" target=\"_blank\" rel=\"noopener noreferrer\">Doble titulaci\u00f3<\/a><\/h3>\n<\/li>\n<li>\n<h3><a href=\"http:\/\/agora.xtec.cat\/iespauvila\/categoria\/batxillerat\/batxibac\/\">Blog Batxibac (Not\u00edcies a la web)<\/a><\/h3>\n<\/li>\n<li>\n<h3><a href=\"https:\/\/sites.google.com\/a\/xtec.cat\/erasmuspauvila\/\" target=\"_blank\" rel=\"noopener noreferrer\">Web d&#8217;hist\u00f2ria<\/a><\/h3>\n<\/li>\n<\/ul>\n","protected":false},"excerpt":{"rendered":"<p>Presentaci\u00f3 curriculum mixt &#8211; Baccalaur\u00e9at<br \/>\nL&#8217;institut Pau Vila \u00e9s el primer centre de Sabadell espec\u00edficament autoritzat pel Departament d&#8217;Ensenyament per impartir el programa Batxibac que permet a l\u2019alumnat cursar un curr\u00edculum mixt que suposa fer un ter\u00e7 de l\u2019horari lectiu del batxillerat en llengua francesa i&hellip;  <a href=\"https:\/\/agora.xtec.cat\/iespauvila\/estudis\/batxibac\/\" title=\"Read Batxibac\">Llegeix m\u00e9s\u00bb<\/a><\/p>\n","protected":false},"author":1,"featured_media":0,"parent":195,"menu_order":24,"comment_status":"closed","ping_status":"closed","template":"page-templates\/side-menu.php","meta":{"_bbp_topic_count":0,"_bbp_reply_count":0,"_bbp_total_topic_count":0,"_bbp_total_reply_count":0,"_bbp_voice_count":0,"_bbp_anonymous_reply_count":0,"_bbp_topic_count_hidden":0,"_bbp_reply_count_hidden":0,"_bbp_forum_subforum_count":0,"footnotes":""},"class_list":["post-600","page","type-page","status-publish","hentry"],"post_mailing_queue_ids":[],"_links":{"self":[{"href":"https:\/\/agora.xtec.cat\/iespauvila\/wp-json\/wp\/v2\/pages\/600","targetHints":{"allow":["GET"]}}],"collection":[{"href":"https:\/\/agora.xtec.cat\/iespauvila\/wp-json\/wp\/v2\/pages"}],"about":[{"href":"https:\/\/agora.xtec.cat\/iespauvila\/wp-json\/wp\/v2\/types\/page"}],"author":[{"embeddable":true,"href":"https:\/\/agora.xtec.cat\/iespauvila\/wp-json\/wp\/v2\/users\/1"}],"replies":[{"embeddable":true,"href":"https:\/\/agora.xtec.cat\/iespauvila\/wp-json\/wp\/v2\/comments?post=600"}],"version-history":[{"count":4,"href":"https:\/\/agora.xtec.cat\/iespauvila\/wp-json\/wp\/v2\/pages\/600\/revisions"}],"predecessor-version":[{"id":15304,"href":"https:\/\/agora.xtec.cat\/iespauvila\/wp-json\/wp\/v2\/pages\/600\/revisions\/15304"}],"up":[{"embeddable":true,"href":"https:\/\/agora.xtec.cat\/iespauvila\/wp-json\/wp\/v2\/pages\/195"}],"wp:attachment":[{"href":"https:\/\/agora.xtec.cat\/iespauvila\/wp-json\/wp\/v2\/media?parent=600"}],"curies":[{"name":"wp","href":"https:\/\/api.w.org\/{rel}","templated":true}]}}