{"id":598,"date":"2015-11-06T14:51:48","date_gmt":"2015-11-06T13:51:48","guid":{"rendered":"http:\/\/agora.xtec.cat\/iespauvila\/?page_id=598"},"modified":"2026-03-14T11:13:45","modified_gmt":"2026-03-14T10:13:45","slug":"batxillerat-nocturn","status":"publish","type":"page","link":"https:\/\/agora.xtec.cat\/iespauvila\/estudis\/batxillerat-nocturn\/","title":{"rendered":"Batxillerat nocturn"},"content":{"rendered":"<p>Els ensenyaments de batxillerat en r\u00e8gim nocturn presencial s\u2019adrecen fonamentalment a persones que per causa de la seva activitat laboral, dels seus interessos o per altres circumst\u00e0ncies, troben un millor encaix en una oferta hor\u00e0ria diferent de la del r\u00e8gim di\u00fcrn.<\/p>\n<p><a href=\"https:\/\/agora.xtec.cat\/iespauvila\/wp-content\/uploads\/usu486\/2026\/03\/Banner-Batxillerat-Nocturn.jpg\"><img loading=\"lazy\" decoding=\"async\" class=\"aligncenter size-full wp-image-15300\" src=\"https:\/\/agora.xtec.cat\/iespauvila\/wp-content\/uploads\/usu486\/2026\/03\/Banner-Batxillerat-Nocturn.jpg\" alt=\"\" width=\"1792\" height=\"592\" srcset=\"https:\/\/agora.xtec.cat\/iespauvila\/wp-content\/uploads\/usu486\/2026\/03\/Banner-Batxillerat-Nocturn.jpg 1792w, https:\/\/agora.xtec.cat\/iespauvila\/wp-content\/uploads\/usu486\/2026\/03\/Banner-Batxillerat-Nocturn-300x99.jpg 300w, https:\/\/agora.xtec.cat\/iespauvila\/wp-content\/uploads\/usu486\/2026\/03\/Banner-Batxillerat-Nocturn-1024x338.jpg 1024w, https:\/\/agora.xtec.cat\/iespauvila\/wp-content\/uploads\/usu486\/2026\/03\/Banner-Batxillerat-Nocturn-768x254.jpg 768w, https:\/\/agora.xtec.cat\/iespauvila\/wp-content\/uploads\/usu486\/2026\/03\/Banner-Batxillerat-Nocturn-1536x507.jpg 1536w\" sizes=\"auto, (max-width: 1792px) 100vw, 1792px\" \/><\/a><\/p>\n<h2>Horari marc<\/h2>\n<table>\n<tbody>\n<tr>\n<td>Hores<\/td>\n<td>Dilluns<\/td>\n<td>Dimarts<\/td>\n<td>Dimecres<\/td>\n<td>Dijous<\/td>\n<td>Divendres<\/td>\n<\/tr>\n<tr>\n<td>16:00 &#8211; 16:45<\/td>\n<td><\/td>\n<td><\/td>\n<td><\/td>\n<td><\/td>\n<td><\/td>\n<\/tr>\n<tr>\n<td>16:45 &#8211; 17:30<\/td>\n<td><\/td>\n<td><\/td>\n<td><\/td>\n<td><\/td>\n<td><\/td>\n<\/tr>\n<tr>\n<td>17:30 &#8211; 18:15<\/td>\n<td><\/td>\n<td><\/td>\n<td><\/td>\n<td><\/td>\n<td><\/td>\n<\/tr>\n<tr>\n<td>18:15 &#8211; 19:35<\/td>\n<td>\u00a0Esbarjo<\/td>\n<td>Esbarjo<\/td>\n<td>Esbarjo<\/td>\n<td>Esbarjo<\/td>\n<td>\u00a0Esbarjo<\/td>\n<\/tr>\n<tr>\n<td>18:35 &#8211; 19:20<\/td>\n<td><\/td>\n<td><\/td>\n<td><\/td>\n<td><\/td>\n<td><\/td>\n<\/tr>\n<tr>\n<td>19:20 &#8211; 20:10<\/td>\n<td><\/td>\n<td><\/td>\n<td><\/td>\n<td><\/td>\n<td><\/td>\n<\/tr>\n<tr>\n<td>20:10 &#8211; 21:00<\/td>\n<td><\/td>\n<td><\/td>\n<td><\/td>\n<td><\/td>\n<td><\/td>\n<\/tr>\n<\/tbody>\n<\/table>\n<h2>Curr\u00edculum<\/h2>\n<p style=\"text-align: justify;\">Les caracter\u00edstiques del r\u00e8gim nocturn (mat\u00e8ries, organitzaci\u00f3, pas de curs, acci\u00f3 tutorial, perman\u00e8ncia i canvi de r\u00e8gim), aix\u00ed com els requisits per accedir-hi, s&#8217;estableixen en els articles 34 i seg\u00fcents de l\u2019<a href=\"http:\/\/portaljuridic.gencat.cat\/ca\/pjur_ocults\/pjur_resultats_fitxa\/?action=fitxa&amp;mode=single&amp;documentId=510319&amp;language=ca_ES\" target=\"_blank\" rel=\"noopener\">Ordre EDU\/554\/2008<\/a>, de 19 de desembre.<\/p>\n<h1><span style=\"color: #ff0000;\">Mat\u00e8ries 1r de batxillerat<\/span><\/h1>\n<p><img loading=\"lazy\" decoding=\"async\" class=\"wp-image-12872 alignnone\" src=\"https:\/\/agora.xtec.cat\/iespauvila\/wp-content\/uploads\/usu486\/2022\/05\/2.png\" alt=\"\" width=\"515\" height=\"667\" srcset=\"https:\/\/agora.xtec.cat\/iespauvila\/wp-content\/uploads\/usu486\/2022\/05\/2.png 1545w, https:\/\/agora.xtec.cat\/iespauvila\/wp-content\/uploads\/usu486\/2022\/05\/2-232x300.png 232w, https:\/\/agora.xtec.cat\/iespauvila\/wp-content\/uploads\/usu486\/2022\/05\/2-791x1024.png 791w, https:\/\/agora.xtec.cat\/iespauvila\/wp-content\/uploads\/usu486\/2022\/05\/2-768x994.png 768w, https:\/\/agora.xtec.cat\/iespauvila\/wp-content\/uploads\/usu486\/2022\/05\/2-1187x1536.png 1187w\" sizes=\"auto, (max-width: 515px) 100vw, 515px\" \/><\/p>\n<table style=\"width: 58.7943%;\">\n<tbody>\n<tr>\n<td style=\"width: 34.6077%;\">\n<h4><span style=\"color: #ff0000;\"><strong>Itinerari cient\u00edfic<\/strong><\/span><\/h4>\n<\/td>\n<td style=\"width: 1.7396%;\"><\/td>\n<td style=\"width: 38.7826%;\">\n<h4><span style=\"color: #ff0000;\"><strong>Itinerari human\u00edstic social<\/strong><\/span><\/h4>\n<\/td>\n<\/tr>\n<tr>\n<td style=\"width: 34.6077%;\"><span style=\"font-weight: 400;\">Matem\u00e0tiques\u00a0<\/span><\/td>\n<td style=\"width: 1.7396%;\"><\/td>\n<td style=\"width: 38.7826%;\"><span style=\"font-weight: 400;\">Matem\u00e0tiques CCSS \/ Llat\u00ed\u00a0\u00a0<\/span><\/td>\n<\/tr>\n<tr>\n<td style=\"width: 34.6077%;\"><span style=\"font-weight: 400;\">Biologia\u00a0<\/span><\/td>\n<td style=\"width: 1.7396%;\"><\/td>\n<td style=\"width: 38.7826%;\"><span style=\"font-weight: 400;\">Problem\u00e0tica social i Geografia<\/span><\/td>\n<\/tr>\n<tr>\n<td style=\"width: 34.6077%;\"><span style=\"font-weight: 400;\">Qu\u00edmica\u00a0<\/span><\/td>\n<td style=\"width: 1.7396%;\"><\/td>\n<td style=\"width: 38.7826%;\"><span style=\"font-weight: 400;\">Literatura universal i castellana<\/span><\/td>\n<\/tr>\n<tr>\n<td style=\"width: 34.6077%;\"><span style=\"font-weight: 400;\">Experimentaci\u00f3 cient\u00edfica<\/span><\/td>\n<td style=\"width: 1.7396%;\"><\/td>\n<td style=\"width: 38.7826%;\"><span style=\"font-weight: 400;\">Experimentaci\u00f3 social<\/span><\/td>\n<\/tr>\n<tr>\n<td style=\"width: 34.6077%;\"><span style=\"font-weight: 400;\">Economia i empresa\u00a0<\/span><\/td>\n<td style=\"width: 1.7396%;\"><\/td>\n<td style=\"width: 38.7826%;\"><span style=\"font-weight: 400;\">Economia i empresa\u00a0<\/span><\/td>\n<\/tr>\n<tr>\n<td style=\"width: 34.6077%;\"><span style=\"font-weight: 400;\">Geologia i ci\u00e8ncies ambientals<\/span><\/td>\n<td style=\"width: 1.7396%;\"><\/td>\n<td style=\"width: 38.7826%;\"><span style=\"font-weight: 400;\">Hist\u00f2ria del m\u00f3n\u00a0<\/span><\/td>\n<\/tr>\n<\/tbody>\n<\/table>\n<h1><span style=\"color: #ff0000;\">Mat\u00e8ries 2n de batxillerat<\/span><\/h1>\n<h4>Mat\u00e8ries comunes<\/h4>\n<table style=\"width: 22.6736%;\">\n<tbody>\n<tr>\n<td style=\"border-color: #ffffff; vertical-align: top; width: 232px;\">\n<table style=\"width: 143.298%;\">\n<tbody>\n<tr>\n<td style=\"width: 161.732%; background-color: #55cd00; text-align: center;\" colspan=\"2\"><strong>2n\u00a0Batxillerat<\/strong><\/td>\n<\/tr>\n<tr>\n<td style=\"width: 80.5128%;\">Llengua estrangera Angl\u00e8s II<\/td>\n<td style=\"width: 81.2189%; text-align: center;\">3h<\/td>\n<\/tr>\n<tr>\n<td style=\"width: 80.5128%;\">Llengua catalana i literatura II<\/td>\n<td style=\"width: 81.2189%; text-align: center;\">2h<\/td>\n<\/tr>\n<tr>\n<td style=\"width: 80.5128%;\">Llengua castellana i literatura II<\/td>\n<td style=\"width: 81.2189%; text-align: center;\">2h<\/td>\n<\/tr>\n<tr>\n<td style=\"width: 80.5128%;\">H\u00aa de la Filosofia<\/td>\n<td style=\"width: 81.2189%; text-align: center;\">3h<\/td>\n<\/tr>\n<tr>\n<td style=\"width: 80.5128%;\">Hist\u00f2ria<\/td>\n<td style=\"width: 81.2189%; text-align: center;\">3h<\/td>\n<\/tr>\n<tr>\n<td style=\"width: 80.5128%;\">Treball de recerca<\/td>\n<td style=\"width: 81.2189%; text-align: center;\">1h<\/td>\n<\/tr>\n<\/tbody>\n<\/table>\n<\/td>\n<\/tr>\n<\/tbody>\n<\/table>\n<h4>Mat\u00e8ries de modalitat i espec\u00edfiques<\/h4>\n<table style=\"width: 59.7611%;\">\n<tbody>\n<tr>\n<td style=\"width: 48.8575%;\">\n<h4><span style=\"color: #ff0000;\"><strong>Itinerari cient\u00edfic<\/strong><\/span><\/h4>\n<\/td>\n<td style=\"width: 3.57653%;\"><\/td>\n<td style=\"width: 75.23%;\">\n<h4><span style=\"color: #ff0000;\"><strong>Itinerari human\u00edstic social<\/strong><\/span><\/h4>\n<\/td>\n<\/tr>\n<tr>\n<td style=\"width: 48.8575%;\"><span style=\"font-weight: 400;\">Matem\u00e0tiques<\/span><\/td>\n<td style=\"width: 3.57653%;\"><\/td>\n<td style=\"width: 75.23%;\"><span style=\"font-weight: 400;\">Matem\u00e0tiques CCSS \/ Llat\u00ed<\/span><\/td>\n<\/tr>\n<tr>\n<td style=\"width: 48.8575%;\"><span style=\"font-weight: 400;\">Biologia<\/span><\/td>\n<td style=\"width: 3.57653%;\"><\/td>\n<td style=\"width: 75.23%;\"><span style=\"font-weight: 400;\">Hist\u00f2ria de l\u2019art<\/span><\/td>\n<\/tr>\n<tr>\n<td style=\"width: 48.8575%;\"><span style=\"font-weight: 400;\">Qu\u00edmica<\/span><\/td>\n<td style=\"width: 3.57653%;\"><\/td>\n<td style=\"width: 75.23%;\"><span style=\"font-weight: 400;\">Literatura catalana<\/span><\/td>\n<\/tr>\n<tr>\n<td style=\"width: 48.8575%;\"><span style=\"font-weight: 400;\">Ci\u00e8ncies de la Terra \/ Disseny de negocis<\/span><\/td>\n<td style=\"width: 3.57653%;\"><\/td>\n<td style=\"width: 75.23%;\"><span style=\"font-weight: 400;\">Funcionament de l&#8217;empresa i disseny de negocis\u00a0<\/span><\/td>\n<\/tr>\n<\/tbody>\n<\/table>\n<h5><span style=\"font-size: 2.3125em;\">Acc\u00e9s<\/span><\/h5>\n<p>Nom\u00e9s poden ser matriculats de batxillerat nocturn els i les alumnes que tinguin 18 anys o m\u00e9s i els que, en edat compresa entre 16 i 18 anys, acreditin la impossibilitat de seguir estudis en r\u00e8gim di\u00fcrn, per motius laborals o altres que a criteri del director ho justifiqui.<\/p>\n<h2>Caracter\u00edstiques<\/h2>\n<p>En ensenyaments de batxillerat nocturn no regeixen les normes de pas de curs del r\u00e8gim di\u00fcrn: <strong>nom\u00e9s cal repetir les mat\u00e8ries no superades<\/strong>.<\/p>\n<p>L&#8217;alumnat pot estar matriculat de batxillerat nocturn un <strong>m\u00e0xim de sis cursos acad\u00e8mics<\/strong>. Per a aquest c\u00f2mput, cal tenir en compte els cursos en qu\u00e8 s&#8217;ha estat matriculat de batxillerat en r\u00e8gim di\u00fcrn. No obstant aix\u00f2, es pot sol\u00b7licitar al director <b>l&#8217;anul\u00b7laci\u00f3 de matr\u00edcula<\/b> abans del mes d&#8217;abril del curs acad\u00e8mic corresponent, o b\u00e9 una <strong>matr\u00edcula extraordin\u00e0ria<\/strong> si es tracta d&#8217;una setena inscripci\u00f3.<\/p>\n<p><b>L&#8217;abs\u00e8ncia injustificada, sistem\u00e0tica i reiterada<\/b> de l&#8217;alumnat de batxillerat, durant 15 dies lectius, podr\u00e0 comportar la baixa de l&#8217;alumne\/a. En el moment que s&#8217;arribi a acumular aquest per\u00edode d&#8217;abs\u00e8ncia, li ser\u00e0 notificada aquesta circumst\u00e0ncia a l&#8217;alumne\/a absentista. Si en el termini d&#8217;una setmana no justifica la seva abs\u00e8ncia, la matr\u00edcula de l&#8217;alumne\/a ser\u00e0 anul\u00b7lada per absentisme continuat no justificat i la seva vacant podr\u00e0 ser ocupada per una altra persona.<\/p>\n<h3>Exempcions i convalidacions<\/h3>\n<p>En determinades circumst\u00e0ncies, es poden sol\u00b7licitar diverses exempcions i convalidacions de mat\u00e8ries.<\/p>\n<h2>Acc\u00e9s a estudis posteriors<\/h2>\n<p>En el moment de la tria de mat\u00e8ries de modalitat caldr\u00e0 tenir en compte:<\/p>\n<ul>\n<li data-canvas-width=\"221.85999999999996\">Les <a href=\"http:\/\/universitats.gencat.cat\/web\/.content\/01_acces_i_admissio\/preinscripcio\/documentacio\/Ponderacions_Catalunya.pdf\" target=\"_blank\" rel=\"noopener noreferrer\">mat\u00e8ries de modalitat vinculades a cada opci\u00f3 de les PAU<\/a>. La informaci\u00f3 est\u00e0 exposada al tauler d\u2019anuncis del centre.<\/li>\n<li data-canvas-width=\"77.47999999999999\">Les <a href=\"http:\/\/queestudiar.gencat.cat\/ca\/preinscripcio\/estudis\/fp-gs\/prioritat-batx\/\" target=\"_blank\" rel=\"noopener noreferrer\">modalitats que donen prioritat per a l\u2019admissi\u00f3 d\u2019alumnes a cicles formatius de grau superior<\/a> .<\/li>\n<li data-canvas-width=\"205.16\">Durant el curs l\u2019alumnat ser\u00e0 informat de l\u2019<a href=\"http:\/\/universitats.gencat.cat\/ca\/pau\/\" target=\"_blank\" rel=\"noopener noreferrer\">organitzaci\u00f3 de les PAU<\/a> mitjan\u00e7ant xerrades informatives organitzades des de la sotsdirecci\u00f3.<\/li>\n<\/ul>\n","protected":false},"excerpt":{"rendered":"<p>Els ensenyaments de batxillerat en r\u00e8gim nocturn presencial s\u2019adrecen fonamentalment a persones que per causa de la seva activitat laboral, dels seus interessos o per altres circumst\u00e0ncies, troben un millor encaix en una oferta hor\u00e0ria diferent de la del r\u00e8gim di\u00fcrn.<br \/>\n<a href=\"https:\/\/agora.xtec.cat\/iespauvila\/wp-content\/uploads\/usu486\/2026\/03\/Banner-Batxillerat-Nocturn.jpg\"><\/a><br \/>\nHorari marc<\/p>\n<p>Hores<br \/>\nDilluns<br \/>\nDimarts<br \/>\nDimecres<br \/>\nDijous<br \/>\nDivendres<\/p>\n<p>16:00 &#8211; 16:45<\/p>\n<p>16:45&hellip;  <a href=\"https:\/\/agora.xtec.cat\/iespauvila\/estudis\/batxillerat-nocturn\/\" title=\"Read Batxillerat nocturn\">Llegeix m\u00e9s\u00bb<\/a><\/p>\n","protected":false},"author":1,"featured_media":0,"parent":195,"menu_order":23,"comment_status":"closed","ping_status":"closed","template":"page-templates\/side-menu.php","meta":{"_bbp_topic_count":0,"_bbp_reply_count":0,"_bbp_total_topic_count":0,"_bbp_total_reply_count":0,"_bbp_voice_count":0,"_bbp_anonymous_reply_count":0,"_bbp_topic_count_hidden":0,"_bbp_reply_count_hidden":0,"_bbp_forum_subforum_count":0,"footnotes":""},"class_list":["post-598","page","type-page","status-publish","hentry"],"post_mailing_queue_ids":[],"_links":{"self":[{"href":"https:\/\/agora.xtec.cat\/iespauvila\/wp-json\/wp\/v2\/pages\/598","targetHints":{"allow":["GET"]}}],"collection":[{"href":"https:\/\/agora.xtec.cat\/iespauvila\/wp-json\/wp\/v2\/pages"}],"about":[{"href":"https:\/\/agora.xtec.cat\/iespauvila\/wp-json\/wp\/v2\/types\/page"}],"author":[{"embeddable":true,"href":"https:\/\/agora.xtec.cat\/iespauvila\/wp-json\/wp\/v2\/users\/1"}],"replies":[{"embeddable":true,"href":"https:\/\/agora.xtec.cat\/iespauvila\/wp-json\/wp\/v2\/comments?post=598"}],"version-history":[{"count":5,"href":"https:\/\/agora.xtec.cat\/iespauvila\/wp-json\/wp\/v2\/pages\/598\/revisions"}],"predecessor-version":[{"id":15302,"href":"https:\/\/agora.xtec.cat\/iespauvila\/wp-json\/wp\/v2\/pages\/598\/revisions\/15302"}],"up":[{"embeddable":true,"href":"https:\/\/agora.xtec.cat\/iespauvila\/wp-json\/wp\/v2\/pages\/195"}],"wp:attachment":[{"href":"https:\/\/agora.xtec.cat\/iespauvila\/wp-json\/wp\/v2\/media?parent=598"}],"curies":[{"name":"wp","href":"https:\/\/api.w.org\/{rel}","templated":true}]}}