{"id":49,"date":"2014-09-17T16:55:55","date_gmt":"2014-09-17T16:55:55","guid":{"rendered":"http:\/\/agora.xtec.cat\/iespauvila\/?page_id=49"},"modified":"2026-01-26T17:18:23","modified_gmt":"2026-01-26T16:18:23","slug":"tutories","status":"publish","type":"page","link":"https:\/\/agora.xtec.cat\/iespauvila\/linstitut\/organigrama\/tutories\/","title":{"rendered":"Tutories"},"content":{"rendered":"<p><span class=\"text\">L&#8217;<span class=\"marcar\">acci\u00f3 tutorial<\/span> compr\u00e9n el conjunt d&#8217;activitats d&#8217;acollida, d&#8217;orientaci\u00f3 personal, acad\u00e8mica i professional que s&#8217;adrecen als alumnes, i l&#8217;exerceix tot el professorat de forma compartida. Per coordinar l&#8217;acci\u00f3 tutorial cada grup d&#8217;alumnes t\u00e9 un professor tutor.<\/span><\/p>\n<h2>Tutories curs 2024-2025<\/h2>\n<table style=\"width: 43.3319%; height: 472px;\">\n<tbody>\n<tr style=\"height: 25px;\">\n<td style=\"width: 15.5048%; height: 25px;\">\n<pre>PA<\/pre>\n<\/td>\n<td style=\"width: 27.524%; height: 25px;\">\n<pre>C\u00e8lia Botella<\/pre>\n<\/td>\n<\/tr>\n<tr style=\"height: 10px;\">\n<td style=\"width: 15.5048%; height: 10px;\">\n<pre>PB<\/pre>\n<\/td>\n<td style=\"width: 27.524%; height: 10px;\">\n<pre>Alejandra To<\/pre>\n<\/td>\n<\/tr>\n<tr style=\"height: 68px;\">\n<td style=\"width: 15.5048%; height: 68px;\">\n<pre>PC<\/pre>\n<\/td>\n<td style=\"width: 27.524%; height: 68px;\">\n<pre>Laia Faidella<\/pre>\n<\/td>\n<\/tr>\n<tr style=\"height: 0px;\">\n<td style=\"width: 15.5048%; height: 61.5px;\" rowspan=\"2\">\n<pre>PD<\/pre>\n<\/td>\n<td style=\"width: 27.524%; height: 61.5px;\" rowspan=\"2\">\n<pre>Isabel Castro<\/pre>\n<\/td>\n<\/tr>\n<tr style=\"height: 11px;\">\n<td style=\"width: 15.5048%; height: 11px;\">\n<pre>PE<\/pre>\n<\/td>\n<td style=\"width: 27.524%; height: 11px;\">\n<pre>Gemma Benet<\/pre>\n<\/td>\n<\/tr>\n<tr style=\"height: 38px;\">\n<td style=\"width: 15.5048%; height: 38px;\">\n<pre>PF<\/pre>\n<\/td>\n<td style=\"width: 27.524%; height: 38px;\">\n<pre>V\u00edctor Mart\u00ednez<\/pre>\n<\/td>\n<\/tr>\n<tr style=\"height: 31px;\">\n<td style=\"width: 15.5048%; height: 31px;\">\n<pre>SA<\/pre>\n<\/td>\n<td style=\"width: 27.524%; height: 31px;\">\n<pre>Rosa Romero-Nieva<\/pre>\n<\/td>\n<\/tr>\n<tr style=\"height: 68px;\">\n<td style=\"width: 15.5048%; height: 68px;\">\n<pre>SB<\/pre>\n<\/td>\n<td style=\"width: 27.524%; height: 68px;\">\n<pre>Gl\u00f2ria Garcia<\/pre>\n<\/td>\n<\/tr>\n<tr style=\"height: 0px;\">\n<td style=\"width: 15.5048%; height: 29.5px;\" rowspan=\"2\">\n<pre>SC<\/pre>\n<\/td>\n<td style=\"width: 27.524%; height: 29.5px;\" rowspan=\"2\">\n<pre>Marina Giannoni<\/pre>\n<\/td>\n<\/tr>\n<tr style=\"height: 10px;\">\n<td style=\"width: 15.5048%; height: 10px;\">\n<pre>SD<\/pre>\n<\/td>\n<td style=\"width: 27.524%; height: 10px;\">\n<pre>Raquel S\u00e1nchez<\/pre>\n<\/td>\n<\/tr>\n<tr style=\"height: 10px;\">\n<td style=\"width: 15.5048%; height: 10px;\">\n<pre>SE<\/pre>\n<\/td>\n<td style=\"width: 27.524%; height: 10px;\">\n<pre>Alejandro Fuentes<\/pre>\n<\/td>\n<\/tr>\n<tr style=\"height: 10px;\">\n<td style=\"width: 15.5048%; height: 10px;\">\n<pre>TA<\/pre>\n<\/td>\n<td style=\"width: 27.524%; height: 10px;\">\n<pre>Adri\u00e0 Rico<\/pre>\n<\/td>\n<\/tr>\n<tr style=\"height: 10px;\">\n<td style=\"width: 15.5048%; height: 10px;\">\n<pre>TB<\/pre>\n<\/td>\n<td style=\"width: 27.524%; height: 10px;\">\n<pre>Alba L\u00f3pez<\/pre>\n<\/td>\n<\/tr>\n<tr style=\"height: 10px;\">\n<td style=\"width: 15.5048%; height: 10px;\">\n<pre>TC<\/pre>\n<\/td>\n<td style=\"width: 27.524%; height: 10px;\">\n<pre>Marta Dubreuil<\/pre>\n<\/td>\n<\/tr>\n<tr style=\"height: 10px;\">\n<td style=\"width: 15.5048%; height: 10px;\">\n<pre>TD<\/pre>\n<\/td>\n<td style=\"width: 27.524%; height: 10px;\">\n<pre>Sergi Mar\u00ed<\/pre>\n<\/td>\n<\/tr>\n<tr style=\"height: 10px;\">\n<td style=\"width: 15.5048%; height: 10px;\">\n<pre>TE<\/pre>\n<\/td>\n<td style=\"width: 27.524%; height: 10px;\">\n<pre>\u00c1lex Luque<\/pre>\n<\/td>\n<\/tr>\n<tr style=\"height: 10px;\">\n<td style=\"width: 15.5048%; height: 10px;\">\n<pre>QA<\/pre>\n<\/td>\n<td style=\"width: 27.524%; height: 10px;\">\n<pre>Vanessa Sim\u00f3n<\/pre>\n<\/td>\n<\/tr>\n<tr style=\"height: 10px;\">\n<td style=\"width: 15.5048%; height: 10px;\">\n<pre>QB<\/pre>\n<\/td>\n<td style=\"width: 27.524%; height: 10px;\">\n<pre>F\u00e0tima G\u00f3mez<\/pre>\n<\/td>\n<\/tr>\n<tr style=\"height: 10px;\">\n<td style=\"width: 15.5048%; height: 10px;\">\n<pre>QC<\/pre>\n<\/td>\n<td style=\"width: 27.524%; height: 10px;\">\n<pre>Juli\u00e1n Molina<\/pre>\n<\/td>\n<\/tr>\n<tr style=\"height: 10px;\">\n<td style=\"width: 15.5048%; height: 10px;\">\n<pre>QD<\/pre>\n<\/td>\n<td style=\"width: 27.524%; height: 10px;\">\n<pre>Miguel \u00c1ngel G\u00f3mez<\/pre>\n<\/td>\n<\/tr>\n<tr style=\"height: 10px;\">\n<td style=\"width: 15.5048%; height: 10px;\">\n<pre>QE<\/pre>\n<\/td>\n<td style=\"width: 27.524%; height: 10px;\">\n<pre>Anna Droguet<\/pre>\n<\/td>\n<\/tr>\n<tr style=\"height: 10px;\">\n<td style=\"width: 15.5048%; height: 10px;\">\n<pre>QF<\/pre>\n<\/td>\n<td style=\"width: 27.524%; height: 10px;\">\n<pre>Elena Flores<\/pre>\n<\/td>\n<\/tr>\n<\/tbody>\n<\/table>\n<p>\u00a0<\/p>\n<table style=\"width: 44.0462%; height: 592.5px;\">\n<tbody>\n<tr style=\"height: 49px;\">\n<td style=\"width: 15.8654%; height: 49px;\">\n<pre><b>1A<\/b><\/pre>\n<\/td>\n<td style=\"width: 27.8847%; height: 49px;\">\n<pre><b>Clara N\u00fa\u00f1ez<\/b><\/pre>\n<\/td>\n<\/tr>\n<tr style=\"height: 49px;\">\n<td style=\"width: 15.8654%; height: 49px;\">\n<pre><b>1B<\/b><\/pre>\n<\/td>\n<td style=\"width: 27.8847%; height: 49px;\">\n<pre><b>Tino Martorana<\/b><\/pre>\n<\/td>\n<\/tr>\n<tr style=\"height: 49px;\">\n<td style=\"width: 15.8654%; height: 49px;\">\n<pre><b>1C<\/b><\/pre>\n<\/td>\n<td style=\"width: 27.8847%; height: 49px;\">\n<pre><b>M\u00f2nica Fern\u00e1ndez<\/b><\/pre>\n<\/td>\n<\/tr>\n<tr style=\"height: 49px;\">\n<td style=\"width: 15.8654%; height: 49px;\">\n<pre><b>1D<\/b><\/pre>\n<\/td>\n<td style=\"width: 27.8847%; height: 49px;\">\n<pre><b>Neus Devesa<\/b><\/pre>\n<\/td>\n<\/tr>\n<tr style=\"height: 49px;\">\n<td style=\"width: 15.8654%; height: 49px;\">\n<pre><b>1E<\/b><\/pre>\n<\/td>\n<td style=\"width: 27.8847%; height: 49px;\">\n<pre><b>Ester Bold\u00fa<\/b><\/pre>\n<\/td>\n<\/tr>\n<tr style=\"height: 0px;\">\n<td style=\"width: 15.8654%; height: 55.5px;\" rowspan=\"2\">\n<pre><b>2A<\/b><\/pre>\n<\/td>\n<td style=\"width: 27.8847%; height: 55.5px;\" rowspan=\"2\">\n<pre><b>Jordi P\u00e9rez<\/b><\/pre>\n<\/td>\n<\/tr>\n<tr style=\"height: 49px;\">\n<td style=\"width: 15.8654%; height: 49px;\">\n<pre><b>2B<\/b><\/pre>\n<\/td>\n<td style=\"width: 27.8847%; height: 49px;\">\n<pre><b>Abel Caldera<\/b><\/pre>\n<\/td>\n<\/tr>\n<tr style=\"height: 49px;\">\n<td style=\"width: 15.8654%; height: 49px;\">\n<pre><b>2C<\/b><\/pre>\n<\/td>\n<td style=\"width: 27.8847%; height: 49px;\">\n<pre><b>David Palacios\u00a0<\/b><\/pre>\n<\/td>\n<\/tr>\n<tr style=\"height: 49px;\">\n<td style=\"width: 15.8654%; height: 49px;\">\n<pre><b>2D<\/b><\/pre>\n<\/td>\n<td style=\"width: 27.8847%; height: 49px;\">\n<pre><b>Gemma Sorni<\/b><\/pre>\n<\/td>\n<\/tr>\n<tr style=\"height: 49px;\">\n<td style=\"width: 15.8654%; height: 49px;\">\n<pre><b>2E<\/b><\/pre>\n<\/td>\n<td style=\"width: 27.8847%; height: 49px;\">\n<pre><b>Raquel Melo<\/b><\/pre>\n<\/td>\n<\/tr>\n<tr style=\"height: 47px;\">\n<td style=\"width: 15.8654%; height: 47px;\">\n<pre><b>1N \/ 2N (nocturn)<\/b><\/pre>\n<\/td>\n<td style=\"width: 27.8847%; height: 47px;\">\n<pre><b>Eug\u00e8nia Aragon\u00e9s<\/b><br \/><br \/><b>Ruth Roca<\/b><\/pre>\n<\/td>\n<\/tr>\n<tr style=\"height: 49px;\">\n<td style=\"width: 15.8654%; height: 49px;\">\n<pre><b>Batxibac<\/b><\/pre>\n<\/td>\n<td style=\"width: 27.8847%; height: 49px;\">\n<pre><b>S\u00edlvia Garcia<\/b><\/pre>\n<\/td>\n<\/tr>\n<\/tbody>\n<\/table>\n<p>\u00a0<\/p>\n<h2>Tutories t\u00e8cniques<\/h2>\n<table style=\"width: 72%; height: 581px;\">\n<tbody>\n<tr style=\"height: 33px;\">\n<td style=\"height: 33px; width: 57.1901%;\">\n<pre><span style=\"font-weight: 400;\">Audiovisuals<\/span><\/pre>\n<\/td>\n<td style=\"height: 33px; width: 41.6529%;\">\n<pre><span style=\"font-weight: 400;\">Jos\u00e9 Mar\u00eda Priego<\/span><\/pre>\n<\/td>\n<\/tr>\n<tr style=\"height: 33px;\">\n<td style=\"height: 33px; width: 57.1901%;\">\n<pre><span style=\"font-weight: 400;\">Coordinaci\u00f3 Batxibac<\/span><\/pre>\n<\/td>\n<td style=\"height: 33px; width: 41.6529%;\">\n<pre><span style=\"font-weight: 400;\">S\u00edlvia Garcia<\/span><\/pre>\n<\/td>\n<\/tr>\n<tr style=\"height: 33px;\">\n<td style=\"height: 33px; width: 57.1901%;\">\n<pre><span style=\"font-weight: 400;\">Coordinaci\u00f3 EOI<\/span><\/pre>\n<\/td>\n<td style=\"height: 33px; width: 41.6529%;\">\n<pre><span style=\"font-weight: 400;\">Clara N\u00fa\u00f1ez<\/span><\/pre>\n<\/td>\n<\/tr>\n<tr style=\"height: 33px;\">\n<td style=\"height: 33px; width: 57.1901%;\">\n<pre><span style=\"font-weight: 400;\">Coordinaci\u00f3 Servei Comunitari<\/span><\/pre>\n<\/td>\n<td style=\"height: 33px; width: 41.6529%;\">\n<pre>Antonio Torres<\/pre>\n<\/td>\n<\/tr>\n<tr style=\"height: 33px;\">\n<td style=\"height: 33px; width: 57.1901%;\">\n<pre><span style=\"font-weight: 400;\">Coordinadora CASA<\/span><\/pre>\n<\/td>\n<td style=\"height: 33px; width: 41.6529%;\">\n<pre>Laura Villena<\/pre>\n<\/td>\n<\/tr>\n<tr style=\"height: 33px;\">\n<td style=\"height: 33px; width: 57.1901%;\">\n<pre><span style=\"font-weight: 400;\">Coordinaci\u00f3 Xarxa Compet\u00e8ncies B\u00e0siques<\/span><\/pre>\n<\/td>\n<td style=\"height: 33px; width: 41.6529%;\">\n<pre><span style=\"font-weight: 400;\">Anna Gassiot<\/span><\/pre>\n<\/td>\n<\/tr>\n<tr style=\"height: 33px;\">\n<td style=\"height: 33px; width: 57.1901%;\">\n<pre><span style=\"font-weight: 400;\">Coordinaci\u00f3 comissi\u00f3 d'igualtat<\/span><\/pre>\n<\/td>\n<td style=\"height: 33px; width: 41.6529%;\">\n<pre><span style=\"font-weight: 400;\">Olga Culler\u00e9 i Alejandro Fuentes<\/span><\/pre>\n<\/td>\n<\/tr>\n<tr style=\"height: 33px;\">\n<td style=\"height: 33px; width: 57.1901%;\">\n<pre><span style=\"font-weight: 400;\">Gestor p\u00e0gina web i zona del professorat<\/span><\/pre>\n<\/td>\n<td style=\"height: 33px; width: 41.6529%;\">\n<pre><span style=\"font-weight: 400;\">Ismael Navarro<\/span><\/pre>\n<\/td>\n<\/tr>\n<tr style=\"height: 33px;\">\n<td style=\"height: 33px; width: 57.1901%;\">\n<pre><span style=\"font-weight: 400;\">Ordinadors de l'alumnat<\/span><\/pre>\n<\/td>\n<td style=\"height: 33px; width: 41.6529%;\">\n<pre><span style=\"font-weight: 400;\">Adri\u00e0 Rico i Laia Sol\u00e9<\/span><\/pre>\n<\/td>\n<\/tr>\n<tr style=\"height: 33px;\">\n<td style=\"height: 33px; width: 57.1901%;\">\n<pre><span style=\"font-weight: 400;\">Revista del centre<\/span><\/pre>\n<\/td>\n<td style=\"height: 33px; width: 41.6529%;\">\n<pre><span style=\"font-weight: 400;\">Juli\u00e1n Molina<\/span><\/pre>\n<\/td>\n<\/tr>\n<tr style=\"height: 33px;\">\n<td style=\"height: 33px; width: 57.1901%;\">\n<pre><span style=\"font-weight: 400;\">Twitter-Xarxes socials<\/span><\/pre>\n<\/td>\n<td style=\"height: 33px; width: 41.6529%;\">\n<pre><span style=\"font-weight: 400;\">M\u00f2nica Agramunt<\/span><\/pre>\n<\/td>\n<\/tr>\n<tr style=\"height: 33px;\">\n<td style=\"height: 33px; width: 57.1901%;\">\n<pre><span style=\"font-weight: 400;\">Clickedu<\/span><\/pre>\n<\/td>\n<td style=\"height: 33px; width: 41.6529%;\">\n<pre><span style=\"font-weight: 400;\">Tino Martorana<\/span><\/pre>\n<\/td>\n<\/tr>\n<tr style=\"height: 33px;\">\n<td style=\"height: 33px; width: 57.1901%;\">\n<pre><span style=\"font-weight: 400;\">Moodle<\/span><\/pre>\n<\/td>\n<td style=\"height: 33px; width: 41.6529%;\">\n<pre><span style=\"font-weight: 400;\">Marc Oriol Crespi<\/span><\/pre>\n<\/td>\n<\/tr>\n<tr style=\"height: 33px;\">\n<td style=\"height: 33px; width: 57.1901%;\">\n<pre><span style=\"font-weight: 400;\">Centre Virtual<\/span><\/pre>\n<\/td>\n<td style=\"height: 33px; width: 41.6529%;\">\n<pre><span style=\"font-weight: 400;\">Cesc Castellet<\/span><\/pre>\n<\/td>\n<\/tr>\n<tr style=\"height: 33px;\">\n<td style=\"height: 33px; width: 57.1901%;\">\n<pre><span style=\"font-weight: 400;\">Coordinaci\u00f3 Pau Vila Verd<\/span><\/pre>\n<\/td>\n<td style=\"height: 33px; width: 41.6529%;\">\n<pre><span style=\"font-weight: 400;\">Marta Dubreueil<\/span><\/pre>\n<\/td>\n<\/tr>\n<tr style=\"height: 33px;\">\n<td style=\"height: 33px; width: 57.1901%;\">\n<pre><span style=\"font-weight: 400;\">Coordinaci\u00f3 projecte Biblioteca \/ Pla Lector<\/span><\/pre>\n<\/td>\n<td style=\"height: 33px; width: 41.6529%;\">\n<pre><span style=\"font-weight: 400;\">Jordi P\u00e9rez<\/span><\/pre>\n<\/td>\n<\/tr>\n<tr style=\"height: 10px;\">\n<td style=\"height: 10px; width: 57.1901%;\">\n<pre><span style=\"font-weight: 400;\">Coordinadora Escoles Ambaixadores<\/span><\/pre>\n<\/td>\n<td style=\"height: 10px; width: 41.6529%;\">\n<pre><span style=\"font-weight: 400;\">Gemma Sorni<\/span><span style=\"font-weight: 400;\"><br \/><\/span><\/pre>\n<\/td>\n<\/tr>\n<tr style=\"height: 10px;\">\n<td style=\"width: 57.1901%; height: 10px;\">\n<pre><span style=\"font-weight: 400;\">Erasmus +<\/span><\/pre>\n<\/td>\n<td style=\"width: 41.6529%; height: 10px;\">\n<pre><span style=\"font-weight: 400;\">Josep Llu\u00eds Navarro<\/span><\/pre>\n<\/td>\n<\/tr>\n<\/tbody>\n<\/table>\n\n\n<p><\/p>\n","protected":false},"excerpt":{"rendered":"<p>L&#8217;acci\u00f3 tutorial compr\u00e9n el conjunt d&#8217;activitats d&#8217;acollida, d&#8217;orientaci\u00f3 personal, acad\u00e8mica i professional que s&#8217;adrecen als alumnes, i l&#8217;exerceix tot el professorat de forma compartida. Per coordinar l&#8217;acci\u00f3 tutorial cada grup d&#8217;alumnes t\u00e9 un professor tutor.<br \/>\nTutories curs 2024-2025<\/p>\n<p>PA<\/p>\n<p>C\u00e8lia Botella<\/p>\n<p>PB<\/p>\n<p>Alejandra To<\/p>\n<p>PC<\/p>\n<p>Laia Faidella<\/p>\n<p>PD<\/p>\n<p>Isabel Castro<\/p>\n<p>PE<\/p>\n<p>Gemma Benet<\/p>\n<p>PF<\/p>\n<p>V\u00edctor Mart\u00ednez<\/p>\n<p>SA<\/p>\n<p>Rosa Romero-Nieva<\/p>\n<p>SB<\/p>\n<p>Gl\u00f2ria Garcia<\/p>\n<p>SC<\/p>\n<p>Marina&hellip;  <a href=\"https:\/\/agora.xtec.cat\/iespauvila\/linstitut\/organigrama\/tutories\/\" title=\"Read Tutories\">Llegeix m\u00e9s\u00bb<\/a><\/p>\n","protected":false},"author":1,"featured_media":0,"parent":46,"menu_order":144,"comment_status":"closed","ping_status":"closed","template":"page-templates\/side-menu.php","meta":{"_bbp_topic_count":0,"_bbp_reply_count":0,"_bbp_total_topic_count":0,"_bbp_total_reply_count":0,"_bbp_voice_count":0,"_bbp_anonymous_reply_count":0,"_bbp_topic_count_hidden":0,"_bbp_reply_count_hidden":0,"_bbp_forum_subforum_count":0,"footnotes":""},"class_list":["post-49","page","type-page","status-publish","hentry"],"post_mailing_queue_ids":[],"_links":{"self":[{"href":"https:\/\/agora.xtec.cat\/iespauvila\/wp-json\/wp\/v2\/pages\/49","targetHints":{"allow":["GET"]}}],"collection":[{"href":"https:\/\/agora.xtec.cat\/iespauvila\/wp-json\/wp\/v2\/pages"}],"about":[{"href":"https:\/\/agora.xtec.cat\/iespauvila\/wp-json\/wp\/v2\/types\/page"}],"author":[{"embeddable":true,"href":"https:\/\/agora.xtec.cat\/iespauvila\/wp-json\/wp\/v2\/users\/1"}],"replies":[{"embeddable":true,"href":"https:\/\/agora.xtec.cat\/iespauvila\/wp-json\/wp\/v2\/comments?post=49"}],"version-history":[{"count":5,"href":"https:\/\/agora.xtec.cat\/iespauvila\/wp-json\/wp\/v2\/pages\/49\/revisions"}],"predecessor-version":[{"id":15005,"href":"https:\/\/agora.xtec.cat\/iespauvila\/wp-json\/wp\/v2\/pages\/49\/revisions\/15005"}],"up":[{"embeddable":true,"href":"https:\/\/agora.xtec.cat\/iespauvila\/wp-json\/wp\/v2\/pages\/46"}],"wp:attachment":[{"href":"https:\/\/agora.xtec.cat\/iespauvila\/wp-json\/wp\/v2\/media?parent=49"}],"curies":[{"name":"wp","href":"https:\/\/api.w.org\/{rel}","templated":true}]}}