{"id":4392,"date":"2018-02-20T10:49:08","date_gmt":"2018-02-20T09:49:08","guid":{"rendered":"http:\/\/agora.xtec.cat\/iespauvila\/?page_id=4392"},"modified":"2021-10-04T10:07:25","modified_gmt":"2021-10-04T08:07:25","slug":"experiencies-pedagogiques","status":"publish","type":"page","link":"https:\/\/agora.xtec.cat\/iespauvila\/projecte-educatiu\/experiencies-pedagogiques\/","title":{"rendered":"Experi\u00e8ncies pedag\u00f2giques"},"content":{"rendered":"<h2>Projecte AEG (Accions Educatives Globalitzades)<\/h2>\n<p>Les accions educatives globalitzades s\u00f3n metodologies i activitats que es fan des de totes les mat\u00e8ries a un mateix nivell amb l\u2019objectiu d\u2019assolir un aspecte de l\u2019aprenentatge que \u00e9s compartit.<\/p>\n<h5>TIL (Tractament Integral de les Lleng\u00fces)<\/h5>\n<p>Acci\u00f3 espec\u00edfica per millorar l\u2019expressi\u00f3 escrita de l\u2019alumnat en les diverses lleng\u00fces que s\u2019estudien a l\u2019institut, saber argumentar, tenir criteri i esbossar idees i opinions en els quatre cursos de l\u2019ESO,<br \/>\nEl plantejament que es fa \u00e9s el seg\u00fcent:<\/p>\n<ul>\n<li>Treballar als diferents nivells de l\u2019ESO diverses tipologies de textos, des de totes les mat\u00e8ries:\n<ul>\n<li>A 1r i 2n ESO: ressenyes d\u2019articles, quadres sin\u00f2ptics, informacions biogr\u00e0fiques sobre un autor.<\/li>\n<li>A 3r i 4t ESO : textos period\u00edstics, textos de creaci\u00f3: expositiu, argumentatiu i instructiu.<br \/>\nA principi de curs, l\u2019equip docent decideix quina mat\u00e8ria focalitza en una tipologia de text espec\u00edfica.<\/li>\n<\/ul>\n<\/li>\n<li>Tot el professorat hauria de ser professor de lleng\u00fces, \u00e9s a dir, aplicar la correcci\u00f3 ling\u00fc\u00edstica tot tenint en compte les faltes d\u2019ortografia i expressi\u00f3 que faci l\u2019alumnat.<\/li>\n<\/ul>\n<h5>Expressi\u00f3 oral<\/h5>\n<p>Acci\u00f3 espec\u00edfica per millorar l\u2019expressi\u00f3 oral de l\u2019alumnat, mitjan\u00e7ant la presentaci\u00f3 oral de projectes o activitats realitzades a les diferents assignatures.<\/p>\n<p>De la mateixa manera que en les TIL, l\u2019equip de professors decideix a principi de curs, el repartiment equilibrat del treball de l\u2019exposici\u00f3 oral en els diferents trimestres del curs i des de les diferents mat\u00e8ries.<\/p>\n<p>Els alumnes disposen d\u2019una r\u00fabrica d\u2019avaluaci\u00f3 de l\u2019exposici\u00f3 oral que treballen a classe i els permet saber en tot moment com fer una bona presentaci\u00f3 i captar l\u2019atenci\u00f3 del p\u00fablic.<\/p>\n<h5>TIC<\/h5>\n<p>Acci\u00f3 espec\u00edfica per millorar l\u2019\u00fas de les noves tecnologies i els paquets inform\u00e0tics.<\/p>\n<p>A primer d\u2019ESO, des de l\u2019assignatura de tecnologia, treballen el processador de textos a la primera avaluaci\u00f3. Els altres dos trimestres, els professors de les diferents assignatures consoliden aquest aprenentatge demanant tasques realitzades amb aquesta eina.<\/p>\n<p>A segon d\u2019ESO, amb la mateixa estructura que a primer, es treballen les presentacions i a tercer d\u2019ESO, els fulls de c\u00e0lcul.<\/p>\n<p>Des del curs 18-19 es pret\u00e9n, a m\u00e9s a m\u00e9s, formar els alumnes en l\u2019entorn Google.<\/p>\n<p>Cada alumne disposa d\u2019un correu corporatiu. El professorat del centre utilitza, a part del llibre de text, la plataforma Clickedu, el Moodle del centre per tenir-hi els seus cursos, el Classroom, o webs i blocs propis. L\u2019institut compte amb 3 aules inform\u00e0tiques espec\u00edfiques i amb aules inform\u00e0tiques desplegables per utilitzar a la pr\u00f2pia aula del grup aix\u00ed com tamb\u00e9 ordinadors personals a 2n cicle d&#8217;ESO i a Batxillerat.<\/p>\n<h5>T\u00e8cniques i h\u00e0bits d\u2019estudi<\/h5>\n<p>Des de les tutories i, englobades des de diferents mat\u00e8ries, s\u2019ensenyen i es treballen diferents t\u00e8cniques d\u2019estudi com el resum, el subratllat, l\u2019esquema,&#8230; A cada nivell se\u2019n treballen tres de diferents per tal d\u2019arribar al m\u00e0xim nombre possible d\u2019estrat\u00e8gies d\u2019estudi.<\/p>\n<h5>Aprenentatge cooperatiu<\/h5>\n<p><img loading=\"lazy\" decoding=\"async\" class=\"alignright wp-image-4282 size-medium\" src=\"http:\/\/agora.xtec.cat\/iespauvila\/wp-content\/uploads\/usu486\/2015\/10\/Aprenetatge-col-300x172.png\" alt=\"\" width=\"300\" height=\"172\" srcset=\"https:\/\/agora.xtec.cat\/iespauvila\/wp-content\/uploads\/usu486\/2015\/10\/Aprenetatge-col-300x172.png 300w, https:\/\/agora.xtec.cat\/iespauvila\/wp-content\/uploads\/usu486\/2015\/10\/Aprenetatge-col.png 762w\" sizes=\"auto, (max-width: 300px) 100vw, 300px\" \/>L\u2019<strong>Aprenentatge Cooperatiu<\/strong> \u00e9s una nova estrat\u00e8gia de treball que estimula l\u2019<strong>aprenentatge actiu<\/strong>, facilita el desenvolupament d\u2019<strong>habilitats socials<\/strong> i afavoreix el <strong>pensament cr\u00edtic<\/strong> i la <strong>creativitat<\/strong>.<\/p>\n<p>Els alumnes de primer d\u2019ESO treballen diferents t\u00e8cniques de treball en equip (trencaclosques, grups d\u2019investigaci\u00f3\u2026) perqu\u00e8 les puguin aplicar en el seu dia a dia, quan treballin en grup a classe i tamb\u00e9 v\u00e0ries t\u00e8cniques cooperatives (lectura compartida, 1-2-4, aturada de tres minuts, llapis al mig\u2026)<\/p>\n<p>Poden avaluar el seu treball a partir d\u2019una r\u00fabrica en qu\u00e8 analitzen, entre altres, el nivell de col\u00b7laboraci\u00f3, l\u2019aprofitament del temps, els compromisos individuals\u2026<\/p>\n<h5>CCC (Cura compartida de la conviv\u00e8ncia)<\/h5>\n<p>La neteja, el silenci, el respecte pels dem\u00e9s i per l\u2019entorn, l\u2019efici\u00e8ncia energ\u00e8tica, &#8230; s\u00f3n valors que es treballen a nivell conjunt per\u00f2 focalitzats a la tutoria.<\/p>\n<h2>Transversalitat<\/h2>\n<h5>Cr\u00e8dit de s\u00edntesi<\/h5>\n<p>El treball de s\u00edntesi \u00e9s un conjunt d&#8217;activitats d&#8217;ensenyament i aprenentatge, fetes en equip, per desenvolupar compet\u00e8ncies complexes i comprovar si s&#8217;ha aconseguit, i fins a quin punt, que l&#8217;alumnat sigui capa\u00e7 d&#8217;aplicar les compet\u00e8ncies b\u00e0siques treballades en les diferents mat\u00e8ries per a la resoluci\u00f3 de q\u00fcestions i problemes relacionats amb la vida pr\u00e0ctica. Integra continguts de diverses mat\u00e8ries i admet diferents concrecions temporals. Es fa en els cursos de 1r, 2n i 3r d&#8217;ESO.<\/p>\n<p><strong>1r d\u2019ESO: El nostre joc de taula<\/strong><\/p>\n<figure class=\"figure wp-caption alignright\"><img loading=\"lazy\" decoding=\"async\" class=\"wp-image-4415 size-medium\" src=\"http:\/\/agora.xtec.cat\/iespauvila\/wp-content\/uploads\/usu486\/2018\/02\/Sinetsi-1r-ESO-300x225.jpg\" alt=\"\" width=\"300\" height=\"225\" srcset=\"https:\/\/agora.xtec.cat\/iespauvila\/wp-content\/uploads\/usu486\/2018\/02\/Sinetsi-1r-ESO-300x225.jpg 300w, https:\/\/agora.xtec.cat\/iespauvila\/wp-content\/uploads\/usu486\/2018\/02\/Sinetsi-1r-ESO-768x576.jpg 768w, https:\/\/agora.xtec.cat\/iespauvila\/wp-content\/uploads\/usu486\/2018\/02\/Sinetsi-1r-ESO-200x150.jpg 200w, https:\/\/agora.xtec.cat\/iespauvila\/wp-content\/uploads\/usu486\/2018\/02\/Sinetsi-1r-ESO.jpg 800w\" sizes=\"auto, (max-width: 300px) 100vw, 300px\" \/><figcaption class=\"wp-caption-text\">El nostre joc de taula<\/figcaption><\/figure>\n<p>Es tracta de presentar un joc de taula sobre la ciutat de Sabadell, constru\u00eft perqu\u00e8 qualsevol persona pugui jugar-hi, complementat amb un bloc on hi hagi entrades di\u00e0ries del dia a dia del treball realitzat i la feina aconseguida, i amb un anunci publicitari, en angl\u00e8s, presentant el joc.<\/p>\n<p><strong>2n d\u2019ESO: Mostrem el m\u00f3n<\/strong><\/p>\n<p>Els objectius d\u2019aquest cr\u00e8dit de s\u00edntesi es divideixen en dos blocs. Per una banda, aprofundir en el treball cooperatiu, i per altra banda preparar una paradeta informativa sobre una zona tur\u00edstica que hauran escollit cada grup d\u2019alumnes i que caldr\u00e0 exposar a familiars i alumnes l&#8217;\u00faltim dia del cr\u00e8dit.<\/p>\n<p><img loading=\"lazy\" decoding=\"async\" class=\"alignleft wp-image-4420 size-medium\" src=\"http:\/\/agora.xtec.cat\/iespauvila\/wp-content\/uploads\/usu486\/2018\/02\/sintesi-2n-2-300x225.jpg\" alt=\"\" width=\"300\" height=\"225\" srcset=\"https:\/\/agora.xtec.cat\/iespauvila\/wp-content\/uploads\/usu486\/2018\/02\/sintesi-2n-2-300x225.jpg 300w, https:\/\/agora.xtec.cat\/iespauvila\/wp-content\/uploads\/usu486\/2018\/02\/sintesi-2n-2-768x576.jpg 768w, https:\/\/agora.xtec.cat\/iespauvila\/wp-content\/uploads\/usu486\/2018\/02\/sintesi-2n-2-200x150.jpg 200w, https:\/\/agora.xtec.cat\/iespauvila\/wp-content\/uploads\/usu486\/2018\/02\/sintesi-2n-2.jpg 800w\" sizes=\"auto, (max-width: 300px) 100vw, 300px\" \/><img loading=\"lazy\" decoding=\"async\" class=\"alignleft wp-image-4421 size-medium\" src=\"http:\/\/agora.xtec.cat\/iespauvila\/wp-content\/uploads\/usu486\/2018\/02\/Sintesi-2n-300x225.jpg\" alt=\"\" width=\"300\" height=\"225\" srcset=\"https:\/\/agora.xtec.cat\/iespauvila\/wp-content\/uploads\/usu486\/2018\/02\/Sintesi-2n-300x225.jpg 300w, https:\/\/agora.xtec.cat\/iespauvila\/wp-content\/uploads\/usu486\/2018\/02\/Sintesi-2n-768x576.jpg 768w, https:\/\/agora.xtec.cat\/iespauvila\/wp-content\/uploads\/usu486\/2018\/02\/Sintesi-2n-200x150.jpg 200w, https:\/\/agora.xtec.cat\/iespauvila\/wp-content\/uploads\/usu486\/2018\/02\/Sintesi-2n.jpg 800w\" sizes=\"auto, (max-width: 300px) 100vw, 300px\" \/><\/p>\n<p>Algunes de les tasques que els alumnes hauran de fer s\u00f3n elaborar: un tr\u00edptic informatiu en angl\u00e8s, un mini diccionari de superviv\u00e8ncia amb el vocabulari b\u00e0sic, un p\u00f2ster, un v\u00eddeo i un souvenir o una mostra gastron\u00f2mica o una exhibici\u00f3 cultural sobre folklore, edificis o personatges emblem\u00e0tics, medi natural, contes tradicionals&#8230; Una gran feina que enriqueix a tota la comunitat educativa.<\/p>\n<p><strong>3r d\u2019ESO: Acampada a N\u00faria<\/strong><\/p>\n<p>La gran majoria d\u2019alumnes realitza una acampada a la Vall de N\u00faria durant 5 dies. Es vol donar a con\u00e8ixer aquesta vall i aprofundir en els continguts curriculars de diverses \u00e0rees.<\/p>\n<p><img loading=\"lazy\" decoding=\"async\" class=\"alignleft size-medium wp-image-4430\" src=\"http:\/\/agora.xtec.cat\/iespauvila\/wp-content\/uploads\/usu486\/2018\/02\/Nuria-1-300x201.png\" alt=\"\" width=\"300\" height=\"201\" srcset=\"https:\/\/agora.xtec.cat\/iespauvila\/wp-content\/uploads\/usu486\/2018\/02\/Nuria-1-300x201.png 300w, https:\/\/agora.xtec.cat\/iespauvila\/wp-content\/uploads\/usu486\/2018\/02\/Nuria-1.png 672w\" sizes=\"auto, (max-width: 300px) 100vw, 300px\" \/><img loading=\"lazy\" decoding=\"async\" class=\"alignleft wp-image-4431 size-medium\" src=\"http:\/\/agora.xtec.cat\/iespauvila\/wp-content\/uploads\/usu486\/2018\/02\/Nuria-2-300x198.png\" alt=\"\" width=\"300\" height=\"198\" srcset=\"https:\/\/agora.xtec.cat\/iespauvila\/wp-content\/uploads\/usu486\/2018\/02\/Nuria-2-300x198.png 300w, https:\/\/agora.xtec.cat\/iespauvila\/wp-content\/uploads\/usu486\/2018\/02\/Nuria-2.png 691w\" sizes=\"auto, (max-width: 300px) 100vw, 300px\" \/><\/p>\n<p>Des del campament es poden fer moltes excursions als cims que envolten la Vall de N\u00faria i que formen el que es coneix amb el nom de l\u2019Olla de N\u00faria : Puigmal, Pic del Segre, Finestrelles, Pic d\u2019Eina, Nou Fonts, Nou Creus, Coma de Vaca, Torreneules&#8230; Pr\u00e8viament a la sortida, els alumnes treballen en petit grup com muntar i desmuntar una tenda, elaboren el seu propi men\u00fa pels dies d\u2019estada, la seva compra&#8230; Un cop situats a N\u00faria, descobreixen el que \u00e9s conviure amb la natura, amb els companys, amb el clima\u2026 A m\u00e9s a m\u00e9s, realitzen excursions de descoberta de la natura, participen en gimcanes, fan activitats curriculars&#8230; Una viv\u00e8ncia que recorden per sempre.<\/p>\n<p><strong>4t d\u2019ESO: Projecte de recerca<\/strong><\/p>\n<p>El projecte de recerca \u00e9s un conjunt d&#8217;activitats de descoberta i recerca realitzades per l&#8217;alumnat de 4t d&#8217;ESO en equip, sobre un tema transversal del curr\u00edculum o focalitzat en un \u00e0mbit determinat, per tal de comprovar el grau d&#8217;autonomia de l&#8217;alumnat i la seva capacitat per treballar en grup.<\/p>\n<h5>Jornades especials del calendari<\/h5>\n<dl>\n<dt>Dia de la ci\u00e8ncia: 15 de novembre<\/dt>\n<dd>Tots els alumnes de l&#8217;institut participen en aquesta jornada de commemoraci\u00f3 de la ci\u00e8ncia.<br \/>\nEls alumnes de 1r de batxillerat cient\u00edfico-tecnol\u00f2gic preparen una gimcana amb m\u00e9s de 20 stands en la que hi participen els alumnes de primer i segon d&#8217;ESO. Aquests stands s\u00f3n molt diversos: reconeixements de f\u00f2ssils, d&#8217;eines, fulles d&#8217;arbre, treballs amb el foc i el buit, coneixen\u00e7a de les propietats del sab\u00f3, endevinar s\u00edmbols qu\u00edmics, recon\u00e8ixer objectes per la seva olor, pel tacte, associar cient\u00edfics amb els seus invents&#8230; involucrant diverses \u00e0rees cient\u00edfiques: tecnologia, f\u00edsica, qu\u00edmica, matem\u00e0tiques i ci\u00e8ncies naturals.<br \/>\nEls de segon de batxillerat preparen un seguit d&#8217;experiments cient\u00edfics perqu\u00e8 puguin realitzar els de tercer d&#8217;ESO: tallers de rob\u00f2tica, de creaci\u00f3 d&#8217;slim&#8230;. A m\u00e9s a m\u00e9s, realitzen tres tallers de matem\u00e0tiques on en un d&#8217;ells munten la c\u00fapula de Leonardo Da Vinci.Els alumnes de quart d&#8217;ESO realitzen una xerrada o observaci\u00f3 del Sol, per part de professionals de l&#8217;observatori astron\u00f2mic de Sabadell i tamb\u00e9 uns p\u00f2sters sobre sortides professionals cient\u00edfiques. Aquesta activitat els serveix tamb\u00e9 com a orientaci\u00f3 professional.<br \/>\nTot aix\u00f2 combinat amb sortides al Museu Blau de Barcelona, al riu Ripoll i a la Col\u00f2nia Vidal.<br \/>\nUna experi\u00e8ncia diferent en contacte directe amb la ci\u00e8ncia.<\/dd>\n<dt>Carnestoltes<\/dt>\n<dd><img loading=\"lazy\" decoding=\"async\" class=\"alignright size-medium wp-image-4449\" src=\"http:\/\/agora.xtec.cat\/iespauvila\/wp-content\/uploads\/usu486\/2018\/02\/carnestoltes-300x192.png\" alt=\"\" width=\"300\" height=\"192\" srcset=\"https:\/\/agora.xtec.cat\/iespauvila\/wp-content\/uploads\/usu486\/2018\/02\/carnestoltes-300x192.png 300w, https:\/\/agora.xtec.cat\/iespauvila\/wp-content\/uploads\/usu486\/2018\/02\/carnestoltes.png 660w\" sizes=\"auto, (max-width: 300px) 100vw, 300px\" \/>Una diada festiva organitzada exclusivament per l\u2019Assemblea d\u2019estudiants del Pau Vila. Aquesta engresca a la resta d\u2019alumnes del centre a partir durant una setmana a activitats diverses i t\u00e9 el seu punt culminant el divendres de Carnestoltes amb un gran concurs de disfresses i talents.<\/dd>\n<dt>Sant Jordi<\/dt>\n<dd>Aquesta festa est\u00e0 organitzada pels departaments de lleng\u00fces de l\u2019institut. Pret\u00e9n fomentar l\u2019\u00fas de la lectura i l\u2019escriptura i apropar la cultura liter\u00e0ria i musical als nois i noies. La meitat de la festa consisteix en la representaci\u00f3 d\u2019una obra teatral i l\u2019altra, en la realitzaci\u00f3 de diversos tallers tant de m\u00fasica, com d\u2019arts o de treball de lleng\u00fces.<br \/>\nA m\u00e9s a m\u00e9s, s\u2019organitzen tamb\u00e9 els Jocs Florals en els quals poden participar volunt\u00e0riament tots els alumnes del centre, tant en llengua catalana com castellana, i anglesa en el cas de batxillerat.<br \/>\nEls relats premiats participen al concurs Pere Quart organitzat per l\u2019Ajuntament de Sabadell.<\/dd>\n<\/dl>\n<h5>Aprenentatge per projectes<\/h5>\n<p>Des del curs 17-18, es vetlla perqu\u00e8 des a cada nivell es porti a terme un projecte curricular on s\u2019impliquin for\u00e7a mat\u00e8ries del curr\u00edculum.<\/p>\n<ul>\n<li>1r d\u2019ESO: L\u2019Univers<\/li>\n<li>2n d\u2019ESO: L\u2019Ocell de foc, aprenent de joglar. El Pau Vila medieval.<\/li>\n<li>3r d\u2019ESO: La sang<\/li>\n<li>4t d\u2019ESO: La Guerra Freda<\/li>\n<\/ul>\n<h2>Orientaci\u00f3<\/h2>\n<p>Els tutors, els professors del departament d\u2019Orientaci\u00f3 Educativa i el coordinadors de l\u2019institut, porten a terme tot un seguit d\u2019activitats d\u2019autoconeixement i orientaci\u00f3 per l\u2019alumnat des de 1r fins a 4t d\u2019ESO.<\/p>\n<p>Aquestes activitats configuren la carpeta d\u2019autoconeixement-orientaci\u00f3, que serveix a l\u2019alumne, a part de con\u00e8ixer les seves compet\u00e8ncies i habilitats, per poder triar amb m\u00e9s coneixement i seguretat qu\u00e8 fer en acabar l\u2019ESO.<\/p>\n","protected":false},"excerpt":{"rendered":"<p>Projecte AEG (Accions Educatives Globalitzades)<br \/>\nLes accions educatives globalitzades s\u00f3n metodologies i activitats que es fan des de totes les mat\u00e8ries a un mateix nivell amb l\u2019objectiu d\u2019assolir un aspecte de l\u2019aprenentatge que \u00e9s compartit.<br \/>\nTIL (Tractament Integral de les Lleng\u00fces)<br \/>\nAcci\u00f3 espec\u00edfica per millorar l\u2019expressi\u00f3 escrita de&hellip;  <a href=\"https:\/\/agora.xtec.cat\/iespauvila\/projecte-educatiu\/experiencies-pedagogiques\/\" title=\"Read Experi\u00e8ncies pedag\u00f2giques\">Llegeix m\u00e9s\u00bb<\/a><\/p>\n","protected":false},"author":1,"featured_media":0,"parent":57,"menu_order":36,"comment_status":"closed","ping_status":"closed","template":"page-templates\/side-menu.php","meta":{"_bbp_topic_count":0,"_bbp_reply_count":0,"_bbp_total_topic_count":0,"_bbp_total_reply_count":0,"_bbp_voice_count":0,"_bbp_anonymous_reply_count":0,"_bbp_topic_count_hidden":0,"_bbp_reply_count_hidden":0,"_bbp_forum_subforum_count":0,"footnotes":""},"class_list":["post-4392","page","type-page","status-publish","hentry"],"post_mailing_queue_ids":[],"_links":{"self":[{"href":"https:\/\/agora.xtec.cat\/iespauvila\/wp-json\/wp\/v2\/pages\/4392","targetHints":{"allow":["GET"]}}],"collection":[{"href":"https:\/\/agora.xtec.cat\/iespauvila\/wp-json\/wp\/v2\/pages"}],"about":[{"href":"https:\/\/agora.xtec.cat\/iespauvila\/wp-json\/wp\/v2\/types\/page"}],"author":[{"embeddable":true,"href":"https:\/\/agora.xtec.cat\/iespauvila\/wp-json\/wp\/v2\/users\/1"}],"replies":[{"embeddable":true,"href":"https:\/\/agora.xtec.cat\/iespauvila\/wp-json\/wp\/v2\/comments?post=4392"}],"version-history":[{"count":3,"href":"https:\/\/agora.xtec.cat\/iespauvila\/wp-json\/wp\/v2\/pages\/4392\/revisions"}],"predecessor-version":[{"id":11532,"href":"https:\/\/agora.xtec.cat\/iespauvila\/wp-json\/wp\/v2\/pages\/4392\/revisions\/11532"}],"up":[{"embeddable":true,"href":"https:\/\/agora.xtec.cat\/iespauvila\/wp-json\/wp\/v2\/pages\/57"}],"wp:attachment":[{"href":"https:\/\/agora.xtec.cat\/iespauvila\/wp-json\/wp\/v2\/media?parent=4392"}],"curies":[{"name":"wp","href":"https:\/\/api.w.org\/{rel}","templated":true}]}}