{"id":395,"date":"2015-10-30T17:50:27","date_gmt":"2015-10-30T16:50:27","guid":{"rendered":"http:\/\/agora.xtec.cat\/iespauvila\/?page_id=395"},"modified":"2018-02-20T12:28:40","modified_gmt":"2018-02-20T11:28:40","slug":"coordinacio-primaria-secundaria","status":"publish","type":"page","link":"https:\/\/agora.xtec.cat\/iespauvila\/projecte-educatiu\/coordinacio-primaria-secundaria\/","title":{"rendered":"Coordinaci\u00f3 prim\u00e0ria-secund\u00e0ria"},"content":{"rendered":"<h2>Visita de l&#8217;alumnat de secund\u00e0ria a l&#8217;alumnat de prim\u00e0ria<\/h2>\n<p>Ja \u00e9s tradici\u00f3 que l&#8217;alumnat de 1r d&#8217;ESO visiti les seves antigues escoles i expliqui a l&#8217;alumnat de 6\u00e8 de prim\u00e0ria la seva pr\u00f2pia experi\u00e8ncia del primer any a l&#8217;institut. Generalment es fa durant el mes de febrer.<\/p>\n<h2>Reuni\u00f3 de l&#8217;equip directiu de l&#8217;institut amb les fam\u00edlies de prim\u00e0ria<\/h2>\n<p>L&#8217;equip directiu de l&#8217;institut es reuneix amb les fam\u00edlies de les escoles adscrites per presentar el projecte educatiu del centre i explicar qualsevol informaci\u00f3 que aquelles puguin demanar. Generalment es fa al febrer.<\/p>\n<h2>Jornada de portes obertes de l&#8217;institut<\/h2>\n<p>Sol fer-se a principis de mar\u00e7 en funci\u00f3 del calendari de preinscripci\u00f3 que publica el Departament d&#8217;Ensenyament.<\/p>\n<h2>Pen Friends<\/h2>\n<p>Dins de les actuacions de coordinaci\u00f3 de prim\u00e0ria i secund\u00e0ria, el projecte PEN FRIENDS vol incidir en refor\u00e7ar la llengua anglesa tenint com a refer\u00e8ncia les compet\u00e8ncies b\u00e0siques i fent especial \u00e8mfasi en l&#8217;expressi\u00f3 escrita.<\/p>\n<p>Algunes de les activitats de qu\u00e8 consta el projecte s\u00f3n:<\/p>\n<ul>\n<li>Els alumnes de sis\u00e8 i de primer d&#8217;ESO es presenten i es donen a con\u00e8ixer en un v\u00eddeo compartit en una plataforma restringida.<\/li>\n<li>Redacci\u00f3 de cartes de presentaci\u00f3.<\/li>\n<li>Treball de biografies de personatges c\u00e8lebres.<\/li>\n<li>Coneixen\u00e7a dels <strong><em>pen friends<\/em><\/strong> en la Jornada JIC. Gimcana de biografies.<\/li>\n<\/ul>\n<h2>Teatre en angl\u00e8s de secund\u00e0ria per a prim\u00e0ria<\/h2>\n<p>Alumnes de quart d&#8217;ESO participen en el muntatge una obra de teatre en angl\u00e8s i la representen per l&#8217;alumnat de les escoles adscrites, per les fam\u00edlies i per la Mostra de teatre infantil de Sabadell, organitzada per l&#8217;Ajuntament.<\/p>\n<p><iframe loading=\"lazy\" title=\"A TASTE OF HEAVEN\" src=\"https:\/\/player.vimeo.com\/video\/88051973?dnt=1&amp;app_id=122963\" width=\"500\" height=\"375\" frameborder=\"0\" allow=\"autoplay; fullscreen; picture-in-picture; clipboard-write\"><\/iframe><\/p>\n<h2>Titelles en angl\u00e8s de secund\u00e0ria per a prim\u00e0ria<\/h2>\n<p>Alumnes de tercer d&#8217;ESO participen en el muntatge una obra amb titelles en angl\u00e8s i la representen per l&#8217;alumnat de les escoles adscrites. S&#8217;utilitza un teatret portable fabricat pel seminari de tecnologia. Cada any es prepara una obra diferent.<\/p>\n<h2>Deures d&#8217;estiu unificats<\/h2>\n<p>Deures d&#8217;estiu unificats per a sis\u00e8 de prim\u00e0ria.<\/p>\n","protected":false},"excerpt":{"rendered":"<p>Visita de l&#8217;alumnat de secund\u00e0ria a l&#8217;alumnat de prim\u00e0ria<br \/>\nJa \u00e9s tradici\u00f3 que l&#8217;alumnat de 1r d&#8217;ESO visiti les seves antigues escoles i expliqui a l&#8217;alumnat de 6\u00e8 de prim\u00e0ria la seva pr\u00f2pia experi\u00e8ncia del primer any a l&#8217;institut. Generalment es fa durant el mes de&hellip;  <a href=\"https:\/\/agora.xtec.cat\/iespauvila\/projecte-educatiu\/coordinacio-primaria-secundaria\/\" title=\"Read Coordinaci\u00f3 prim\u00e0ria-secund\u00e0ria\">Llegeix m\u00e9s\u00bb<\/a><\/p>\n","protected":false},"author":1,"featured_media":0,"parent":57,"menu_order":37,"comment_status":"closed","ping_status":"closed","template":"page-templates\/side-menu.php","meta":{"_bbp_topic_count":0,"_bbp_reply_count":0,"_bbp_total_topic_count":0,"_bbp_total_reply_count":0,"_bbp_voice_count":0,"_bbp_anonymous_reply_count":0,"_bbp_topic_count_hidden":0,"_bbp_reply_count_hidden":0,"_bbp_forum_subforum_count":0,"footnotes":""},"class_list":["post-395","page","type-page","status-publish","hentry"],"post_mailing_queue_ids":[],"_links":{"self":[{"href":"https:\/\/agora.xtec.cat\/iespauvila\/wp-json\/wp\/v2\/pages\/395","targetHints":{"allow":["GET"]}}],"collection":[{"href":"https:\/\/agora.xtec.cat\/iespauvila\/wp-json\/wp\/v2\/pages"}],"about":[{"href":"https:\/\/agora.xtec.cat\/iespauvila\/wp-json\/wp\/v2\/types\/page"}],"author":[{"embeddable":true,"href":"https:\/\/agora.xtec.cat\/iespauvila\/wp-json\/wp\/v2\/users\/1"}],"replies":[{"embeddable":true,"href":"https:\/\/agora.xtec.cat\/iespauvila\/wp-json\/wp\/v2\/comments?post=395"}],"version-history":[{"count":2,"href":"https:\/\/agora.xtec.cat\/iespauvila\/wp-json\/wp\/v2\/pages\/395\/revisions"}],"predecessor-version":[{"id":4455,"href":"https:\/\/agora.xtec.cat\/iespauvila\/wp-json\/wp\/v2\/pages\/395\/revisions\/4455"}],"up":[{"embeddable":true,"href":"https:\/\/agora.xtec.cat\/iespauvila\/wp-json\/wp\/v2\/pages\/57"}],"wp:attachment":[{"href":"https:\/\/agora.xtec.cat\/iespauvila\/wp-json\/wp\/v2\/media?parent=395"}],"curies":[{"name":"wp","href":"https:\/\/api.w.org\/{rel}","templated":true}]}}