{"id":39,"date":"2014-09-17T16:36:44","date_gmt":"2014-09-17T16:36:44","guid":{"rendered":"http:\/\/agora.xtec.cat\/iespauvila\/?page_id=39"},"modified":"2022-09-14T13:04:19","modified_gmt":"2022-09-14T11:04:19","slug":"instal%c2%b7lacions","status":"publish","type":"page","link":"https:\/\/agora.xtec.cat\/iespauvila\/linstitut\/instal%c2%b7lacions\/","title":{"rendered":"Instal\u00b7lacions"},"content":{"rendered":"\r\n\t<div class=\"slideshow_container slideshow_container_style-light\" style=\"height: 200px; \" data-slideshow-id=\"31\" data-style-name=\"style-light\" data-style-version=\"2.3.1\" >\r\n\r\n\t\t\t\t\t<div class=\"slideshow_loading_icon\"><\/div>\r\n\t\t\r\n\t\t<div class=\"slideshow_content\" style=\"display: none;\">\r\n\r\n\t\t\t<div class=\"slideshow_view\">\r\n\t\t\t\t<div class=\"slideshow_slide slideshow_slide_image\">\r\n\t\t\t\t\t\t\t\t\t\t\t<img src=\"https:\/\/agora.xtec.cat\/iespauvila\/wp-content\/uploads\/usu486\/2015\/06\/aulamagna.jpg\" alt=\"Aula Magna\" width=\"1000\" height=\"636\" \/>\r\n\t\t\t\t\t\t\t\t\t\t<div class=\"slideshow_description_box slideshow_transparent\">\r\n\t\t\t\t\t\t<div class=\"slideshow_title\">Aula Magna<\/div>\t\t\t\t\t\t<div class=\"slideshow_description\">Audiovisuals general<\/div>\t\t\t\t\t<\/div>\r\n\t\t\t\t<\/div>\r\n\r\n\t\t\t\t\t\t<div style=\"clear: both;\"><\/div><\/div><div class=\"slideshow_view\">\r\n\t\t\t\t<div class=\"slideshow_slide slideshow_slide_image\">\r\n\t\t\t\t\t\t\t\t\t\t\t<img src=\"https:\/\/agora.xtec.cat\/iespauvila\/wp-content\/uploads\/usu486\/2015\/06\/pista2.jpg\" alt=\"Pista de b\u00e0squet\" width=\"996\" height=\"400\" \/>\r\n\t\t\t\t\t\t\t\t\t\t<div class=\"slideshow_description_box slideshow_transparent\">\r\n\t\t\t\t\t\t<div class=\"slideshow_title\">Pista de b\u00e0squet<\/div>\t\t\t\t\t\t\t\t\t\t\t<\/div>\r\n\t\t\t\t<\/div>\r\n\r\n\t\t\t\t\t\t<div style=\"clear: both;\"><\/div><\/div><div class=\"slideshow_view\">\r\n\t\t\t\t<div class=\"slideshow_slide slideshow_slide_image\">\r\n\t\t\t\t\t\t\t\t\t\t\t<img src=\"https:\/\/agora.xtec.cat\/iespauvila\/wp-content\/uploads\/usu486\/2015\/06\/informatica.jpg\" alt=\"lnform\u00e0tica\" width=\"1000\" height=\"667\" \/>\r\n\t\t\t\t\t\t\t\t\t\t<div class=\"slideshow_description_box slideshow_transparent\">\r\n\t\t\t\t\t\t<div class=\"slideshow_title\">lnform\u00e0tica<\/div>\t\t\t\t\t\t<div class=\"slideshow_description\">Aula digital<\/div>\t\t\t\t\t<\/div>\r\n\t\t\t\t<\/div>\r\n\r\n\t\t\t\t\t\t<div style=\"clear: both;\"><\/div><\/div><div class=\"slideshow_view\">\r\n\t\t\t\t<div class=\"slideshow_slide slideshow_slide_image\">\r\n\t\t\t\t\t\t\t\t\t\t\t<img src=\"https:\/\/agora.xtec.cat\/iespauvila\/wp-content\/uploads\/usu486\/2015\/06\/salactes.jpg\" alt=\"Sala d&#039;actes\" width=\"1000\" height=\"667\" \/>\r\n\t\t\t\t\t\t\t\t\t\t<div class=\"slideshow_description_box slideshow_transparent\">\r\n\t\t\t\t\t\t<div class=\"slideshow_title\">Sala d&#039;actes<\/div>\t\t\t\t\t\t\t\t\t\t\t<\/div>\r\n\t\t\t\t<\/div>\r\n\r\n\t\t\t\t\t\t<div style=\"clear: both;\"><\/div><\/div><div class=\"slideshow_view\">\r\n\t\t\t\t<div class=\"slideshow_slide slideshow_slide_image\">\r\n\t\t\t\t\t\t\t\t\t\t\t<img src=\"https:\/\/agora.xtec.cat\/iespauvila\/wp-content\/uploads\/usu486\/2015\/06\/labCN1.jpg\" alt=\"Laboratori CN\" width=\"988\" height=\"638\" \/>\r\n\t\t\t\t\t\t\t\t\t\t<div class=\"slideshow_description_box slideshow_transparent\">\r\n\t\t\t\t\t\t<div class=\"slideshow_title\">Laboratori CN<\/div>\t\t\t\t\t\t\t\t\t\t\t<\/div>\r\n\t\t\t\t<\/div>\r\n\r\n\t\t\t\t\t\t<div style=\"clear: both;\"><\/div><\/div><div class=\"slideshow_view\">\r\n\t\t\t\t<div class=\"slideshow_slide slideshow_slide_image\">\r\n\t\t\t\t\t\t\t\t\t\t\t<img src=\"https:\/\/agora.xtec.cat\/iespauvila\/wp-content\/uploads\/usu486\/2015\/06\/aula-.jpg\" alt=\"Aula ordin\u00e0ria\" width=\"1000\" height=\"667\" \/>\r\n\t\t\t\t\t\t\t\t\t\t<div class=\"slideshow_description_box slideshow_transparent\">\r\n\t\t\t\t\t\t<div class=\"slideshow_title\">Aula ordin\u00e0ria<\/div>\t\t\t\t\t\t\t\t\t\t\t<\/div>\r\n\t\t\t\t<\/div>\r\n\r\n\t\t\t\t\t\t<div style=\"clear: both;\"><\/div><\/div>\r\n\t\t<\/div>\r\n\r\n\t\t<div class=\"slideshow_controlPanel slideshow_transparent\" style=\"display: none;\"><ul><li class=\"slideshow_togglePlay\" data-play-text=\"Visualitza\" data-pause-text=\"Pausa\"><\/li><\/ul><\/div>\r\n\r\n\t\t<div class=\"slideshow_button slideshow_previous slideshow_transparent\" role=\"button\" data-previous-text=\"Anterior\" style=\"display: none;\"><\/div>\r\n\t\t<div class=\"slideshow_button slideshow_next slideshow_transparent\" role=\"button\" data-next-text=\"Seg\u00fcent\" style=\"display: none;\"><\/div>\r\n\r\n\t\t<div class=\"slideshow_pagination\" style=\"display: none;\" data-go-to-text=\"V\u00e9s a la diapositiva\"><div class=\"slideshow_pagination_center\"><\/div><\/div>\r\n\r\n\t\t<!-- WordPress Slideshow Version 2.3.1 -->\r\n\r\n\t\t\t<\/div>\r\n\r\n\n<p>&nbsp;<\/p>\n<p>L&#8217;Institut Pau Vila ha anat creixent al llarg de la seva <a title=\"Hist\u00f2ria\" href=\"http:\/\/agora.xtec.cat\/iespauvila\/linstitut\/historia\/\">hist\u00f2ria<\/a> amb l&#8217;objectiu de cobrir la demanda de la societat . Actualment est\u00e0 format per diverses construccions, en el mateix recinte, que acullen les instal\u00b7lacions del centre. Tenim xarxa WIFI i per cable, totes les aules tenen PDI i port\u00e0tils per a l&#8217;alumnat. \u00c9s l\u2019\u00fanic institut de Sabadell que disposa d\u2019una sala d\u2019actes amb cabuda per a 250 persones i les aules de grup s\u00f3n for\u00e7a \u00e0mplies front les noves construccions.<\/p>\n<ul>\n<li>2 edificis d&#8217;aules digitalitzades<\/li>\n<li>2 pistes poliesportives (b\u00e0squet i futbol sala)<\/li>\n<li>2 gimnasos<\/li>\n<li>2 aules de dibuix<\/li>\n<li>2 laboratoris de F\u00edsica i Qu\u00edmica<\/li>\n<li>2 laboratoris de Ci\u00e8ncies Naturals<\/li>\n<li>1 aula d&#8217;audiovisuals general (aula magna)<\/li>\n<li>2 aules d&#8217;audiovisuals d&#8217;idiomes<\/li>\n<li>1 aula d&#8217;audiovisuals d&#8217;Hist\u00f2ria<\/li>\n<li>1 aula de producci\u00f3 d&#8217;audiovisuals (fons croma, focus, c\u00e0mera, &#8230;)<\/li>\n<li>3 aules digitals de Tecnologia<\/li>\n<li>1 aula digital de Matem\u00e0tiques<\/li>\n<li>2 aules d&#8217;Inform\u00e0tica<\/li>\n<li>1 aula oberta<\/li>\n<li>2 aules de M\u00fasica<\/li>\n<li>1 sala d&#8217;actes<\/li>\n<li>1 bar-cantina<\/li>\n<li>1 biblioteca del centre<\/li>\n<\/ul>\n","protected":false},"excerpt":{"rendered":"<p>\t\t\t\t\t\tAula Magna\t\t\t\t\t\tAudiovisuals general\t\t\t\t\t<\/p>\n<p>\t\t\t\t\t\tPista de b\u00e0squet\t\t\t\t\t\t\t\t\t\t\t<\/p>\n<p>\t\t\t\t\t\tlnform\u00e0tica\t\t\t\t\t\tAula digital\t\t\t\t\t<\/p>\n<p>\t\t\t\t\t\tSala d&#039;actes\t\t\t\t\t\t\t\t\t\t\t<\/p>\n<p>\t\t\t\t\t\tLaboratori CN\t\t\t\t\t\t\t\t\t\t\t<\/p>\n<p>\t\t\t\t\t\tAula ordin\u00e0ria\t\t\t\t\t\t\t\t\t\t\t<\/p>\n<ul>\n<li class=\"slideshow_togglePlay\" data-play-text=\"Visualitza\" data-pause-text=\"Pausa\"><\/li>\n<\/ul>\n<p>&nbsp;<br \/>\nL&#8217;Institut Pau Vila ha anat creixent al llarg de la seva <a title=\"Hist\u00f2ria\" href=\"http:\/\/agora.xtec.cat\/iespauvila\/linstitut\/historia\/\">hist\u00f2ria<\/a> amb l&#8217;objectiu de cobrir la demanda de la societat . Actualment est\u00e0 format per diverses construccions, en el mateix recinte,&hellip;  <a href=\"https:\/\/agora.xtec.cat\/iespauvila\/linstitut\/instal%c2%b7lacions\/\" title=\"Read Instal\u00b7lacions\">Llegeix m\u00e9s\u00bb<\/a><\/p>\n","protected":false},"author":1,"featured_media":0,"parent":19,"menu_order":14,"comment_status":"closed","ping_status":"closed","template":"page-templates\/side-menu.php","meta":{"_bbp_topic_count":0,"_bbp_reply_count":0,"_bbp_total_topic_count":0,"_bbp_total_reply_count":0,"_bbp_voice_count":0,"_bbp_anonymous_reply_count":0,"_bbp_topic_count_hidden":0,"_bbp_reply_count_hidden":0,"_bbp_forum_subforum_count":0,"footnotes":""},"class_list":["post-39","page","type-page","status-publish","hentry"],"post_mailing_queue_ids":[],"_links":{"self":[{"href":"https:\/\/agora.xtec.cat\/iespauvila\/wp-json\/wp\/v2\/pages\/39","targetHints":{"allow":["GET"]}}],"collection":[{"href":"https:\/\/agora.xtec.cat\/iespauvila\/wp-json\/wp\/v2\/pages"}],"about":[{"href":"https:\/\/agora.xtec.cat\/iespauvila\/wp-json\/wp\/v2\/types\/page"}],"author":[{"embeddable":true,"href":"https:\/\/agora.xtec.cat\/iespauvila\/wp-json\/wp\/v2\/users\/1"}],"replies":[{"embeddable":true,"href":"https:\/\/agora.xtec.cat\/iespauvila\/wp-json\/wp\/v2\/comments?post=39"}],"version-history":[{"count":4,"href":"https:\/\/agora.xtec.cat\/iespauvila\/wp-json\/wp\/v2\/pages\/39\/revisions"}],"predecessor-version":[{"id":13134,"href":"https:\/\/agora.xtec.cat\/iespauvila\/wp-json\/wp\/v2\/pages\/39\/revisions\/13134"}],"up":[{"embeddable":true,"href":"https:\/\/agora.xtec.cat\/iespauvila\/wp-json\/wp\/v2\/pages\/19"}],"wp:attachment":[{"href":"https:\/\/agora.xtec.cat\/iespauvila\/wp-json\/wp\/v2\/media?parent=39"}],"curies":[{"name":"wp","href":"https:\/\/api.w.org\/{rel}","templated":true}]}}