{"id":382,"date":"2015-10-28T13:37:50","date_gmt":"2015-10-28T12:37:50","guid":{"rendered":"http:\/\/agora.xtec.cat\/iespauvila\/?page_id=382"},"modified":"2015-11-25T15:25:50","modified_gmt":"2015-11-25T14:25:50","slug":"trets-didentitat","status":"publish","type":"page","link":"https:\/\/agora.xtec.cat\/iespauvila\/projecte-educatiu\/trets-didentitat\/","title":{"rendered":"Trets d&#8217;identitat"},"content":{"rendered":"<p>L&#8217;IES Pau Vila es va fundar l&#8217;any 1970 com a fruit de la lluita ve\u00efnal del barri. Encara que est\u00e0 empla\u00e7at al barri de Gr\u00e0cia de Sabadell, el seu alumnat procedeix de zones molt diferenciades de la nostra ciutat, per la qual cosa t\u00e9 una composici\u00f3 plural que es manifesta en una gran diversitat cultural, social i econ\u00f2mica.<\/p>\n<figure class=\"figure wp-caption alignright\"><a href=\"http:\/\/agora.xtec.cat\/iespauvila\/wp-content\/uploads\/usu486\/2015\/10\/castellersdesabadell.jpg\" target=\"_blank\"><img loading=\"lazy\" decoding=\"async\" class=\"wp-image-650 size-medium\" src=\"http:\/\/agora.xtec.cat\/iespauvila\/wp-content\/uploads\/usu486\/2015\/10\/castellersdesabadell-203x300.jpg\" alt=\"Els Castellers de Sabadell\" width=\"203\" height=\"300\" hspace=\"10\" vspace=\"15\" srcset=\"https:\/\/agora.xtec.cat\/iespauvila\/wp-content\/uploads\/usu486\/2015\/10\/castellersdesabadell-203x300.jpg 203w, https:\/\/agora.xtec.cat\/iespauvila\/wp-content\/uploads\/usu486\/2015\/10\/castellersdesabadell-692x1024.jpg 692w, https:\/\/agora.xtec.cat\/iespauvila\/wp-content\/uploads\/usu486\/2015\/10\/castellersdesabadell.jpg 811w\" sizes=\"auto, (max-width: 203px) 100vw, 203px\" \/><\/a><figcaption class=\"wp-caption-text\">Els Castellers de Sabadell al Pau Vila<\/figcaption><\/figure>\n<p>Des de la seva fundaci\u00f3, l&#8217;Institut Pau Vila ha destacat per la seva implicaci\u00f3 ciutadana i el tarann\u00e0 obert a la ciutat de Sabadell, i aix\u00f2 s&#8217;ha tradu\u00eft en una col\u00b7laboraci\u00f3 flu\u00efda amb les seves entitats culturals, socials i esportives. Bon exemple d&#8217;aquesta col\u00b7laboraci\u00f3 \u00e9s la <a href=\"https:\/\/ca-es.facebook.com\/BiblioPGracia\" target=\"_blank\">Biblioteca p\u00fablica de Gr\u00e0cia<\/a> que es troba allotjada a les instal\u00b7lacions de l&#8217;institut.<\/p>\n<p>El centre ha promogut activitats pedag\u00f2giques i c\u00edviques de tot tipus i molt sovint ha estat un punt de refer\u00e8ncia per a la comunitat educativa de la ciutat. En ell han exercit i exerceixen la doc\u00e8ncia equips de professores i professors de reconeguda traject\u00f2ria cultural i educativa i s&#8217;hi han format alumnes que han tingut despr\u00e9s una important projecci\u00f3 social i professional.<\/p>\n<p>Davant la Reforma Educativa, el professorat d&#8217;aquest institut ha tingut i t\u00e9 una actitud cr\u00edtica, reflexiva i din\u00e0mica i ha fet una adaptaci\u00f3 pr\u00f2pia del disseny curricular, fruit d&#8217;una profunda an\u00e0lisi, que en molts aspectes s&#8217;ha avan\u00e7at a les directrius que han arribat amb posterioritat des del Departament d&#8217;Ensenyament. L&#8217;institut Pau Vila \u00e9s un centre pioner en la recerca d&#8217;alternatives pedag\u00f2giques per donar resposta a la diversitat del seu alumnat. Una de les estrat\u00e8gies m\u00e9s significatives d&#8217;aquest treball ha estat\u00a0 l&#8217;aplicaci\u00f3 d&#8217;uns itineraris diferenciats a 4t. d&#8217;ESO .<\/p>\n","protected":false},"excerpt":{"rendered":"<p>L&#8217;IES Pau Vila es va fundar l&#8217;any 1970 com a fruit de la lluita ve\u00efnal del barri. Encara que est\u00e0 empla\u00e7at al barri de Gr\u00e0cia de Sabadell, el seu alumnat procedeix de zones molt diferenciades de la nostra ciutat, per la qual cosa t\u00e9 una&hellip;  <a href=\"https:\/\/agora.xtec.cat\/iespauvila\/projecte-educatiu\/trets-didentitat\/\" title=\"Read Trets d&#8217;identitat\">Llegeix m\u00e9s\u00bb<\/a><\/p>\n","protected":false},"author":1,"featured_media":0,"parent":57,"menu_order":31,"comment_status":"closed","ping_status":"closed","template":"page-templates\/side-menu.php","meta":{"_bbp_topic_count":0,"_bbp_reply_count":0,"_bbp_total_topic_count":0,"_bbp_total_reply_count":0,"_bbp_voice_count":0,"_bbp_anonymous_reply_count":0,"_bbp_topic_count_hidden":0,"_bbp_reply_count_hidden":0,"_bbp_forum_subforum_count":0,"footnotes":""},"class_list":["post-382","page","type-page","status-publish","hentry"],"post_mailing_queue_ids":[],"_links":{"self":[{"href":"https:\/\/agora.xtec.cat\/iespauvila\/wp-json\/wp\/v2\/pages\/382","targetHints":{"allow":["GET"]}}],"collection":[{"href":"https:\/\/agora.xtec.cat\/iespauvila\/wp-json\/wp\/v2\/pages"}],"about":[{"href":"https:\/\/agora.xtec.cat\/iespauvila\/wp-json\/wp\/v2\/types\/page"}],"author":[{"embeddable":true,"href":"https:\/\/agora.xtec.cat\/iespauvila\/wp-json\/wp\/v2\/users\/1"}],"replies":[{"embeddable":true,"href":"https:\/\/agora.xtec.cat\/iespauvila\/wp-json\/wp\/v2\/comments?post=382"}],"version-history":[{"count":3,"href":"https:\/\/agora.xtec.cat\/iespauvila\/wp-json\/wp\/v2\/pages\/382\/revisions"}],"predecessor-version":[{"id":1045,"href":"https:\/\/agora.xtec.cat\/iespauvila\/wp-json\/wp\/v2\/pages\/382\/revisions\/1045"}],"up":[{"embeddable":true,"href":"https:\/\/agora.xtec.cat\/iespauvila\/wp-json\/wp\/v2\/pages\/57"}],"wp:attachment":[{"href":"https:\/\/agora.xtec.cat\/iespauvila\/wp-json\/wp\/v2\/media?parent=382"}],"curies":[{"name":"wp","href":"https:\/\/api.w.org\/{rel}","templated":true}]}}