{"id":329,"date":"2015-06-06T08:56:34","date_gmt":"2015-06-06T07:56:34","guid":{"rendered":"http:\/\/agora.xtec.cat\/iespauvila\/?page_id=329"},"modified":"2015-12-02T11:08:15","modified_gmt":"2015-12-02T10:08:15","slug":"principis-organitzatius","status":"publish","type":"page","link":"https:\/\/agora.xtec.cat\/iespauvila\/projecte-educatiu\/principis-organitzatius\/","title":{"rendered":"Principis organitzatius"},"content":{"rendered":"<p>L&#8217;Institut Pau Vila estableix una estructura organitzativa que t\u00e9 com a finalitat l&#8217;assoliment dels objectius expressats en el present Projecte i la participaci\u00f3 de tota la comunitat educativa en la gesti\u00f3 del centre. L&#8217;esperit de col\u00b7laboraci\u00f3 entre tots els estaments del centre i els membres de l&#8217;equip directiu \u00e9s fonamental per a l&#8217;assoliment dels principis pedag\u00f2gics.<\/p>\n<p>L&#8217;Institut Pau Vila \u00e9s un centre democr\u00e0tic que defensa un <a href=\"http:\/\/agora.xtec.cat\/iespauvila\/el-curs\/organigrama\/equip-directiu\/\">equip directiu<\/a> ampli, per tal que sigui el m\u00e0xim de representatiu possible i que permeti equilibrar el repartiment de tasques i responsabilitats. Es fa una revisi\u00f3 anual dels c\u00e0rrecs unipersonals, per tal d&#8217;adequar la gesti\u00f3 a una realitat que \u00e9s canviant, at\u00e8s que el nombre de grups autoritzats per curs i l&#8217;assignaci\u00f3 de professorat que fa el Departament d&#8217;Ensenyament varia cada curs.<\/p>\n<p>L&#8217;Institut Pau Vila funciona des de fa molts anys per mitj\u00e0 de diferents comissions, unes fixes i d&#8217;altres eventuals, que elaboren les propostes i projectes que cal presentar al <a href=\"http:\/\/agora.xtec.cat\/iespauvila\/el-curs\/organigrama\/claustre\/\">Claustre<\/a> i al <a href=\"http:\/\/agora.xtec.cat\/iespauvila\/el-curs\/organigrama\/consell-escolar\/\"> Consell Escolar<\/a> per a la seva aprovaci\u00f3 i que col\u00b7laboren amb l&#8217;Equip Directiu en la realitzaci\u00f3 i organitzaci\u00f3 de les diferents tasques i activitats. Aquestes comissions estan obertes a la participaci\u00f3 volunt\u00e0ria de tots els membres de la comunitat educativa.<\/p>\n<p>L&#8217;Institut Pau Vila adscriu el professorat, d&#8217;acord amb les seves especialitats, en deu <a href=\"http:\/\/agora.xtec.cat\/iespauvila\/el-curs\/organigrama\/claustre\/\">departaments did\u00e0ctics<\/a>, alguns dels quals s&#8217;organitzen en seminaris, per tal de facilitar la coordinaci\u00f3 de la pr\u00e0ctica docent, la concreci\u00f3 del curr\u00edculum de les mat\u00e8ries que li s\u00f3n pr\u00f2pies i l&#8217;elaboraci\u00f3 dels criteris d&#8217;avaluaci\u00f3.<\/p>\n<p>L&#8217;Institut Pau Vila valora la <a href=\"http:\/\/agora.xtec.cat\/iespauvila\/linstitut\/organigrama\/tutories\/\">funci\u00f3 tutorial<\/a> com un element fonamental en la formaci\u00f3 de l&#8217;alumnat i vetlla perqu\u00e8, en la mesura del que sigui possible, el tutor o tutora esdevingui el referent de l&#8217;alumnat dels seu grup-classe.<\/p>\n<p>L&#8217;Institut Pau Vila considera imprescindible la col\u00b7laboraci\u00f3 de les fam\u00edlies, at\u00e8s que es persegueix un mateix objectiu: la formaci\u00f3 integrals de les seves filles i dels seus fills. Amb aquest fi, el centre intenta facilitar el coneixement de la seva estructura organitzativa i del seu funcionament i mant\u00e9 les fam\u00edlies informades puntualment de l&#8217;evoluci\u00f3 personal i acad\u00e8mica de l&#8217;alumnat, amb una hora setmanal d&#8217;atenci\u00f3 per part dels tutors i tutores.<\/p>\n<p>L&#8217;Institut Pau Vila afavoreix les actuacions de les associacions d&#8217;alumnes, del Consell de delegats i delegades i de l&#8217;Associaci\u00f3 de Mares i Pares d&#8217;alumnes (AMPA) habilitant espais concrets per a les seves reunions i activitats i facilitant la publicaci\u00f3 de les seves informacions. L&#8217;AMPA col\u00b7labora activament en el proc\u00e9s de formaci\u00f3 de l&#8217;alumnat organitzant activitats complement\u00e0ries (teatre, inform\u00e0tica, esport, etc.), finan\u00e7ant el funcionament de la Biblioteca general del centre i encarregant-se, entre juliol i setembre, de la distribuci\u00f3 dels llibres de text a tot l&#8217;alumnat que ho sol\u00b7licita.<\/p>\n<p>L&#8217;Institut Pau Vila d\u00f3na servei administratiu tots els matins i, espec\u00edficament a l&#8217;alumnat en r\u00e8gim nocturn, dues tardes a la setmana.<\/p>\n<p>L&#8217;Institut Pau Vila potencia l&#8217;\u00fas de la biblioteca general del centre com un servei de pr\u00e9stec i consulta de llibres i com a sala d&#8217;estudi, amb un horari de mat\u00ed i tarda de dilluns a divendres, i posa el seu fons al servei del barri i de la ciutat.<\/p>\n<p>L&#8217;Institut Pau Vila \u00e9s de tota la comunitat educativa i com a tal s&#8217;ha de considerar. \u00c9s feina de tots vetllar pel manteniment, millora i ampliaci\u00f3 de les seves <a href=\"http:\/\/agora.xtec.cat\/iespauvila\/linstitut\/instal%c2%b7lacions\/\">instal\u00b7lacions<\/a>, aix\u00ed com facilitar la seva utilitzaci\u00f3 per a la pr\u00e0ctica docent, cursos de formaci\u00f3 i activitats extraescolars, i, en les condicions que determini el Consell Escolar, per a l&#8217;organitzaci\u00f3 d&#8217;activitats obertes al barri, a la ciutat o a altres institucions.<\/p>\n","protected":false},"excerpt":{"rendered":"<p>L&#8217;Institut Pau Vila estableix una estructura organitzativa que t\u00e9 com a finalitat l&#8217;assoliment dels objectius expressats en el present Projecte i la participaci\u00f3 de tota la comunitat educativa en la gesti\u00f3 del centre. L&#8217;esperit de col\u00b7laboraci\u00f3 entre tots els estaments del centre i els membres&hellip;  <a href=\"https:\/\/agora.xtec.cat\/iespauvila\/projecte-educatiu\/principis-organitzatius\/\" title=\"Read Principis organitzatius\">Llegeix m\u00e9s\u00bb<\/a><\/p>\n","protected":false},"author":1,"featured_media":0,"parent":57,"menu_order":33,"comment_status":"closed","ping_status":"closed","template":"page-templates\/side-menu.php","meta":{"_bbp_topic_count":0,"_bbp_reply_count":0,"_bbp_total_topic_count":0,"_bbp_total_reply_count":0,"_bbp_voice_count":0,"_bbp_anonymous_reply_count":0,"_bbp_topic_count_hidden":0,"_bbp_reply_count_hidden":0,"_bbp_forum_subforum_count":0,"footnotes":""},"class_list":["post-329","page","type-page","status-publish","hentry"],"post_mailing_queue_ids":[],"_links":{"self":[{"href":"https:\/\/agora.xtec.cat\/iespauvila\/wp-json\/wp\/v2\/pages\/329","targetHints":{"allow":["GET"]}}],"collection":[{"href":"https:\/\/agora.xtec.cat\/iespauvila\/wp-json\/wp\/v2\/pages"}],"about":[{"href":"https:\/\/agora.xtec.cat\/iespauvila\/wp-json\/wp\/v2\/types\/page"}],"author":[{"embeddable":true,"href":"https:\/\/agora.xtec.cat\/iespauvila\/wp-json\/wp\/v2\/users\/1"}],"replies":[{"embeddable":true,"href":"https:\/\/agora.xtec.cat\/iespauvila\/wp-json\/wp\/v2\/comments?post=329"}],"version-history":[{"count":4,"href":"https:\/\/agora.xtec.cat\/iespauvila\/wp-json\/wp\/v2\/pages\/329\/revisions"}],"predecessor-version":[{"id":1148,"href":"https:\/\/agora.xtec.cat\/iespauvila\/wp-json\/wp\/v2\/pages\/329\/revisions\/1148"}],"up":[{"embeddable":true,"href":"https:\/\/agora.xtec.cat\/iespauvila\/wp-json\/wp\/v2\/pages\/57"}],"wp:attachment":[{"href":"https:\/\/agora.xtec.cat\/iespauvila\/wp-json\/wp\/v2\/media?parent=329"}],"curies":[{"name":"wp","href":"https:\/\/api.w.org\/{rel}","templated":true}]}}