{"id":321,"date":"2015-06-06T08:42:52","date_gmt":"2015-06-06T07:42:52","guid":{"rendered":"http:\/\/agora.xtec.cat\/iespauvila\/?page_id=321"},"modified":"2017-09-29T12:14:25","modified_gmt":"2017-09-29T10:14:25","slug":"principis-pedagogics","status":"publish","type":"page","link":"https:\/\/agora.xtec.cat\/iespauvila\/projecte-educatiu\/principis-pedagogics\/","title":{"rendered":"Principis pedag\u00f2gics"},"content":{"rendered":"<p>L&#8217;Institut Pau Vila assumeix com a objectiu prioritari donar al seu alumnat una educaci\u00f3 integral, acad\u00e8micament de qualitat i potenciadora d&#8217;habilitats b\u00e0siques i valors fonamentals. En aquest sentit es proposa formar a nivell personal, acad\u00e8mic i social en corresponsabilitat amb les institucions i la societat civil.<\/p>\n<p>L&#8217;Institut Pau Vila pret\u00e9n educar per la pau i la solidaritat, ensenyar a estimar, respectar i cuidar la pr\u00f2pia persona i la dels altres i a protegir l&#8217;entorn natural i urb\u00e0.<\/p>\n<p>L&#8217;Institut Pau Vila es proposa estimular h\u00e0bits i actituds afectives i cognitives que permetin a l&#8217;alumnat comprendre i respectar les diferents cultures de minories, grups i persones.<\/p>\n<p>L&#8217;Institut Pau Vila d\u00f3na molta import\u00e0ncia a l&#8217;esfor\u00e7 individual, la feina ben feta, l&#8217;actitud de responsabilitat i la const\u00e0ncia en el treball, per tal que cada alumne\/a progressi en la mesura de les seves capacitats.<\/p>\n<p>L&#8217;Institut Pau Vila creu que ha de facilitar l&#8217;acc\u00e9s de les persones adultes a l&#8217;educaci\u00f3 permanent, tot compaginant l&#8217;activitat laboral i personal amb l&#8217;activitat acad\u00e8mica, i, per aix\u00f2, defensa els estudis en r\u00e8gim nocturn en el centre.<\/p>\n<p>L&#8217;Institut Pau Vila vol fomentar el gust per la lectura i l&#8217;escriptura com a mitj\u00e0 d&#8217;enriquiment personal i com a base s\u00f2lida per a l&#8217;aprenentatge de qualsevol disciplina human\u00edstica, art\u00edstica, cient\u00edfica o t\u00e8cnica.<\/p>\n<blockquote><p>Sota aquest principi, el centre impulsa la dotaci\u00f3 i \u00fas de la biblioteca general del centre i de les biblioteques espec\u00edfiques de cada departament i seminari.<\/p><\/blockquote>\n<figure class=\"figure wp-caption alignleft\"><a href=\"http:\/\/en.calameo.com\/read\/00359991863f02e886b52\" target=\"_blank\"><img loading=\"lazy\" decoding=\"async\" class=\"wp-image-655 size-medium\" src=\"http:\/\/agora.xtec.cat\/iespauvila\/wp-content\/uploads\/usu486\/2017\/06\/0001-1-212x300.jpg\" alt=\"Revista del Pau Vila\" width=\"232\" height=\"300\" hspace=\"10\" vspace=\"15\" \/><\/a><figcaption class=\"wp-caption-text\">La revista del Pau Vila<\/figcaption><\/figure>\n<p>L&#8217;Institut Pau Vila pret\u00e9n instruir l&#8217;alumnat en l&#8217;\u00fas de les diferents lleng\u00fces que s\u00f3n objecte d&#8217;estudi per tal que pugui expressar-se adequadament, de forma oral i per escrit, i ensenyar a utilitzar els diferents llenguatges (literari, art\u00edstic, cient\u00edfic, t\u00e8cnic, corporal, etc.) amb propietat i rigor, per tal d&#8217;establir canals fluids de comunicaci\u00f3.<\/p>\n<blockquote><p>\u00c9s per aix\u00f2 que aquest institut potencia els intercanvis ling\u00fc\u00edstics i culturals, la dotaci\u00f3 i l&#8217;\u00fas de les aules d&#8217;idiomes, les tert\u00falies amb escriptores i escriptors i la participaci\u00f3 en revistes i concursos literaris.<\/p><\/blockquote>\n<p>L&#8217;Institut Pau Vila ent\u00e9n que la col\u00b7laboraci\u00f3 de les fam\u00edlies \u00e9s imprescindible per a dur a terme el proc\u00e9s educatiu de l&#8217;alumnat i vol propiciar el di\u00e0leg i el consens entre tots els membres de la comunitat educativa, per tal que les seves actuacions es complementin i no es neutralitzin. Per aix\u00f2, el nostre centre potencia i d\u00f3na suport a la participaci\u00f3 de les fam\u00edlies.<\/p>\n<p>L&#8217;Institut Pau Vila es proposa incrementar el coneixement de la diversitat geogr\u00e0fica del m\u00f3n, f\u00edsica i cultural, i de les seves desigualtats socioecon\u00f2miques, per tal d&#8217;adquirir una perspectiva global de l&#8217;evoluci\u00f3 de la Humanitat i comprendre i analitzar els principals problemes morals del nostre temps.<\/p>\n<blockquote><p>En base a aquest objectiu s&#8217;organitzen jornades monogr\u00e0fiques interdisciplin\u00e0ries i sortides diverses.<\/p><\/blockquote>\n<p>L&#8217;Institut Pau Vila potencia la formaci\u00f3 cient\u00edfica i t\u00e8cnica, estimula la curiositat de l&#8217;alumnat envers la realitat que l&#8217;envolta i els fen\u00f2mens naturals i d\u00f3na import\u00e0ncia al treball experimental i el gust per la investigaci\u00f3 perqu\u00e8 s\u00f3n eines fonamentals per al progr\u00e9s d&#8217;un pa\u00eds.<\/p>\n<blockquote><p>En aquesta l\u00ednia s&#8217;esmercen molts esfor\u00e7os en la dotaci\u00f3 i \u00fas de laboratoris, d&#8217;aules d&#8217;inform\u00e0tica i tecnologia i de l&#8217;aula taller, s&#8217;integren els coneixements cient\u00edfics en els diferents \u00e0mbits de l&#8217;activitat acad\u00e8mica i es fomenta la participaci\u00f3 de l&#8217;alumnat en activitats que promoguin l&#8217;esperit cient\u00edfic i t\u00e8cnic, com els Premis Cirit o les Proves Cangur.<\/p><\/blockquote>\n<p>L&#8217;Institut Pau Vila fa una aposta decidida a favor del coneixement, l&#8217;estima i la protecci\u00f3 del medi natural i urb\u00e0.<\/p>\n<blockquote><p>Aquest principi es treball des de diferents \u00e0mbits i es realitzen sortides, xerrades, tallers, exposicions, etc.<\/p><\/blockquote>\n<p>L&#8217;Institut Pau Vila vol afavorir la creaci\u00f3 liter\u00e0ria i art\u00edstica, desenvolupar la sensibilitat est\u00e8tica i impulsar el coneixement dels bens art\u00edstics, de les tradicions i del patrimoni cultural.<\/p>\n<blockquote><p>La poesia i la m\u00fasica tenen el seu m\u00e0xim exponent en els recitals que es duen a terme al centre amb periodicitat habitual. El teatre com a activitat extraescolar mant\u00e9 una activitat ininterrompuda d&#8217;assajos i representacions.<\/p><\/blockquote>\n<p>L&#8217;Institut Pau Vila potencia les activitats dirigides a la millora de la qualitat de vida i de la salut de l&#8217;alumnat, tot estimulant un estil de vida m\u00e9s actiu i saludable on l&#8217;activitat f\u00edsica sigui una part important en el seu temps d&#8217;oci.<\/p>\n<blockquote><p>Es treballa aquest principi impulsant la dotaci\u00f3 i \u00fas dels gimnasos, organitzant jornades esportives i d&#8217;activitats f\u00edsiques en el propi centre, impulsant la participaci\u00f3 de l&#8217;alumnat en els diferents esdeveniments esportius de la ciutat, donant a con\u00e8ixer l&#8217;oferta dels diferents equipaments esportius que aquesta els ofereix, i programant xerrades i tallers de prevenci\u00f3 i sensibilitzaci\u00f3 per tenir cura de la pr\u00f2pia salut.<\/p><\/blockquote>\n<p><strong>Tots aquests principis i activitats han de poder alimentar la consci\u00e8ncia democr\u00e0tica dels membres de la comunitat educativa i educar-ne\u00a0l&#8217;auto-exig\u00e8ncia\u00a0i el rigor, la capacitat cr\u00edtica i autocr\u00edtica i el respecte mutu.<br \/>\n<\/strong><\/p>\n","protected":false},"excerpt":{"rendered":"<p>L&#8217;Institut Pau Vila assumeix com a objectiu prioritari donar al seu alumnat una educaci\u00f3 integral, acad\u00e8micament de qualitat i potenciadora d&#8217;habilitats b\u00e0siques i valors fonamentals. En aquest sentit es proposa formar a nivell personal, acad\u00e8mic i social en corresponsabilitat amb les institucions i la societat&hellip;  <a href=\"https:\/\/agora.xtec.cat\/iespauvila\/projecte-educatiu\/principis-pedagogics\/\" title=\"Read Principis pedag\u00f2gics\">Llegeix m\u00e9s\u00bb<\/a><\/p>\n","protected":false},"author":1,"featured_media":0,"parent":57,"menu_order":32,"comment_status":"closed","ping_status":"closed","template":"page-templates\/side-menu.php","meta":{"_bbp_topic_count":0,"_bbp_reply_count":0,"_bbp_total_topic_count":0,"_bbp_total_reply_count":0,"_bbp_voice_count":0,"_bbp_anonymous_reply_count":0,"_bbp_topic_count_hidden":0,"_bbp_reply_count_hidden":0,"_bbp_forum_subforum_count":0,"footnotes":""},"class_list":["post-321","page","type-page","status-publish","hentry"],"post_mailing_queue_ids":[],"_links":{"self":[{"href":"https:\/\/agora.xtec.cat\/iespauvila\/wp-json\/wp\/v2\/pages\/321","targetHints":{"allow":["GET"]}}],"collection":[{"href":"https:\/\/agora.xtec.cat\/iespauvila\/wp-json\/wp\/v2\/pages"}],"about":[{"href":"https:\/\/agora.xtec.cat\/iespauvila\/wp-json\/wp\/v2\/types\/page"}],"author":[{"embeddable":true,"href":"https:\/\/agora.xtec.cat\/iespauvila\/wp-json\/wp\/v2\/users\/1"}],"replies":[{"embeddable":true,"href":"https:\/\/agora.xtec.cat\/iespauvila\/wp-json\/wp\/v2\/comments?post=321"}],"version-history":[{"count":4,"href":"https:\/\/agora.xtec.cat\/iespauvila\/wp-json\/wp\/v2\/pages\/321\/revisions"}],"predecessor-version":[{"id":659,"href":"https:\/\/agora.xtec.cat\/iespauvila\/wp-json\/wp\/v2\/pages\/321\/revisions\/659"}],"up":[{"embeddable":true,"href":"https:\/\/agora.xtec.cat\/iespauvila\/wp-json\/wp\/v2\/pages\/57"}],"wp:attachment":[{"href":"https:\/\/agora.xtec.cat\/iespauvila\/wp-json\/wp\/v2\/media?parent=321"}],"curies":[{"name":"wp","href":"https:\/\/api.w.org\/{rel}","templated":true}]}}