{"id":27,"date":"2014-09-17T16:24:03","date_gmt":"2014-09-17T16:24:03","guid":{"rendered":"http:\/\/agora.xtec.cat\/iespauvila\/?page_id=27"},"modified":"2022-02-03T08:51:41","modified_gmt":"2022-02-03T07:51:41","slug":"historia","status":"publish","type":"page","link":"https:\/\/agora.xtec.cat\/iespauvila\/linstitut\/historia\/","title":{"rendered":"Hist\u00f2ria"},"content":{"rendered":"<figure class=\"figure wp-caption alignright\"><a href=\"http:\/\/agora.xtec.cat\/iespauvila\/wp-content\/uploads\/usu486\/2014\/09\/Pau-Vila_1970.jpg\" target=\"_blank\" rel=\"noopener\"><img loading=\"lazy\" decoding=\"async\" class=\"wp-image-672 size-medium\" src=\"http:\/\/agora.xtec.cat\/iespauvila\/wp-content\/uploads\/usu486\/2014\/09\/Pau-Vila_1970-300x183.jpg\" alt=\"INEMM Pau Vila, 1970\" width=\"300\" height=\"183\" hspace=\"10\" vspace=\"15\" srcset=\"https:\/\/agora.xtec.cat\/iespauvila\/wp-content\/uploads\/usu486\/2014\/09\/Pau-Vila_1970-300x183.jpg 300w, https:\/\/agora.xtec.cat\/iespauvila\/wp-content\/uploads\/usu486\/2014\/09\/Pau-Vila_1970.jpg 941w\" sizes=\"auto, (max-width: 300px) 100vw, 300px\" \/><\/a><figcaption class=\"wp-caption-text\">INEMM Pau Vila, 1970<\/figcaption><\/figure>\n<h2>El nom<\/h2>\n<p>El Centre va comen\u00e7ar com a &#8220;Secci\u00f3n Delegada Mixta del Instituto Nacional de Ense\u00f1anza Media Masculino&#8221; de la ciutat de Sabadell, en el curs 1969-70. L&#8217;Ordre ministerial del 27 de juliol de 1970 (BOE n\u00ba 202, de 24 d&#8217;agost de 1970) deixa const\u00e0ncia de la creaci\u00f3 del nostre Institut com a &#8220;Instituto Nacional de Ense\u00f1anza Media Mixto&#8221;, adoptant el nom de l&#8217;insigne ge\u00f2graf i pedagog sabadellenc Pau Vila.<\/p>\n<p>El primer director en funcions del Pau Vila, el Sr. Pepe Sanch\u00eds Sinisterra, m\u00e9s endavant premi nacional de teatre, explic\u00e0 amb motiu del 25\u00e8 aniversari del centre que <i>&#8220;fa 25 anys no es podia posar el nom d&#8217;una persona viva a un institut, per aix\u00f2 nosaltres, en demanar-ho, nom\u00e9s vam adjuntar-hi la data del seu naixement&#8221;<\/i>. Per aquest motiu el Ministeri va donar per ent\u00e8s que estava mort, tot i que en realitat no ho estava, era republic\u00e0 i vivia a l&#8217;exili.<\/p>\n<h2>Estudis<\/h2>\n<figure class=\"figure wp-caption alignright\"><a href=\"http:\/\/agora.xtec.cat\/iespauvila\/wp-content\/uploads\/usu486\/2015\/11\/pau2014_1.jpg\"><img loading=\"lazy\" decoding=\"async\" class=\"size-medium wp-image-727\" src=\"http:\/\/agora.xtec.cat\/iespauvila\/wp-content\/uploads\/usu486\/2015\/11\/pau2014_1-300x225.jpg\" alt=\"Distinci\u00f3 PAU 2014\" width=\"300\" height=\"225\" hspace=\"10\" vspace=\"15\" srcset=\"https:\/\/agora.xtec.cat\/iespauvila\/wp-content\/uploads\/usu486\/2015\/11\/pau2014_1-300x225.jpg 300w, https:\/\/agora.xtec.cat\/iespauvila\/wp-content\/uploads\/usu486\/2015\/11\/pau2014_1-200x150.jpg 200w, https:\/\/agora.xtec.cat\/iespauvila\/wp-content\/uploads\/usu486\/2015\/11\/pau2014_1.jpg 800w\" sizes=\"auto, (max-width: 300px) 100vw, 300px\" \/><\/a><figcaption class=\"wp-caption-text\">Distinci\u00f3 PAU 2014<\/figcaption><\/figure>\n<p>L&#8217;institut Pau Vila \u00e9s un centre especialitzat en el batxillerat des del seu origen:<\/p>\n<ul>\n<li>1969 &#8211; 1975: Batxillerat i COU (ambdos en r\u00e8gim di\u00fcrn i nocturn)<\/li>\n<li>1975 &#8211; 1990: BUP i COU (ambdos en r\u00e8gim di\u00fcrn i nocturn)<\/li>\n<li>1990 &#8211; 2015: ESO i Batxillerat ( aquest en r\u00e8gim di\u00fcrn i nocturn)<\/li>\n<li>Des de 2015: ESO, Batxillerat (di\u00fcrn i nocturn) i Batxibac<\/li>\n<\/ul>\n<h2>Projecte pedag\u00f2gic<\/h2>\n<p>L&#8217;institut Pau Vila \u00e9s un centre pioner en la recerca d&#8217;alternatives pedag\u00f2giques per donar resposta a la diversitat del seu alumnat.<\/p>\n<p>Segons el Diari de Sabadell, el Pau Vila <i>&#8220;tenia l&#8217;etiqueta de centre reivindicatiu perqu\u00e8 l&#8217;alumnat havia connectat r\u00e0pidament amb un claustre de professors joves, dem\u00f2crates i antiarquetipus dels vells mestres que tant marcaven la dist\u00e0ncia existent entre ells i els deixebles.&#8221;<\/i><\/p>\n<figure class=\"figure wp-caption alignright\"><a href=\"http:\/\/agora.xtec.cat\/iespauvila\/wp-content\/uploads\/usu486\/2014\/09\/constant\u00ed-sotelo_coral-institut.jpg\" target=\"_blank\" rel=\"noopener\"><img loading=\"lazy\" decoding=\"async\" class=\"wp-image-674 size-medium\" src=\"http:\/\/agora.xtec.cat\/iespauvila\/wp-content\/uploads\/usu486\/2014\/09\/constant\u00ed-sotelo_coral-institut-300x200.jpg\" alt=\"Constant\u00ed Sotelo i la coral de l'institut\" width=\"300\" height=\"200\" hspace=\"10\" vspace=\"15\" srcset=\"https:\/\/agora.xtec.cat\/iespauvila\/wp-content\/uploads\/usu486\/2014\/09\/constant\u00ed-sotelo_coral-institut-300x200.jpg 300w, https:\/\/agora.xtec.cat\/iespauvila\/wp-content\/uploads\/usu486\/2014\/09\/constant\u00ed-sotelo_coral-institut-1024x683.jpg 1024w, https:\/\/agora.xtec.cat\/iespauvila\/wp-content\/uploads\/usu486\/2014\/09\/constant\u00ed-sotelo_coral-institut.jpg 1200w\" sizes=\"auto, (max-width: 300px) 100vw, 300px\" \/><\/a><figcaption class=\"wp-caption-text\">Constant\u00ed Sotelo i la coral de l&#8217;institut<\/figcaption><\/figure>\n<p>La segona d\u00e8cada (1980-1990) va comen\u00e7ar amb la Sra. Carme Laura Gil i Mir\u00f3 com a directora i va ser un per\u00edode d&#8217;innovacions pedag\u00f2giques que s&#8217;han convertit en un dels trets identificatius del nostre institut:<\/p>\n<ul>\n<li>Organitzaci\u00f3 del centre mitjan\u00e7ant comissions.<\/li>\n<li>Distribuci\u00f3 hor\u00e0ria de les mat\u00e8ries del nocturn en sessions dobles.<\/li>\n<li>Implantaci\u00f3 del catal\u00e0 a tots els nivells.<\/li>\n<li>Valoraci\u00f3 dels resultats acad\u00e8mics, amb detecci\u00f3 i resoluci\u00f3 de problemes espec\u00edfics mitjan\u00e7ant la racionalitzaci\u00f3 dels recursos existents.<\/li>\n<li>Creaci\u00f3 de la revista de l&#8217;institut, formaci\u00f3 de la Coral del Pau Vila, atenci\u00f3 professional per a la biblioteca del centre, &#8230;<\/li>\n<\/ul>\n<p>Amb la reforma educativa de la LOGSE (1990), l&#8217;institut Pau Vila va fer una adaptaci\u00f3 pr\u00f2pia del disseny curricular que en molts aspectes es va avan\u00e7ar a les directrius que posteriorment va enviar el Departament d&#8217;Ensenyament (creaci\u00f3 de l&#8217;aula taller i de la Unitat d&#8217;Adaptaci\u00f3 Curricular, aplicaci\u00f3 d&#8217;uns itineraris diferenciats a 4t. d&#8217;ESO, &#8230;).<\/p>\n<p>El centre \u00e9s pioner en impartir el Batxibac a Sabadell i t\u00e9 una llarga tradici\u00f3 de viatges i intercanvis en l\u2019estranger, aix\u00ed com de sortides interdisciplin\u00e0ries.<\/p>\n<h2>25\u00e8 Aniversari<\/h2>\n<figure class=\"figure wp-caption alignright\"><a href=\"http:\/\/agora.xtec.cat\/iespauvila\/wp-content\/uploads\/usu486\/2014\/09\/intervencio_pepe_sanch\u00eds.jpg\"><img loading=\"lazy\" decoding=\"async\" class=\"wp-image-677 size-medium\" src=\"http:\/\/agora.xtec.cat\/iespauvila\/wp-content\/uploads\/usu486\/2014\/09\/intervencio_pepe_sanch\u00eds-300x203.jpg\" alt=\"Pepe Sanch\u00eds\" width=\"300\" height=\"203\" hspace=\"10\" vspace=\"15\" srcset=\"https:\/\/agora.xtec.cat\/iespauvila\/wp-content\/uploads\/usu486\/2014\/09\/intervencio_pepe_sanch\u00eds-300x203.jpg 300w, https:\/\/agora.xtec.cat\/iespauvila\/wp-content\/uploads\/usu486\/2014\/09\/intervencio_pepe_sanch\u00eds-1024x693.jpg 1024w, https:\/\/agora.xtec.cat\/iespauvila\/wp-content\/uploads\/usu486\/2014\/09\/intervencio_pepe_sanch\u00eds.jpg 1200w\" sizes=\"auto, (max-width: 300px) 100vw, 300px\" \/><\/a><figcaption class=\"wp-caption-text\">Pepe Sanch\u00eds (Cloenda 25\u00e8 aniversari)<\/figcaption><\/figure>\n<p>El curs 1994-95, l&#8217;IES Pau Vila va celebrar el seu 25\u00e8 aniversari. La commemoraci\u00f3 d&#8217;aquest esdeveniment es va dur a terme al llarg de tot el curs, i en la celebraci\u00f3 no solament s&#8217;hi va implicar la comunitat educativa sin\u00f3 tamb\u00e9 tot el barri de Gr\u00e0cia, encap\u00e7alat per la seva Associaci\u00f3 de Ve\u00efns, i d&#8217;altres institucions p\u00fabliques i empreses privades de Sabadell.<\/p>\n<h2>Instal\u00b7lacions<\/h2>\n<p>Durant la primera d\u00e8cada (1970-1980), el centre va passar de tenir 350 alumnes a tenir-ne 1500, on el 30% corresponia al r\u00e8gim de nocturn. Es van fer les ampliacions adients per acollir-los, amb un nou edifici d&#8217;aules, un nou gimn\u00e0s i una sala d&#8217;actes.<\/p>\n<p>El pas dels anys va anar provocant un deteriorament progressiu de les infraestructures perqu\u00e8 els arranjaments i les partides pressupost\u00e0ries per obres del Departament d&#8217;Ensenyament van ser del tot insuficients. El centre va quedar tan malparat que finalment va arribar a fer-se un projecte de remodelaci\u00f3 del centre com a obra de nova construcci\u00f3\u00a0 (<a href=\"http:\/\/portaldogc.gencat.cat\/utilsEADOP\/PDF\/5002\/886390.pdf\" target=\"_blank\" rel=\"noopener\">DOGC n\u00fam. 5002 (06\/11\/2007)<\/a>) encara que va quedar sense efecte per manca de pressupost del Govern.<\/p>\n<figure class=\"figure wp-caption alignright\"><a href=\"http:\/\/www.parlament.cat\/web\/actualitat\/canal-parlament\/sequencia\/videos?p_cp1=6697706&amp;p_cp3=6698444\" target=\"_blank\" rel=\"noopener\"><img loading=\"lazy\" decoding=\"async\" class=\"wp-image-808 size-medium\" src=\"http:\/\/agora.xtec.cat\/iespauvila\/wp-content\/uploads\/usu486\/2014\/09\/parlament-300x190.jpg\" alt=\"Parlament de Catalunya\" width=\"300\" height=\"190\" srcset=\"https:\/\/agora.xtec.cat\/iespauvila\/wp-content\/uploads\/usu486\/2014\/09\/parlament-300x190.jpg 300w, https:\/\/agora.xtec.cat\/iespauvila\/wp-content\/uploads\/usu486\/2014\/09\/parlament.jpg 800w\" sizes=\"auto, (max-width: 300px) 100vw, 300px\" \/><\/a><figcaption class=\"wp-caption-text\">parlament.cat<\/figcaption><\/figure>\n<p>Paral\u00b7lelament, es va fer p\u00fablic el fet que sota les construccions del centre existeix un refugi antiaeri i tots els estaments van acordar recuperar-lo quan sigui possible, incloent el nostre centre com a <a href=\"http:\/\/www.sabadell.net\/pdf\/urbanisme\/PE47\/memoria.pdf\" target=\"_blank\" rel=\"noopener\">Espai d&#8217;Expectativa Arqueol\u00f2gica<\/a> en el cat\u00e0leg del PEPPS.<\/p>\n<p>Des de llavors, cada curs es fan millores en funci\u00f3 de les prioritats del centre (per raons de seguretat i condicions de treball) i en funci\u00f3 de les partides pressupost\u00e0ries del Departament. L&#8217;institut tamb\u00e9 destina a les obres part del seu pressupost.<\/p>\n<p>Amb tot, la comunitat educativa creu que rehabilitar (no enderrocar) el centre \u00e9s la millor opci\u00f3 perqu\u00e8:<\/p>\n<ul>\n<li>\u00c9s l&#8217;\u00fanic institut de Sabadell amb una sala d&#8217;actes amb cabuda per a 250 persones.<\/li>\n<li>Les aules s\u00f3n for\u00e7a \u00e0mplies front les noves construccions.<\/li>\n<li>Disposem de m\u00e9s espais per a desdoblaments, departaments, laboratoris, &#8230;<\/li>\n<\/ul>\n<p>L&#8217;any 2010, el centre es va apuntar al programa Educat 1&#215;1 amb l&#8217;\u00fanic prop\u00f2sit de digitalitzar les aules i dotar l&#8217;institut de les noves tecnologies. Des de llavors, cada any s&#8217;han anat adequant els espais i les connexions i ara tenim xarxa WIFI i per cable, aules amb pissarra digital, port\u00e0tils per a l&#8217;alumnat, 4 aules d&#8217;inform\u00e0tica i 5 aules d&#8217;audiovisuals (una amb pantalla croma).<\/p>\n<h2>Reconeixements<\/h2>\n<figure class=\"figure wp-caption alignright\"><a href=\"http:\/\/agora.xtec.cat\/iespauvila\/wp-content\/uploads\/usu486\/2014\/09\/Sabadell-entrega-les-seves-Medalles-d-Honor-a-una-desena-de-persones-i-entitats.jpg\"><img loading=\"lazy\" decoding=\"async\" class=\"size-medium wp-image-1042\" src=\"http:\/\/agora.xtec.cat\/iespauvila\/wp-content\/uploads\/usu486\/2014\/09\/Sabadell-entrega-les-seves-Medalles-d-Honor-a-una-desena-de-persones-i-entitats-300x200.jpg\" alt=\"Medalla d'honor de Sabadell a l'Institut Pau Vila\" width=\"300\" height=\"200\" srcset=\"https:\/\/agora.xtec.cat\/iespauvila\/wp-content\/uploads\/usu486\/2014\/09\/Sabadell-entrega-les-seves-Medalles-d-Honor-a-una-desena-de-persones-i-entitats-300x200.jpg 300w, https:\/\/agora.xtec.cat\/iespauvila\/wp-content\/uploads\/usu486\/2014\/09\/Sabadell-entrega-les-seves-Medalles-d-Honor-a-una-desena-de-persones-i-entitats.jpg 800w\" sizes=\"auto, (max-width: 300px) 100vw, 300px\" \/><\/a><figcaption class=\"wp-caption-text\">Medalla d&#8217;honor de Sabadell a l&#8217;Institut Pau Vila<\/figcaption><\/figure>\n<p>L&#8217;institut Pau Vila ha rebut amb el pas dels anys nombrosos reconeixements, tant pel que fa a experi\u00e8ncies pedag\u00f2giques innovadores (<a href=\"http:\/\/www.unescotortosa.cat\/index.php\/premisfmz\/ii-premi-fmz\/treballs-premiatsex.php\/113-web-antiga\/256-la-lluita-estudiantil-al-pau-vila\" target=\"_blank\" rel=\"noopener\">Premis Federico Mayor Zaragoza<\/a>) com per la seva implicaci\u00f3 ciutadana (<a href=\"http:\/\/www.laxarxa.com\/infolocal\/comarques-barcelona\/noticia\/sabadell-reconeix-una-desena-de-persones-i-entitats-amb-la-medalla-d-honor-de-la-ciutat\" target=\"_blank\" rel=\"noopener\">Medalla d&#8217;Honor de Sabadell<\/a>), treballs de recerca (Premis Montserrat Mir\u00f3 i Marim\u00f3n, Premis Arg\u00f3), beques d&#8217;estudis (\u00cdtaca-Santander), excel\u00b7lencia en el Batxillerat, a les PAU,\u00a0 &#8230;<\/p>\n<p>No volem pas fer una exposici\u00f3 exhaustiva, per\u00f2 podeu veure les \u00faltimes novetats amb l&#8217;etiqueta <a href=\"http:\/\/agora.xtec.cat\/iespauvila\/tag\/premis\/\">Premis<\/a> dels articles.<\/p>\n<p>&nbsp;<\/p>\n","protected":false},"excerpt":{"rendered":"<p><a href=\"http:\/\/agora.xtec.cat\/iespauvila\/wp-content\/uploads\/usu486\/2014\/09\/Pau-Vila_1970.jpg\" target=\"_blank\" rel=\"noopener\"><\/a>INEMM Pau Vila, 1970<br \/>\nEl nom<br \/>\nEl Centre va comen\u00e7ar com a &#8220;Secci\u00f3n Delegada Mixta del Instituto Nacional de Ense\u00f1anza Media Masculino&#8221; de la ciutat de Sabadell, en el curs 1969-70. L&#8217;Ordre ministerial del 27 de juliol de 1970 (BOE n\u00ba 202, de 24&hellip;  <a href=\"https:\/\/agora.xtec.cat\/iespauvila\/linstitut\/historia\/\" title=\"Read Hist\u00f2ria\">Llegeix m\u00e9s\u00bb<\/a><\/p>\n","protected":false},"author":1,"featured_media":0,"parent":19,"menu_order":13,"comment_status":"closed","ping_status":"closed","template":"page-templates\/side-menu.php","meta":{"_bbp_topic_count":0,"_bbp_reply_count":0,"_bbp_total_topic_count":0,"_bbp_total_reply_count":0,"_bbp_voice_count":0,"_bbp_anonymous_reply_count":0,"_bbp_topic_count_hidden":0,"_bbp_reply_count_hidden":0,"_bbp_forum_subforum_count":0,"footnotes":""},"class_list":["post-27","page","type-page","status-publish","hentry"],"post_mailing_queue_ids":[],"_links":{"self":[{"href":"https:\/\/agora.xtec.cat\/iespauvila\/wp-json\/wp\/v2\/pages\/27","targetHints":{"allow":["GET"]}}],"collection":[{"href":"https:\/\/agora.xtec.cat\/iespauvila\/wp-json\/wp\/v2\/pages"}],"about":[{"href":"https:\/\/agora.xtec.cat\/iespauvila\/wp-json\/wp\/v2\/types\/page"}],"author":[{"embeddable":true,"href":"https:\/\/agora.xtec.cat\/iespauvila\/wp-json\/wp\/v2\/users\/1"}],"replies":[{"embeddable":true,"href":"https:\/\/agora.xtec.cat\/iespauvila\/wp-json\/wp\/v2\/comments?post=27"}],"version-history":[{"count":4,"href":"https:\/\/agora.xtec.cat\/iespauvila\/wp-json\/wp\/v2\/pages\/27\/revisions"}],"predecessor-version":[{"id":12023,"href":"https:\/\/agora.xtec.cat\/iespauvila\/wp-json\/wp\/v2\/pages\/27\/revisions\/12023"}],"up":[{"embeddable":true,"href":"https:\/\/agora.xtec.cat\/iespauvila\/wp-json\/wp\/v2\/pages\/19"}],"wp:attachment":[{"href":"https:\/\/agora.xtec.cat\/iespauvila\/wp-json\/wp\/v2\/media?parent=27"}],"curies":[{"name":"wp","href":"https:\/\/api.w.org\/{rel}","templated":true}]}}