{"id":19,"date":"2014-09-17T14:56:56","date_gmt":"2014-09-17T14:56:56","guid":{"rendered":"http:\/\/agora.xtec.cat\/iespauvila\/?page_id=19"},"modified":"2022-07-01T10:35:10","modified_gmt":"2022-07-01T08:35:10","slug":"linstitut","status":"publish","type":"page","link":"https:\/\/agora.xtec.cat\/iespauvila\/linstitut\/","title":{"rendered":"L&#8217;institut"},"content":{"rendered":"<figure class=\"figure wp-caption alignright\"><a href=\"http:\/\/agora.xtec.cat\/iespauvila\/wp-content\/uploads\/usu486\/2013\/09\/premipaujuliaperarnau.jpg\"><img loading=\"lazy\" decoding=\"async\" class=\"size-medium wp-image-759\" src=\"http:\/\/agora.xtec.cat\/iespauvila\/wp-content\/uploads\/usu486\/2013\/09\/premipaujuliaperarnau-300x225.jpg\" alt=\"Julia Perarnau\" width=\"300\" height=\"225\" hspace=\"10\" srcset=\"https:\/\/agora.xtec.cat\/iespauvila\/wp-content\/uploads\/usu486\/2013\/09\/premipaujuliaperarnau-300x225.jpg 300w, https:\/\/agora.xtec.cat\/iespauvila\/wp-content\/uploads\/usu486\/2013\/09\/premipaujuliaperarnau-200x150.jpg 200w, https:\/\/agora.xtec.cat\/iespauvila\/wp-content\/uploads\/usu486\/2013\/09\/premipaujuliaperarnau.jpg 640w\" sizes=\"auto, (max-width: 300px) 100vw, 300px\" \/><\/a><figcaption class=\"wp-caption-text\">Distinci\u00f3 PAU 2013<\/figcaption><\/figure>\n<p>L&#8217;Institut Pau Vila \u00e9s un institut p\u00fablic d&#8217;ensenyament secundari. Per la seva tradici\u00f3, pels seus recursos i pel seu professorat, es troba especialment dotat per impartir els estudis que li ha concedit el Departament d&#8217;Ensenyament:<\/p>\n<ul>\n<li><a href=\"http:\/\/agora.xtec.cat\/iespauvila\/estudis\/eso\/\">Educaci\u00f3 Secund\u00e0ria Obligat\u00f2ria (ESO)<\/a><\/li>\n<li><a href=\"http:\/\/agora.xtec.cat\/iespauvila\/estudis\/batxillerat-diurn\/\">Batxillerat en r\u00e8gim di\u00fcrn<\/a><\/li>\n<li><a href=\"http:\/\/agora.xtec.cat\/iespauvila\/estudis\/batxillerat-nocturn\/\">Batxillerat en r\u00e8gim nocturn<\/a><\/li>\n<li><a href=\"http:\/\/agora.xtec.cat\/iespauvila\/estudis\/batxibac\/\">Batxibac<\/a><\/li>\n<\/ul>\n<h2>Principis<\/h2>\n<p>L\u2019Institut Pau Vila va n\u00e9ixer el 1969\u00a0fruit de la lluita ve\u00efnal del barri de Gr\u00e0cia de Sabadell i s\u2019ha anat consolidant com un centre laic i catal\u00e0, obert al barri i a la ciutat, que fomenta la democr\u00e0cia activa i que t\u00e9 com a objectiu l\u2019educaci\u00f3 integral de l\u2019alumnat.<\/p>\n<p>El nostre tarann\u00e0 en\u00a0formar l\u2019alumnat com a persones \u00edntegres i competents es basa en els principis <a href=\"http:\/\/agora.xtec.cat\/iespauvila\/projecte-educatiu\/principis-pedagogics\/\">pedag\u00f2gics<\/a> i <a href=\"http:\/\/agora.xtec.cat\/iespauvila\/projecte-educatiu\/principis-organitzatius\/\">organitzatius<\/a> recollits en el <a href=\"http:\/\/agora.xtec.cat\/iespauvila\/projecte-educatiu\/\">Projecte Educatiu de Centre<\/a> (PEC) i queda reflectit en els diferents <a href=\"http:\/\/agora.xtec.cat\/iespauvila\/projecte-educatiu\/projectes\/\">projectes<\/a> i <a href=\"http:\/\/agora.xtec.cat\/iespauvila\/projecte-educatiu\/grups-de-treball\/\">grups de treball<\/a> que es duen a terme.<\/p>\n<ul>\n<li><strong>Pluriling\u00fcisme<\/strong>\n<ul>\n<li>El catal\u00e0 \u00e9s la llengua vehicular del centre i, normalment, d\u2019aprenentatge, per\u00f2 amb implementaci\u00f3 de la metodologia <a href=\"http:\/\/agora.xtec.cat\/iespauvila\/projecte-educatiu\/grups-de-treball\/#1\">CLIL-AICLE<\/a> (aprenentatge integrat de continguts i llengua estrangera) en algunes mat\u00e8ries i activitats.<\/li>\n<li>Oferim angl\u00e8s i franc\u00e8s com a primera llengua estrangera.<\/li>\n<li>Oferim franc\u00e8s i alemany com a segona llengua estrangera.<\/li>\n<\/ul>\n<\/li>\n<\/ul>\n<ul>\n<li><strong>Transversalitat<\/strong>\n<ul>\n<li>Aprenentatge competencial (<a href=\"http:\/\/agora.xtec.cat\/iespauvila\/projecte-educatiu\/grups-de-treball\/#2\">CCBB<\/a>)<\/li>\n<li>Tractament integral de les lleng\u00fces (<a href=\"http:\/\/agora.xtec.cat\/iespauvila\/projecte-educatiu\/grups-de-treball\/#4\">TIL<\/a>)<\/li>\n<li>Foment de la lectura (<a href=\"http:\/\/agora.xtec.cat\/iespauvila\/projecte-educatiu\/projectes\/#2\">PLEC<\/a>)<\/li>\n<li>Foment de l\u2019\u00fas responsable de les eines digitals (<a href=\"http:\/\/agora.xtec.cat\/iespauvila\/projecte-educatiu\/projectes\/#3\">Pla TAC<\/a>)<\/li>\n<li>Projectes interdisciplinaris (<a href=\"http:\/\/agora.xtec.cat\/iespauvila\/projecte-educatiu\/projectes\/#6\">Erasmus+<\/a>).<\/li>\n<\/ul>\n<\/li>\n<\/ul>\n<ul>\n<li><strong>Diversitat<\/strong>\n<ul>\n<li>Refor\u00e7 de les mat\u00e8ries instrumentals<\/li>\n<li>Grups d\u2019aula oberta i de refor\u00e7<\/li>\n<li>Aula d\u2019acollida per a l\u2019alumnat nouvingut<\/li>\n<li>Plans individuals (PI) per a l\u2019alumnat amb altes capacitats intel\u00b7lectuals, amb trastorns d\u2019aprenentatge o amb altres circumst\u00e0ncies singulars.<\/li>\n<li>Itineraris diferenciats a 4t. d&#8217;ESO en funci\u00f3 dels estudis posteriors.<\/li>\n<li>Tutories individualitzades per a l&#8217;alumnat amb necessitats educatives especials.<\/li>\n<\/ul>\n<\/li>\n<\/ul>\n<ul>\n<li><strong>Humanitat<\/strong>\n<ul>\n<li>Foment del civisme i la solidaritat amb activitats d\u2019aprenentatge-servei a la comunitat (projecte <a href=\"http:\/\/agora.xtec.cat\/iespauvila\/projecte-educatiu\/projectes\/#9\">NEXE<\/a>)<\/li>\n<li>Resoluci\u00f3 de conflictes mitjan\u00e7ant la mediaci\u00f3 (projecte <a href=\"http:\/\/agora.xtec.cat\/iespauvila\/projecte-educatiu\/projectes\/#7\">Fem Pinya<\/a>).<\/li>\n<\/ul>\n<\/li>\n<\/ul>\n<p>El centre \u00e9s pioner en impartir el Batxibac a Sabadell i t\u00e9 una llarga tradici\u00f3 de viatges i intercanvis en l&#8217;estranger, aix\u00ed com de sortides interdisciplin\u00e0ries.<\/p>\n<p>El professorat del centre es caracteritza per cercar alternatives pedag\u00f2giques i plantejar estrat\u00e8gies innovadores\u00a0per donar resposta a la diversitat del seu alumnat.<\/p>\n<p><iframe loading=\"lazy\" title=\"SANT JORDI\" width=\"500\" height=\"281\" src=\"https:\/\/www.youtube.com\/embed\/sBQ0zFIEyQM?feature=oembed\" frameborder=\"0\" allow=\"accelerometer; autoplay; clipboard-write; encrypted-media; gyroscope; picture-in-picture; web-share\" referrerpolicy=\"strict-origin-when-cross-origin\" allowfullscreen><\/iframe><\/p>\n<h2>Espais<\/h2>\n<p>L\u2019institut ha anat creixent en el temps amb diverses ampliacions i actualment el centre el conformen diferents construccions dins del mateix recinte: dos edificis d&#8217;aules, dues pistes esportives, dos gimnasos i destaquem el fet de ser l\u2019\u00fanic institut de Sabadell que disposa d\u2019una sala d\u2019actes amb cabuda per a 250 persones i que les aules de grup s\u00f3n for\u00e7a \u00e0mplies front les noves construccions. (v.p\u00e0g. <a href=\"http:\/\/agora.xtec.cat\/iespauvila\/linstitut\/instal%c2%b7lacions\/\">instal\u00b7lacions<\/a>).<\/p>\n<p>Quant a les noves tecnologies, totes les aules estan digitalitzades i l\u2019alumnat disposa d\u2019ordinadors port\u00e0tils per treballar a l\u2019aula. El centre tamb\u00e9 t\u00e9 quatre aules d\u2019inform\u00e0tica (dues generals i dues espec\u00edfiques de Tecnologia i Matem\u00e0tiques) i cinc aules d\u2019audiovisuals (una general, una amb pantalla croma i tres espec\u00edfiques d\u2019Angl\u00e8s, Franc\u00e8s i Hist\u00f2ria).<\/p>\n<h2>Escoles<\/h2>\n<p>L\u2019institut t\u00e9 tres escoles adscrites (<a href=\"http:\/\/agora.xtec.cat\/ceipteresaclaramunt\/\" target=\"_blank\" rel=\"noopener\">Escola Teresa Claramunt<\/a>, <a href=\"http:\/\/www.xtec.cat\/ceipjoanotalisanda\/\" target=\"_blank\" rel=\"noopener\">Escola Joanot Alisanda<\/a> i <a href=\"http:\/\/www.xtec.cat\/ceipmartipol-sabadell\/\" target=\"_blank\" rel=\"noopener\">Escola Miquel Mart\u00ed i Pol<\/a>) amb les quals es mant\u00e9 una <a href=\"http:\/\/agora.xtec.cat\/iespauvila\/projecte-educatiu\/coordinacio-primaria-secundaria\/\">coordinaci\u00f3 cooperativa<\/a>, amb plantejaments d\u2019escola inclusiva, que permet una millor adaptaci\u00f3 de l\u2019alumnat en el pas de prim\u00e0ria a secund\u00e0ria.<\/p>\n<p><iframe loading=\"lazy\" title=\"El Vall\u00e8s Educa dimarts 24-02-2015 de Canal Terrassa\" width=\"500\" height=\"281\" src=\"https:\/\/www.youtube.com\/embed\/PeBAYo3Ea8M?feature=oembed\" frameborder=\"0\" allow=\"accelerometer; autoplay; clipboard-write; encrypted-media; gyroscope; picture-in-picture; web-share\" referrerpolicy=\"strict-origin-when-cross-origin\" allowfullscreen><\/iframe><\/p>\n<h2>Fam\u00edlies<\/h2>\n<ul>\n<li>Contacte amb el tutor per correu electr\u00f2nic.<\/li>\n<li>Acc\u00e9s directe a l&#8217;aplicaci\u00f3 de gesti\u00f3 d&#8217;incid\u00e8ncies a l&#8217;aula, abs\u00e8ncies i retards (GIA).<\/li>\n<li>Participaci\u00f3 de l&#8217;AMPA en l&#8217;organitzaci\u00f3 d&#8217;activitats complement\u00e0ries:\n<ul>\n<li>Refor\u00e7 escolar<\/li>\n<li>Esport (voleibol, futbol sala, escalada, &#8230;)<\/li>\n<li>Teatre<\/li>\n<li>Enlaira&#8217;t<\/li>\n<\/ul>\n<\/li>\n<li>Alternatives de l&#8217;AFA a la compra de llibres de text nous:\n<ul>\n<li>Plataforma d&#8217;intercanvi<\/li>\n<\/ul>\n<\/li>\n<\/ul>\n<p>&nbsp;<\/p>\n","protected":false},"excerpt":{"rendered":"<p><a href=\"http:\/\/agora.xtec.cat\/iespauvila\/wp-content\/uploads\/usu486\/2013\/09\/premipaujuliaperarnau.jpg\"><\/a>Distinci\u00f3 PAU 2013<br \/>\nL&#8217;Institut Pau Vila \u00e9s un institut p\u00fablic d&#8217;ensenyament secundari. Per la seva tradici\u00f3, pels seus recursos i pel seu professorat, es troba especialment dotat per impartir els estudis que li ha concedit el Departament d&#8217;Ensenyament:<\/p>\n<ul>\n<li><a href=\"http:\/\/agora.xtec.cat\/iespauvila\/estudis\/eso\/\">Educaci\u00f3 Secund\u00e0ria Obligat\u00f2ria (ESO)<\/a><\/li>\n<li><a href=\"http:\/\/agora.xtec.cat\/iespauvila\/estudis\/batxillerat-diurn\/\">Batxillerat en r\u00e8gim&hellip;  <a href=\"https:\/\/agora.xtec.cat\/iespauvila\/linstitut\/\" title=\"Read L&#8217;institut\">Llegeix m\u00e9s\u00bb<\/a><br \/>\n","protected":false},"author":1,"featured_media":0,"parent":0,"menu_order":1,"comment_status":"closed","ping_status":"closed","template":"page-templates\/side-menu.php","meta":{"_bbp_topic_count":0,"_bbp_reply_count":0,"_bbp_total_topic_count":0,"_bbp_total_reply_count":0,"_bbp_voice_count":0,"_bbp_anonymous_reply_count":0,"_bbp_topic_count_hidden":0,"_bbp_reply_count_hidden":0,"_bbp_forum_subforum_count":0,"footnotes":""},"class_list":["post-19","page","type-page","status-publish","hentry"],"post_mailing_queue_ids":[],"_links":{"self":[{"href":"https:\/\/agora.xtec.cat\/iespauvila\/wp-json\/wp\/v2\/pages\/19","targetHints":{"allow":["GET"]}}],"collection":[{"href":"https:\/\/agora.xtec.cat\/iespauvila\/wp-json\/wp\/v2\/pages"}],"about":[{"href":"https:\/\/agora.xtec.cat\/iespauvila\/wp-json\/wp\/v2\/types\/page"}],"author":[{"embeddable":true,"href":"https:\/\/agora.xtec.cat\/iespauvila\/wp-json\/wp\/v2\/users\/1"}],"replies":[{"embeddable":true,"href":"https:\/\/agora.xtec.cat\/iespauvila\/wp-json\/wp\/v2\/comments?post=19"}],"version-history":[{"count":4,"href":"https:\/\/agora.xtec.cat\/iespauvila\/wp-json\/wp\/v2\/pages\/19\/revisions"}],"predecessor-version":[{"id":13025,"href":"https:\/\/agora.xtec.cat\/iespauvila\/wp-json\/wp\/v2\/pages\/19\/revisions\/13025"}],"wp:attachment":[{"href":"https:\/\/agora.xtec.cat\/iespauvila\/wp-json\/wp\/v2\/media?parent=19"}],"curies":[{"name":"wp","href":"https:\/\/api.w.org\/{rel}","templated":true}]}}