{"id":1110,"date":"2015-11-27T17:13:10","date_gmt":"2015-11-27T16:13:10","guid":{"rendered":"http:\/\/agora.xtec.cat\/iespauvila\/?page_id=1110"},"modified":"2026-01-26T17:22:05","modified_gmt":"2026-01-26T16:22:05","slug":"pas","status":"publish","type":"page","link":"https:\/\/agora.xtec.cat\/iespauvila\/linstitut\/organigrama\/pas\/","title":{"rendered":"PAS"},"content":{"rendered":"<p>El personal d&#8217;administraci\u00f3 i serveis (PAS) est\u00e0 format per:<\/p>\n<ul>\n<li><strong><a href=\"http:\/\/agora.xtec.cat\/iespauvila\/serveis\/consergeria\/\">Conserges<\/a><\/strong>, que s&#8217;encarreguen de vigilar i custodiar el material, el mobiliari i les instal\u00b7lacions del centre, controlar els accessos i rebre les persones que accedeixen al centre, utilitzar i manipular el maquinari de reprografia, atendre l&#8217;alumnat i donar suport al funcionament i estructura del centre.<\/li>\n<li><strong><a href=\"http:\/\/agora.xtec.cat\/iespauvila\/serveis\/secretaria\/\">Personal d&#8217;administraci\u00f3<\/a><\/strong>, que s&#8217;encarrega de la gesti\u00f3 administrativa dels processos de preinscripci\u00f3 i matriculaci\u00f3 d&#8217;alumnes, dels documents acad\u00e8mics (llibres d&#8217;escolaritat, historials acad\u00e8mics, expedients acad\u00e8mics, t\u00edtols, beques i ajuts, certificacions, dilig\u00e8ncies&#8230;) i de la tramitaci\u00f3 dels assumptes propis del centre.<\/li>\n<li><strong>Personal de neteja<\/strong>, que t\u00e9 cura de la neteja de les instal\u00b7lacions del centre.<\/li>\n<li>Infermera del Programa Salut i Escola<\/li>\n<li><strong><a href=\"http:\/\/agora.xtec.cat\/iespauvila\/serveis\/bar-cantina\/\">Personal de la cantina<\/a><\/strong>, que s&#8217;encarrega de la gesti\u00f3 del bar-cantina, d&#8217;acord amb les directrius donades pel Consell Escolar.<\/li>\n<\/ul>\n<h2>Composici\u00f3 curs 2022-23<\/h2>\n<table>\n<tbody>\n<tr>\n<td style=\"width: 190px;\">Conserges<\/td>\n<td style=\"width: 180px;\">Joan Aparicio, Marta Pujols i\u00a0 Laura Gil<\/td>\n<\/tr>\n<tr>\n<td style=\"width: 190px;\">Administraci\u00f3<\/td>\n<td style=\"width: 180px;\">Laura Jim\u00e9nez i Joaquim Tello<\/td>\n<\/tr>\n<tr>\n<td style=\"width: 190px;\">Neteja<\/td>\n<td style=\"width: 180px;\">Trini Herrera, Rosario Soteras, Mercedes F\u00e9rez i Elisabeth Monterroso<\/td>\n<\/tr>\n<tr>\n<td style=\"width: 190px;\">Infermera Salut-Escola<\/td>\n<td style=\"width: 180px;\">Piedad D\u00edaz<\/td>\n<\/tr>\n<tr>\n<td style=\"width: 190px;\">Cantina<\/td>\n<td style=\"width: 180px;\">Anna Perell\u00f3 i Marta Perell\u00f3<\/td>\n<\/tr>\n<\/tbody>\n<\/table>\n","protected":false},"excerpt":{"rendered":"<p>El personal d&#8217;administraci\u00f3 i serveis (PAS) est\u00e0 format per:<\/p>\n<ul>\n<li><a href=\"http:\/\/agora.xtec.cat\/iespauvila\/serveis\/consergeria\/\">Conserges<\/a>, que s&#8217;encarreguen de vigilar i custodiar el material, el mobiliari i les instal\u00b7lacions del centre, controlar els accessos i rebre les persones que accedeixen al centre, utilitzar i manipular el maquinari de reprografia, atendre l&#8217;alumnat&hellip;  <a href=\"https:\/\/agora.xtec.cat\/iespauvila\/linstitut\/organigrama\/pas\/\" title=\"Read PAS\">Llegeix m\u00e9s\u00bb<\/a><br \/>\n","protected":false},"author":1,"featured_media":0,"parent":46,"menu_order":145,"comment_status":"closed","ping_status":"closed","template":"page-templates\/side-menu.php","meta":{"_bbp_topic_count":0,"_bbp_reply_count":0,"_bbp_total_topic_count":0,"_bbp_total_reply_count":0,"_bbp_voice_count":0,"_bbp_anonymous_reply_count":0,"_bbp_topic_count_hidden":0,"_bbp_reply_count_hidden":0,"_bbp_forum_subforum_count":0,"footnotes":""},"class_list":["post-1110","page","type-page","status-publish","hentry"],"post_mailing_queue_ids":[],"_links":{"self":[{"href":"https:\/\/agora.xtec.cat\/iespauvila\/wp-json\/wp\/v2\/pages\/1110","targetHints":{"allow":["GET"]}}],"collection":[{"href":"https:\/\/agora.xtec.cat\/iespauvila\/wp-json\/wp\/v2\/pages"}],"about":[{"href":"https:\/\/agora.xtec.cat\/iespauvila\/wp-json\/wp\/v2\/types\/page"}],"author":[{"embeddable":true,"href":"https:\/\/agora.xtec.cat\/iespauvila\/wp-json\/wp\/v2\/users\/1"}],"replies":[{"embeddable":true,"href":"https:\/\/agora.xtec.cat\/iespauvila\/wp-json\/wp\/v2\/comments?post=1110"}],"version-history":[{"count":5,"href":"https:\/\/agora.xtec.cat\/iespauvila\/wp-json\/wp\/v2\/pages\/1110\/revisions"}],"predecessor-version":[{"id":15006,"href":"https:\/\/agora.xtec.cat\/iespauvila\/wp-json\/wp\/v2\/pages\/1110\/revisions\/15006"}],"up":[{"embeddable":true,"href":"https:\/\/agora.xtec.cat\/iespauvila\/wp-json\/wp\/v2\/pages\/46"}],"wp:attachment":[{"href":"https:\/\/agora.xtec.cat\/iespauvila\/wp-json\/wp\/v2\/media?parent=1110"}],"curies":[{"name":"wp","href":"https:\/\/api.w.org\/{rel}","templated":true}]}}