{"id":1081,"date":"2015-11-26T15:45:24","date_gmt":"2015-11-26T14:45:24","guid":{"rendered":"http:\/\/agora.xtec.cat\/iespauvila\/?page_id=1081"},"modified":"2024-09-05T11:29:14","modified_gmt":"2024-09-05T09:29:14","slug":"biblioteca","status":"publish","type":"page","link":"https:\/\/agora.xtec.cat\/iespauvila\/serveis\/biblioteca\/","title":{"rendered":"Biblioteca"},"content":{"rendered":"<p>La <strong>biblioteca del centre<\/strong>: obre de dilluns a divendres, de 10:45 a 11:45.<\/p>\n<p>Disposem d&#8217;una <a href=\"https:\/\/sites.google.com\/inspauvila.cat\/biblioteca-pv\/inici?authuser=0\" target=\"_blank\" rel=\"noopener\"><em>Site<\/em><\/a> que permet a l&#8217;alumnat con\u00e8ixer les novetats, la normativa, consultar el cat\u00e0leg en l\u00ednia, consultar si tenen algun llibre en pr\u00e9stec i poder escriure suggeriments.<\/p>\n<p><img loading=\"lazy\" decoding=\"async\" class=\"aligncenter size-full wp-image-1103\" src=\"http:\/\/agora.xtec.cat\/iespauvila\/wp-content\/uploads\/usu486\/2015\/11\/Biblioteca-Pau-Vila.jpg\" alt=\"Biblioteca Pau Vila\" width=\"800\" height=\"265\" srcset=\"https:\/\/agora.xtec.cat\/iespauvila\/wp-content\/uploads\/usu486\/2015\/11\/Biblioteca-Pau-Vila.jpg 800w, https:\/\/agora.xtec.cat\/iespauvila\/wp-content\/uploads\/usu486\/2015\/11\/Biblioteca-Pau-Vila-300x99.jpg 300w\" sizes=\"auto, (max-width: 800px) 100vw, 800px\" \/><\/p>\n<p>&nbsp;<\/p>\n<p><a href=\"https:\/\/ca-es.facebook.com\/BiblioPGracia\"><img loading=\"lazy\" decoding=\"async\" class=\"aligncenter size-full wp-image-1104\" src=\"http:\/\/agora.xtec.cat\/iespauvila\/wp-content\/uploads\/usu486\/2015\/11\/bpg.jpg\" alt=\"Biblioteca P\u00fablica de Gr\u00e0cia\" width=\"799\" height=\"262\" srcset=\"https:\/\/agora.xtec.cat\/iespauvila\/wp-content\/uploads\/usu486\/2015\/11\/bpg.jpg 799w, https:\/\/agora.xtec.cat\/iespauvila\/wp-content\/uploads\/usu486\/2015\/11\/bpg-300x98.jpg 300w\" sizes=\"auto, (max-width: 799px) 100vw, 799px\" \/><\/a><\/p>\n<p>El professorat, i particularment els tutors i tutores, potencien la seva utilitzaci\u00f3 com a servei de consulta de llibres o com a sala d&#8217;estudi. A m\u00e9s a m\u00e9s, funciona un servei de pr\u00e9stec de llibres, sala de jocs de taula i aula d&#8217;acollida.<\/p>\n<p>&nbsp;<\/p>\n","protected":false},"excerpt":{"rendered":"<p>La biblioteca del centre: obre de dilluns a divendres, de 10:45 a 11:45.<br \/>\nDisposem d&#8217;una <a href=\"https:\/\/sites.google.com\/inspauvila.cat\/biblioteca-pv\/inici?authuser=0\" target=\"_blank\" rel=\"noopener\">Site<\/a> que permet a l&#8217;alumnat con\u00e8ixer les novetats, la normativa, consultar el cat\u00e0leg en l\u00ednia, consultar si tenen algun llibre en pr\u00e9stec i poder escriure suggeriments.<\/p>\n<p>&nbsp;<br \/>\n<a href=\"https:\/\/ca-es.facebook.com\/BiblioPGracia\"><\/a><br \/>\nEl professorat,&hellip;  <a href=\"https:\/\/agora.xtec.cat\/iespauvila\/serveis\/biblioteca\/\" title=\"Read Biblioteca\">Llegeix m\u00e9s\u00bb<\/a><\/p>\n","protected":false},"author":1,"featured_media":0,"parent":393,"menu_order":45,"comment_status":"closed","ping_status":"closed","template":"page-templates\/side-menu.php","meta":{"_bbp_topic_count":0,"_bbp_reply_count":0,"_bbp_total_topic_count":0,"_bbp_total_reply_count":0,"_bbp_voice_count":0,"_bbp_anonymous_reply_count":0,"_bbp_topic_count_hidden":0,"_bbp_reply_count_hidden":0,"_bbp_forum_subforum_count":0,"footnotes":""},"class_list":["post-1081","page","type-page","status-publish","hentry"],"post_mailing_queue_ids":[],"_links":{"self":[{"href":"https:\/\/agora.xtec.cat\/iespauvila\/wp-json\/wp\/v2\/pages\/1081","targetHints":{"allow":["GET"]}}],"collection":[{"href":"https:\/\/agora.xtec.cat\/iespauvila\/wp-json\/wp\/v2\/pages"}],"about":[{"href":"https:\/\/agora.xtec.cat\/iespauvila\/wp-json\/wp\/v2\/types\/page"}],"author":[{"embeddable":true,"href":"https:\/\/agora.xtec.cat\/iespauvila\/wp-json\/wp\/v2\/users\/1"}],"replies":[{"embeddable":true,"href":"https:\/\/agora.xtec.cat\/iespauvila\/wp-json\/wp\/v2\/comments?post=1081"}],"version-history":[{"count":5,"href":"https:\/\/agora.xtec.cat\/iespauvila\/wp-json\/wp\/v2\/pages\/1081\/revisions"}],"predecessor-version":[{"id":14453,"href":"https:\/\/agora.xtec.cat\/iespauvila\/wp-json\/wp\/v2\/pages\/1081\/revisions\/14453"}],"up":[{"embeddable":true,"href":"https:\/\/agora.xtec.cat\/iespauvila\/wp-json\/wp\/v2\/pages\/393"}],"wp:attachment":[{"href":"https:\/\/agora.xtec.cat\/iespauvila\/wp-json\/wp\/v2\/media?parent=1081"}],"curies":[{"name":"wp","href":"https:\/\/api.w.org\/{rel}","templated":true}]}}