{"id":1077,"date":"2015-11-26T15:23:10","date_gmt":"2015-11-26T14:23:10","guid":{"rendered":"http:\/\/agora.xtec.cat\/iespauvila\/?page_id=1077"},"modified":"2021-10-22T10:41:04","modified_gmt":"2021-10-22T08:41:04","slug":"bar-cantina","status":"publish","type":"page","link":"https:\/\/agora.xtec.cat\/iespauvila\/serveis\/bar-cantina\/","title":{"rendered":"Bar-cantina"},"content":{"rendered":"<h2>Horari<\/h2>\n<p>\ud83d\udd5b De dilluns a divendres de <strong>7:45-16:00<\/strong><\/p>\n<h2>Menjador<\/h2>\n<p style=\"text-align: justify;\">Hi ha la possibilitat de dinar en el centre amb el servei de menjador de la cantina (<em>cal avisar abans de les 9:30 del mat\u00ed<\/em>). Si se&#8217;n vol fer \u00fas, cal posar-se en contacte amb el responsable del servei i reservar el men\u00fa del dia a un preu molt assequible. <strong>Tenim biquinis adaptats per a cel\u00edacs<\/strong>. El pa i els croissants s\u00f3n de forn diaris.<\/p>\n<p><strong>\ud83d\udcf1 WhatsApp<\/strong> (Nom\u00e9s es poden enviar missatges): <em>652531570<\/em><\/p>\n<p><strong>\ud83d\udcde Si es vol trucar<\/strong>, cal fer servir el seg\u00fcent tel\u00e8fon: <em>615931618<\/em><\/p>\n<p>&nbsp;<\/p>\n","protected":false},"excerpt":{"rendered":"<p>Horari<br \/>\n\ud83d\udd5b De dilluns a divendres de 7:45-16:00<br \/>\nMenjador<br \/>\nHi ha la possibilitat de dinar en el centre amb el servei de menjador de la cantina (cal avisar abans de les 9:30 del mat\u00ed). Si se&#8217;n vol fer \u00fas, cal posar-se en contacte amb el responsable del servei&hellip;  <a href=\"https:\/\/agora.xtec.cat\/iespauvila\/serveis\/bar-cantina\/\" title=\"Read Bar-cantina\">Llegeix m\u00e9s\u00bb<\/a><\/p>\n","protected":false},"author":1,"featured_media":0,"parent":393,"menu_order":46,"comment_status":"closed","ping_status":"closed","template":"page-templates\/side-menu.php","meta":{"_bbp_topic_count":0,"_bbp_reply_count":0,"_bbp_total_topic_count":0,"_bbp_total_reply_count":0,"_bbp_voice_count":0,"_bbp_anonymous_reply_count":0,"_bbp_topic_count_hidden":0,"_bbp_reply_count_hidden":0,"_bbp_forum_subforum_count":0,"footnotes":""},"class_list":["post-1077","page","type-page","status-publish","hentry"],"post_mailing_queue_ids":[],"_links":{"self":[{"href":"https:\/\/agora.xtec.cat\/iespauvila\/wp-json\/wp\/v2\/pages\/1077","targetHints":{"allow":["GET"]}}],"collection":[{"href":"https:\/\/agora.xtec.cat\/iespauvila\/wp-json\/wp\/v2\/pages"}],"about":[{"href":"https:\/\/agora.xtec.cat\/iespauvila\/wp-json\/wp\/v2\/types\/page"}],"author":[{"embeddable":true,"href":"https:\/\/agora.xtec.cat\/iespauvila\/wp-json\/wp\/v2\/users\/1"}],"replies":[{"embeddable":true,"href":"https:\/\/agora.xtec.cat\/iespauvila\/wp-json\/wp\/v2\/comments?post=1077"}],"version-history":[{"count":4,"href":"https:\/\/agora.xtec.cat\/iespauvila\/wp-json\/wp\/v2\/pages\/1077\/revisions"}],"predecessor-version":[{"id":11717,"href":"https:\/\/agora.xtec.cat\/iespauvila\/wp-json\/wp\/v2\/pages\/1077\/revisions\/11717"}],"up":[{"embeddable":true,"href":"https:\/\/agora.xtec.cat\/iespauvila\/wp-json\/wp\/v2\/pages\/393"}],"wp:attachment":[{"href":"https:\/\/agora.xtec.cat\/iespauvila\/wp-json\/wp\/v2\/media?parent=1077"}],"curies":[{"name":"wp","href":"https:\/\/api.w.org\/{rel}","templated":true}]}}