{"id":2295,"date":"2021-10-16T13:34:48","date_gmt":"2021-10-16T11:34:48","guid":{"rendered":"https:\/\/agora.xtec.cat\/iespauclaris\/?page_id=2295"},"modified":"2022-09-21T13:15:04","modified_gmt":"2022-09-21T11:15:04","slug":"dinantia","status":"publish","type":"page","link":"https:\/\/agora.xtec.cat\/iespauclaris\/fam\/dinantia\/","title":{"rendered":"Dinantia"},"content":{"rendered":"<p>Utilitzem l&#8217;aplicaci\u00f3 <strong>Dinantia<\/strong> per a les comunicacions fam\u00edlies-centre. Si us instal\u00b7leu l&#8217;aplicaci\u00f3 al m\u00f2bil, veureu com n&#8217;\u00e9s de f\u00e0cil el seu \u00fas. Entre les diverses funcions teniu la del control de faltes d&#8217;assist\u00e8ncia, justificaci\u00f3 d\u2019aquestes, permisos de sortida, etc. A continuaci\u00f3 els enlla\u00e7os de desc\u00e0rrega a <a href=\"https:\/\/play.google.com\/store\/apps\/details?id=com.dinantia.dinantia&amp;hl=ca&amp;gl=US\" target=\"_blank\" rel=\"noopener\">Google Play<\/a> i a <a href=\"https:\/\/apps.apple.com\/es\/app\/dinantia\/id1057051981\" target=\"_blank\" rel=\"noopener\">Apple Store<\/a>.<\/p>\n","protected":false},"excerpt":{"rendered":"<p>Utilitzem l&#8217;aplicaci\u00f3 Dinantia per a les comunicacions fam\u00edlies-centre. Si us instal\u00b7leu l&#8217;aplicaci\u00f3 al m\u00f2bil, veureu com n&#8217;\u00e9s de f\u00e0cil el seu \u00fas. Entre les diverses funcions teniu la del control de faltes d&#8217;assist\u00e8ncia, justificaci\u00f3 d\u2019aquestes, permisos de sortida, etc. A continuaci\u00f3 els enlla\u00e7os de desc\u00e0rrega&hellip;  <a href=\"https:\/\/agora.xtec.cat\/iespauclaris\/fam\/dinantia\/\" title=\"Read Dinantia\">Llegeix m\u00e9s\u00bb<\/a><\/p>\n","protected":false},"author":1,"featured_media":0,"parent":63,"menu_order":5,"comment_status":"closed","ping_status":"closed","template":"page-templates\/side-menu.php","meta":{"_bbp_topic_count":0,"_bbp_reply_count":0,"_bbp_total_topic_count":0,"_bbp_total_reply_count":0,"_bbp_voice_count":0,"_bbp_anonymous_reply_count":0,"_bbp_topic_count_hidden":0,"_bbp_reply_count_hidden":0,"_bbp_forum_subforum_count":0,"footnotes":""},"class_list":["post-2295","page","type-page","status-publish","hentry"],"post_mailing_queue_ids":[],"_links":{"self":[{"href":"https:\/\/agora.xtec.cat\/iespauclaris\/wp-json\/wp\/v2\/pages\/2295","targetHints":{"allow":["GET"]}}],"collection":[{"href":"https:\/\/agora.xtec.cat\/iespauclaris\/wp-json\/wp\/v2\/pages"}],"about":[{"href":"https:\/\/agora.xtec.cat\/iespauclaris\/wp-json\/wp\/v2\/types\/page"}],"author":[{"embeddable":true,"href":"https:\/\/agora.xtec.cat\/iespauclaris\/wp-json\/wp\/v2\/users\/1"}],"replies":[{"embeddable":true,"href":"https:\/\/agora.xtec.cat\/iespauclaris\/wp-json\/wp\/v2\/comments?post=2295"}],"version-history":[{"count":2,"href":"https:\/\/agora.xtec.cat\/iespauclaris\/wp-json\/wp\/v2\/pages\/2295\/revisions"}],"predecessor-version":[{"id":3543,"href":"https:\/\/agora.xtec.cat\/iespauclaris\/wp-json\/wp\/v2\/pages\/2295\/revisions\/3543"}],"up":[{"embeddable":true,"href":"https:\/\/agora.xtec.cat\/iespauclaris\/wp-json\/wp\/v2\/pages\/63"}],"wp:attachment":[{"href":"https:\/\/agora.xtec.cat\/iespauclaris\/wp-json\/wp\/v2\/media?parent=2295"}],"curies":[{"name":"wp","href":"https:\/\/api.w.org\/{rel}","templated":true}]}}