{"id":1819,"date":"2021-03-06T19:23:53","date_gmt":"2021-03-06T18:23:53","guid":{"rendered":"http:\/\/agora.xtec.cat\/iespauclaris\/?page_id=1819"},"modified":"2021-03-09T10:09:38","modified_gmt":"2021-03-09T09:09:38","slug":"reptes-finals","status":"publish","type":"page","link":"https:\/\/agora.xtec.cat\/iespauclaris\/pro\/reptes-finals\/","title":{"rendered":"Reptes finals"},"content":{"rendered":"<p>Al Pau Claris desenvolupem els <strong>cr\u00e8dits de s\u00edntesi<\/strong> que s\u00f3n obligatoris al final de cada curs, a trav\u00e9s del que anomenem <strong>reptes finals<\/strong>, on l\u2019alumnat treballa amb la metodologia del treball per projectes amb l\u2019objectiu de resoldre un repte que poden ser proposats pels mateixos alumnes o pel professorat de cada etapa educativa.<\/p>\n<p>Per desenvolupar aquests reptes s\u2019organitza una setmana en la qual s\u2019han d\u2019utilitzar totes les compet\u00e8ncies treballades durant el curs per donar resposta aplicada en un context diferent. Per portar-los a terme, l\u2019alumnat ha de mostrar capacitat de gesti\u00f3 i organitzaci\u00f3 del temps, esfor\u00e7 i comprom\u00eds, capacitat de treball en equip, domini de les compet\u00e8ncies digitals. Els productes o solucions proposades han de mostrar-les a la resta d\u2019alumnat i fam\u00edlies, fent-los protagonistes davant la comunitat educativa.<\/p>\n","protected":false},"excerpt":{"rendered":"<p>Al Pau Claris desenvolupem els cr\u00e8dits de s\u00edntesi que s\u00f3n obligatoris al final de cada curs, a trav\u00e9s del que anomenem reptes finals, on l\u2019alumnat treballa amb la metodologia del treball per projectes amb l\u2019objectiu de resoldre un repte que poden ser proposats pels mateixos&hellip;  <a href=\"https:\/\/agora.xtec.cat\/iespauclaris\/pro\/reptes-finals\/\" title=\"Read Reptes finals\">Llegeix m\u00e9s\u00bb<\/a><\/p>\n","protected":false},"author":1,"featured_media":0,"parent":621,"menu_order":7,"comment_status":"closed","ping_status":"closed","template":"page-templates\/side-menu.php","meta":{"_bbp_topic_count":0,"_bbp_reply_count":0,"_bbp_total_topic_count":0,"_bbp_total_reply_count":0,"_bbp_voice_count":0,"_bbp_anonymous_reply_count":0,"_bbp_topic_count_hidden":0,"_bbp_reply_count_hidden":0,"_bbp_forum_subforum_count":0,"footnotes":""},"class_list":["post-1819","page","type-page","status-publish","hentry"],"post_mailing_queue_ids":[],"_links":{"self":[{"href":"https:\/\/agora.xtec.cat\/iespauclaris\/wp-json\/wp\/v2\/pages\/1819","targetHints":{"allow":["GET"]}}],"collection":[{"href":"https:\/\/agora.xtec.cat\/iespauclaris\/wp-json\/wp\/v2\/pages"}],"about":[{"href":"https:\/\/agora.xtec.cat\/iespauclaris\/wp-json\/wp\/v2\/types\/page"}],"author":[{"embeddable":true,"href":"https:\/\/agora.xtec.cat\/iespauclaris\/wp-json\/wp\/v2\/users\/1"}],"replies":[{"embeddable":true,"href":"https:\/\/agora.xtec.cat\/iespauclaris\/wp-json\/wp\/v2\/comments?post=1819"}],"version-history":[{"count":3,"href":"https:\/\/agora.xtec.cat\/iespauclaris\/wp-json\/wp\/v2\/pages\/1819\/revisions"}],"predecessor-version":[{"id":1825,"href":"https:\/\/agora.xtec.cat\/iespauclaris\/wp-json\/wp\/v2\/pages\/1819\/revisions\/1825"}],"up":[{"embeddable":true,"href":"https:\/\/agora.xtec.cat\/iespauclaris\/wp-json\/wp\/v2\/pages\/621"}],"wp:attachment":[{"href":"https:\/\/agora.xtec.cat\/iespauclaris\/wp-json\/wp\/v2\/media?parent=1819"}],"curies":[{"name":"wp","href":"https:\/\/api.w.org\/{rel}","templated":true}]}}