{"id":1257,"date":"2021-01-23T12:07:47","date_gmt":"2021-01-23T11:07:47","guid":{"rendered":"http:\/\/agora.xtec.cat\/iespauclaris\/?page_id=1257"},"modified":"2023-06-28T09:50:23","modified_gmt":"2023-06-28T07:50:23","slug":"linguasoc","status":"publish","type":"page","link":"https:\/\/agora.xtec.cat\/iespauclaris\/pro\/linguasoc\/","title":{"rendered":"Linguasoc"},"content":{"rendered":"<p>Linguasoc \u00e9s un dels projectes del segon curs de l&#8217;ESO. Les mat\u00e8ries que hi treballem s\u00f3n les de Geografia i Hist\u00f2ria, Llengua catalana i Llengua castellana. Aix\u00ed, doncs, aprofitem els continguts clau de l&#8217;edat mitjana (programats curricularment per a aquest curs) per desplegar les compet\u00e8ncies dels <strong>\u00e0mbits social i ling\u00fc\u00edstic<\/strong> i dels<strong> \u00e0mbits transversals <\/strong>(digital, personal i social i cultura i valors).<\/p>\n<p>Com es vivia als castells? Per qu\u00e8 es diu que Catalunya va ser una terra de frontera? Quin \u00e9s l&#8217;origen com\u00fa de les tres religions monoteistes? Qu\u00e8 \u00e9s la llei de l&#8217;oferta i la demanda? Aquestes s\u00f3n algunes de les preguntes que intentem donar resposta. Visitar i con\u00e8ixer en profunditat Ciutat Vella mai havia estat tant a l&#8217;abast!<\/p>\n<p>El <strong>treball cooperatiu<\/strong> i la <strong>codoc\u00e8ncia<\/strong> s\u00f3n eines b\u00e0siques per a la inclusi\u00f3 i l&#8217;atenci\u00f3 de les necessitats de cada alumne.<\/p>\n","protected":false},"excerpt":{"rendered":"<p>Linguasoc \u00e9s un dels projectes del segon curs de l&#8217;ESO. Les mat\u00e8ries que hi treballem s\u00f3n les de Geografia i Hist\u00f2ria, Llengua catalana i Llengua castellana. Aix\u00ed, doncs, aprofitem els continguts clau de l&#8217;edat mitjana (programats curricularment per a aquest curs) per desplegar les compet\u00e8ncies&hellip;  <a href=\"https:\/\/agora.xtec.cat\/iespauclaris\/pro\/linguasoc\/\" title=\"Read Linguasoc\">Llegeix m\u00e9s\u00bb<\/a><\/p>\n","protected":false},"author":1,"featured_media":0,"parent":621,"menu_order":30,"comment_status":"closed","ping_status":"closed","template":"page-templates\/side-menu.php","meta":{"_bbp_topic_count":0,"_bbp_reply_count":0,"_bbp_total_topic_count":0,"_bbp_total_reply_count":0,"_bbp_voice_count":0,"_bbp_anonymous_reply_count":0,"_bbp_topic_count_hidden":0,"_bbp_reply_count_hidden":0,"_bbp_forum_subforum_count":0,"footnotes":""},"class_list":["post-1257","page","type-page","status-publish","hentry"],"post_mailing_queue_ids":[],"_links":{"self":[{"href":"https:\/\/agora.xtec.cat\/iespauclaris\/wp-json\/wp\/v2\/pages\/1257","targetHints":{"allow":["GET"]}}],"collection":[{"href":"https:\/\/agora.xtec.cat\/iespauclaris\/wp-json\/wp\/v2\/pages"}],"about":[{"href":"https:\/\/agora.xtec.cat\/iespauclaris\/wp-json\/wp\/v2\/types\/page"}],"author":[{"embeddable":true,"href":"https:\/\/agora.xtec.cat\/iespauclaris\/wp-json\/wp\/v2\/users\/1"}],"replies":[{"embeddable":true,"href":"https:\/\/agora.xtec.cat\/iespauclaris\/wp-json\/wp\/v2\/comments?post=1257"}],"version-history":[{"count":3,"href":"https:\/\/agora.xtec.cat\/iespauclaris\/wp-json\/wp\/v2\/pages\/1257\/revisions"}],"predecessor-version":[{"id":4504,"href":"https:\/\/agora.xtec.cat\/iespauclaris\/wp-json\/wp\/v2\/pages\/1257\/revisions\/4504"}],"up":[{"embeddable":true,"href":"https:\/\/agora.xtec.cat\/iespauclaris\/wp-json\/wp\/v2\/pages\/621"}],"wp:attachment":[{"href":"https:\/\/agora.xtec.cat\/iespauclaris\/wp-json\/wp\/v2\/media?parent=1257"}],"curies":[{"name":"wp","href":"https:\/\/api.w.org\/{rel}","templated":true}]}}