{"id":1255,"date":"2021-01-23T12:06:55","date_gmt":"2021-01-23T11:06:55","guid":{"rendered":"http:\/\/agora.xtec.cat\/iespauclaris\/?page_id=1255"},"modified":"2023-06-28T21:16:38","modified_gmt":"2023-06-28T19:16:38","slug":"fup-2n","status":"publish","type":"page","link":"https:\/\/agora.xtec.cat\/iespauclaris\/pro\/fup-2n\/","title":{"rendered":"FUP 2n ESO"},"content":{"rendered":"<p class=\"p1\">Els projectes FUP (Fem un projecte) de 2n d\u2019ESO s\u00f3n transversals i la finalitat que tenen \u00e9s la de treballar l\u2019<strong>autonomia<\/strong> i el <strong>treball en\u00a0equip<\/strong>.<\/p>\n<p><span style=\"font-weight: 400;\">Mitjan\u00e7ant l&#8217;expressi\u00f3 i la tecnologia digital els alumnes aprenen no sols a ser <b>usuaris competents i cr\u00edtics, <\/b>tamb\u00e9 <b>creadors digitals. <\/b>Amb la col\u00b7laboraci\u00f3 dels artistes del programa<b> MUS-E,<\/b> desenvolupen compet\u00e8ncies<\/span><span style=\"font-weight: 400;\"> de l&#8217;\u00c0mbit personal i social i de l&#8217;\u00c0mbit de cultura i valors a trav\u00e9s de l&#8217;art i les eines digitals.<\/span><\/p>\n<p class=\"p1\">Fem projectes proposats pels docents i projectes m\u00e9s oberts en qu\u00e8 l\u2019alumnat, a partir de les seves motivacions i interessos es fa responsable del disseny i la recerca sobre un tema suggerent. Les emocions han estat en tot moment al centre en el treball que hem fet respecte als temes de car\u00e0cter social com l&#8217;\u00fas i ab\u00fas de xarxes socials, la coeducaci\u00f3, la interculturalitat.<\/p>\n<p><span style=\"font-weight: 400;\">El <strong>treball cooperatiu<\/strong>, les <\/span><b>metodologies actives<\/b><span style=\"font-weight: 400;\"> a l\u2019aula, la <\/span><b>codoc\u00e8ncia<\/b><span style=\"font-weight: 400;\"> i l\u2019<\/span><b>acompanyament personalitzat<\/b><span style=\"font-weight: 400;\"> s\u00f3n estrat\u00e8gies que ens permeten atendre millor la diversitat.<\/span><\/p>\n","protected":false},"excerpt":{"rendered":"<p>Els projectes FUP (Fem un projecte) de 2n d\u2019ESO s\u00f3n transversals i la finalitat que tenen \u00e9s la de treballar l\u2019autonomia i el treball en\u00a0equip.<br \/>\nMitjan\u00e7ant l&#8217;expressi\u00f3 i la tecnologia digital els alumnes aprenen no sols a ser usuaris competents i cr\u00edtics, tamb\u00e9 creadors digitals. Amb&hellip;  <a href=\"https:\/\/agora.xtec.cat\/iespauclaris\/pro\/fup-2n\/\" title=\"Read FUP 2n ESO\">Llegeix m\u00e9s\u00bb<\/a><\/p>\n","protected":false},"author":1,"featured_media":0,"parent":621,"menu_order":20,"comment_status":"closed","ping_status":"closed","template":"page-templates\/side-menu.php","meta":{"_bbp_topic_count":0,"_bbp_reply_count":0,"_bbp_total_topic_count":0,"_bbp_total_reply_count":0,"_bbp_voice_count":0,"_bbp_anonymous_reply_count":0,"_bbp_topic_count_hidden":0,"_bbp_reply_count_hidden":0,"_bbp_forum_subforum_count":0,"footnotes":""},"class_list":["post-1255","page","type-page","status-publish","hentry"],"post_mailing_queue_ids":[],"_links":{"self":[{"href":"https:\/\/agora.xtec.cat\/iespauclaris\/wp-json\/wp\/v2\/pages\/1255","targetHints":{"allow":["GET"]}}],"collection":[{"href":"https:\/\/agora.xtec.cat\/iespauclaris\/wp-json\/wp\/v2\/pages"}],"about":[{"href":"https:\/\/agora.xtec.cat\/iespauclaris\/wp-json\/wp\/v2\/types\/page"}],"author":[{"embeddable":true,"href":"https:\/\/agora.xtec.cat\/iespauclaris\/wp-json\/wp\/v2\/users\/1"}],"replies":[{"embeddable":true,"href":"https:\/\/agora.xtec.cat\/iespauclaris\/wp-json\/wp\/v2\/comments?post=1255"}],"version-history":[{"count":4,"href":"https:\/\/agora.xtec.cat\/iespauclaris\/wp-json\/wp\/v2\/pages\/1255\/revisions"}],"predecessor-version":[{"id":4543,"href":"https:\/\/agora.xtec.cat\/iespauclaris\/wp-json\/wp\/v2\/pages\/1255\/revisions\/4543"}],"up":[{"embeddable":true,"href":"https:\/\/agora.xtec.cat\/iespauclaris\/wp-json\/wp\/v2\/pages\/621"}],"wp:attachment":[{"href":"https:\/\/agora.xtec.cat\/iespauclaris\/wp-json\/wp\/v2\/media?parent=1255"}],"curies":[{"name":"wp","href":"https:\/\/api.w.org\/{rel}","templated":true}]}}