{"id":1250,"date":"2021-01-23T11:51:52","date_gmt":"2021-01-23T10:51:52","guid":{"rendered":"http:\/\/agora.xtec.cat\/iespauclaris\/?page_id=1250"},"modified":"2026-01-16T09:32:38","modified_gmt":"2026-01-16T08:32:38","slug":"aliances","status":"publish","type":"page","link":"https:\/\/agora.xtec.cat\/iespauclaris\/ins\/aliances\/","title":{"rendered":"Aliances"},"content":{"rendered":"<p><span style=\"font-weight: 400;\">L&#8217;institut Pau Claris est\u00e0, des dels seus inicis, <\/span><b>connectat i comprom\u00e8s<\/b><span style=\"font-weight: 400;\"> amb la realitat que l&#8217;envolta.\u00a0<\/span><span style=\"font-weight: 400;\">L\u2019<strong>alian\u00e7a<\/strong> amb entitats i organitzacions de l\u2019entorn \u00e9s una estrat\u00e8gia clau per donar resposta comunit\u00e0ria al repte educatiu. Vegeu el men\u00fa desplegable per a m\u00e9s informaci\u00f3 de cadascuna de les aliances.<\/span><\/p>\n<div style=\"width: 100%;\">\n<div style=\"position: relative; padding-bottom: 56.25%; padding-top: 0; height: 0;\"><a style=\"font-family: inherit; font-size: 1em;\" href=\"https:\/\/agora.xtec.cat\/iespauclaris\/wp-content\/uploads\/usu835\/2021\/02\/logo-EMJPC.jpg\"><img loading=\"lazy\" decoding=\"async\" class=\"alignnone wp-image-1628\" src=\"https:\/\/agora.xtec.cat\/iespauclaris\/wp-content\/uploads\/usu835\/2021\/02\/logo-EMJPC.jpg\" alt=\"\" width=\"200\" height=\"154\" srcset=\"https:\/\/agora.xtec.cat\/iespauclaris\/wp-content\/uploads\/usu835\/2021\/02\/logo-EMJPC.jpg 369w, https:\/\/agora.xtec.cat\/iespauclaris\/wp-content\/uploads\/usu835\/2021\/02\/logo-EMJPC-300x231.jpg 300w\" sizes=\"auto, (max-width: 200px) 100vw, 200px\" \/><\/a><img loading=\"lazy\" decoding=\"async\" class=\"alignnone size-thumbnail wp-image-1601\" style=\"font-family: inherit; font-size: 1em;\" src=\"https:\/\/agora.xtec.cat\/iespauclaris\/wp-content\/uploads\/usu835\/2021\/02\/logo-Mus-e-150x150.png\" alt=\"\" width=\"150\" height=\"150\" srcset=\"https:\/\/agora.xtec.cat\/iespauclaris\/wp-content\/uploads\/usu835\/2021\/02\/logo-Mus-e-150x150.png 150w, https:\/\/agora.xtec.cat\/iespauclaris\/wp-content\/uploads\/usu835\/2021\/02\/logo-Mus-e-300x300.png 300w, https:\/\/agora.xtec.cat\/iespauclaris\/wp-content\/uploads\/usu835\/2021\/02\/logo-Mus-e.png 599w\" sizes=\"auto, (max-width: 150px) 100vw, 150px\" \/> <img loading=\"lazy\" decoding=\"async\" class=\"alignnone size-thumbnail wp-image-1602\" style=\"font-family: inherit; font-size: 1em;\" src=\"https:\/\/agora.xtec.cat\/iespauclaris\/wp-content\/uploads\/usu835\/2021\/02\/logo-fundacio-solidaritat-150x150.jpg\" alt=\"\" width=\"150\" height=\"150\" srcset=\"https:\/\/agora.xtec.cat\/iespauclaris\/wp-content\/uploads\/usu835\/2021\/02\/logo-fundacio-solidaritat-150x150.jpg 150w, https:\/\/agora.xtec.cat\/iespauclaris\/wp-content\/uploads\/usu835\/2021\/02\/logo-fundacio-solidaritat-300x300.jpg 300w, https:\/\/agora.xtec.cat\/iespauclaris\/wp-content\/uploads\/usu835\/2021\/02\/logo-fundacio-solidaritat.jpg 400w\" sizes=\"auto, (max-width: 150px) 100vw, 150px\" \/> <a style=\"font-family: inherit; font-size: 1em;\" href=\"https:\/\/agora.xtec.cat\/iespauclaris\/wp-content\/uploads\/usu835\/2021\/02\/logo-steamcat.png\"><img loading=\"lazy\" decoding=\"async\" class=\"alignnone size-thumbnail wp-image-1605\" src=\"https:\/\/agora.xtec.cat\/iespauclaris\/wp-content\/uploads\/usu835\/2021\/02\/logo-steamcat-150x150.png\" alt=\"\" width=\"150\" height=\"150\" \/> <\/a><a style=\"font-family: inherit; font-size: 1em;\" href=\"https:\/\/agora.xtec.cat\/iespauclaris\/wp-content\/uploads\/usu835\/2021\/02\/laboratori-logo.png\"><img loading=\"lazy\" decoding=\"async\" class=\"alignnone size-thumbnail wp-image-1673\" src=\"https:\/\/agora.xtec.cat\/iespauclaris\/wp-content\/uploads\/usu835\/2021\/02\/laboratori-logo-150x150.png\" alt=\"\" width=\"150\" height=\"150\" srcset=\"https:\/\/agora.xtec.cat\/iespauclaris\/wp-content\/uploads\/usu835\/2021\/02\/laboratori-logo-150x150.png 150w, https:\/\/agora.xtec.cat\/iespauclaris\/wp-content\/uploads\/usu835\/2021\/02\/laboratori-logo.png 224w\" sizes=\"auto, (max-width: 150px) 100vw, 150px\" \/><\/a><img loading=\"lazy\" decoding=\"async\" class=\"alignnone wp-image-1597\" style=\"font-family: inherit; font-size: 1em;\" src=\"https:\/\/agora.xtec.cat\/iespauclaris\/wp-content\/uploads\/usu835\/2021\/02\/logo-Salut-i-escola-300x300.jpg\" alt=\"\" width=\"150\" height=\"150\" srcset=\"https:\/\/agora.xtec.cat\/iespauclaris\/wp-content\/uploads\/usu835\/2021\/02\/logo-Salut-i-escola-300x300.jpg 300w, https:\/\/agora.xtec.cat\/iespauclaris\/wp-content\/uploads\/usu835\/2021\/02\/logo-Salut-i-escola-150x150.jpg 150w, https:\/\/agora.xtec.cat\/iespauclaris\/wp-content\/uploads\/usu835\/2021\/02\/logo-Salut-i-escola.jpg 411w\" sizes=\"auto, (max-width: 150px) 100vw, 150px\" \/> <img loading=\"lazy\" decoding=\"async\" class=\"alignnone size-thumbnail wp-image-1598\" style=\"font-family: inherit; font-size: 1em;\" src=\"https:\/\/agora.xtec.cat\/iespauclaris\/wp-content\/uploads\/usu835\/2021\/02\/logo-Escoles-sostenibles-150x150.jpg\" alt=\"\" width=\"150\" height=\"150\" srcset=\"https:\/\/agora.xtec.cat\/iespauclaris\/wp-content\/uploads\/usu835\/2021\/02\/logo-Escoles-sostenibles-150x150.jpg 150w, https:\/\/agora.xtec.cat\/iespauclaris\/wp-content\/uploads\/usu835\/2021\/02\/logo-Escoles-sostenibles-300x300.jpg 300w, https:\/\/agora.xtec.cat\/iespauclaris\/wp-content\/uploads\/usu835\/2021\/02\/logo-Escoles-sostenibles.jpg 570w\" sizes=\"auto, (max-width: 150px) 100vw, 150px\" \/> \u00a0<a style=\"font-family: inherit; font-size: 1em;\" href=\"https:\/\/agora.xtec.cat\/iespauclaris\/wp-content\/uploads\/usu835\/2021\/02\/fundesplai-logo-1.jpg\"><img loading=\"lazy\" decoding=\"async\" class=\"alignnone wp-image-1615\" src=\"https:\/\/agora.xtec.cat\/iespauclaris\/wp-content\/uploads\/usu835\/2021\/02\/fundesplai-logo-1.jpg\" alt=\"\" width=\"200\" height=\"53\" srcset=\"https:\/\/agora.xtec.cat\/iespauclaris\/wp-content\/uploads\/usu835\/2021\/02\/fundesplai-logo-1.jpg 500w, https:\/\/agora.xtec.cat\/iespauclaris\/wp-content\/uploads\/usu835\/2021\/02\/fundesplai-logo-1-300x80.jpg 300w\" sizes=\"auto, (max-width: 200px) 100vw, 200px\" \/><\/a> <a style=\"font-family: inherit; font-size: 1em;\" href=\"https:\/\/agora.xtec.cat\/iespauclaris\/wp-content\/uploads\/usu835\/2021\/02\/logo-xarxes.jpg\"><img loading=\"lazy\" decoding=\"async\" class=\"alignnone wp-image-1625\" src=\"https:\/\/agora.xtec.cat\/iespauclaris\/wp-content\/uploads\/usu835\/2021\/02\/logo-xarxes-300x133.jpg\" alt=\"\" width=\"200\" height=\"89\" srcset=\"https:\/\/agora.xtec.cat\/iespauclaris\/wp-content\/uploads\/usu835\/2021\/02\/logo-xarxes-300x133.jpg 300w, https:\/\/agora.xtec.cat\/iespauclaris\/wp-content\/uploads\/usu835\/2021\/02\/logo-xarxes.jpg 326w\" sizes=\"auto, (max-width: 200px) 100vw, 200px\" \/> <\/a><a style=\"font-family: inherit; font-size: 1em;\" href=\"https:\/\/agora.xtec.cat\/iespauclaris\/wp-content\/uploads\/usu835\/2021\/02\/logo-en21-2.png\"><img loading=\"lazy\" decoding=\"async\" class=\"alignnone wp-image-1620\" src=\"https:\/\/agora.xtec.cat\/iespauclaris\/wp-content\/uploads\/usu835\/2021\/02\/logo-en21-2-300x169.png\" alt=\"\" width=\"200\" height=\"113\" srcset=\"https:\/\/agora.xtec.cat\/iespauclaris\/wp-content\/uploads\/usu835\/2021\/02\/logo-en21-2-300x169.png 300w, https:\/\/agora.xtec.cat\/iespauclaris\/wp-content\/uploads\/usu835\/2021\/02\/logo-en21-2-768x432.png 768w, https:\/\/agora.xtec.cat\/iespauclaris\/wp-content\/uploads\/usu835\/2021\/02\/logo-en21-2.png 960w\" sizes=\"auto, (max-width: 200px) 100vw, 200px\" \/> <\/a><a style=\"font-family: inherit; font-size: 1em;\" href=\"https:\/\/agora.xtec.cat\/iespauclaris\/wp-content\/uploads\/usu835\/2021\/02\/logo_AraArt-1.jpg\"><img loading=\"lazy\" decoding=\"async\" class=\"alignnone wp-image-1614\" src=\"https:\/\/agora.xtec.cat\/iespauclaris\/wp-content\/uploads\/usu835\/2021\/02\/logo_AraArt-1-300x192.jpg\" alt=\"\" width=\"118\" height=\"69\" \/><\/a> <a style=\"font-family: inherit; font-size: 1em;\" href=\"https:\/\/agora.xtec.cat\/iespauclaris\/wp-content\/uploads\/usu835\/2021\/02\/logo-universitat-pompeu-fabra.png\"><img loading=\"lazy\" decoding=\"async\" class=\"alignnone wp-image-1599\" src=\"https:\/\/agora.xtec.cat\/iespauclaris\/wp-content\/uploads\/usu835\/2021\/02\/logo-universitat-pompeu-fabra-150x150.png\" alt=\"\" width=\"99\" height=\"96\" \/><\/a> <a style=\"font-family: inherit; font-size: 1em;\" href=\"https:\/\/agora.xtec.cat\/iespauclaris\/wp-content\/uploads\/usu835\/2021\/02\/logo-IDP.png\"><img loading=\"lazy\" decoding=\"async\" class=\"alignnone size-thumbnail wp-image-1603\" src=\"https:\/\/agora.xtec.cat\/iespauclaris\/wp-content\/uploads\/usu835\/2021\/02\/logo-IDP-150x150.png\" alt=\"\" width=\"150\" height=\"150\" srcset=\"https:\/\/agora.xtec.cat\/iespauclaris\/wp-content\/uploads\/usu835\/2021\/02\/logo-IDP-150x150.png 150w, https:\/\/agora.xtec.cat\/iespauclaris\/wp-content\/uploads\/usu835\/2021\/02\/logo-IDP-300x300.png 300w, https:\/\/agora.xtec.cat\/iespauclaris\/wp-content\/uploads\/usu835\/2021\/02\/logo-IDP.png 424w\" sizes=\"auto, (max-width: 150px) 100vw, 150px\" \/> <\/a> <a style=\"font-family: inherit; font-size: 1em;\" href=\"https:\/\/agora.xtec.cat\/iespauclaris\/wp-content\/uploads\/usu835\/2021\/02\/logo-sidastudi.jpg\"><img loading=\"lazy\" decoding=\"async\" class=\"alignnone wp-image-1585\" src=\"https:\/\/agora.xtec.cat\/iespauclaris\/wp-content\/uploads\/usu835\/2021\/02\/logo-sidastudi-150x150.jpg\" alt=\"\" width=\"120\" height=\"120\" srcset=\"https:\/\/agora.xtec.cat\/iespauclaris\/wp-content\/uploads\/usu835\/2021\/02\/logo-sidastudi-150x150.jpg 150w, https:\/\/agora.xtec.cat\/iespauclaris\/wp-content\/uploads\/usu835\/2021\/02\/logo-sidastudi.jpg 256w\" sizes=\"auto, (max-width: 120px) 100vw, 120px\" \/> <\/a>\u00a0<a style=\"font-family: inherit; font-size: 1em;\" href=\"https:\/\/agora.xtec.cat\/iespauclaris\/wp-content\/uploads\/usu835\/2021\/02\/logo_confavc.jpg\"><img loading=\"lazy\" decoding=\"async\" class=\"alignnone wp-image-1590\" src=\"https:\/\/agora.xtec.cat\/iespauclaris\/wp-content\/uploads\/usu835\/2021\/02\/logo_confavc-150x150.jpg\" alt=\"\" width=\"120\" height=\"120\" srcset=\"https:\/\/agora.xtec.cat\/iespauclaris\/wp-content\/uploads\/usu835\/2021\/02\/logo_confavc-150x150.jpg 150w, https:\/\/agora.xtec.cat\/iespauclaris\/wp-content\/uploads\/usu835\/2021\/02\/logo_confavc.jpg 220w\" sizes=\"auto, (max-width: 120px) 100vw, 120px\" \/><\/a> <span style=\"font-family: inherit; font-size: 1em;\">\u00a0<\/span><a style=\"font-family: inherit; font-size: 1em;\" href=\"https:\/\/agora.xtec.cat\/iespauclaris\/wp-content\/uploads\/usu835\/2021\/02\/logo-barcelona-actua.jpg\"><img loading=\"lazy\" decoding=\"async\" class=\"alignnone wp-image-1591\" src=\"https:\/\/agora.xtec.cat\/iespauclaris\/wp-content\/uploads\/usu835\/2021\/02\/logo-barcelona-actua-150x150.jpg\" alt=\"\" width=\"125\" height=\"129\" \/><\/a><span style=\"font-family: inherit; font-size: 1em;\">\u00a0\u00a0<\/span><span style=\"font-family: inherit; font-size: 1em;\"> \u00a0<\/span><a style=\"font-family: inherit; font-size: 1em;\" href=\"https:\/\/agora.xtec.cat\/iespauclaris\/wp-content\/uploads\/usu835\/2021\/02\/logo-esbart.png\"><img loading=\"lazy\" decoding=\"async\" class=\"alignnone wp-image-1589\" src=\"https:\/\/agora.xtec.cat\/iespauclaris\/wp-content\/uploads\/usu835\/2021\/02\/logo-esbart-150x147.png\" alt=\"\" width=\"125\" height=\"84\" \/><\/a> <span style=\"font-family: inherit; font-size: 1em;\">\u00a0<\/span><a style=\"font-family: inherit; font-size: 1em;\" href=\"https:\/\/agora.xtec.cat\/iespauclaris\/wp-content\/uploads\/usu835\/2021\/02\/logo-UE.png\"><img loading=\"lazy\" decoding=\"async\" class=\"alignnone wp-image-1596\" src=\"https:\/\/agora.xtec.cat\/iespauclaris\/wp-content\/uploads\/usu835\/2021\/02\/logo-UE-150x150.png\" alt=\"\" width=\"123\" height=\"123\" srcset=\"https:\/\/agora.xtec.cat\/iespauclaris\/wp-content\/uploads\/usu835\/2021\/02\/logo-UE-150x150.png 150w, https:\/\/agora.xtec.cat\/iespauclaris\/wp-content\/uploads\/usu835\/2021\/02\/logo-UE-300x300.png 300w, https:\/\/agora.xtec.cat\/iespauclaris\/wp-content\/uploads\/usu835\/2021\/02\/logo-UE.png 494w\" sizes=\"auto, (max-width: 123px) 100vw, 123px\" \/><\/a> <span style=\"font-family: inherit; font-size: 1em;\"> \u00a0<\/span><a style=\"font-family: inherit; font-size: 1em;\" href=\"https:\/\/agora.xtec.cat\/iespauclaris\/wp-content\/uploads\/usu835\/2021\/02\/logo-escola-xinesa-1.png\"><img loading=\"lazy\" decoding=\"async\" class=\"alignnone wp-image-1613\" src=\"https:\/\/agora.xtec.cat\/iespauclaris\/wp-content\/uploads\/usu835\/2021\/02\/logo-escola-xinesa-1-300x57.png\" alt=\"\" width=\"250\" height=\"48\" srcset=\"https:\/\/agora.xtec.cat\/iespauclaris\/wp-content\/uploads\/usu835\/2021\/02\/logo-escola-xinesa-1-300x57.png 300w, https:\/\/agora.xtec.cat\/iespauclaris\/wp-content\/uploads\/usu835\/2021\/02\/logo-escola-xinesa-1-768x147.png 768w, https:\/\/agora.xtec.cat\/iespauclaris\/wp-content\/uploads\/usu835\/2021\/02\/logo-escola-xinesa-1-1024x195.png 1024w, https:\/\/agora.xtec.cat\/iespauclaris\/wp-content\/uploads\/usu835\/2021\/02\/logo-escola-xinesa-1.png 1861w\" sizes=\"auto, (max-width: 250px) 100vw, 250px\" \/> <\/a><a style=\"font-family: inherit; font-size: 1em;\" href=\"https:\/\/agora.xtec.cat\/iespauclaris\/wp-content\/uploads\/usu835\/2021\/02\/logo-palau-alos-1.jpg\"><img loading=\"lazy\" decoding=\"async\" class=\"alignnone wp-image-1617\" src=\"https:\/\/agora.xtec.cat\/iespauclaris\/wp-content\/uploads\/usu835\/2021\/02\/logo-palau-alos-1-300x70.jpg\" alt=\"\" width=\"200\" height=\"47\" srcset=\"https:\/\/agora.xtec.cat\/iespauclaris\/wp-content\/uploads\/usu835\/2021\/02\/logo-palau-alos-1-300x70.jpg 300w, https:\/\/agora.xtec.cat\/iespauclaris\/wp-content\/uploads\/usu835\/2021\/02\/logo-palau-alos-1-768x179.jpg 768w, https:\/\/agora.xtec.cat\/iespauclaris\/wp-content\/uploads\/usu835\/2021\/02\/logo-palau-alos-1-1024x239.jpg 1024w, https:\/\/agora.xtec.cat\/iespauclaris\/wp-content\/uploads\/usu835\/2021\/02\/logo-palau-alos-1.jpg 1410w\" sizes=\"auto, (max-width: 200px) 100vw, 200px\" \/><\/a><\/div>\n<\/div>\n<p>&nbsp;<\/p>\n","protected":false},"excerpt":{"rendered":"<p>L&#8217;institut Pau Claris est\u00e0, des dels seus inicis, connectat i comprom\u00e8s amb la realitat que l&#8217;envolta.\u00a0L\u2019alian\u00e7a amb entitats i organitzacions de l\u2019entorn \u00e9s una estrat\u00e8gia clau per donar resposta comunit\u00e0ria al repte educatiu. Vegeu el men\u00fa desplegable per a m\u00e9s informaci\u00f3 de cadascuna de les&hellip;  <a href=\"https:\/\/agora.xtec.cat\/iespauclaris\/ins\/aliances\/\" title=\"Read Aliances\">Llegeix m\u00e9s\u00bb<\/a><\/p>\n","protected":false},"author":1,"featured_media":0,"parent":19,"menu_order":25,"comment_status":"closed","ping_status":"closed","template":"page-templates\/side-menu.php","meta":{"_bbp_topic_count":0,"_bbp_reply_count":0,"_bbp_total_topic_count":0,"_bbp_total_reply_count":0,"_bbp_voice_count":0,"_bbp_anonymous_reply_count":0,"_bbp_topic_count_hidden":0,"_bbp_reply_count_hidden":0,"_bbp_forum_subforum_count":0,"footnotes":""},"class_list":["post-1250","page","type-page","status-publish","hentry"],"post_mailing_queue_ids":[],"_links":{"self":[{"href":"https:\/\/agora.xtec.cat\/iespauclaris\/wp-json\/wp\/v2\/pages\/1250","targetHints":{"allow":["GET"]}}],"collection":[{"href":"https:\/\/agora.xtec.cat\/iespauclaris\/wp-json\/wp\/v2\/pages"}],"about":[{"href":"https:\/\/agora.xtec.cat\/iespauclaris\/wp-json\/wp\/v2\/types\/page"}],"author":[{"embeddable":true,"href":"https:\/\/agora.xtec.cat\/iespauclaris\/wp-json\/wp\/v2\/users\/1"}],"replies":[{"embeddable":true,"href":"https:\/\/agora.xtec.cat\/iespauclaris\/wp-json\/wp\/v2\/comments?post=1250"}],"version-history":[{"count":4,"href":"https:\/\/agora.xtec.cat\/iespauclaris\/wp-json\/wp\/v2\/pages\/1250\/revisions"}],"predecessor-version":[{"id":7722,"href":"https:\/\/agora.xtec.cat\/iespauclaris\/wp-json\/wp\/v2\/pages\/1250\/revisions\/7722"}],"up":[{"embeddable":true,"href":"https:\/\/agora.xtec.cat\/iespauclaris\/wp-json\/wp\/v2\/pages\/19"}],"wp:attachment":[{"href":"https:\/\/agora.xtec.cat\/iespauclaris\/wp-json\/wp\/v2\/media?parent=1250"}],"curies":[{"name":"wp","href":"https:\/\/api.w.org\/{rel}","templated":true}]}}