{"id":46,"date":"2014-09-17T16:53:45","date_gmt":"2014-09-17T16:53:45","guid":{"rendered":"http:\/\/agora.xtec.cat\/iespaucasals-badalona\/?page_id=46"},"modified":"2024-01-28T13:38:57","modified_gmt":"2024-01-28T12:38:57","slug":"organigrama","status":"publish","type":"page","link":"https:\/\/agora.xtec.cat\/iespaucasals-badalona\/linstitut\/organigrama\/","title":{"rendered":"Organigrama"},"content":{"rendered":"<p><span style=\"font-weight: 400;\">El nostre centre educatiu t\u00e9 la seg\u00fcent organitzaci\u00f3 interna:<\/span><\/p>\n<p><strong>Direcci\u00f3:<\/strong><\/p>\n<table style=\"width: 46.9189%; height: 175px;\">\n<tbody>\n<tr style=\"height: 33px;\">\n<td style=\"height: 33px;\"><span style=\"font-weight: 400;\">Director<\/span><\/td>\n<td style=\"height: 33px;\"><span style=\"font-weight: 400;\">Jordi Ruiz<\/span><\/td>\n<\/tr>\n<tr style=\"height: 33px;\">\n<td style=\"height: 33px;\"><span style=\"font-weight: 400;\">Cap d\u2019estudis<\/span><\/td>\n<td style=\"height: 33px;\"><span style=\"font-weight: 400;\">Silvia Navarro<\/span><\/td>\n<\/tr>\n<tr style=\"height: 33px;\">\n<td style=\"height: 33px;\"><span style=\"font-weight: 400;\">Coordinadora pedag\u00f2gica<\/span><\/td>\n<td style=\"height: 33px;\"><span style=\"font-weight: 400;\">Almudena Mart\u00ednez<\/span><\/td>\n<\/tr>\n<tr style=\"height: 33px;\">\n<td style=\"height: 33px;\"><span style=\"font-weight: 400;\">Secretari<\/span><\/td>\n<td style=\"height: 33px;\">Enric Rodr\u00edguez<\/td>\n<\/tr>\n<\/tbody>\n<\/table>\n<p>&nbsp;<\/p>\n<p style=\"text-align: left;\"><strong>Coordinadors:<\/strong><\/p>\n<table style=\"width: 73.4781%; height: 210px;\">\n<tbody>\n<tr style=\"height: 33px;\">\n<td style=\"height: 45px; width: 63.9706%;\">Coordinador de prevenci\u00f3 de riscos<\/td>\n<td style=\"height: 45px; width: 34.7426%;\"><span style=\"font-weight: 400;\">David Vicente<\/span><\/td>\n<\/tr>\n<tr style=\"height: 33px;\">\n<td style=\"height: 33px; width: 63.9706%;\"><span style=\"font-weight: 400;\">Coordinador inform\u00e0tic<\/span><\/td>\n<td style=\"height: 33px; width: 34.7426%;\"><span style=\"font-weight: 400;\">Jos\u00e9 Luis Sastre<\/span><\/td>\n<\/tr>\n<tr style=\"height: 33px;\">\n<td style=\"height: 33px; width: 63.9706%;\"><span style=\"font-weight: 400;\">Coordinadora de 1r Cicle d&#8217;ESO<\/span><\/td>\n<td style=\"height: 33px; width: 34.7426%;\"><span style=\"font-weight: 400;\">Sonia Robles<\/span><\/td>\n<\/tr>\n<tr style=\"height: 33px;\">\n<td style=\"height: 33px; width: 63.9706%;\"><span style=\"font-weight: 400;\">Coordinadora de 2n Cicle d&#8217;ESO<\/span><\/td>\n<td style=\"height: 33px; width: 34.7426%;\">Carmen Belzunce<\/td>\n<\/tr>\n<tr style=\"height: 33px;\">\n<td style=\"height: 33px; width: 63.9706%;\"><span style=\"font-weight: 400;\">Coordinador batxillerat<\/span><\/td>\n<td style=\"height: 33px; width: 34.7426%;\">Ximo Richart<\/td>\n<\/tr>\n<\/tbody>\n<\/table>\n<p>&nbsp;<\/p>\n<p>&nbsp;<\/p>\n","protected":false},"excerpt":{"rendered":"<p>El nostre centre educatiu t\u00e9 la seg\u00fcent organitzaci\u00f3 interna:<br \/>\nDirecci\u00f3:<\/p>\n<p>Director<br \/>\nJordi Ruiz<\/p>\n<p>Cap d\u2019estudis<br \/>\nSilvia Navarro<\/p>\n<p>Coordinadora pedag\u00f2gica<br \/>\nAlmudena Mart\u00ednez<\/p>\n<p>Secretari<br \/>\nEnric Rodr\u00edguez<\/p>\n<p>&nbsp;<br \/>\nCoordinadors:<\/p>\n<p>Coordinador de prevenci\u00f3 de riscos<br \/>\nDavid Vicente<\/p>\n<p>Coordinador inform\u00e0tic<br \/>\nJos\u00e9 Luis Sastre<\/p>\n<p>Coordinadora de 1r Cicle d&#8217;ESO<br \/>\nSonia Robles<\/p>\n<p>Coordinadora de 2n Cicle d&#8217;ESO<br \/>\nCarmen Belzunce<\/p>\n<p>Coordinador batxillerat<br \/>\nXimo Richart<\/p>\n<p>&nbsp;<br \/>\n&nbsp;<\/p>\n","protected":false},"author":1,"featured_media":0,"parent":19,"menu_order":50,"comment_status":"closed","ping_status":"closed","template":"page-templates\/side-menu.php","meta":{"_bbp_topic_count":0,"_bbp_reply_count":0,"_bbp_total_topic_count":0,"_bbp_total_reply_count":0,"_bbp_voice_count":0,"_bbp_anonymous_reply_count":0,"_bbp_topic_count_hidden":0,"_bbp_reply_count_hidden":0,"_bbp_forum_subforum_count":0,"footnotes":""},"class_list":["post-46","page","type-page","status-publish","hentry"],"post_mailing_queue_ids":[],"_links":{"self":[{"href":"https:\/\/agora.xtec.cat\/iespaucasals-badalona\/wp-json\/wp\/v2\/pages\/46","targetHints":{"allow":["GET"]}}],"collection":[{"href":"https:\/\/agora.xtec.cat\/iespaucasals-badalona\/wp-json\/wp\/v2\/pages"}],"about":[{"href":"https:\/\/agora.xtec.cat\/iespaucasals-badalona\/wp-json\/wp\/v2\/types\/page"}],"author":[{"embeddable":true,"href":"https:\/\/agora.xtec.cat\/iespaucasals-badalona\/wp-json\/wp\/v2\/users\/1"}],"replies":[{"embeddable":true,"href":"https:\/\/agora.xtec.cat\/iespaucasals-badalona\/wp-json\/wp\/v2\/comments?post=46"}],"version-history":[{"count":6,"href":"https:\/\/agora.xtec.cat\/iespaucasals-badalona\/wp-json\/wp\/v2\/pages\/46\/revisions"}],"predecessor-version":[{"id":4058,"href":"https:\/\/agora.xtec.cat\/iespaucasals-badalona\/wp-json\/wp\/v2\/pages\/46\/revisions\/4058"}],"up":[{"embeddable":true,"href":"https:\/\/agora.xtec.cat\/iespaucasals-badalona\/wp-json\/wp\/v2\/pages\/19"}],"wp:attachment":[{"href":"https:\/\/agora.xtec.cat\/iespaucasals-badalona\/wp-json\/wp\/v2\/media?parent=46"}],"curies":[{"name":"wp","href":"https:\/\/api.w.org\/{rel}","templated":true}]}}