{"id":4026,"date":"2024-01-28T13:39:48","date_gmt":"2024-01-28T12:39:48","guid":{"rendered":"https:\/\/agora.xtec.cat\/iespaucasals-badalona\/?page_id=4026"},"modified":"2024-02-02T12:35:27","modified_gmt":"2024-02-02T11:35:27","slug":"tutors-es","status":"publish","type":"page","link":"https:\/\/agora.xtec.cat\/iespaucasals-badalona\/linstitut\/organigrama\/tutors-es\/","title":{"rendered":"Tutors\/es"},"content":{"rendered":"<p style=\"text-align: justify;\">La tutoria t\u00e9 la finalitat de contribuir en el desenvolupament personal i social dels infants i joves en els aspectes intel\u00b7lectuals, emocionals i morals, d\u2019acord amb la seva edat.<\/p>\n<p id=\"h.p_ID_44\" class=\"CDt4Ke zfr3Q\">Per garantir l\u2019acci\u00f3 tutorial, el centre educatiu defineix una estructura organitzativa que faciliti:<\/p>\n<ul class=\"n8H08c UVNKR\">\n<li id=\"h.p_ID_46\" class=\"TYR86d Sn3DJc zfr3Q\">El seguiment del desenvolupament de l&#8217;alumnat.<\/li>\n<li id=\"h.p_ID_48\" class=\"TYR86d Sn3DJc zfr3Q\">La planificaci\u00f3 i coordinaci\u00f3 de les diverses actuacions tutorials.<\/li>\n<li id=\"h.p_ID_50\" class=\"TYR86d Sn3DJc zfr3Q\">Els mecanismes de relaci\u00f3 i cooperaci\u00f3 amb les fam\u00edlies.<\/li>\n<\/ul>\n<p><strong>El tutor<\/strong> \u00e9s l\u2019agent educatiu que coordina totes aquestes intervencions.<\/p>\n<h4><\/h4>\n<p>&nbsp;<\/p>\n<h4><strong><span style=\"color: #ff6600;\">Llista de tutors\/es curs escolar 23\/24:<\/span><\/strong><\/h4>\n<p><strong><span style=\"color: #3366ff;\">1r ESO A<\/span><\/strong><\/p>\n<table style=\"width: 34.8752%; height: 93px;\">\n<tbody>\n<tr style=\"height: 32px;\">\n<td style=\"width: 100%; height: 32px;\"><span style=\"font-weight: 400;\">Sergio Bermudo<\/span><\/td>\n<\/tr>\n<tr style=\"height: 32px;\">\n<td style=\"width: 100%; height: 32px;\"><span style=\"font-weight: 400;\">J\u00falia Segovia<\/span><\/td>\n<\/tr>\n<\/tbody>\n<\/table>\n<p><strong><span style=\"color: #3366ff;\">1r ESO B<\/span><\/strong><\/p>\n<table style=\"width: 34.8752%; height: 93px;\">\n<tbody>\n<tr style=\"height: 32px;\">\n<td style=\"width: 100%; height: 32px;\"><span style=\"font-weight: 400;\">Sonia Robles<\/span><\/td>\n<\/tr>\n<tr style=\"height: 32px;\">\n<td style=\"width: 100%; height: 32px;\"><span style=\"font-weight: 400;\">Manel Lleix\u00e0<\/span><\/td>\n<\/tr>\n<tr style=\"height: 32px;\">\n<td style=\"width: 100%; height: 32px;\"><span style=\"font-weight: 400;\">Laura Pastor<\/span><\/td>\n<\/tr>\n<\/tbody>\n<\/table>\n<p><span style=\"color: #3366ff;\"><strong>1r ESO C<\/strong><\/span><\/p>\n<table style=\"width: 34.8752%; height: 93px;\">\n<tbody>\n<tr style=\"height: 32px;\">\n<td style=\"width: 100%; height: 32px;\"><span style=\"font-weight: 400;\">Mar\u00eda Mart\u00edn<\/span><\/td>\n<\/tr>\n<tr style=\"height: 32px;\">\n<td style=\"width: 100%; height: 32px;\"><span style=\"font-weight: 400;\">Sandra Mu\u00f1oz<\/span><\/td>\n<\/tr>\n<tr style=\"height: 32px;\">\n<td style=\"width: 100%; height: 32px;\"><span style=\"font-weight: 400;\">Gemma Tell<\/span><\/td>\n<\/tr>\n<\/tbody>\n<\/table>\n<p><span style=\"color: #3366ff;\"><strong>1r ESO D<\/strong><\/span><\/p>\n<table style=\"width: 34.8752%; height: 93px;\">\n<tbody>\n<tr style=\"height: 32px;\">\n<td style=\"width: 100%; height: 32px;\"><span style=\"font-weight: 400;\">Gabriel Jim\u00e9nez<\/span><\/td>\n<\/tr>\n<tr style=\"height: 32px;\">\n<td style=\"width: 100%; height: 32px;\"><span style=\"font-weight: 400;\">Laura Pastor<\/span><\/td>\n<\/tr>\n<tr style=\"height: 32px;\">\n<td style=\"width: 100%; height: 32px;\"><span style=\"font-weight: 400;\">M\u00edriam P\u00e9rez<\/span><\/td>\n<\/tr>\n<\/tbody>\n<\/table>\n<p><span style=\"color: #3366ff;\"><strong>1r ESO E<\/strong><\/span><\/p>\n<table style=\"width: 34.8752%; height: 93px;\">\n<tbody>\n<tr style=\"height: 32px;\">\n<td style=\"width: 100%; height: 32px;\"><span style=\"font-weight: 400;\">Javier Guerrero<\/span><\/td>\n<\/tr>\n<tr style=\"height: 32px;\">\n<td style=\"width: 100%; height: 32px;\"><span style=\"font-weight: 400;\">Manuela P\u00e9rez<\/span><\/td>\n<\/tr>\n<tr style=\"height: 32px;\">\n<td style=\"width: 100%; height: 32px;\"><span style=\"font-weight: 400;\">Laura Pastor<\/span><\/td>\n<\/tr>\n<\/tbody>\n<\/table>\n<p>&nbsp;<\/p>\n<p><span style=\"color: #99cc00;\"><strong>2n ESO A<\/strong><\/span><\/p>\n<table style=\"width: 35.2205%; height: 41px;\">\n<tbody>\n<tr style=\"height: 32px;\">\n<td style=\"width: 100%; height: 32px;\"><span style=\"font-weight: 400;\">Mar\u00eda Dolores Garc\u00eda<\/span><\/td>\n<\/tr>\n<\/tbody>\n<\/table>\n<p><span style=\"color: #99cc00;\"><strong>2n ESO B<\/strong><\/span><\/p>\n<table style=\"width: 35.2205%; height: 41px;\">\n<tbody>\n<tr style=\"height: 32px;\">\n<td style=\"width: 100%; height: 32px;\"><span style=\"font-weight: 400;\">Eva Alsamora<\/span><\/td>\n<\/tr>\n<\/tbody>\n<\/table>\n<p><span style=\"color: #99cc00;\"><strong>2n ESO C<\/strong><\/span><\/p>\n<table>\n<tbody>\n<tr style=\"height: 32px;\">\n<td style=\"width: 100%; height: 32px;\"><span style=\"font-weight: 400;\">Daniel Mu\u00f1oz<\/span><\/td>\n<\/tr>\n<tr style=\"height: 32px;\">\n<td style=\"width: 100%; height: 32px;\"><span style=\"font-weight: 400;\">Sandra Mu\u00f1oz<\/span><\/td>\n<\/tr>\n<\/tbody>\n<\/table>\n<p><span style=\"color: #99cc00;\"><strong>2n ESO D<\/strong><\/span><\/p>\n<table>\n<tbody>\n<tr style=\"height: 32px;\">\n<td style=\"width: 100%; height: 32px;\"><span style=\"font-weight: 400;\">Laura Pastor<\/span><\/td>\n<\/tr>\n<tr style=\"height: 32px;\">\n<td style=\"width: 100%; height: 32px;\"><span style=\"font-weight: 400;\">Judith Vilar\u00f3<\/span><\/td>\n<\/tr>\n<\/tbody>\n<\/table>\n<p><span style=\"color: #99cc00;\"><strong>2n ESO E<\/strong><\/span><\/p>\n<table>\n<tbody>\n<tr style=\"height: 32px;\">\n<td style=\"width: 100%; height: 32px;\"><span style=\"font-weight: 400;\">David Vicente<\/span><\/td>\n<\/tr>\n<\/tbody>\n<\/table>\n<p>&nbsp;<\/p>\n<p><span style=\"color: #ff6600;\"><strong>3r ESO A<\/strong><\/span><\/p>\n<table style=\"width: 24.616%; height: 133px;\">\n<tbody>\n<tr style=\"height: 32px;\">\n<td style=\"width: 125px; height: 32px;\"><span style=\"font-weight: 400;\">Jana Alonso<\/span><\/td>\n<\/tr>\n<tr style=\"height: 32px;\">\n<td style=\"width: 125px; height: 32px;\"><span style=\"font-weight: 400;\">Sandra Mu\u00f1oz<\/span><\/td>\n<\/tr>\n<tr style=\"height: 32px;\">\n<td style=\"width: 125px; height: 32px;\"><span style=\"font-weight: 400;\">Laura Pastor<\/span><\/td>\n<\/tr>\n<\/tbody>\n<\/table>\n<p><span style=\"color: #ff6600;\"><strong>3r ESO B<\/strong><\/span><\/p>\n<table>\n<tbody>\n<tr style=\"height: 32px;\">\n<td style=\"width: 125px; height: 32px;\"><span style=\"font-weight: 400;\">Carlos Esteve<\/span><\/td>\n<\/tr>\n<\/tbody>\n<\/table>\n<p><span style=\"color: #ff6600;\"><strong>3r ESO C<\/strong><\/span><\/p>\n<table>\n<tbody>\n<tr style=\"height: 32px;\">\n<td style=\"width: 125px; height: 32px;\"><span style=\"font-weight: 400;\">Sara D\u00edaz<\/span><\/td>\n<\/tr>\n<tr style=\"height: 32px;\">\n<td style=\"width: 125px; height: 32px;\"><span style=\"font-weight: 400;\">Laura Pastor<\/span><\/td>\n<\/tr>\n<\/tbody>\n<\/table>\n<p><span style=\"color: #ff6600;\"><strong>3r ESO D<\/strong><\/span><\/p>\n<table>\n<tbody>\n<tr style=\"height: 32px;\">\n<td style=\"width: 125px; height: 32px;\"><span style=\"font-weight: 400;\">Oriol Ledesma<\/span><\/td>\n<\/tr>\n<tr style=\"height: 32px;\">\n<td style=\"width: 125px; height: 32px;\"><span style=\"font-weight: 400;\">Sandra Mu\u00f1oz<\/span><\/td>\n<\/tr>\n<\/tbody>\n<\/table>\n<p><span style=\"color: #ff6600;\"><strong>3r ESO E<\/strong><\/span><\/p>\n<table>\n<tbody>\n<tr style=\"height: 32px;\">\n<td style=\"width: 125px; height: 32px;\"><span style=\"font-weight: 400;\">Llu\u00eds Ronda<\/span><\/td>\n<\/tr>\n<\/tbody>\n<\/table>\n<p>&nbsp;<\/p>\n<p><span style=\"color: #993300;\"><strong>4t ESO A<\/strong><\/span><\/p>\n<table>\n<tbody>\n<tr style=\"height: 32px;\">\n<td style=\"width: 125px; height: 32px;\"><span style=\"font-weight: 400;\">Jaume Gen\u00e9<\/span><\/td>\n<\/tr>\n<tr style=\"height: 32px;\">\n<td style=\"width: 125px; height: 32px;\"><span style=\"font-weight: 400;\">Sandra Mu\u00f1oz<\/span><\/td>\n<\/tr>\n<tr style=\"height: 32px;\">\n<td style=\"width: 125px; height: 32px;\"><span style=\"font-weight: 400;\">Laura Pastor<\/span><\/td>\n<\/tr>\n<\/tbody>\n<\/table>\n<p><span style=\"color: #993300;\"><strong>4t ESO B<\/strong><\/span><\/p>\n<table>\n<tbody>\n<tr style=\"height: 32px;\">\n<td style=\"width: 125px; height: 32px;\"><span style=\"font-weight: 400;\">Sergi Estorch<\/span><\/td>\n<\/tr>\n<\/tbody>\n<\/table>\n<p><span style=\"color: #993300;\"><strong>4t ESO C<\/strong><\/span><\/p>\n<table style=\"width: 22.5692%; height: 43px;\">\n<tbody>\n<tr style=\"height: 32px;\">\n<td style=\"width: 125px; height: 32px;\"><span style=\"font-weight: 400;\">Carmen Belzunce<\/span><\/td>\n<\/tr>\n<\/tbody>\n<\/table>\n<p><span style=\"color: #993300;\"><strong>4t ESO D<\/strong><\/span><\/p>\n<table style=\"width: 28.3846%; height: 38px;\">\n<tbody>\n<tr style=\"height: 32px;\">\n<td style=\"width: 125px; height: 32px;\"><span style=\"font-weight: 400;\">Joan Carles Ventura<\/span><\/td>\n<\/tr>\n<\/tbody>\n<\/table>\n<p><span style=\"color: #993300;\"><strong>4t ESO E<\/strong><\/span><\/p>\n<table style=\"width: 22.9846%; height: 40px;\">\n<tbody>\n<tr style=\"height: 32px;\">\n<td style=\"width: 125px; height: 32px;\"><span style=\"font-weight: 400;\">Ana Zapatero<\/span><\/td>\n<\/tr>\n<\/tbody>\n<\/table>\n<p>&nbsp;<\/p>\n<p><strong>1r BATXILLERAT A<\/strong><\/p>\n<table>\n<tbody>\n<tr style=\"height: 32px;\">\n<td style=\"width: 125px; height: 32px;\"><span style=\"font-weight: 400;\">Rafael Campos<\/span><\/td>\n<\/tr>\n<\/tbody>\n<\/table>\n<p><strong>1r BATXILLERAT B<\/strong><\/p>\n<table>\n<tbody>\n<tr style=\"height: 32px;\">\n<td style=\"width: 125px; height: 32px;\"><span style=\"font-weight: 400;\">Tina Marcos<\/span><\/td>\n<\/tr>\n<\/tbody>\n<\/table>\n<p>&nbsp;<\/p>\n<p><span style=\"color: #800080;\"><strong>2\u00ba BATXILLERAT A<\/strong><\/span><\/p>\n<table>\n<tbody>\n<tr style=\"height: 32px;\">\n<td style=\"width: 125px; height: 32px;\"><span style=\"font-weight: 400;\">Ximo Richart<\/span><\/td>\n<\/tr>\n<\/tbody>\n<\/table>\n<p><span style=\"color: #800080;\"><strong>2\u00ba BATXILLERAT B<\/strong><\/span><\/p>\n<table>\n<tbody>\n<tr style=\"height: 32px;\">\n<td style=\"width: 125px; height: 32px;\"><span style=\"font-weight: 400;\">Ximo Richart<\/span><\/td>\n<\/tr>\n<\/tbody>\n<\/table>\n","protected":false},"excerpt":{"rendered":"<p>La tutoria t\u00e9 la finalitat de contribuir en el desenvolupament personal i social dels infants i joves en els aspectes intel\u00b7lectuals, emocionals i morals, d\u2019acord amb la seva edat.<br \/>\nPer garantir l\u2019acci\u00f3 tutorial, el centre educatiu defineix una estructura organitzativa que faciliti:<\/p>\n<ul class=\"n8H08c UVNKR\">\n<li id=\"h.p_ID_46\" class=\"TYR86d&hellip;  <a href=\"https:\/\/agora.xtec.cat\/iespaucasals-badalona\/linstitut\/organigrama\/tutors-es\/\" title=\"Read Tutors\/es\">Llegeix m\u00e9s\u00bb<\/a><br \/>\n","protected":false},"author":1,"featured_media":0,"parent":46,"menu_order":10,"comment_status":"closed","ping_status":"closed","template":"page-templates\/side-menu.php","meta":{"_bbp_topic_count":0,"_bbp_reply_count":0,"_bbp_total_topic_count":0,"_bbp_total_reply_count":0,"_bbp_voice_count":0,"_bbp_anonymous_reply_count":0,"_bbp_topic_count_hidden":0,"_bbp_reply_count_hidden":0,"_bbp_forum_subforum_count":0,"footnotes":""},"class_list":["post-4026","page","type-page","status-publish","hentry"],"post_mailing_queue_ids":[],"_links":{"self":[{"href":"https:\/\/agora.xtec.cat\/iespaucasals-badalona\/wp-json\/wp\/v2\/pages\/4026","targetHints":{"allow":["GET"]}}],"collection":[{"href":"https:\/\/agora.xtec.cat\/iespaucasals-badalona\/wp-json\/wp\/v2\/pages"}],"about":[{"href":"https:\/\/agora.xtec.cat\/iespaucasals-badalona\/wp-json\/wp\/v2\/types\/page"}],"author":[{"embeddable":true,"href":"https:\/\/agora.xtec.cat\/iespaucasals-badalona\/wp-json\/wp\/v2\/users\/1"}],"replies":[{"embeddable":true,"href":"https:\/\/agora.xtec.cat\/iespaucasals-badalona\/wp-json\/wp\/v2\/comments?post=4026"}],"version-history":[{"count":6,"href":"https:\/\/agora.xtec.cat\/iespaucasals-badalona\/wp-json\/wp\/v2\/pages\/4026\/revisions"}],"predecessor-version":[{"id":4124,"href":"https:\/\/agora.xtec.cat\/iespaucasals-badalona\/wp-json\/wp\/v2\/pages\/4026\/revisions\/4124"}],"up":[{"embeddable":true,"href":"https:\/\/agora.xtec.cat\/iespaucasals-badalona\/wp-json\/wp\/v2\/pages\/46"}],"wp:attachment":[{"href":"https:\/\/agora.xtec.cat\/iespaucasals-badalona\/wp-json\/wp\/v2\/media?parent=4026"}],"curies":[{"name":"wp","href":"https:\/\/api.w.org\/{rel}","templated":true}]}}