{"id":2623,"date":"2020-07-08T17:31:52","date_gmt":"2020-07-08T15:31:52","guid":{"rendered":"http:\/\/agora.xtec.cat\/iespaucasals-badalona\/?page_id=2623"},"modified":"2020-07-08T18:12:05","modified_gmt":"2020-07-08T16:12:05","slug":"iddink","status":"publish","type":"page","link":"https:\/\/agora.xtec.cat\/iespaucasals-badalona\/serveis\/iddink\/","title":{"rendered":"Servei de socialitzaci\u00f3 de llibres &#8211; IDDINK"},"content":{"rendered":"<div><\/div>\n<div><\/div>\n<div><\/div>\n<p><a href=\"https:\/\/agora.xtec.cat\/iespaucasals-badalona\/wp-content\/uploads\/usu781\/2020\/07\/IDDINK_Lista_2020-1.pdf\" target=\"_blank\" rel=\"noopener noreferrer\"><img loading=\"lazy\" decoding=\"async\" class=\"aligncenter wp-image-2615\" src=\"https:\/\/agora.xtec.cat\/iespaucasals-badalona\/wp-content\/uploads\/usu781\/2020\/07\/Imatge-llistat-llibres-i-llic\u00e8ncies-digitals-2020-2021-300x150.png\" alt=\"\" width=\"610\" height=\"305\" srcset=\"https:\/\/agora.xtec.cat\/iespaucasals-badalona\/wp-content\/uploads\/usu781\/2020\/07\/Imatge-llistat-llibres-i-llic\u00e8ncies-digitals-2020-2021-300x150.png 300w, https:\/\/agora.xtec.cat\/iespaucasals-badalona\/wp-content\/uploads\/usu781\/2020\/07\/Imatge-llistat-llibres-i-llic\u00e8ncies-digitals-2020-2021-768x384.png 768w, https:\/\/agora.xtec.cat\/iespaucasals-badalona\/wp-content\/uploads\/usu781\/2020\/07\/Imatge-llistat-llibres-i-llic\u00e8ncies-digitals-2020-2021.png 1024w\" sizes=\"auto, (max-width: 610px) 100vw, 610px\" \/><\/a><\/p>\n<p>&nbsp;<\/p>\n<h3><b>NOTA:\u00a0<\/b><\/h3>\n<h3><\/h3>\n<h3>&#8221;\u00a0<b>La majoria dels llibres de text del curs vinent portaran tamb\u00e9 una llic\u00e8ncia digital. En ocasions ve subministrada per la mateixa empresa Iddink. A la resta de les mat\u00e8ries on no consti es subministrar\u00e0 mitjan\u00e7ant l&#8217;Institut al comen\u00e7ament de curs<\/b>&#8220;.<\/h3>\n<div><\/div>\n<div><\/div>\n<div><\/div>\n<div>\n<div><\/div>\n<div style=\"text-align: center;\">____________________________________________________________<\/div>\n<div><\/div>\n<div><\/div>\n<h2 style=\"text-align: center;\"><a href=\"https:\/\/agora.xtec.cat\/iespaucasals-badalona\/wp-content\/uploads\/usu781\/2020\/06\/poster-com-retornar_2020_2_compressed.pdf\" target=\"_blank\" rel=\"noopener noreferrer\">Retorn de llibres a Iddink<\/a><\/h2>\n<div style=\"text-align: center;\">____________________________________________________________<\/div>\n<div><\/div>\n<\/div>\n<div><\/div>\n<div><\/div>\n<div><\/div>\n<div>\n<div style=\"text-align: center;\">____________________________________________________________<\/div>\n<h2><\/h2>\n<\/div>\n<h2 style=\"text-align: center;\"><a href=\"https:\/\/microsites.iddink.es\/ca\/309_institut_pau_casals\" target=\"_blank\" rel=\"noopener noreferrer\">Comandes Iddink INS Pau Casals<\/a><\/h2>\n<div><\/div>\n<div style=\"text-align: center;\">____________________________________________________________<\/div>\n<div><\/div>\n<h2><\/h2>\n<h2><\/h2>\n<h2 style=\"text-align: center;\"><strong>VIDEO TUTORIALS Iddink<\/strong><\/h2>\n<div><\/div>\n<div><\/div>\n<div><\/div>\n<div><\/div>\n<div>\n<p>\u00b7\u00a0\u00a0\u00a0\u00a0\u00a0\u00a0\u00a0\u00a0\u00a0<b><i>Presentaci\u00f3 Iddink (duraci\u00f3 15 minuts):\u00a0<\/i><\/b><a href=\"https:\/\/vimeo.com\/346361089\" target=\"_blank\" rel=\"noopener noreferrer\" data-saferedirecturl=\"https:\/\/www.google.com\/url?q=https:\/\/vimeo.com\/346361089&amp;source=gmail&amp;ust=1594307929447000&amp;usg=AFQjCNERXtLefWUsqS56N94TAEp1wmgMsA\">https:\/\/vimeo.com\/<wbr \/>346361089<\/a><\/p>\n<p>\u00b7\u00a0\u00a0\u00a0\u00a0\u00a0\u00a0\u00a0\u00a0\u00a0<b><i>Presentaci\u00f3 Iddink Curta ( duraci\u00f3 5 minuts):\u00a0<\/i><\/b><a href=\"https:\/\/vimeo.com\/420992016\" target=\"_blank\" rel=\"noopener noreferrer\" data-saferedirecturl=\"https:\/\/www.google.com\/url?q=https:\/\/vimeo.com\/420992016&amp;source=gmail&amp;ust=1594307929447000&amp;usg=AFQjCNHdk8nCh1_eWqj4zeBsUckcycv6pA\">https:\/\/vimeo.com\/<wbr \/>420992016<\/a><\/p>\n<p>\u00b7\u00a0\u00a0\u00a0\u00a0\u00a0\u00a0\u00a0\u00a0\u00a0<b><i>Com tractar els ecoBooks:\u00a0<\/i><\/b><a href=\"https:\/\/vimeo.com\/45076699\" target=\"_blank\" rel=\"noopener noreferrer\" data-saferedirecturl=\"https:\/\/www.google.com\/url?q=https:\/\/vimeo.com\/45076699&amp;source=gmail&amp;ust=1594307929447000&amp;usg=AFQjCNEMSsgd3n2VvYu-87CcjfhNFuXECw\">https:\/\/vimeo.com\/<wbr \/>45076699<\/a><\/p>\n<p>\u00b7\u00a0\u00a0\u00a0\u00a0\u00a0\u00a0\u00a0\u00a0\u00a0<b><i>Com retornar ecoBooks:\u00a0<\/i><\/b><a href=\"https:\/\/vimeo.com\/97832068\" target=\"_blank\" rel=\"noopener noreferrer\" data-saferedirecturl=\"https:\/\/www.google.com\/url?q=https:\/\/vimeo.com\/97832068&amp;source=gmail&amp;ust=1594307929447000&amp;usg=AFQjCNEZmapj0F0KjQ4NYYPjbhVYX-tHeg\">https:\/\/vimeo.com\/<wbr \/>97832068<\/a><\/p>\n<p>\u00b7\u00a0\u00a0\u00a0\u00a0\u00a0\u00a0\u00a0\u00a0\u00a0<b><i>Com fer una comanda:\u00a0<\/i><\/b><a href=\"https:\/\/vimeo.com\/427671538\" target=\"_blank\" rel=\"noopener noreferrer\" data-saferedirecturl=\"https:\/\/www.google.com\/url?q=https:\/\/vimeo.com\/427671538&amp;source=gmail&amp;ust=1594307929447000&amp;usg=AFQjCNFizKRU6Ir0aS0u1TjvtVAc1nH04A\">https:\/\/vimeo.com\/<wbr \/>427671538<\/a><\/p>\n<p>\u00b7\u00a0\u00a0\u00a0\u00a0\u00a0\u00a0\u00a0\u00a0\u00a0<b><i>Com accedir a les meves llic\u00e8ncies digitals:\u00a0<\/i><\/b><a href=\"https:\/\/vimeo.com\/427321666\" target=\"_blank\" rel=\"noopener noreferrer\" data-saferedirecturl=\"https:\/\/www.google.com\/url?q=https:\/\/vimeo.com\/427321666&amp;source=gmail&amp;ust=1594307929447000&amp;usg=AFQjCNHs1H2MzaZRNHYrRWbx38JBS4ou6g\">https:\/\/vimeo.com\/<wbr \/>427321666<\/a><\/p>\n<p>\u00b7\u00a0\u00a0\u00a0\u00a0\u00a0\u00a0\u00a0\u00a0\u00a0<b><i>Qu\u00e8 \u00e9s Iddink digital?:\u00a0<\/i><\/b><a href=\"https:\/\/vimeo.com\/427321499\" target=\"_blank\" rel=\"noopener noreferrer\" data-saferedirecturl=\"https:\/\/www.google.com\/url?q=https:\/\/vimeo.com\/427321499&amp;source=gmail&amp;ust=1594307929447000&amp;usg=AFQjCNHdZq-LWmXJoG-VkDQHmzeaVROQag\">https:\/\/vimeo.com\/<wbr \/>427321499<\/a><\/p>\n<\/div>\n<div>\n<div><\/div>\n<div><\/div>\n<div style=\"text-align: center;\">____________________________________________________________<\/div>\n<div><\/div>\n<\/div>\n","protected":false},"excerpt":{"rendered":"<p><a href=\"https:\/\/agora.xtec.cat\/iespaucasals-badalona\/wp-content\/uploads\/usu781\/2020\/07\/IDDINK_Lista_2020-1.pdf\" target=\"_blank\" rel=\"noopener noreferrer\"><\/a><br \/>\n&nbsp;<br \/>\nNOTA:\u00a0<\/p>\n<p>&#8221;\u00a0La majoria dels llibres de text del curs vinent portaran tamb\u00e9 una llic\u00e8ncia digital. En ocasions ve subministrada per la mateixa empresa Iddink. A la resta de les mat\u00e8ries on no consti es subministrar\u00e0 mitjan\u00e7ant l&#8217;Institut al comen\u00e7ament de curs&#8220;.<\/p>\n<p>____________________________________________________________<\/p>\n<p><a href=\"https:\/\/agora.xtec.cat\/iespaucasals-badalona\/wp-content\/uploads\/usu781\/2020\/06\/poster-com-retornar_2020_2_compressed.pdf\"&hellip;  <a href=\"https:\/\/agora.xtec.cat\/iespaucasals-badalona\/serveis\/iddink\/\" title=\"Read Servei de socialitzaci\u00f3 de llibres &#8211; IDDINK\">Llegeix m\u00e9s\u00bb<\/a><\/p>\n","protected":false},"author":1,"featured_media":0,"parent":63,"menu_order":0,"comment_status":"closed","ping_status":"closed","template":"","meta":{"_bbp_topic_count":0,"_bbp_reply_count":0,"_bbp_total_topic_count":0,"_bbp_total_reply_count":0,"_bbp_voice_count":0,"_bbp_anonymous_reply_count":0,"_bbp_topic_count_hidden":0,"_bbp_reply_count_hidden":0,"_bbp_forum_subforum_count":0,"footnotes":""},"class_list":["post-2623","page","type-page","status-publish","hentry"],"post_mailing_queue_ids":[],"_links":{"self":[{"href":"https:\/\/agora.xtec.cat\/iespaucasals-badalona\/wp-json\/wp\/v2\/pages\/2623","targetHints":{"allow":["GET"]}}],"collection":[{"href":"https:\/\/agora.xtec.cat\/iespaucasals-badalona\/wp-json\/wp\/v2\/pages"}],"about":[{"href":"https:\/\/agora.xtec.cat\/iespaucasals-badalona\/wp-json\/wp\/v2\/types\/page"}],"author":[{"embeddable":true,"href":"https:\/\/agora.xtec.cat\/iespaucasals-badalona\/wp-json\/wp\/v2\/users\/1"}],"replies":[{"embeddable":true,"href":"https:\/\/agora.xtec.cat\/iespaucasals-badalona\/wp-json\/wp\/v2\/comments?post=2623"}],"version-history":[{"count":3,"href":"https:\/\/agora.xtec.cat\/iespaucasals-badalona\/wp-json\/wp\/v2\/pages\/2623\/revisions"}],"predecessor-version":[{"id":2640,"href":"https:\/\/agora.xtec.cat\/iespaucasals-badalona\/wp-json\/wp\/v2\/pages\/2623\/revisions\/2640"}],"up":[{"embeddable":true,"href":"https:\/\/agora.xtec.cat\/iespaucasals-badalona\/wp-json\/wp\/v2\/pages\/63"}],"wp:attachment":[{"href":"https:\/\/agora.xtec.cat\/iespaucasals-badalona\/wp-json\/wp\/v2\/media?parent=2623"}],"curies":[{"name":"wp","href":"https:\/\/api.w.org\/{rel}","templated":true}]}}