{"id":1207,"date":"2017-03-14T12:46:09","date_gmt":"2017-03-14T11:46:09","guid":{"rendered":"http:\/\/agora.xtec.cat\/iespaucasals-badalona\/?page_id=1207"},"modified":"2024-01-30T09:15:13","modified_gmt":"2024-01-30T08:15:13","slug":"pau","status":"publish","type":"page","link":"https:\/\/agora.xtec.cat\/iespaucasals-badalona\/pau\/","title":{"rendered":"PAU"},"content":{"rendered":"<h4 style=\"text-align: left;\"><em><strong><span style=\"text-decoration: underline;\">1. DADES GENERALS<\/span> <\/strong><\/em><\/h4>\n<p>Les proves d&#8217;acc\u00e9s a la universitat (PAU) tenen com a finalitat valorar la maduresa acad\u00e8mica, coneixements i compet\u00e8ncies dels alumnes de batxillerat que volen cursar graus universitaris i que tinguin el t\u00edtol de batxillerat. La seva superaci\u00f3 \u00e9s un requisit per accedir als estudis universitaris.<\/p>\n<ul style=\"list-style-type: square;\">\n<li><em><strong><span style=\"text-decoration: underline;\">Estructura<\/span> <\/strong><\/em><\/li>\n<\/ul>\n<ul>\n<li>Fase General (obligat\u00f2ria); nota d&#8217;acc\u00e9s.<\/li>\n<li>Fase Espec\u00edfica (volunt\u00e0ria): complement de la nota d&#8217;acc\u00e9s \u2013 nota d&#8217;admissi\u00f3 a la universitat.<\/li>\n<\/ul>\n<ul style=\"list-style-type: square;\">\n<li><span style=\"text-decoration: underline;\"><em><strong>Ex\u00e0mens<\/strong> <\/em><\/span><\/li>\n<\/ul>\n<ul>\n<li>Es realitzen durant 3 dies consecutius.<\/li>\n<li>L&#8217;examen de cada mat\u00e8ria t\u00e9 una durada de 90 minuts.<\/li>\n<li>Hi ha un interval m\u00ednim de 30 minuts de descans entre cada examen.<\/li>\n<li>Els horaris dels ex\u00e0mens s\u00f3n de mat\u00ed i a la tarda.<\/li>\n<\/ul>\n<p>Pots consultar tota la informaci\u00f3 detallada al seg\u00fcent enlla\u00e7:<\/p>\n<p style=\"text-align: center;\"><a href=\"https:\/\/universitats.gencat.cat\/ca\/proves-acces-PAU-PAP\/sobre-PAU\/\" target=\"_blank\" rel=\"noopener noreferrer\">Informaci\u00f3 sobre les PAU<\/a><\/p>\n<h4 style=\"text-align: left;\"><span style=\"text-decoration: underline;\"><em><strong>2. CALENDARI i HORARI DE LES PROVES <\/strong><\/em><\/span><\/h4>\n<p>Cada any hi ha dues convocat\u00f2ries; una ordin\u00e0ria (mes de juny) i altra extraordin\u00e0ria (mes de setembre).<\/p>\n<p style=\"text-align: center;\"><a href=\"https:\/\/universitats.gencat.cat\/ca\/proves-acces-PAU-PAP\/dates-claus-PAU\/calendari-terminis\/\" target=\"_blank\" rel=\"noopener noreferrer\">Calendari de les convocat\u00f2ries de 2023<\/a><\/p>\n<p style=\"text-align: center;\"><a href=\"https:\/\/universitats.gencat.cat\/ca\/proves-acces-PAU-PAP\/dates-claus-PAU\/horaris-prova\/\" target=\"_blank\" rel=\"noopener noreferrer\">Horaris de les proves 2023<\/a><\/p>\n<p>Tots els tr\u00e0mits relacionats amb la prematr\u00edcula, matr\u00edcula, pagament, consulta de resultats, \u00a0reclamacions&#8230; els ha de fer el propi alumne des de el portal d&#8217;acc\u00e9s a la universitat.<\/p>\n<p style=\"text-align: center;\"><a href=\"https:\/\/accesuniversitat.gencat.cat\/accesuniversitat\/login\" target=\"_blank\" rel=\"noopener noreferrer\">Portal d&#8217;acc\u00e9s a la universitat <\/a><\/p>\n<p>La coincid\u00e8ncia de proves de diferents mat\u00e8ries en el mateix tram horari no \u00e9s cap impediment. Si es don\u00e9s el cas, els membres del tribunal ho tindrien previst i a quins estudiants afecta. Aquests farien els ex\u00e0mens de forma consecutiva.<\/p>\n<p>Al seg\u00fcent enlla\u00e7 pots consultar tota la informaci\u00f3 referent a les proves de cada mat\u00e8ria.<\/p>\n<p style=\"text-align: center;\"><a href=\"https:\/\/universitats.gencat.cat\/ca\/proves-acces-PAU-PAP\/preparat-PAU\/materies-PAU\/\" target=\"_blank\" rel=\"noopener noreferrer\">Informaci\u00f3 dels ex\u00e0mens de cada mat\u00e8ria<\/a><\/p>\n<h4 style=\"text-align: left;\"><em><strong><span style=\"text-decoration: underline;\">3. TAXES A ABONAR PER FER LES PAU<\/span> <\/strong><\/em><\/h4>\n<p>La realitzaci\u00f3 de les PAU est\u00e0 condicionada al pagament d&#8217;unes determinades quotes per part dels alumnes. Aquestes quotes s\u00f3n establertes cada any per la Generalitat de Catalunya. En cas de que l&#8217;alumne sigui beneficiari d&#8217;una beca o membre d&#8217;una fam\u00edlia nombrosa o monoparental es pot beneficiar de reduccions o exempcions en el pagament de les quotes.<\/p>\n<p>Al seg\u00fcent enlla\u00e7 pots consultar les taxes establertes i els casos de reducci\u00f3 o exempci\u00f3 en el pagament.<\/p>\n<p style=\"text-align: center;\"><a href=\"https:\/\/universitats.gencat.cat\/ca\/proves-acces-PAU-PAP\/sobre-PAU\/on-com-inscriure-proves\/#bloc1\" target=\"_blank\" rel=\"noopener noreferrer\">Taxes a pagar, reduccions i exempcions<\/a><\/p>\n<h4 style=\"text-align: left;\"><em><strong><span style=\"text-decoration: underline;\">4. FASE GENERAL; ESTRUCTURA I QUALIFICACI\u00d3<\/span> <\/strong><\/em><\/h4>\n<p>Aquesta fase \u00e9s obligat\u00f2ria i consta de 5 exercicis.<\/p>\n<table style=\"height: 271px;\" width=\"640\">\n<tbody>\n<tr>\n<td style=\"width: 316px;\" rowspan=\"2\">&nbsp;<\/p>\n<p>1.\u00a0\u00a0\u00a0\u00a0 Llengua catalana i literatura.<\/p>\n<p>2.\u00a0\u00a0\u00a0\u00a0 Llengua castellana i literatura.<\/p>\n<p>3.\u00a0\u00a0\u00a0\u00a0 Llengua estrangera; angl\u00e8s.<\/p>\n<p>4.\u00a0\u00a0\u00a0\u00a0 Hist\u00f2ria.<\/p>\n<p>5.\u00a0\u00a0\u00a0\u00a0 Mat\u00e8ria comuna d&#8217;opci\u00f3.<\/td>\n<td style=\"width: 316px;\">Mat\u00e8ria comuna d&#8217;opci\u00f3<\/td>\n<\/tr>\n<tr>\n<td style=\"width: 316px;\">L&#8217;alumne ha de triar una mat\u00e8ria entre:<\/p>\n<ul style=\"list-style-type: disc;\">\n<li>Matem\u00e0tiques.<\/li>\n<\/ul>\n<ul style=\"list-style-type: disc;\">\n<li>Matem\u00e0tiques aplicades a les CCSS.<\/li>\n<\/ul>\n<ul style=\"list-style-type: disc;\">\n<li>Llat\u00ed<\/li>\n<\/ul>\n<ul style=\"list-style-type: disc;\">\n<li>\u00a0Fonaments de les arts.<\/li>\n<\/ul>\n<\/td>\n<\/tr>\n<\/tbody>\n<\/table>\n<p>La qualificaci\u00f3 obtinguda en aquesta part ser\u00e0 la mitjana aritm\u00e8tica dels 5 exercicis.<\/p>\n<p>La qualificaci\u00f3 de fase general de les PAU (QFG), juntament amb la qualificaci\u00f3 mitjana del batxillerat (QMB), permet obtenir la nota d\u2019acc\u00e9s.<\/p>\n<p style=\"text-align: center;\"><em><strong>Nota d&#8217;acc\u00e9s = (0,6 \u00b7 QMB) + (0,4 \u00b7 QFG)<\/strong> <\/em><\/p>\n<ul>\n<li>Es considera superada la fase d&#8217;acc\u00e9s a la universitat si el resultat de la nota d&#8217;acc\u00e9s \u00e9s igual o superior a 5.<\/li>\n<li>Per a procedir al c\u00e0lcul de la nota d&#8217;acc\u00e9s, s&#8217;estableix com a requisit que la qualificaci\u00f3 de la fase general (QFG) sigui igual o superior a 4. En cas contrari, no es pot accedir a la universitat (no apte).<\/li>\n<li>La superaci\u00f3 de la fase general t\u00e9 validesa indefinida.<\/li>\n<li>La mat\u00e8ria comuna d&#8217;opci\u00f3 escollida, a m\u00e9s de puntuar a la fase general, tamb\u00e9 ser\u00e0 tinguda en compte per al c\u00e0lcul de la nota d&#8217;admissi\u00f3 en la fase espec\u00edfica, sempre i quan la qualificaci\u00f3 d&#8217;aquesta mat\u00e8ria sigui igual o superior a 5, com la resta de mat\u00e8ries de la fase espec\u00edfica.<\/li>\n<\/ul>\n<h4><span style=\"text-decoration: underline;\"><em><strong>5. FASE ESPEC\u00cdFICA; ESTRUCTURA I QUALIFICACI\u00d3 <\/strong><\/em><\/span><\/h4>\n<p>Aquesta fase \u00e9s volunt\u00e0ria i t\u00e9 com a finalitat avaluar coneixements concrets relacionats amb els graus universitaris que es volen cursar.<\/p>\n<p>Aquesta part no t\u00e9 un nombre d&#8217;exercicis determinat, per\u00f2 com a m\u00e0xim un alumne pot escollir 3 entre les seg\u00fcents (sense comptar la mat\u00e8ria comuna d&#8217;opci\u00f3 escollida a la fase general):<\/p>\n<table style=\"width: 595px;\">\n<tbody>\n<tr>\n<td style=\"text-align: center; width: 189px;\">An\u00e0lisi musical<\/p>\n<p>Cultura audiovisual<\/p>\n<p>Dibuix art\u00edstic<\/p>\n<p>Disseny<\/p>\n<p>Fonaments de les arts<\/p>\n<p>Hist\u00f2ria de la filosofia<\/p>\n<p>&nbsp;<\/td>\n<td style=\"text-align: center; width: 189px;\">Biologia<\/p>\n<p>Ci\u00e8ncies de la Terra<\/p>\n<p>Dibuix t\u00e8cnic<\/p>\n<p>Electrot\u00e8cnia<\/p>\n<p>F\u00edsica<\/p>\n<p>Matem\u00e0tiques<\/p>\n<p>Qu\u00edmica<\/p>\n<p>Tecnologia industrial<\/td>\n<td style=\"text-align: center; width: 207px;\">Economia d&#8217;Empresa<\/p>\n<p>Geografia<\/p>\n<p>Grec<\/p>\n<p>Literatura castellana<\/p>\n<p>Literatura catalana<\/p>\n<p>Llat\u00ed<\/p>\n<p>Hist\u00f2ria de l&#8217;Art<\/p>\n<p>Matem\u00e0tiques aplicades CCSS<\/td>\n<\/tr>\n<\/tbody>\n<\/table>\n<p>Perqu\u00e8 les mat\u00e8ries escollides en aquesta fase es compten per obtenir la nota d&#8217;admissi\u00f3 de l&#8217;alumne, hi ha que obtenir una qualificaci\u00f3 igual a superior a 5.<\/p>\n<ul>\n<li>La qualificaci\u00f3 de la part espec\u00edfica complementa la nota d&#8217;acc\u00e9s per obtenir la nota d&#8217;admissi\u00f3 del alumne.<\/li>\n<li>Les qualificacions tenen validesa per als dos cursos acad\u00e8mics seg\u00fcents.<\/li>\n<\/ul>\n<h4><em><strong><span style=\"text-decoration: underline;\">6. FASE D&#8217;ADMISSI\u00d3 A LA UNIVERSITAT<\/span> <\/strong><\/em><\/h4>\n<p>La nota d&#8217;admissi\u00f3 a un determinat grau universitari \u00e9s el resultat d\u2019afegir les qualificacions obtingudes en la fase espec\u00edfica a la nota d&#8217;acc\u00e9s, ponderant-les segons un determinat coeficient:<\/p>\n<ul>\n<li>0,1: mat\u00e8ria vinculada a la branca de coneixement del grau.<\/li>\n<li>0,2: mat\u00e8ria vinculada al grau universitari que es vol cursar.<\/li>\n<\/ul>\n<p>Pots consultar les ponderacions de les mat\u00e8ries de modalitat per a cada grau i les notes de tall per a cada universitat als seg\u00fcents enlla\u00e7os:<\/p>\n<p style=\"text-align: center;\"><a href=\"https:\/\/universitats.gencat.cat\/ca\/preinscripcions\/sobre-preinscripcio\/ponderacions\/\" target=\"_blank\" rel=\"noopener noreferrer\">Ponderacions per les mat\u00e8ries per graus universitaris<\/a><\/p>\n<p style=\"text-align: center;\"><a href=\"https:\/\/universitats.gencat.cat\/ca\/preinscripcions\/sobre-preinscripcio\/notes-tall\/index.html\" target=\"_blank\" rel=\"noopener noreferrer\">Notes de tall per a cada grau i universitat<\/a><\/p>\n<table width=\"0\">\n<tbody>\n<tr>\n<td style=\"text-align: center;\" colspan=\"5\" width=\"379\"><strong>Fase\u00a0 General<\/strong><\/td>\n<td style=\"text-align: center;\" colspan=\"3\" width=\"222\"><strong>Fase Espec\u00edfica<\/strong><\/td>\n<\/tr>\n<tr>\n<td style=\"text-align: center;\" width=\"73\">Ll. Catalana<\/td>\n<td style=\"text-align: center;\" width=\"84\">Ll. Castellana<\/td>\n<td style=\"text-align: center;\" width=\"86\">Ll. Estrangera<\/td>\n<td style=\"text-align: center;\" width=\"69\">&nbsp;<\/p>\n<p>Hist\u00f2ria<\/td>\n<td style=\"text-align: center;\" width=\"67\">Mat\u00e8ria<\/p>\n<p>opci\u00f3 comuna<\/td>\n<td style=\"text-align: center;\" width=\"74\">Mat\u00e8ria<\/p>\n<p>Modalitat<\/p>\n<p>(0,2\/0,1)<\/p>\n<p>M\u00edn. 5<\/td>\n<td style=\"text-align: center;\" width=\"74\">Mat\u00e8ria<\/p>\n<p>Modalitat<\/p>\n<p>(0,2\/0,1)<\/p>\n<p>M\u00edn. 5<\/td>\n<td style=\"text-align: center;\" width=\"74\">Mat\u00e8ria<\/p>\n<p>Modalitat<\/p>\n<p>(0,2\/0,1)<\/p>\n<p>M\u00edn. 5<\/td>\n<\/tr>\n<tr>\n<td style=\"text-align: center;\" colspan=\"5\" width=\"379\"><strong>QFG: <\/strong>Mitjana aritm\u00e8tica de les 5 notes.<\/p>\n<p>M\u00e0x. 10 punts \/ M\u00ednim 4 punts per c\u00e0lcul nota d\u2019acc\u00e9s.<\/td>\n<td style=\"text-align: center;\" colspan=\"3\" width=\"222\">S\u2019agafen les 2 notes ponderades m\u00e9s altes.<\/p>\n<p>M\u00e0x. 4 punts<\/td>\n<\/tr>\n<\/tbody>\n<\/table>\n<p>La nota d&#8217;admissi\u00f3 a la universitat es calcula mitjan\u00e7ant la seg\u00fcent f\u00f3rmula:<\/p>\n<p style=\"text-align: center;\"><strong><em>Nota d&#8217;admissi\u00f3 = Nota d&#8217;acc\u00e9s + (a \u00b7 M1) + (b \u00b7 M2) <\/em><\/strong><\/p>\n<ul>\n<li><em>a i b: ponderacions de la mat\u00e8ria de modalitat per a cada grau (0,2 \/ 0,1). <a href=\"#_ftn1\" name=\"_ftnref1\"><\/a><\/em><\/li>\n<li><em>M1 i M2: les dues mat\u00e8ries de modalitat en les que l&#8217;alumne ha obtingut la m\u00e0xima nota.<\/em><\/li>\n<\/ul>\n<p>Les universitats privades tenen els seus propis procediments d&#8217;admissi\u00f3. Si est\u00e0s interessat, has de ser tu qui es posi en contacte amb elles per informar-te.<\/p>\n<h4><em><strong><span style=\"text-decoration: underline;\">7. RECLAMACIONS DE LES QUALIFICACIONS<\/span> <\/strong><\/em><\/h4>\n<p>Un cop coneguts els resultats de les PAU, si no est\u00e0s d&#8217;acord amb la qualificaci\u00f3 en una o diverses mat\u00e8ries, hi ha un termini per a sol\u00b7licitar una revisi\u00f3. Aquest tr\u00e0mit s&#8217;ha de fer a partir del portat d&#8217;acc\u00e9s a la universitat en els terminis establerts.<\/p>\n<p>L&#8217;alumne podr\u00e0 sol\u00b7licitar \u00fanicament un d&#8217;aquests procediments de revisi\u00f3:<\/p>\n<ul style=\"list-style-type: square;\">\n<li>Verificaci\u00f3 de la qualificaci\u00f3.<\/li>\n<li>Nova correcci\u00f3.<\/li>\n<li>Els dos sistemes son excloents per a cada mat\u00e8ria.<\/li>\n<\/ul>\n<ul style=\"list-style-type: square;\">\n<li><strong><em><u>Verificaci\u00f3 de la qualificaci\u00f3 <\/u><\/em><\/strong><\/li>\n<\/ul>\n<ul style=\"list-style-type: circle;\">\n<li>Consisteix en revisar els aspectes relacionats amb la correcci\u00f3 de la prova; errades de c\u00e0lcul en l&#8217;obtenci\u00f3 de la nota, respostes sense qualificar&#8230;<\/li>\n<li>La qualificaci\u00f3 resultant de la verificaci\u00f3 nom\u00e9s pot ser igual o superior a l&#8217;inicial, mai m\u00e9s baixa.<\/li>\n<\/ul>\n<ul style=\"list-style-type: square;\">\n<li><strong><em><u>Nova correcci\u00f3 <\/u><\/em><\/strong><\/li>\n<\/ul>\n<ul style=\"list-style-type: circle;\">\n<li>La finalitat \u00e9s corregir possibles errades en l&#8217;avaluaci\u00f3 de la prova per part del professor corrector. Aquest procediment implica que altre professor far\u00e0 la correcci\u00f3 de l&#8217;examen.<\/li>\n<li>En aquest cas la nota resultant de la reclamaci\u00f3 pot ser m\u00e9s baixa a l&#8217;inicial.<\/li>\n<li>La qualificaci\u00f3 resultant de la reclamaci\u00f3 ser\u00e0 la mitjana aritm\u00e8tica entre les qualificacions dels dos correctors.<\/li>\n<li>En cas de que la difer\u00e8ncia entre les dues correccions sigui igual o superior a 2 punts, hi haur\u00e0 una tercera correcci\u00f3 per part d&#8217;altre professor. La qualificaci\u00f3 final ser\u00e0 la mitjana aritm\u00e8tica de les tres qualificacions.<\/li>\n<\/ul>\n<p>Els estudiants que hagin sol\u00b7licitat algun proc\u00e9s de revisi\u00f3, podran veure els seus ex\u00e0mens un cop hagi finalitzat el proc\u00e9s de revisi\u00f3 en la data, hora i lloc establert per l&#8217;oficina d&#8217;acc\u00e9s a la universitat.<\/p>\n<h4 style=\"text-align: left;\"><em><strong><span style=\"text-decoration: underline;\">8. DOCUMENTACI\u00d3 PER AL DIA DE LA PROVA<\/span> <\/strong><\/em><\/h4>\n<ul>\n<li>Document d&#8217;identificaci\u00f3; DNI, NIE o passaport.<\/li>\n<li>Resguard de matr\u00edcula.<\/li>\n<li>Material d&#8217;examen complementari autoritzat per a cada mat\u00e8ria.<\/li>\n<\/ul>\n<h4><em><strong><span style=\"text-decoration: underline;\">9. MATERIALS D&#8217;AJUDA PER A PREPARAR LES PAU<\/span><\/strong><\/em><\/h4>\n<ul>\n<li>Informaci\u00f3 sobre l&#8217;estructura de l&#8217;examen de cada mat\u00e8ria<\/li>\n<\/ul>\n<p><a href=\"https:\/\/universitats.gencat.cat\/ca\/proves-acces-PAU-PAP\/preparat-PAU\/materies-PAU\/\" target=\"_blank\" rel=\"noopener noreferrer\">Mat\u00e8ries de les PAU<\/a><\/p>\n<ul>\n<li>Models d&#8217;ex\u00e0mens d&#8217;anys anteriors de cada mat\u00e8ria<\/li>\n<\/ul>\n<p><a href=\"https:\/\/universitats.gencat.cat\/ca\/proves-acces-PAU-PAP\/preparat-PAU\/models-examen-anys-anteriors\/\" target=\"_blank\" rel=\"noopener\">Models d&#8217;ex\u00e0mens d&#8217;anys anteriors<\/a><\/p>\n<ul>\n<li>Apunts, i ex\u00e0mens resolts i exercicis per a practicar de cada mat\u00e8ria<\/li>\n<\/ul>\n<p><a href=\"https:\/\/seleactivitat.cat\/\" target=\"_blank\" rel=\"noopener noreferrer\">https:\/\/seleactivitat.cat\/<\/a><\/p>\n<p><a href=\"https:\/\/preparats.cat\/selectivitat\" target=\"_blank\" rel=\"noopener noreferrer\">https:\/\/preparats.cat\/selectivitat<\/a><\/p>\n<p><a href=\"http:\/\/aplicacions.universitats.gencat.cat\/posat\/AppJava\/frontoffice\/;jsessionid=IcvMXcDqfkUyXJNk4d2y-D8MdOhT20PgIgEYoi2eD5sTBdWnwiJ5!-1443955224!876039913?0\" target=\"_blank\" rel=\"noopener noreferrer\">Posa&#8217;t a prova<\/a><\/p>\n<h4><em><strong><span style=\"text-decoration: underline;\">10. PROVES D&#8217;APTITUD PERSONAL (PAP)<\/span> <\/strong><\/em><\/h4>\n<p>Hi a estudis de grau que requereixen superar una prova d&#8217;aptitud personal (PAP). Per fer-la has de formalitzar la preinscripci\u00f3 universit\u00e0ria i la matr\u00edcula per a la prova al portal d&#8217;acc\u00e9s a la universitat.<\/p>\n<p>Per veure el calendari, graus que requereixen superaci\u00f3 de PAP, caracter\u00edstiques de les proves&#8230; consulteu el seg\u00fcent enlla\u00e7:<\/p>\n<p style=\"text-align: center;\"><a href=\"https:\/\/universitats.gencat.cat\/ca\/proves-acces-PAU-PAP\/sobre-proves-aptitud-personal\/\" target=\"_blank\" rel=\"noopener noreferrer\">Proves aptitud personal (PAP)<\/a><\/p>\n<p>&nbsp;<\/p>\n","protected":false},"excerpt":{"rendered":"<p>1. DADES GENERALS<br \/>\nLes proves d&#8217;acc\u00e9s a la universitat (PAU) tenen com a finalitat valorar la maduresa acad\u00e8mica, coneixements i compet\u00e8ncies dels alumnes de batxillerat que volen cursar graus universitaris i que tinguin el t\u00edtol de batxillerat. La seva superaci\u00f3 \u00e9s un requisit per accedir&hellip;  <a href=\"https:\/\/agora.xtec.cat\/iespaucasals-badalona\/pau\/\" title=\"Read PAU\">Llegeix m\u00e9s\u00bb<\/a><\/p>\n","protected":false},"author":39,"featured_media":0,"parent":0,"menu_order":0,"comment_status":"closed","ping_status":"closed","template":"","meta":{"_bbp_topic_count":0,"_bbp_reply_count":0,"_bbp_total_topic_count":0,"_bbp_total_reply_count":0,"_bbp_voice_count":0,"_bbp_anonymous_reply_count":0,"_bbp_topic_count_hidden":0,"_bbp_reply_count_hidden":0,"_bbp_forum_subforum_count":0,"footnotes":""},"class_list":["post-1207","page","type-page","status-publish","hentry"],"post_mailing_queue_ids":[],"_links":{"self":[{"href":"https:\/\/agora.xtec.cat\/iespaucasals-badalona\/wp-json\/wp\/v2\/pages\/1207","targetHints":{"allow":["GET"]}}],"collection":[{"href":"https:\/\/agora.xtec.cat\/iespaucasals-badalona\/wp-json\/wp\/v2\/pages"}],"about":[{"href":"https:\/\/agora.xtec.cat\/iespaucasals-badalona\/wp-json\/wp\/v2\/types\/page"}],"author":[{"embeddable":true,"href":"https:\/\/agora.xtec.cat\/iespaucasals-badalona\/wp-json\/wp\/v2\/users\/39"}],"replies":[{"embeddable":true,"href":"https:\/\/agora.xtec.cat\/iespaucasals-badalona\/wp-json\/wp\/v2\/comments?post=1207"}],"version-history":[{"count":4,"href":"https:\/\/agora.xtec.cat\/iespaucasals-badalona\/wp-json\/wp\/v2\/pages\/1207\/revisions"}],"predecessor-version":[{"id":3532,"href":"https:\/\/agora.xtec.cat\/iespaucasals-badalona\/wp-json\/wp\/v2\/pages\/1207\/revisions\/3532"}],"wp:attachment":[{"href":"https:\/\/agora.xtec.cat\/iespaucasals-badalona\/wp-json\/wp\/v2\/media?parent=1207"}],"curies":[{"name":"wp","href":"https:\/\/api.w.org\/{rel}","templated":true}]}}