{"id":1190,"date":"2017-03-14T12:45:30","date_gmt":"2017-03-14T11:45:30","guid":{"rendered":"http:\/\/agora.xtec.cat\/iespaucasals-badalona\/?page_id=1190"},"modified":"2025-03-22T12:56:46","modified_gmt":"2025-03-22T11:56:46","slug":"treball-de-recerca","status":"publish","type":"page","link":"https:\/\/agora.xtec.cat\/iespaucasals-badalona\/treball-de-recerca\/","title":{"rendered":"TREBALL DE RECERCA"},"content":{"rendered":"<h4><em><strong><span style=\"text-decoration: underline;\">QU\u00c8 \u00c9S EL TREBALL DE RECERCA?<\/span><\/strong><\/em><\/h4>\n<p>El treball de recerca consisteix en un activitat d&#8217;investigaci\u00f3 que ha de realitzar tot l&#8217;alumnat de batxillerat. El treball s&#8217;iniciar\u00e0 durant el primer curs de batxillerat, i es presentar\u00e0 durant el segon curs.<\/p>\n<p>El treball t\u00e9 les seg\u00fcents <strong>caracter\u00edstiques:<\/strong><\/p>\n<ul style=\"list-style-type: square;\">\n<li>\u00c9s un treball d&#8217;investigaci\u00f3.<\/li>\n<li>El treball est\u00e0 dirigit per un professor tutor. El professor tutor del treball ser\u00e0 assignat pel cente en funci\u00f3 de la tem\u00e0tica del treball proposat per l&#8217;alumne.<\/li>\n<li>El treball de recerca es presenta per <strong>escrit i oralment.<\/strong><\/li>\n<li>En l&#8217;avaluaci\u00f3 i qualificaci\u00f3 del treball de recerca, es tindr\u00e0 en compte <strong>l&#8217;actuaci\u00f3 de l&#8217;alumne durant la realitzaci\u00f3 del treball, el document escrit i la presentaci\u00f3 oral.<\/strong><\/li>\n<li>La qualificaci\u00f3 del treball de recerca representa el <strong>10% de la qualficaci\u00f3 global del batxillerat.<\/strong><\/li>\n<\/ul>\n<p style=\"text-align: center;\"><a href=\"https:\/\/preparats.cat\/treball-de-recerca\" target=\"_blank\" rel=\"noopener noreferrer\">En aquest enlla\u00e7 tens exemples de TR que et poden ser \u00fatils per escollir el tema<\/a><\/p>\n<p>A m\u00e9s a m\u00e9s, a la biblioteca del centre hi ha exemplars de treballs de recerca perqu\u00e8 puguin ser consultats pels alumnes.<\/p>\n<ul style=\"list-style-type: circle;\">\n<li>\n<h4><strong><span style=\"text-decoration: underline;\"><em>COM DESENVOLUPAR EL TREBALL DE RECERCA<\/em><\/span><\/strong><\/h4>\n<p>Per a realitzar el treball de recerca cal seguir les seg\u00fcents fases:<\/li>\n<\/ul>\n<div id=\"contenedor1\">\n<div id=\"contenedor2\">\n<div id=\"principal\">\n<div id=\"columDreta2Textes\">\n<div id=\"textes\">\n<ol>\n<li style=\"text-align: left;\"><strong>Elecci\u00f3 del tema a investigar<\/strong>. A l&#8217;hora d&#8217;escollir el tema del treball de recerca, cal tenir en compte factors com; interessos i aficions personals, recursos i fonts d&#8217;informaci\u00f3 disponibles al nostre entorn, temps que disposem per a fer el treball&#8230;<\/li>\n<li style=\"text-align: left;\"><strong>Plantejament d&#8217;hipot\u00e8sis i objectius. <\/strong>Una vegada decidit l&#8217;objecte d&#8217;estudi del treball, cal plantejar-se les q\u00fcestions que volem resoldre o hipot\u00e8sis a contrastar. Aquests serviran d&#8217;orientaci\u00f3 en el proc\u00e9s de desenvolupament del treball de recerca, i ens ajudar\u00e0 a identificar els factors i variables sobre els que investigar i buscar informaci\u00f3.<\/li>\n<li style=\"text-align: left;\"><strong>Planificaci\u00f3 de la recerca.<\/strong> Abans de comen\u00e7ar a treballar amb el treball de recerca, cal realitzar un proc\u00e9s de planificaci\u00f3 i organitzaci\u00f3 de les tasques a dur a terme; programaci\u00f3 de visites, enquestes, entrevistes amb experts, materials necessaris, disponibilitat d&#8217;instal\u00b7lacions com biblioteca, laboratori, taller, aula d&#8217;inform\u00e0tica&#8230;<\/li>\n<li style=\"text-align: left;\"><strong>Cerca d&#8217;informaci\u00f3.<\/strong><\/li>\n<li style=\"text-align: left;\"><strong>Processament de la informaci\u00f3<\/strong>. En primer lloc cal ordenar i classificar tota la informaci\u00f3 obtinguda. En segon lloc cal analitzar, contrastar i interpretar la informaci\u00f3 en funci\u00f3 de la seva utilitat i aplicabilitat al treball.<\/li>\n<li style=\"text-align: left;\"><strong>Redacci\u00f3 de l&#8217;informe escrit<\/strong>. Abans de comen\u00e7ar a redactar, cal escollir i ordenar les idees que es volen exposar. Despr\u00e9s cal estructurar de forma relacionada aquestes idees. Recordeu que els continguts d&#8217;un treball escrit tenen que organitzar-se en la seg\u00fcent estructura; portada, \u00edndex, introducci\u00f3, nucli del treball, conclusions, llista de refer\u00e8ncies (bibliografia) i si escau, annexos.<\/li>\n<\/ol>\n<\/div>\n<\/div>\n<\/div>\n<\/div>\n<\/div>\n<ul style=\"list-style-type: circle;\">\n<li>\n<h4><span style=\"text-decoration: underline;\"><em><strong>CALENDARI <\/strong><\/em><\/span><\/h4>\n<p>A primer de batxillerat, es dediquen sessions de tutoria a explicar als alumnes en qu\u00e8 consisteix el treball de recerca, les seves caracter\u00edstiques, metodologia d&#8217;elaboraci\u00f3&#8230; A primer de batxillerat \u00e9s quan els alumnes escullen quin ser\u00e0 el seu treball de recerca, i en funci\u00f3 de la seva tem\u00e0tica, li s&#8217;assigna un professor tutor. A partir d&#8217;aqu\u00ed ja comencen a fer el treball.<\/p>\n<p><span style=\"font-family: inherit; font-size: 1em;\">A segon de batxillerat \u00e9s quan els alumnes han d&#8217;entregar el document escrit i fer l&#8217;exposici\u00f3 oral del treball. A les tutories de segon de batxillerat es dediquen sessions a treballar amb els alumnes l&#8217;exposici\u00f3 oral del treball de recerca; c\u00f3m parlar en p\u00fablic, c\u00f3m preparar el suport visual&#8230;<\/span><\/li>\n<\/ul>\n<ul style=\"list-style-type: circle;\">\n<li>\n<h4><span style=\"text-decoration: underline;\"><em><strong>PROPOSTA DE T\u00cdTOLS <\/strong><\/em><\/span><\/h4>\n<\/li>\n<\/ul>\n<p>En aquest document podeu consultar la proposta de temes de treball de recerca dels diferents departaments del centre.<\/p>\n<p style=\"text-align: center;\"><a href=\"https:\/\/agora.xtec.cat\/iespaucasals-badalona\/wp-content\/uploads\/usu781\/2025\/03\/PROPOSTES-DE-TREBALLS-DE-RECERCA-DEPARTAMENTS-3-8.pdf\" target=\"_blank\" rel=\"noopener\">PROPOSTES DE TREBALLS DE RECERCA DEPARTAMENTS <\/a><\/p>\n<p>L&#8217;institut participa al programa ARG\u00d3 de la Universitat Aut\u00f2noma de Barcelona i al projectes FORCES de la Universitat de Barcelona perqu\u00e8 els nostres estudiants tinguin l&#8217;assessorament i col\u00b7laboraci\u00f3 de professors i investigadors de les universitats durant el proc\u00e9s de realitzaci\u00f3 del seu treball de recerca.<\/p>\n<p style=\"text-align: center;\"><a href=\"https:\/\/www.uab.cat\/ca\/ice\/assessorament-treballs-recerca\" target=\"_blank\" rel=\"noopener\">Programa ARG\u00d3 (UAB)<\/a><\/p>\n<p style=\"text-align: center;\"><a href=\"http:\/\/www.ub.edu\/cere\/forces\/\" target=\"_blank\" rel=\"noopener\">Projecte FORCES (UB) <\/a><\/p>\n<pre id=\"tw-target-text\" class=\"tw-data-text tw-text-large tw-ta\" dir=\"ltr\" data-placeholder=\"Traducci\u00f3\"><\/pre>\n<ul style=\"list-style-type: circle;\">\n<li>\n<h4><span style=\"text-decoration: underline;\"><em><strong>INSTRUCCIONS SOBRE L&#8217;ELABORACI\u00d3 I AVALUACI\u00d3<\/strong><\/em><\/span><\/h4>\n<\/li>\n<\/ul>\n<p>En aquest document podeu consultar tota la informaci\u00f3 sobre les normes d&#8217;elaboraci\u00f3 i presentaci\u00f3 del document escrit, aix\u00ed com aquelles relacionades amb l&#8217;exposici\u00f3 oral. Tamb\u00e9 pots consultar els criteris d&#8217;avaluaci\u00f3 i qualificaci\u00f3 del treball de recerca que apliquem al centre.<\/p>\n<p style=\"text-align: center;\"><a href=\"https:\/\/agora.xtec.cat\/iespaucasals-badalona\/wp-content\/uploads\/usu781\/2025\/03\/Normes-i-instruccions-del-TR-3.pdf\" target=\"_blank\" rel=\"noopener\">Normes i instruccions del TR + Acta d&#8217;avaluaci\u00f3<\/a><\/p>\n<ul style=\"list-style-type: circle;\">\n<li>\n<h4><span style=\"text-decoration: underline;\"><em><strong>PREMIS DEL TREBALL DE RECERCA<\/strong><\/em><\/span><\/h4>\n<p>En aquest enlla\u00e7 podeu consultar els diferents tipus de premis que diferents institucions concedeixen als treballs de recerca.<\/li>\n<\/ul>\n<p><a href=\"http:\/\/xtec.gencat.cat\/ca\/curriculum\/batxillerat\/treballrecerca\/premis\/\" target=\"_blank\" rel=\"noopener noreferrer\">Premis als treballs de recerca<\/a><\/p>\n","protected":false},"excerpt":{"rendered":"<p>QU\u00c8 \u00c9S EL TREBALL DE RECERCA?<br \/>\nEl treball de recerca consisteix en un activitat d&#8217;investigaci\u00f3 que ha de realitzar tot l&#8217;alumnat de batxillerat. El treball s&#8217;iniciar\u00e0 durant el primer curs de batxillerat, i es presentar\u00e0 durant el segon curs.<br \/>\nEl treball t\u00e9 les seg\u00fcents caracter\u00edstiques:<\/p>\n<ul style=\"list-style-type: square;\">\n<li>\u00c9s&hellip;  <a href=\"https:\/\/agora.xtec.cat\/iespaucasals-badalona\/treball-de-recerca\/\" title=\"Read TREBALL DE RECERCA\">Llegeix m\u00e9s\u00bb<\/a><br \/>\n","protected":false},"author":39,"featured_media":0,"parent":0,"menu_order":0,"comment_status":"closed","ping_status":"closed","template":"","meta":{"_bbp_topic_count":0,"_bbp_reply_count":0,"_bbp_total_topic_count":0,"_bbp_total_reply_count":0,"_bbp_voice_count":0,"_bbp_anonymous_reply_count":0,"_bbp_topic_count_hidden":0,"_bbp_reply_count_hidden":0,"_bbp_forum_subforum_count":0,"footnotes":""},"class_list":["post-1190","page","type-page","status-publish","hentry"],"post_mailing_queue_ids":[],"_links":{"self":[{"href":"https:\/\/agora.xtec.cat\/iespaucasals-badalona\/wp-json\/wp\/v2\/pages\/1190","targetHints":{"allow":["GET"]}}],"collection":[{"href":"https:\/\/agora.xtec.cat\/iespaucasals-badalona\/wp-json\/wp\/v2\/pages"}],"about":[{"href":"https:\/\/agora.xtec.cat\/iespaucasals-badalona\/wp-json\/wp\/v2\/types\/page"}],"author":[{"embeddable":true,"href":"https:\/\/agora.xtec.cat\/iespaucasals-badalona\/wp-json\/wp\/v2\/users\/39"}],"replies":[{"embeddable":true,"href":"https:\/\/agora.xtec.cat\/iespaucasals-badalona\/wp-json\/wp\/v2\/comments?post=1190"}],"version-history":[{"count":8,"href":"https:\/\/agora.xtec.cat\/iespaucasals-badalona\/wp-json\/wp\/v2\/pages\/1190\/revisions"}],"predecessor-version":[{"id":4392,"href":"https:\/\/agora.xtec.cat\/iespaucasals-badalona\/wp-json\/wp\/v2\/pages\/1190\/revisions\/4392"}],"wp:attachment":[{"href":"https:\/\/agora.xtec.cat\/iespaucasals-badalona\/wp-json\/wp\/v2\/media?parent=1190"}],"curies":[{"name":"wp","href":"https:\/\/api.w.org\/{rel}","templated":true}]}}