{"id":1179,"date":"2017-03-14T12:44:48","date_gmt":"2017-03-14T11:44:48","guid":{"rendered":"http:\/\/agora.xtec.cat\/iespaucasals-badalona\/?page_id=1179"},"modified":"2025-03-22T13:09:47","modified_gmt":"2025-03-22T12:09:47","slug":"com-fer-la-tria-de-materies","status":"publish","type":"page","link":"https:\/\/agora.xtec.cat\/iespaucasals-badalona\/com-fer-la-tria-de-materies\/","title":{"rendered":"C\u00d3M FER LA TRIA DE MAT\u00c8RIES?"},"content":{"rendered":"<h4><img loading=\"lazy\" decoding=\"async\" class=\"CToWUd a6T aligncenter\" tabindex=\"0\" src=\"https:\/\/ci6.googleusercontent.com\/proxy\/2QBrghcNGsIRpFi7yo28nRBTCnabXqF8eBbSsxKa28Ktp3XC9BHjlywo0Cmt9oF1nFF0kePb83-PsybcS7H_vCZW5fEe9Z6cmYlEujdutyEm_i5zCf2bS313c4xLQPHjdFP0OqHeI_YJ-rSeOJeCBGojswSeb1TNSV_S-OWm=s0-d-e1-ft#https:\/\/encrypted-tbn0.gstatic.com\/images?q=tbn:ANd9GcTur3Kc_KfBX3nmbfacv0KHoNBYSI4ig928zSfMoXg-S_A-xY5C\" alt=\"Resultat d'imatges de libros\" width=\"477\" height=\"234\" name=\"m_1927482643877733859_YiKU-FerEAmweM:\" \/><\/h4>\n<p>&nbsp;<\/p>\n<h4><span style=\"text-decoration: underline;\"><em><strong>1. LES MAT\u00c8RIES DE BATXILLERAT<\/strong><\/em><\/span><\/h4>\n<p>El batxillerat est\u00e0 composat per mat\u00e8ries comunes (aquelles que s&#8217;han de cursar independentment de la modalitat escollida), mat\u00e8ries de modalitat i optatives, que l&#8217;alumne haur\u00e0 d&#8217;escollir en funci\u00f3 dels seus interessos i motivacions respecte al seu itinerari formatiu i professional.<\/p>\n<p>Les seg\u00fcents graelles mostrin les mat\u00e8ries que els estudiants de batxillerat poden cursar al nostre centre amb la seva corresponent distribuci\u00f3 hor\u00e0ria.<\/p>\n<h5 style=\"text-align: left;\"><\/h5>\n<table style=\"width: 60.8817%;\" width=\"580\">\n<tbody>\n<tr>\n<td style=\"width: 18.6528%;\" width=\"111\"><\/td>\n<td style=\"width: 49.2228%;\" width=\"292\"><\/td>\n<td style=\"text-align: center; width: 14.5078%;\" width=\"85\"><strong>1r BATX<\/strong><\/td>\n<td style=\"text-align: center; width: 15.544%;\" width=\"92\"><strong>2n BATX<\/strong><\/td>\n<\/tr>\n<tr>\n<td style=\"width: 18.6528%;\" rowspan=\"9\" width=\"111\">\u00a0<strong>COMUNES<\/strong><\/td>\n<td style=\"width: 49.2228%;\" width=\"292\"><strong>Llengua catalana i literatura<\/strong><\/td>\n<td style=\"text-align: center; width: 14.5078%;\" width=\"85\"><strong>2h<\/strong><\/td>\n<td style=\"text-align: center; width: 15.544%;\" width=\"92\"><strong>2h<\/strong><\/td>\n<\/tr>\n<tr>\n<td style=\"width: 49.2228%;\" width=\"292\"><strong>Llengua castellana i literatura<\/strong><\/td>\n<td style=\"text-align: center; width: 14.5078%;\" width=\"85\"><strong>2h<\/strong><\/td>\n<td style=\"text-align: center; width: 15.544%;\" width=\"92\"><strong>2h<\/strong><\/td>\n<\/tr>\n<tr>\n<td style=\"width: 49.2228%;\" width=\"292\"><strong>Llengua estrangera: Angl\u00e8s<\/strong><\/td>\n<td style=\"text-align: center; width: 14.5078%;\" width=\"85\"><strong>3h<\/strong><\/td>\n<td style=\"text-align: center; width: 15.544%;\" width=\"92\"><strong>3h<\/strong><\/td>\n<\/tr>\n<tr>\n<td style=\"width: 49.2228%;\" width=\"292\"><strong>Educaci\u00f3 F\u00edsica\u00a0<\/strong><\/td>\n<td style=\"text-align: center; width: 14.5078%;\" width=\"85\"><strong>2h<\/strong><\/td>\n<td style=\"text-align: center; width: 15.544%;\" width=\"92\"><strong>&#8212;<\/strong><\/td>\n<\/tr>\n<tr>\n<td style=\"width: 49.2228%;\" width=\"292\"><strong>Filosofia <\/strong><\/td>\n<td style=\"text-align: center; width: 14.5078%;\" width=\"85\"><strong>2h<\/strong><\/td>\n<td style=\"text-align: center; width: 15.544%;\" width=\"92\"><strong>&#8212;<\/strong><\/td>\n<\/tr>\n<tr>\n<td style=\"width: 49.2228%;\" width=\"292\"><strong>Hist\u00f2ria de la filosofia<\/strong><\/td>\n<td style=\"text-align: center; width: 14.5078%;\" width=\"85\"><strong>&#8212;<\/strong><\/td>\n<td style=\"text-align: center; width: 15.544%;\" width=\"92\"><strong>3h<\/strong><\/td>\n<\/tr>\n<tr>\n<td style=\"width: 49.2228%;\" width=\"292\"><strong>Hist\u00f2ria<\/strong><\/td>\n<td style=\"text-align: center; width: 14.5078%;\" width=\"85\"><strong>&#8212;<\/strong><\/td>\n<td style=\"text-align: center; width: 15.544%;\" width=\"92\"><strong>3h<\/strong><\/td>\n<\/tr>\n<tr>\n<td style=\"width: 49.2228%;\" width=\"292\"><strong>Tutoria<\/strong><\/td>\n<td style=\"text-align: center; width: 14.5078%;\" width=\"85\"><strong>1h<\/strong><\/td>\n<td style=\"text-align: center; width: 15.544%;\" width=\"92\"><strong>1h<\/strong><\/td>\n<\/tr>\n<tr>\n<td style=\"width: 49.2228%;\" width=\"292\"><strong>Treball de Recerca*<\/strong><\/td>\n<td style=\"text-align: center; width: 14.5078%;\" width=\"85\"><strong>\u00a0&#8212;<\/strong><\/td>\n<td style=\"text-align: center; width: 15.544%;\" width=\"92\"><strong>\u00a0&#8212;<\/strong><\/td>\n<\/tr>\n<\/tbody>\n<\/table>\n<p>*El treball de recerca no t\u00e9 assignaci\u00f3 hor\u00e0ria.<\/p>\n<table style=\"width: 62.4645%; height: 165px;\" width=\"584\">\n<tbody>\n<tr style=\"height: 33px;\">\n<td style=\"height: 165px; text-align: center;\" rowspan=\"4\" width=\"111\"><strong>MAT\u00c8RIES DE MODALITAT I OPTATIVES<\/strong><\/td>\n<td style=\"height: 33px; text-align: left;\" width=\"293\"><strong>Mat\u00e8ria obligada de modalitat\u00a0 (1)<br \/>\n<\/strong><\/td>\n<td style=\"text-align: center; height: 33px;\" width=\"85\"><strong>3h<\/strong><\/td>\n<td style=\"text-align: center; height: 33px;\" width=\"94\"><strong>4h<\/strong><\/td>\n<\/tr>\n<tr style=\"height: 33px;\">\n<td style=\"height: 33px;\" width=\"293\"><strong>Mat\u00e8ries de\u00a0 Modalitat <\/strong><\/td>\n<td style=\"text-align: center; height: 33px;\" width=\"85\"><strong>3h<\/strong><\/td>\n<td style=\"text-align: center; height: 33px;\" width=\"94\"><strong>4h<\/strong><\/td>\n<\/tr>\n<tr style=\"height: 33px;\">\n<td style=\"height: 33px; text-align: left;\" width=\"293\"><strong>Mat\u00e8ries Optatives (2)\u00a0<\/strong><\/td>\n<td style=\"text-align: center; height: 33px;\" width=\"85\"><strong>3h<\/strong><\/td>\n<td style=\"text-align: center; height: 33px;\" width=\"94\"><strong>4h\u00a0<\/strong><\/td>\n<\/tr>\n<tr style=\"height: 33px;\">\n<td style=\"text-align: center; height: 33px;\" width=\"293\"><strong>TOTAL<\/strong><\/td>\n<td style=\"text-align: center; height: 33px;\" width=\"85\"><strong>30h<\/strong><\/td>\n<td style=\"text-align: center; height: 33px;\" width=\"94\"><strong>30h<\/strong><\/td>\n<\/tr>\n<\/tbody>\n<\/table>\n<p>(1) La mat\u00e8ria obligada de modalitat \u00e9s aquella que obligat\u00f2riament s&#8217;ha de cursar amb la modalitat de batxillerat escollida, tant a primer com a segon curs.<\/p>\n<p>(2) Les mat\u00e8ries optatives del centre s&#8217;ofereixen de forma anual o trimestral, tot i que les trimestrals tamb\u00e9 es poden cursar de forma anual si l&#8217;alumne ho tria aix\u00ed.<\/p>\n<table style=\"height: 161px;\" width=\"691\">\n<tbody>\n<tr>\n<td style=\"width: 341.5px; text-align: center;\"><strong>Modalitat de batxillerat<\/strong><\/td>\n<td style=\"width: 341.5px; text-align: center;\"><strong>Mat\u00e8ria obligada de modalitat\u00a0<\/strong><\/td>\n<\/tr>\n<tr>\n<td style=\"width: 341.5px; text-align: center;\">Ci\u00e8ncies i Tecnologia<\/td>\n<td style=\"width: 341.5px; text-align: center;\">Matem\u00e0tiques I i II<\/td>\n<\/tr>\n<tr>\n<td style=\"width: 341.5px; text-align: center;\">Humanitats<\/td>\n<td style=\"width: 341.5px; text-align: center;\">Llengua i Cultura Llatines I i II<\/td>\n<\/tr>\n<tr>\n<td style=\"width: 341.5px; text-align: center;\">Ci\u00e8ncies Socials<\/td>\n<td style=\"width: 341.5px; text-align: center;\">Matem\u00e0tiques Aplicades a les Ci\u00e8ncies Socials I i II<\/td>\n<\/tr>\n<\/tbody>\n<\/table>\n<h6><\/h6>\n<p>Les mat\u00e8ries de modalitat que oferim al centre s\u00f3n<\/p>\n<table style=\"height: 300px; width: 440px;\">\n<tbody>\n<tr>\n<td style=\"width: 266.65px; text-align: center;\"><strong>Ci\u00e8ncies i Tecnologia <\/strong><\/td>\n<td style=\"width: 81.6833px; text-align: center;\"><strong>1r BATX<\/strong><\/td>\n<td style=\"width: 81.6667px; text-align: center;\"><strong>2n BATX<\/strong><\/td>\n<\/tr>\n<tr>\n<td style=\"width: 266.65px;\"><strong>Biologia I i II<\/strong><\/td>\n<td style=\"width: 81.6833px; text-align: center;\"><strong>3h<\/strong><\/td>\n<td style=\"width: 81.6667px; text-align: center;\"><strong>4h<\/strong><\/td>\n<\/tr>\n<tr>\n<td style=\"width: 266.65px;\"><strong>Geologia i Ci\u00e8ncies Ambientals I i II<\/strong><\/td>\n<td style=\"width: 81.6833px; text-align: center;\"><strong>3h<\/strong><\/td>\n<td style=\"width: 81.6667px; text-align: center;\"><strong>4h<\/strong><\/td>\n<\/tr>\n<tr>\n<td style=\"width: 266.65px;\"><strong>Dibuix T\u00e8cnic I i II<\/strong><\/td>\n<td style=\"width: 81.6833px; text-align: center;\"><strong>3h<\/strong><\/td>\n<td style=\"width: 81.6667px; text-align: center;\"><strong>4h<\/strong><\/td>\n<\/tr>\n<tr>\n<td style=\"width: 266.65px;\"><strong>F\u00edsica I i II <\/strong><\/td>\n<td style=\"width: 81.6833px; text-align: center;\"><strong>3h<\/strong><\/td>\n<td style=\"width: 81.6667px; text-align: center;\"><strong>4h<\/strong><\/td>\n<\/tr>\n<tr>\n<td style=\"width: 266.65px;\"><strong>Qu\u00edmica I i II <\/strong><\/td>\n<td style=\"width: 81.6833px; text-align: center;\"><strong>3h<\/strong><\/td>\n<td style=\"width: 81.6667px; text-align: center;\"><strong>4h<\/strong><\/td>\n<\/tr>\n<tr>\n<td style=\"width: 266.65px;\"><strong>Tecnologia i Enginyeria I i II\u00a0<\/strong><\/td>\n<td style=\"width: 81.6833px; text-align: center;\"><strong>3h<\/strong><\/td>\n<td style=\"width: 81.6667px; text-align: center;\"><strong>4h<\/strong><\/td>\n<\/tr>\n<tr>\n<td style=\"width: 266.65px;\"><\/td>\n<td style=\"width: 81.6833px; text-align: center;\"><\/td>\n<td style=\"width: 81.6667px; text-align: center;\"><\/td>\n<\/tr>\n<\/tbody>\n<\/table>\n<table style=\"height: 300px; width: 440px;\">\n<tbody>\n<tr>\n<td style=\"width: 266.65px; text-align: center;\"><strong>Humanitats i Ci\u00e8ncies Socials<\/strong><\/td>\n<td style=\"width: 81.6833px; text-align: center;\"><strong>1r BATX<\/strong><\/td>\n<td style=\"width: 81.6667px; text-align: center;\"><strong>2n BATX<\/strong><\/td>\n<\/tr>\n<tr>\n<td style=\"width: 266.65px;\"><strong>Llengua i Cultura Gregues I i II<\/strong><\/td>\n<td style=\"width: 81.6833px; text-align: center;\"><strong>3h<\/strong><\/td>\n<td style=\"width: 81.6667px; text-align: center;\"><strong>4h<\/strong><\/td>\n<\/tr>\n<tr>\n<td style=\"width: 266.65px;\"><strong>Economia <\/strong><\/td>\n<td style=\"width: 81.6833px; text-align: center;\"><strong>3h<\/strong><\/td>\n<td style=\"width: 81.6667px; text-align: center;\"><strong>&#8212;<\/strong><\/td>\n<\/tr>\n<tr>\n<td style=\"width: 266.65px;\"><strong>Empresa i Disseny de Models de Negoci\u00a0<\/strong><\/td>\n<td style=\"width: 81.6833px; text-align: center;\"><strong>&#8212;<\/strong><\/td>\n<td style=\"width: 81.6667px; text-align: center;\"><strong>4h<\/strong><\/td>\n<\/tr>\n<tr>\n<td style=\"width: 266.65px;\"><strong>Geografia <\/strong><\/td>\n<td style=\"width: 81.6833px; text-align: center;\"><strong>&#8212;<\/strong><\/td>\n<td style=\"width: 81.6667px; text-align: center;\"><strong>4h<\/strong><\/td>\n<\/tr>\n<tr>\n<td style=\"width: 266.65px;\"><strong>Hist\u00f2ria del M\u00f3n Contemporani\u00a0<\/strong><\/td>\n<td style=\"width: 81.6833px; text-align: center;\"><strong>3h <\/strong><\/td>\n<td style=\"width: 81.6667px; text-align: center;\"><strong>&#8212;<\/strong><\/td>\n<\/tr>\n<tr>\n<td style=\"width: 266.65px;\"><strong>Hist\u00f2ria de l&#8217;Art\u00a0<\/strong><\/td>\n<td style=\"width: 81.6833px; text-align: center;\"><strong>&#8212;<\/strong><\/td>\n<td style=\"width: 81.6667px; text-align: center;\"><strong>4h <\/strong><\/td>\n<\/tr>\n<tr>\n<td style=\"width: 266.65px;\"><strong>Literatura Universal\u00a0<\/strong><\/td>\n<td style=\"width: 81.6833px; text-align: center;\"><strong>3h <\/strong><\/td>\n<td style=\"width: 81.6667px; text-align: center;\"><strong>&#8212;<\/strong><\/td>\n<\/tr>\n<tr>\n<td style=\"width: 266.65px;\"><strong>Literatura Catalana <\/strong><\/td>\n<td style=\"width: 81.6833px; text-align: center;\"><strong>&#8212;<\/strong><\/td>\n<td style=\"width: 81.6667px; text-align: center;\"><strong>4h<\/strong><\/td>\n<\/tr>\n<tr>\n<td style=\"width: 266.65px;\"><strong>Literatura Castellana\u00a0<\/strong><\/td>\n<td style=\"width: 81.6833px; text-align: center;\"><strong>&#8212;<\/strong><\/td>\n<td style=\"width: 81.6667px; text-align: center;\"><strong>4h <\/strong><\/td>\n<\/tr>\n<\/tbody>\n<\/table>\n<h6><\/h6>\n<p>Les mat\u00e8ries optatives (anuals i trimestrals) que oferim al centre per a les dues modalitats de batxillerat s\u00f3n:<\/p>\n<table>\n<tbody>\n<tr>\n<td><strong>Mat\u00e8ries optatives<\/strong><\/td>\n<td><strong>1r BATX<\/strong><\/td>\n<td><strong>2n BATX<\/strong><\/td>\n<\/tr>\n<tr>\n<td><strong>Funcionament de l&#8217;Empresa<\/strong><\/td>\n<td style=\"text-align: center;\"><strong>3h <\/strong><\/td>\n<td style=\"text-align: center;\"><strong>&#8212;<\/strong><\/td>\n<\/tr>\n<tr>\n<td><strong>Franc\u00e8s<\/strong><\/td>\n<td style=\"text-align: center;\"><strong>3h<\/strong><\/td>\n<td style=\"text-align: center;\"><strong>&#8212;<\/strong><\/td>\n<\/tr>\n<tr>\n<td><strong>Psicologia\u00a0<\/strong><\/td>\n<td style=\"text-align: center;\"><strong>3h<\/strong><\/td>\n<td style=\"text-align: center;\"><strong>&#8212;<\/strong><\/td>\n<\/tr>\n<tr>\n<td><strong>Reptes Cient\u00edfics Actuals ( Biologia i Geologia) <\/strong><\/td>\n<td style=\"text-align: center;\"><strong>3h<\/strong><\/td>\n<td style=\"text-align: center;\"><strong>&#8212;<\/strong><\/td>\n<\/tr>\n<tr>\n<td><strong>Reptes Cient\u00edfics Actuals (F\u00edsica i Qu\u00edmica) <\/strong><\/td>\n<td style=\"text-align: center;\"><strong>3h<\/strong><\/td>\n<td style=\"text-align: center;\"><strong>&#8212;<\/strong><\/td>\n<\/tr>\n<tr>\n<td><strong>Religi\u00f3 <\/strong><\/td>\n<td style=\"text-align: center;\"><strong>3h<\/strong><\/td>\n<td style=\"text-align: center;\"><strong>&#8212;<\/strong><\/td>\n<\/tr>\n<tr>\n<td><strong>Rob\u00f2tica<\/strong><\/td>\n<td style=\"text-align: center;\"><strong>3h\u00a0<\/strong><\/td>\n<td style=\"text-align: center;\"><strong>&#8212;<\/strong><\/td>\n<\/tr>\n<tr>\n<td><strong>Problem\u00e0tica Social <\/strong><\/td>\n<td style=\"text-align: center;\"><strong>3h<\/strong><\/td>\n<td style=\"text-align: center;\"><strong>&#8212;<\/strong><\/td>\n<\/tr>\n<tr>\n<td><strong>Creaci\u00f3 Liter\u00e0ria<\/strong><\/td>\n<td style=\"text-align: center;\"><strong>3h<\/strong><\/td>\n<td style=\"text-align: center;\"><strong>&#8212;<\/strong><\/td>\n<\/tr>\n<tr>\n<td><strong>Comunicaci\u00f3 Audiovisual <\/strong><\/td>\n<td style=\"text-align: center;\"><strong>3h<\/strong><\/td>\n<td style=\"text-align: center;\"><strong>&#8212;\u00a0<\/strong><\/td>\n<\/tr>\n<tr>\n<td><strong>Creaci\u00f3 Fotogr\u00e0fica i Cinema<\/strong><\/td>\n<td style=\"text-align: center;\"><strong>3h<\/strong><\/td>\n<td style=\"text-align: center;\"><strong>&#8212;<\/strong><\/td>\n<\/tr>\n<tr>\n<td><strong>ODS (Objectius de Desenvolupament Sostenible)<\/strong><\/td>\n<td style=\"text-align: center;\"><strong>&#8212;<\/strong><\/td>\n<td style=\"text-align: center;\"><strong>4h<\/strong><\/td>\n<\/tr>\n<tr>\n<td><strong><a href=\"http:\/\/agora.xtec.cat\/iespaucasals-badalona\/estada-a-lempresa\/\" target=\"_blank\" rel=\"noopener noreferrer\">Estada a l&#8217;Empresa <\/a><\/strong><\/td>\n<td style=\"text-align: center;\"><strong>&#8212;<\/strong><\/td>\n<td style=\"text-align: center;\"><strong>4h<\/strong><\/td>\n<\/tr>\n<\/tbody>\n<\/table>\n<h4><span style=\"text-decoration: underline;\"><em><strong>2. PASSOS A SEGUIR PER FER LA TRIA DE MAT\u00c8RIES DE MODALITAT<br \/>\n<\/strong><\/em><\/span><\/h4>\n<h5><strong><em>1. Despr\u00e9s del batxillerat vull estudiar un grau universitari&#8230;<\/em><\/strong><\/h5>\n<ul>\n<li>Mira els graus universitaris que hi ha i assenyala aquells que m\u00e9s t&#8217;interessin. A continuaci\u00f3 identifica a quina branca de coneixement pertanyen. Aix\u00f2 et servir\u00e0 de refer\u00e8ncia per a saber quina modalitat de batxillerat \u00e9s la que m\u00e9s et conv\u00e9.<\/li>\n<\/ul>\n<p style=\"text-align: center;\"><a href=\"https:\/\/preparats.cat\/que-estudiar\" target=\"_blank\" rel=\"noopener noreferrer\">Qu\u00e8 puc estudiar?<\/a><\/p>\n<p style=\"text-align: center;\"><a href=\"https:\/\/universitats.gencat.cat\/ca\/estudis-universitaris\/\" target=\"_blank\" rel=\"noopener\">Informaci\u00f3 sobre graus universitaris <\/a><\/p>\n<p style=\"text-align: center;\"><a href=\"http:\/\/universitats.gencat.cat\/ca\/cercador\/\" target=\"_blank\" rel=\"noopener noreferrer\">Oferta de graus universitaris per branca de coneixement<\/a><\/p>\n<p style=\"text-align: center;\"><a href=\"http:\/\/agora.xtec.cat\/iespaucasals-badalona\/wp-content\/uploads\/usu781\/2017\/03\/mat\u00e8ries-de-modalitat-per-branca-de-coneixement.pdf\" target=\"_blank\" rel=\"noopener noreferrer\">Relaci\u00f3 de les mat\u00e8ries de modalitat amb les branques de coneixement dels graus universitaris<\/a><\/p>\n<ul>\n<li style=\"text-align: left;\">Analitza el document de ponderacions per veure quines s\u00f3n les mat\u00e8ries m\u00e9s recomanables.<\/li>\n<\/ul>\n<p>Si vols estudiar un grau universitari \u00e9s recomanable que cursis aquelles mat\u00e8ries que estiguin m\u00e9s relacionades o siguin m\u00e9s \u00fatils per al grau universitari que vols estudiar. Per accedir a la universitat, el teu objectiu \u00e9s maximitzar la teva nota d&#8217;admissi\u00f3. Per aquest motiu, mira quines s\u00f3n les mat\u00e8ries de modalitat que es cursin a 2n de batxillerat que m\u00e9s ponderen en el c\u00e0lcul de la nota d&#8217;admissi\u00f3 per al grau que vols cursar. A 1r de batxillerat hauries d&#8217;escollir aquelles mat\u00e8ries m\u00e9s relacionades amb les que necessites cursar a 2n de batxillerat.<\/p>\n<p>Les mat\u00e8ries poden ponderar:<\/p>\n<ul>\n<li>0: en cas que no existeix relaci\u00f3 entre la mat\u00e8ria i la branca de coneixement.<\/li>\n<li>0,1: en cas que la mat\u00e8ria estigui relacionada amb la branca de coneixement.<\/li>\n<li>0,2: en el cas de que la mat\u00e8ria estigui relacionada amb el t\u00edtol de grau universitari.<\/li>\n<\/ul>\n<p style=\"text-align: center;\"><a href=\"https:\/\/universitats.gencat.cat\/ca\/preinscripcions\/sobre-preinscripcio\/ponderacions\/\" target=\"_blank\" rel=\"noopener noreferrer\">Ponderacions de les mat\u00e8ries de batxillerat amb els graus universitaris<\/a><\/p>\n<p>Per a maximitzar la nota d&#8217;admissi\u00f3 a la universitat \u00e9s recomanable que curses i t&#8217;examines a les proves d&#8217;acc\u00e9s a la universitat (PAU) d&#8217;aquelles mat\u00e8ries que ponderen 0,2 (estan assenyalades en groc en el document), o en el seu defecte d&#8217;aquelles que almenys ponderen un 0,1.<\/p>\n<h5><strong><em>2. Despr\u00e9s del batxillerat vull estudiar un cicle formatiu&#8230;<\/em><\/strong><\/h5>\n<p>Si vols estudiar algun cicle superior de formaci\u00f3 professional, mira a quina fam\u00edlia\u00a0 professional pertany, quines s\u00f3n les sortides professionals que t\u00e9, qu\u00e8 pots estudiar despr\u00e9s i quines mat\u00e8ries s&#8217;imparteixen.<\/p>\n<p style=\"text-align: center;\"><a href=\"https:\/\/preparats.cat\/cicles-formatius-grau-superior\" target=\"_blank\" rel=\"noopener noreferrer\">Qu\u00e8 puc estudiar? <\/a><\/p>\n<p style=\"text-align: center;\"><a href=\"https:\/\/triaeducativa.gencat.cat\/ca\/fp\/gs\/\" target=\"_blank\" rel=\"noopener noreferrer\">Oferta de cicles formatius per fam\u00edlies professionals<\/a><\/p>\n<p>Despr\u00e9s de fer aquesta an\u00e0lisi, mira quines mat\u00e8ries de modalitat i optatives de batxillerat estan m\u00e9s relacionades amb all\u00f2 que estudiar\u00e0s al cicle per a fer la tria. En aquest sentit, et pots guiar per les mat\u00e8ries m\u00e9s valorades en les proves d&#8217;acc\u00e9s a cicle superior per a cada fam\u00edlia professional.<\/p>\n<p style=\"text-align: center;\"><a href=\"https:\/\/educacio.gencat.cat\/web\/.content\/home\/serveis-tramits\/proves\/proves-acces\/_compartits\/opcions-materies-GS-FP.pdf\" target=\"_blank\" rel=\"noopener noreferrer\">Relaci\u00f3 de les mat\u00e8ries de modalitat amb les fam\u00edlies professionals dels cicles formatius<\/a><\/p>\n<h5><strong><em>3. <\/em><\/strong><strong><em>Emplenar el full de tria de mat\u00e8ries de batxillerat que vulguis cursar.<br \/>\n<\/em><\/strong><\/h5>\n<p>Una vegada tinguis clar quina modalitat de batxillerat i quines mat\u00e8ries vols cursar, has d&#8217;emplenar el full de tria de mat\u00e8ries.<\/p>\n<p style=\"text-align: center;\"><a href=\"https:\/\/agora.xtec.cat\/iespaucasals-badalona\/wp-content\/uploads\/usu781\/2025\/03\/Full-tria-materies-1r-batxillerat-2025-2026-2.pdf\" target=\"_blank\" rel=\"noopener\">Full de tria de mat\u00e8ries 1r batxillerat 2025-2026<\/a><\/p>\n<p style=\"text-align: center;\"><a href=\"https:\/\/agora.xtec.cat\/iespaucasals-badalona\/wp-content\/uploads\/usu781\/2025\/03\/Full-tria-materies-2n-batxillerat-2025-2026.pdf\">Full de tria mat\u00e8ries de 2n batxillerat 2025-2026<\/a><\/p>\n<p>Els alumnes tenen un per\u00edode d&#8217;1 mes despr\u00e9s de l&#8217;inici de les classes per a fer qualsevol canvi de mat\u00e8ries i de modalitat a la seva matr\u00edcula.<\/p>\n<p>Per aconseguir el t\u00edtol de batxillerat \u00e9s necessari que l&#8217;alumne hagi cursat com a m\u00ednim 6 mat\u00e8ries de la mateixa modalitat entre els dos cursos; la mat\u00e8ria obligada de modalitat i almenys 2 mat\u00e8ries m\u00e9s de modalitat en cada curs.<\/p>\n<p>Si el nostre centre no ofereix alguna mat\u00e8ria de modalitat que vulguis cursar, tens l&#8217;opci\u00f3 de cursar-la a l&#8217;IOC (Institut Obert de Catalunya)<\/p>\n<p style=\"text-align: center;\"><a href=\"https:\/\/ioc.xtec.cat\/educacio\/\" target=\"_blank\" rel=\"noopener noreferrer\">Institut Obert de Catalunya (IOC) <\/a><\/p>\n<h5><strong><em>4. Lliurar a consergeria el full de tria de mat\u00e8ries de modalitat.<br \/>\n<\/em><\/strong><\/h5>\n<p>En el moment de la matr\u00edcula, haur\u00e0s d&#8217;entregar el full de tria de mat\u00e8ries en consergeria.<\/p>\n<p>\u00c9s important que estiguis atent als per\u00edodes establerts per a la pre-matr\u00edcula i matr\u00edcula de batxillerat<\/p>\n<p>&nbsp;<\/p>\n<p>&nbsp;<\/p>\n<p>&nbsp;<\/p>\n<h3><\/h3>\n<p>&nbsp;<\/p>\n<p>&nbsp;<\/p>\n<p>&nbsp;<\/p>\n<p>&nbsp;<\/p>\n<p>&nbsp;<\/p>\n<p>&nbsp;<\/p>\n<p>&nbsp;<\/p>\n<p>&nbsp;<\/p>\n<p>&nbsp;<\/p>\n","protected":false},"excerpt":{"rendered":"<p>&nbsp;<br \/>\n1. LES MAT\u00c8RIES DE BATXILLERAT<br \/>\nEl batxillerat est\u00e0 composat per mat\u00e8ries comunes (aquelles que s&#8217;han de cursar independentment de la modalitat escollida), mat\u00e8ries de modalitat i optatives, que l&#8217;alumne haur\u00e0 d&#8217;escollir en funci\u00f3 dels seus interessos i motivacions respecte al seu itinerari formatiu i professional.<br \/>\nLes seg\u00fcents&hellip;  <a href=\"https:\/\/agora.xtec.cat\/iespaucasals-badalona\/com-fer-la-tria-de-materies\/\" title=\"Read C\u00d3M FER LA TRIA DE MAT\u00c8RIES?\">Llegeix m\u00e9s\u00bb<\/a><\/p>\n","protected":false},"author":39,"featured_media":0,"parent":0,"menu_order":0,"comment_status":"closed","ping_status":"closed","template":"","meta":{"_bbp_topic_count":0,"_bbp_reply_count":0,"_bbp_total_topic_count":0,"_bbp_total_reply_count":0,"_bbp_voice_count":0,"_bbp_anonymous_reply_count":0,"_bbp_topic_count_hidden":0,"_bbp_reply_count_hidden":0,"_bbp_forum_subforum_count":0,"footnotes":""},"class_list":["post-1179","page","type-page","status-publish","hentry"],"post_mailing_queue_ids":[],"_links":{"self":[{"href":"https:\/\/agora.xtec.cat\/iespaucasals-badalona\/wp-json\/wp\/v2\/pages\/1179","targetHints":{"allow":["GET"]}}],"collection":[{"href":"https:\/\/agora.xtec.cat\/iespaucasals-badalona\/wp-json\/wp\/v2\/pages"}],"about":[{"href":"https:\/\/agora.xtec.cat\/iespaucasals-badalona\/wp-json\/wp\/v2\/types\/page"}],"author":[{"embeddable":true,"href":"https:\/\/agora.xtec.cat\/iespaucasals-badalona\/wp-json\/wp\/v2\/users\/39"}],"replies":[{"embeddable":true,"href":"https:\/\/agora.xtec.cat\/iespaucasals-badalona\/wp-json\/wp\/v2\/comments?post=1179"}],"version-history":[{"count":8,"href":"https:\/\/agora.xtec.cat\/iespaucasals-badalona\/wp-json\/wp\/v2\/pages\/1179\/revisions"}],"predecessor-version":[{"id":4396,"href":"https:\/\/agora.xtec.cat\/iespaucasals-badalona\/wp-json\/wp\/v2\/pages\/1179\/revisions\/4396"}],"wp:attachment":[{"href":"https:\/\/agora.xtec.cat\/iespaucasals-badalona\/wp-json\/wp\/v2\/media?parent=1179"}],"curies":[{"name":"wp","href":"https:\/\/api.w.org\/{rel}","templated":true}]}}