{"id":1169,"date":"2017-03-14T12:43:29","date_gmt":"2017-03-14T11:43:29","guid":{"rendered":"http:\/\/agora.xtec.cat\/iespaucasals-badalona\/?page_id=1169"},"modified":"2025-03-22T13:01:46","modified_gmt":"2025-03-22T12:01:46","slug":"que-es-el-batxillerat","status":"publish","type":"page","link":"https:\/\/agora.xtec.cat\/iespaucasals-badalona\/que-es-el-batxillerat\/","title":{"rendered":"INFORMACI\u00d3 GENERAL"},"content":{"rendered":"<h3><span style=\"text-decoration: underline;\"><strong><em>1. QU\u00c8 \u00c9S EL BATXILLERAT?<\/em> <\/strong><\/span><\/h3>\n<p>El batxillerat \u00e9s un dels tipus d&#8217;estudis post-obligatoris que pots cursar despr\u00e9s de l&#8217;ESO.<\/p>\n<p>Aquesta etapa est\u00e0 formada per dos cursos de trenta hores lectives setmanals. La seva finalitat \u00e9s preparar als alumnes per a estudis superiors; graus universitaris i cicles superiors de formaci\u00f3 professional.<\/p>\n<p style=\"text-align: center;\"><a href=\"https:\/\/triaeducativa.gencat.cat\/ca\/batxillerat\/\" target=\"_blank\" rel=\"noopener\">Informaci\u00f3 General sobre el batxillerat<\/a><\/p>\n<h3><span style=\"text-decoration: underline;\"><strong><em>2. ORGANITZACI\u00d3<br \/>\n<\/em><\/strong><\/span><\/h3>\n<p>El batxillerat s&#8217;organitza en les seg\u00fcents modalitats:<\/p>\n<ul>\n<li>Ci\u00e8ncies i Tecnologia.<\/li>\n<li>Humanitats i Ci\u00e8ncies Socials.<\/li>\n<li>Arts; es distingeix entre arts pl\u00e0stiques i arts esc\u00e8niques.<\/li>\n<li>General.<\/li>\n<\/ul>\n<p>L&#8217;alumne ha d&#8217;escollir una modalitat en funci\u00f3 dels seus interessos, motivacions, aptituds, capacitats i perspectives sobre els estudis superiors que vol cursar en el futur.<\/p>\n<p>Al nostre centre oferim les\u00a0 modalitats de &#8220;Ci\u00e8ncies i Tecnologia&#8221;\u00a0 i &#8220;Humanitats i Ci\u00e8ncies Socials&#8221; en horari di\u00fcrn.<\/p>\n<ul>\n<li>El batxillerat de Ci\u00e8ncies i Tecnologia s&#8217;adre\u00e7a a alumnes interessats en el camp de les ci\u00e8ncies experimentals (biologia, qu\u00edmica, geologia, f\u00edsica, matem\u00e0tiques, estad\u00edstica, &#8230;), el camp sanitari o esportiu (medicina, farm\u00e0cia, infermeria, psicologia, veterin\u00e0ria, \u00f2ptica, fisioter\u00e0pia, ci\u00e8ncies de l&#8217;activitat f\u00edsica i l&#8217;esport&#8230;) o en el camp de la tecnologia i el funcionament de m\u00e0quines (arquitectura, enginyeria, inform\u00e0tica, rob\u00f2tica, electr\u00f2nica, desenvolupament de videojocs, telecomunicacions&#8230;)<\/li>\n<\/ul>\n<p style=\"text-align: center;\"><a href=\"https:\/\/triaeducativa.gencat.cat\/ca\/estudis\/?ciencies-tecnologia&amp;p_id=7\" target=\"_blank\" rel=\"noopener noreferrer\">Batxillerat de Ci\u00e8ncies i Tecnologia; ampliaci\u00f3 d&#8217;informaci\u00f3<\/a><\/p>\n<ul>\n<li>El batxillerat d&#8217;Humanitats i Ci\u00e8ncies Socials s&#8217;adre\u00e7a a alumnes interessats en el camp de l&#8217;economia i de l&#8217;empresa (administraci\u00f3 d&#8217;empreses, m\u00e0rqueting, economia, finances, turisme&#8230;), el camp de les ci\u00e8ncies jur\u00eddiques (dret, criminologia, relacions laborals, ci\u00e8ncies pol\u00edtiques&#8230;), el camp de les ci\u00e8ncies socials (geografia, hist\u00f2ria, filosofia&#8230;), estudis ling\u00fc\u00edstics i literaris o altres com l&#8217;\u00e0mbit de la comunicaci\u00f3, el periodisme o els serveis socials.<\/li>\n<\/ul>\n<p style=\"text-align: center;\"><a href=\"https:\/\/triaeducativa.gencat.cat\/ca\/estudis\/?batxillerat-humanitats-ciencies-socials&amp;p_id=6\" target=\"_blank\" rel=\"noopener noreferrer\">Batxillerat Human\u00edstic i Social; ampliaci\u00f3 d&#8217;informaci\u00f3<\/a><\/p>\n<h3><span style=\"text-decoration: underline;\"><strong><em>3. MAT\u00c8RIES<br \/>\n<\/em><\/strong><\/span><\/h3>\n<p>Les mat\u00e8ries del batxillerat es divideixen en:<\/p>\n<ul>\n<li><strong>Mat\u00e8ries comunes<\/strong>: aquelles que han de cursar tots els alumnes amb independ\u00e8ncia de la modalitat escollida.<\/li>\n<li><strong>Mat\u00e8ries de modalitat<\/strong>: s\u00f3n aquelles que s&#8217;han d&#8217;escollir en funci\u00f3 de qu\u00e8 vol estudiar l&#8217;alumne en el futur. La seva finalitat \u00e9s formar als alumnes en aquells coneixements m\u00e9s espec\u00edfics dins de l&#8217;itinerari formatiu i professional escollit per cada alumne en funci\u00f3 dels seus interessos.<\/li>\n<li><strong>Mat\u00e8ries optatives<\/strong>: aquelles que oferta cada centre per a completar la formaci\u00f3 dels estudiants dins de l&#8217;itinerari formatiu i professional escollit per cada alumne. Aquestes mat\u00e8ries es poden oferir de forma anual o trimestral.<\/li>\n<\/ul>\n<p style=\"text-align: center;\"><a href=\"https:\/\/educacio.gencat.cat\/web\/.content\/home\/departament\/publicacions\/infografies\/batxillerat.pdf\" target=\"_blank\" rel=\"noopener\">Mat\u00e8ries de batxillerat i distribuci\u00f3 per cursos<\/a><\/p>\n<ul>\n<li><strong>Treball de recerca:\u00a0<\/strong>\u00e9s un treball d&#8217;investigaci\u00f3 sobre un tema concret que escull l&#8217;alumne i que es troba orientat per un professor tutor. El treball de recerca s&#8217;ha de comen\u00e7ar al primer curs de batxillerat i s&#8217;ha de presentar obligat\u00f2riament al segon curs. La finalitat del treball de recerca \u00e9s que els alumnes reforcin la seva capacitat d&#8217;investigaci\u00f3 i recerca d&#8217;informaci\u00f3 de forma aut\u00f2noma i posin en pr\u00e0ctica les compet\u00e8ncies treballades durant la seva escolaritzaci\u00f3.<\/li>\n<\/ul>\n<p style=\"text-align: center;\"><a href=\"https:\/\/educacio.gencat.cat\/web\/.content\/home\/departament\/publicacions\/guies-estudis\/btx-treball-recerca.pdf\" target=\"_blank\" rel=\"noopener noreferrer\">Treball de Recerca; ampliaci\u00f3 d&#8217;informaci\u00f3. <\/a><\/p>\n<h3><span style=\"text-decoration: underline;\"><strong><em>4. ACC\u00c9S\u00a0 <\/em><\/strong><\/span><\/h3>\n<p>Per poder estudiar el batxillerat, hi ha que tenir algun dels seg\u00fcents t\u00edtols:<\/p>\n<ul>\n<li>Graduat en ESO.<\/li>\n<li>T\u00e8cnic d\u2019un cicle formatiu de grau mitj\u00e0.<\/li>\n<li>Estudis estrangers homologats amb el t\u00edtol d\u2019ESO o t\u00e8cnic de grau mitj\u00e0.<\/li>\n<\/ul>\n<h3><span style=\"text-decoration: underline;\"><strong><em>5. AVALUACI\u00d3\u00a0 <\/em><\/strong><\/span><\/h3>\n<p>Al final de cada trimestre, i al final de curs, l&#8217;alumne rep un butllet\u00ed amb les qualificacions obtingudes en cada mat\u00e8ria. Els resultats\u00a0 s&#8217;expressen en notes num\u00e8riques de l&#8217;1 al 10 i sense decimals. \u00danicament es consideren com a superades les mat\u00e8ries amb una qualificaci\u00f3 igual o superior a 5.<\/p>\n<p>En cas de mat\u00e8ries no superades es realitzaran activitats de recuperaci\u00f3.<\/p>\n<h3><span style=\"text-decoration: underline;\"><strong><em>6. T\u00cdTOL, PROMOCI\u00d3 I REPETICI\u00d3<br \/>\n<\/em><\/strong><\/span><\/h3>\n<p>Per obtenir etl t\u00edtol de batxillerat l&#8217;alumne ha d&#8217;aprovar totes les mat\u00e8ries; tant les de primer com les de segon de batxillerat. El t\u00edtol de batxillerat es concedeix en una de les modalitats. Aix\u00f2 implica que per obtenir el t\u00edtol, l&#8217;alumne ha d&#8217;haver cursat almenys 6 mat\u00e8ries d&#8217;una mateixa modalitat al finalitzar el batxillerat; la mat\u00e8ria obligada de modalitat i almenys dos mat\u00e8ries de modalitat m\u00e9s en cada curs.<\/p>\n<p>Es pot promocionar de 1r a 2n de batxillerat amb un m\u00e0xim de 2 mat\u00e8ries suspeses, que en tot cas l&#8217;alumne haur\u00e0 de recuperar durant el primer trimestre del segon curs.<\/p>\n<p>En cas que l&#8217;alumne tingui 3 o 4 mat\u00e8ries suspeses, aquest pot escollir entre repetir tot el curs o \u00fanicament matricular-se de les mat\u00e8ries pendents. Els alumnes que estiguin repetint 1r de batxillerat i \u00fanicament estiguin cursant les mat\u00e8ries pendents, poden ampliar la seva matr\u00edcula amb mat\u00e8ries de segon de batxillerat.<\/p>\n<p>En cas de m\u00e9s de 4 mat\u00e8ries suspeses, l&#8217;alumne ha de repetir tot el curs de 1r de batxillerat.<\/p>\n<p>En 2n de batxillerat, els alumnes que tenen alguna mat\u00e8ria suspesa han de repetir. En aquest cas, no cal que els alumnes tornin a repetir tot el curs, es poden matricular \u00fanicament de les mat\u00e8ries suspeses. Per obtenir el t\u00edtol de batxillerat i poder accedir a estudis superiors, \u00e9s necessari que l&#8217;alumne aprovi totes les mat\u00e8ries.<\/p>\n<p>Es pot estudiar el batxillerat de manera presencial durant un m\u00e0xim de quatre anys, que poden ser seguits o no.<\/p>\n<h3><span style=\"text-decoration: underline;\"><strong><em>7. CONTINU\u00cfTAT\u00a0 <\/em><\/strong><\/span><\/h3>\n<p>Un cop acabat el batxillerat, els alumnes reben el t\u00edtol de batxillerat. Aquest t\u00edtol els permet accedir als seg\u00fcents estudis:<\/p>\n<ul>\n<li>Graus universitaris; sempre que superin les proves d&#8217;acc\u00e9s a la universitat (PAU).<\/li>\n<li>Cicles de formaci\u00f3 professional de grau superior.<\/li>\n<li>Ensenyaments superiors art\u00edstics i esportius; sempre que superin les proves i requisits d&#8217;acc\u00e9s.<\/li>\n<li>M\u00f3n laboral.<\/li>\n<\/ul>\n<p><img loading=\"lazy\" decoding=\"async\" class=\"m_1505751210099031623gmail-rg_ic m_1505751210099031623gmail-rg_i CToWUd a6T aligncenter\" tabindex=\"0\" src=\"https:\/\/ci6.googleusercontent.com\/proxy\/R3HppVmSWrK_My21tyAxUWxmtok1kOAME58tP1i3gRHuE8CITPhfj4EXYmjLh2SAvMyuspVIa9YmK1YPLutOzJ8OAQnPhGNex7qiz70WwO_W0VbOkPQq_PIpn1XDTNFxkOw8-lMiCZtxEYBP6JX5jYwhcPU8QKMf6P_eFxA3W7o=s0-d-e1-ft#https:\/\/encrypted-tbn1.gstatic.com\/images?q=tbn:ANd9GcQlvPZltIG6qLr7lxrTsHv0XDvDh8fs4tvyvBw5C4h-RoNwtviurQ\" alt=\"Resultado de imagen de que estudiar\" width=\"534\" height=\"276\" name=\"m_1505751210099031623_RobVJCXk629cKM:\" \/><\/p>\n<p><img loading=\"lazy\" decoding=\"async\" class=\"rg_ic rg_i\" src=\"https:\/\/encrypted-tbn1.gstatic.com\/images?q=tbn:ANd9GcRKgku1iGsvpYSGjFymUtD-F7S92KSZO-yGAdykFh-48Y8vWnla\" alt=\"Resultado de imagen de universidad ilustracion\" width=\"236\" height=\"236\" name=\"iDu9SVW8SwcqyM:\" data-sz=\"f\" \/> \u00a0 \u00a0\u00a0 <img loading=\"lazy\" decoding=\"async\" class=\"m_-5024847767748655542gmail-rg_ic m_-5024847767748655542gmail-rg_i CToWUd\" src=\"https:\/\/ci5.googleusercontent.com\/proxy\/wKY-hC8nfPEl_NnPV3JuPr1D3iZK6yLqmS3qXMC6rYJajrFqLVttfZopSyzzajE5rxYwRoZYPZI1kaIL_nfECg_p-Zahf0r25J0uKUVN8qOqlbquUKZZQ5HBixMMiowlNpYr8aqVHAwmXEICH2Bb5WBDk1OXHqb3F-Feo8ZJ=s0-d-e1-ft#https:\/\/encrypted-tbn2.gstatic.com\/images?q=tbn:ANd9GcTiy-CPPPm7-P4H9BHC_RwfzaJDJh1J4Ag29eREDq4Km3snqBE6\" alt=\"Resultado de imagen de que estudiar\" width=\"336\" height=\"211\" name=\"m_-5024847767748655542_nZq-Y5aXKY6d4M:\" \/> \u00a0 \u00a0 \u00a0 \u00a0\u00a0 <img decoding=\"async\" class=\"rg_ic rg_i\" style=\"width: 225px; height: 225px; margin-left: 0px; margin-right: 0px; margin-top: 0px;\" src=\"https:\/\/encrypted-tbn2.gstatic.com\/images?q=tbn:ANd9GcQ0dzkaa9r5ndVWV2iav31J-OuRwJYbSihgBT2ihtf3uXAT2fZ_WQ\" alt=\"Resultado de imagen de VIDA LABORAL DIBUJOS ILUSTRACIONES\" name=\"lF6y1rDksh0lcM:\" data-src=\"https:\/\/encrypted-tbn2.gstatic.com\/images?q=tbn:ANd9GcQ0dzkaa9r5ndVWV2iav31J-OuRwJYbSihgBT2ihtf3uXAT2fZ_WQ\" data-sz=\"f\" \/><\/p>\n<p>&nbsp;<\/p>\n<p>&nbsp;<\/p>\n<p>&nbsp;<\/p>\n<p>&nbsp;<\/p>\n<p>&nbsp;<\/p>\n<h3><span style=\"color: #999999;\">\u00a0<\/span><\/h3>\n","protected":false},"excerpt":{"rendered":"<p>1. QU\u00c8 \u00c9S EL BATXILLERAT?<br \/>\nEl batxillerat \u00e9s un dels tipus d&#8217;estudis post-obligatoris que pots cursar despr\u00e9s de l&#8217;ESO.<br \/>\nAquesta etapa est\u00e0 formada per dos cursos de trenta hores lectives setmanals. La seva finalitat \u00e9s preparar als alumnes per a estudis superiors; graus universitaris i cicles&hellip;  <a href=\"https:\/\/agora.xtec.cat\/iespaucasals-badalona\/que-es-el-batxillerat\/\" title=\"Read INFORMACI\u00d3 GENERAL\">Llegeix m\u00e9s\u00bb<\/a><\/p>\n","protected":false},"author":39,"featured_media":0,"parent":0,"menu_order":0,"comment_status":"closed","ping_status":"closed","template":"","meta":{"_bbp_topic_count":0,"_bbp_reply_count":0,"_bbp_total_topic_count":0,"_bbp_total_reply_count":0,"_bbp_voice_count":0,"_bbp_anonymous_reply_count":0,"_bbp_topic_count_hidden":0,"_bbp_reply_count_hidden":0,"_bbp_forum_subforum_count":0,"footnotes":""},"class_list":["post-1169","page","type-page","status-publish","hentry"],"post_mailing_queue_ids":[],"_links":{"self":[{"href":"https:\/\/agora.xtec.cat\/iespaucasals-badalona\/wp-json\/wp\/v2\/pages\/1169","targetHints":{"allow":["GET"]}}],"collection":[{"href":"https:\/\/agora.xtec.cat\/iespaucasals-badalona\/wp-json\/wp\/v2\/pages"}],"about":[{"href":"https:\/\/agora.xtec.cat\/iespaucasals-badalona\/wp-json\/wp\/v2\/types\/page"}],"author":[{"embeddable":true,"href":"https:\/\/agora.xtec.cat\/iespaucasals-badalona\/wp-json\/wp\/v2\/users\/39"}],"replies":[{"embeddable":true,"href":"https:\/\/agora.xtec.cat\/iespaucasals-badalona\/wp-json\/wp\/v2\/comments?post=1169"}],"version-history":[{"count":5,"href":"https:\/\/agora.xtec.cat\/iespaucasals-badalona\/wp-json\/wp\/v2\/pages\/1169\/revisions"}],"predecessor-version":[{"id":4393,"href":"https:\/\/agora.xtec.cat\/iespaucasals-badalona\/wp-json\/wp\/v2\/pages\/1169\/revisions\/4393"}],"wp:attachment":[{"href":"https:\/\/agora.xtec.cat\/iespaucasals-badalona\/wp-json\/wp\/v2\/media?parent=1169"}],"curies":[{"name":"wp","href":"https:\/\/api.w.org\/{rel}","templated":true}]}}