{"id":6908,"date":"2026-01-19T21:18:16","date_gmt":"2026-01-19T20:18:16","guid":{"rendered":"https:\/\/agora.xtec.cat\/iespalafolls\/?page_id=6908"},"modified":"2026-01-19T21:30:45","modified_gmt":"2026-01-19T20:30:45","slug":"convalidacio-educ-fisica","status":"publish","type":"page","link":"https:\/\/agora.xtec.cat\/iespalafolls\/secretaria\/convalidacio-educ-fisica\/","title":{"rendered":"Convalidaci\u00f3 Educ. F\u00edsica"},"content":{"rendered":"<h3 class=\"entry-title\">Simultane\u00eftat d\u2019estudis amb pr\u00e0ctica intensiva d\u2019esport<\/h3>\n<p>Normativa de les convalidacions d\u2019<a href=\"https:\/\/portaljuridic.gencat.cat\/ca\/document-del-pjur\/?documentId=640509\" target=\"_blank\" rel=\"noopener\">Esports<\/a>.<\/p>\n<p>L\u2019alumnat amb dedicaci\u00f3 significativa a l\u2019esport\u00a0<b>avalada pel Consell Catal\u00e0 de l\u2019Esport<\/b>,\u00a0<b>poden sol\u00b7licitar que se\u2019ls reconegui la mat\u00e8ria Educaci\u00f3 F\u00edsica<\/b>. Per sol\u00b7licitar-ho, cal adjuntar el certificat del Consell Catal\u00e0 de l\u2019Esport. Per tal de poder obtenir aquest certificat\u00a0<b>cal figurar en el programa de tecnificaci\u00f3 (ARC)<\/b>\u00a0de la federaci\u00f3 catalana corresponent. El reconeixement de la mat\u00e8ria Educaci\u00f3 F\u00edsica implica que no t\u00e9 qualificaci\u00f3 ni computa a l\u2019efecte del c\u00e0lcul de la mitjana; a les actes cal indicar \u201cConvalidat\u201d.<\/p>\n<p><b>En casos excepcionals<\/b>\u00a0en qu\u00e8 l\u2019alumnat no forma part del programa de tecnificaci\u00f3 del Consell Catal\u00e0 de l\u2019Esport, per\u00f2 les circumst\u00e0ncies individuals de l\u2019alumne\/a i la seva dedicaci\u00f3 intensiva a l\u2019esport aix\u00ed ho justifiquen,\u00a0<b>amb una dedicaci\u00f3 hor\u00e0ria de 9 hores setmanals o m\u00e9s<\/b>\u00a0(de dilluns a divendres) d\u2019activitat f\u00edsica reconeguda per la federaci\u00f3 esportiva corresponent, es pot sol\u00b7licitar un\u00a0<b>Pla Individual al centre pel que fa la mat\u00e8ria d\u2019Educaci\u00f3 F\u00edsica<\/b>. El director o directora del centre aprova aquest reconeixement sempre que es compleixin les condicions esmentades.<\/p>\n<table>\n<tbody>\n<tr>\n<td><b>DOCUMENTS QUE CAL PRESENTAR A LA SECRETARIA DE L\u2019INSTITUT:<\/b><\/td>\n<\/tr>\n<\/tbody>\n<\/table>\n<ol>\n<li aria-level=\"1\">Impr\u00e8s de\u00a0<b>sol\u00b7licitud<\/b>\u00a0de Pla Individualitzat per al reconeixement de l\u2019Educaci\u00f3 f\u00edsica (<a href=\"https:\/\/agora.xtec.cat\/iesmartipol\/wp-content\/uploads\/usu2298\/2023\/06\/ESO_EF.pdf\">model ESO<\/a>,\u00a0<a href=\"https:\/\/agora.xtec.cat\/iesmartipol\/wp-content\/uploads\/usu2298\/2023\/06\/BATX_EF.pdf\">model BATXILLERAT<\/a>).<\/li>\n<li aria-level=\"1\"><a href=\"https:\/\/tramits.gencat.cat\/ca\/tramits\/tramits-temes\/Sollicitud-del-certificat-desportista-dAlt-Rendiment-o-de-Tecnificacio\" target=\"_blank\" rel=\"noopener\"><b>Demanar certificaci\u00f3<\/b><\/a>\u00a0<b>expedida Certificat del Consell Catal\u00e0 de l\u2019Esport<\/b>\u00a0(l\u2019alumnat pot obtenir aquest certificat quan siguin esportistes que figuren en el programa de tecnificaci\u00f3 ARC de la federaci\u00f3 catalana corresponent), o b\u00e9\u00a0<b>certificat del Club o Federaci\u00f3 en el qual hi consti el nombre d\u2019hores setmanals d\u2019entrenament.<\/b><\/li>\n<li aria-level=\"1\"><b>Autoritzaci\u00f3<\/b>\u00a0de la fam\u00edlia per entrar m\u00e9s tard o marxar abans a casa, en cas de tenir la reducci\u00f3 hor\u00e0ria a primeres o \u00faltimes hores del mat\u00ed.<\/li>\n<li aria-level=\"1\"><b>Declaraci\u00f3 responsable<\/b>\u00a0d\u2019av\u00eds en cas de modificar l\u2019horari o aband\u00f3 de l\u2019activitat per la qual es convalida.<\/li>\n<li aria-level=\"1\">L\u2019alumne\/a haur\u00e0 de continuar assistint a classe fins que se li faci arribar la\u00a0<b>resoluci\u00f3<\/b>\u00a0per part de la direcci\u00f3 del centre.<\/li>\n<\/ol>\n<div class=\"list_needToKnow-group-item-title\"><span class=\"list_needToKnow-group-item-span\" role=\"heading\" aria-level=\"3\">Terminis<\/span><\/div>\n<div class=\"wrapper_list_needToKnow-group-article\">\n<div class=\"list_needToKnow-group-item-paragraph\">\n<div class=\"link-dotted\">\n<ul>\n<li>El pots sol\u00b7licitar\u00a0<strong>durant el primer trimestre acad\u00e8mic<\/strong>, de setembre a desembre de cada any:\n<ul>\n<li>Per a una adaptaci\u00f3 curricular a ESO i batxillerat.<\/li>\n<\/ul>\n<\/li>\n<\/ul>\n<\/div>\n<\/div>\n<\/div>\n","protected":false},"excerpt":{"rendered":"<p>Simultane\u00eftat d\u2019estudis amb pr\u00e0ctica intensiva d\u2019esport<br \/>\nNormativa de les convalidacions d\u2019<a href=\"https:\/\/portaljuridic.gencat.cat\/ca\/document-del-pjur\/?documentId=640509\" target=\"_blank\" rel=\"noopener\">Esports<\/a>.<br \/>\nL\u2019alumnat amb dedicaci\u00f3 significativa a l\u2019esport\u00a0avalada pel Consell Catal\u00e0 de l\u2019Esport,\u00a0poden sol\u00b7licitar que se\u2019ls reconegui la mat\u00e8ria Educaci\u00f3 F\u00edsica. Per sol\u00b7licitar-ho, cal adjuntar el certificat del Consell Catal\u00e0 de l\u2019Esport. Per tal de&hellip;  <a href=\"https:\/\/agora.xtec.cat\/iespalafolls\/secretaria\/convalidacio-educ-fisica\/\" title=\"Read Convalidaci\u00f3 Educ. F\u00edsica\">Llegeix m\u00e9s\u00bb<\/a><\/p>\n","protected":false},"author":1,"featured_media":0,"parent":81,"menu_order":0,"comment_status":"closed","ping_status":"closed","template":"","meta":{"_bbp_topic_count":0,"_bbp_reply_count":0,"_bbp_total_topic_count":0,"_bbp_total_reply_count":0,"_bbp_voice_count":0,"_bbp_anonymous_reply_count":0,"_bbp_topic_count_hidden":0,"_bbp_reply_count_hidden":0,"_bbp_forum_subforum_count":0,"footnotes":""},"class_list":["post-6908","page","type-page","status-publish","hentry"],"post_mailing_queue_ids":[],"_links":{"self":[{"href":"https:\/\/agora.xtec.cat\/iespalafolls\/wp-json\/wp\/v2\/pages\/6908","targetHints":{"allow":["GET"]}}],"collection":[{"href":"https:\/\/agora.xtec.cat\/iespalafolls\/wp-json\/wp\/v2\/pages"}],"about":[{"href":"https:\/\/agora.xtec.cat\/iespalafolls\/wp-json\/wp\/v2\/types\/page"}],"author":[{"embeddable":true,"href":"https:\/\/agora.xtec.cat\/iespalafolls\/wp-json\/wp\/v2\/users\/1"}],"replies":[{"embeddable":true,"href":"https:\/\/agora.xtec.cat\/iespalafolls\/wp-json\/wp\/v2\/comments?post=6908"}],"version-history":[{"count":4,"href":"https:\/\/agora.xtec.cat\/iespalafolls\/wp-json\/wp\/v2\/pages\/6908\/revisions"}],"predecessor-version":[{"id":6913,"href":"https:\/\/agora.xtec.cat\/iespalafolls\/wp-json\/wp\/v2\/pages\/6908\/revisions\/6913"}],"up":[{"embeddable":true,"href":"https:\/\/agora.xtec.cat\/iespalafolls\/wp-json\/wp\/v2\/pages\/81"}],"wp:attachment":[{"href":"https:\/\/agora.xtec.cat\/iespalafolls\/wp-json\/wp\/v2\/media?parent=6908"}],"curies":[{"name":"wp","href":"https:\/\/api.w.org\/{rel}","templated":true}]}}