{"id":6710,"date":"2025-12-05T02:07:21","date_gmt":"2025-12-05T01:07:21","guid":{"rendered":"https:\/\/agora.xtec.cat\/iespalafolls\/?page_id=6710"},"modified":"2025-12-05T02:15:39","modified_gmt":"2025-12-05T01:15:39","slug":"recursos","status":"publish","type":"page","link":"https:\/\/agora.xtec.cat\/iespalafolls\/recursos\/","title":{"rendered":"Recursos"},"content":{"rendered":"<h2 class=\"NG-menu__title\">T&#8217;escoltem, t&#8217;ajudem, et protegim!<\/h2>\n<p><a href=\"https:\/\/educacio.gencat.cat\/ca\/departament\/publicacions\/campanyes\/escoltem-ajudem-protegim\/\" target=\"_blank\" rel=\"noopener\">https:\/\/educacio.gencat.cat\/ca\/departament\/publicacions\/campanyes\/escoltem-ajudem-protegim\/<\/a><\/p>\n<p>El Govern impulsa la\u00a0<strong>Unitat de Suport a l&#8217;Alumnat en Situaci\u00f3 de Viol\u00e8ncia (USAV)<\/strong>\u00a0a trav\u00e9s d&#8217;una campanya adre\u00e7ada a infants i joves de tots els centres educatius catalans. Per arribar al m\u00e0xim d&#8217;alumnes possible, s&#8217;han elaborat v\u00eddeos sobre diferents situacions de viol\u00e8ncia que poden afectar l&#8217;alumnat. Aquests v\u00eddeos es difonen per xarxes socials per\u00f2 es poden visualitzar des d&#8217;aquesta p\u00e0gina, tant en format horitzontal com en format vertical.<\/p>\n<p><iframe loading=\"lazy\" title=\"Masclisme - Campanya USAV\" width=\"500\" height=\"281\" src=\"https:\/\/www.youtube.com\/embed\/BAhZnAdhEiU?feature=oembed\" frameborder=\"0\" allow=\"accelerometer; autoplay; clipboard-write; encrypted-media; gyroscope; picture-in-picture; web-share\" referrerpolicy=\"strict-origin-when-cross-origin\" allowfullscreen><\/iframe><\/p>\n<hr \/>\n<h2>Guia pedag\u00f2gica per erradicar el racisme als centres educatius<\/h2>\n<p><a href=\"https:\/\/xtec.gencat.cat\/web\/.content\/alumnat\/violencies\/materials-i-recursos\/recursos\/guia_violencies_racistes.pdf?utm_source=chatgpt.com\" target=\"_blank\" rel=\"noopener\">https:\/\/xtec.gencat.cat\/web\/.content\/alumnat\/violencies\/materials-i-recursos\/recursos\/guia_violencies_racistes.pdf?utm_source=chatgpt.com<\/a><\/p>\n<p>La present Guia pedag\u00f2gica per erradicar el racisme als centres educatius s\u2019emmarca dins del pla Les escoles lliures de viol\u00e8ncies1 (Pla LELV). Un dels objectius rincipals d\u2019aquest pla \u00e9s recon\u00e8ixer, protegir i proporcionar atenci\u00f3 especialitzada a tot l\u2019alumnat involucrat en alguna situaci\u00f3 de viol\u00e8ncia, aix\u00ed com assegurar la reparaci\u00f3 dels danys causats.<br \/>\nEn aquest sentit, aquesta guia s\u2019elabora amb el prop\u00f2sit de visibilitzar una forma de viol\u00e8ncia que sovint passa desapercebuda: la viol\u00e8ncia per motius racistes.<\/p>\n<hr \/>\n<p>&nbsp;<\/p>\n","protected":false},"excerpt":{"rendered":"<p>T&#8217;escoltem, t&#8217;ajudem, et protegim!<br \/>\n<a href=\"https:\/\/educacio.gencat.cat\/ca\/departament\/publicacions\/campanyes\/escoltem-ajudem-protegim\/\" target=\"_blank\" rel=\"noopener\">https:\/\/educacio.gencat.cat\/ca\/departament\/publicacions\/campanyes\/escoltem-ajudem-protegim\/<\/a><br \/>\nEl Govern impulsa la\u00a0Unitat de Suport a l&#8217;Alumnat en Situaci\u00f3 de Viol\u00e8ncia (USAV)\u00a0a trav\u00e9s d&#8217;una campanya adre\u00e7ada a infants i joves de tots els centres educatius catalans. Per arribar al m\u00e0xim d&#8217;alumnes possible, s&#8217;han elaborat v\u00eddeos sobre diferents situacions&hellip;  <a href=\"https:\/\/agora.xtec.cat\/iespalafolls\/recursos\/\" title=\"Read Recursos\">Llegeix m\u00e9s\u00bb<\/a><\/p>\n","protected":false},"author":1,"featured_media":0,"parent":0,"menu_order":0,"comment_status":"closed","ping_status":"closed","template":"","meta":{"_bbp_topic_count":0,"_bbp_reply_count":0,"_bbp_total_topic_count":0,"_bbp_total_reply_count":0,"_bbp_voice_count":0,"_bbp_anonymous_reply_count":0,"_bbp_topic_count_hidden":0,"_bbp_reply_count_hidden":0,"_bbp_forum_subforum_count":0,"footnotes":""},"class_list":["post-6710","page","type-page","status-publish","hentry"],"post_mailing_queue_ids":[],"_links":{"self":[{"href":"https:\/\/agora.xtec.cat\/iespalafolls\/wp-json\/wp\/v2\/pages\/6710","targetHints":{"allow":["GET"]}}],"collection":[{"href":"https:\/\/agora.xtec.cat\/iespalafolls\/wp-json\/wp\/v2\/pages"}],"about":[{"href":"https:\/\/agora.xtec.cat\/iespalafolls\/wp-json\/wp\/v2\/types\/page"}],"author":[{"embeddable":true,"href":"https:\/\/agora.xtec.cat\/iespalafolls\/wp-json\/wp\/v2\/users\/1"}],"replies":[{"embeddable":true,"href":"https:\/\/agora.xtec.cat\/iespalafolls\/wp-json\/wp\/v2\/comments?post=6710"}],"version-history":[{"count":4,"href":"https:\/\/agora.xtec.cat\/iespalafolls\/wp-json\/wp\/v2\/pages\/6710\/revisions"}],"predecessor-version":[{"id":6716,"href":"https:\/\/agora.xtec.cat\/iespalafolls\/wp-json\/wp\/v2\/pages\/6710\/revisions\/6716"}],"wp:attachment":[{"href":"https:\/\/agora.xtec.cat\/iespalafolls\/wp-json\/wp\/v2\/media?parent=6710"}],"curies":[{"name":"wp","href":"https:\/\/api.w.org\/{rel}","templated":true}]}}