{"id":43,"date":"2014-09-17T16:45:07","date_gmt":"2014-09-17T16:45:07","guid":{"rendered":"http:\/\/agora.xtec.cat\/iespalafolls\/?page_id=43"},"modified":"2026-04-10T12:07:30","modified_gmt":"2026-04-10T10:07:30","slug":"consell-escolar","status":"publish","type":"page","link":"https:\/\/agora.xtec.cat\/iespalafolls\/linstitut\/consell-escolar\/","title":{"rendered":"Consell escolar"},"content":{"rendered":"<p>El <a href=\"https:\/\/educacio.gencat.cat\/ca\/arees-actuacio\/centres-serveis-educatius\/centres\/consells-escolars-centres\/index.html\">Consell escolar<\/a> del centre \u00e9s l\u2019<strong>\u00f2rgan col\u00b7legiat de participaci\u00f3\u00a0de la comunitat escolar<\/strong> <strong>en el govern del centre<\/strong>. En el Consell escolar hi ha representats tots els col\u00b7lectius que intervenen en la comunitat educativa: direcci\u00f3, professorat, alumnat, fam\u00edlies, personal d\u2019administraci\u00f3 i serveis, personal d&#8217;educaci\u00f3, l&#8217;AFA i l&#8217;Ajuntament.<\/p>\n<p>La funci\u00f3 principal del Consell escolar \u00e9s participar en la presa de decisions en relaci\u00f3 amb aquells temes importants per al <strong>funcionament i l\u2019organitzaci\u00f3 del centre<\/strong>: el projecte educatiu, la programaci\u00f3 general, la gesti\u00f3 econ\u00f2mica, etc.<\/p>\n<p>Les persones membres del Consell escolar s\u00f3n elegits per un per\u00edode de quatre anys i es renoven per meitats cada dos anys.<\/p>\n<table dir=\"ltr\" style=\"width: 69.9809%; height: 517px;\" border=\"1\" cellspacing=\"0\" cellpadding=\"0\" data-sheets-root=\"1\" data-sheets-baot=\"1\">\n<colgroup>\n<col width=\"245\" \/>\n<col width=\"9\" \/>\n<col width=\"212\" \/><\/colgroup>\n<tbody>\n<tr style=\"height: 32px;\">\n<td style=\"height: 32px; width: 109.91%; text-align: center;\" colspan=\"3\" rowspan=\"1\"><strong>Membres del Consell escolar 2025-29<\/strong><\/td>\n<\/tr>\n<tr style=\"height: 27px;\">\n<td style=\"height: 27px; text-align: right; width: 48.684%;\">President<\/td>\n<td style=\"height: 27px; text-align: right; width: 2.26819%;\"><\/td>\n<td style=\"height: 27px; width: 58.9575%; text-align: left;\">Francesc Casabella Planas<\/td>\n<\/tr>\n<tr style=\"height: 23px;\">\n<td style=\"height: 23px; text-align: right; width: 48.684%;\">Secret\u00e0ria<\/td>\n<td style=\"height: 23px; width: 2.26819%;\"><\/td>\n<td style=\"height: 23px; width: 58.9575%;\">Judit Turon Gonz\u00e1lez<\/td>\n<\/tr>\n<tr style=\"height: 22px;\">\n<td style=\"height: 22px; text-align: right; width: 48.684%;\">Cap d&#8217;estudis<\/td>\n<td style=\"height: 22px; width: 2.26819%;\"><\/td>\n<td style=\"height: 22px; width: 58.9575%;\">Albert Caminal de Mingo<\/td>\n<\/tr>\n<tr style=\"height: 30px;\">\n<td style=\"height: 30px; text-align: right; width: 48.684%;\">Representant professorat<\/td>\n<td style=\"height: 30px; width: 2.26819%;\"><\/td>\n<td style=\"height: 30px; width: 58.9575%;\">&#8212;\u00a0 **<\/td>\n<\/tr>\n<tr style=\"height: 32px;\">\n<td style=\"height: 32px; text-align: right; width: 48.684%;\">Representant professorat<\/td>\n<td style=\"height: 32px; width: 2.26819%;\"><\/td>\n<td style=\"height: 32px; width: 58.9575%;\">Miquel Quintana Llad\u00f3*<\/td>\n<\/tr>\n<tr style=\"height: 32px;\">\n<td style=\"height: 32px; text-align: right; width: 48.684%;\">Representant professorat<\/td>\n<td style=\"height: 32px; width: 2.26819%;\"><\/td>\n<td style=\"height: 32px; width: 58.9575%;\">Gl\u00f2ria Vich\u00e9 Pi\u00f1as*<\/td>\n<\/tr>\n<tr style=\"height: 32px;\">\n<td style=\"height: 32px; text-align: right; width: 48.684%;\">Representant professorat<\/td>\n<td style=\"height: 32px; width: 2.26819%;\"><\/td>\n<td style=\"height: 32px; width: 58.9575%;\">Carolina Casacuberta Bag\u00f3<\/td>\n<\/tr>\n<tr style=\"height: 32px;\">\n<td style=\"height: 32px; text-align: right; width: 48.684%;\">Representant professorat<\/td>\n<td style=\"height: 32px; width: 2.26819%;\"><\/td>\n<td style=\"height: 32px; width: 58.9575%;\">B\u00e0rbara Vila Merino*<\/td>\n<\/tr>\n<tr style=\"height: 32px;\">\n<td style=\"height: 32px; text-align: right; width: 48.684%;\">Representant professorat<\/td>\n<td style=\"height: 32px; width: 2.26819%;\"><\/td>\n<td style=\"height: 32px; width: 58.9575%;\">Susanna Casta\u00f1o Garcia<\/td>\n<\/tr>\n<tr style=\"height: 32px;\">\n<td style=\"height: 32px; text-align: right; width: 48.684%;\">Representant PAS<\/td>\n<td style=\"height: 32px; width: 2.26819%;\"><\/td>\n<td style=\"height: 32px; width: 58.9575%;\">Marta Sabater Rodr\u00edguez<\/td>\n<\/tr>\n<tr style=\"height: 32px;\">\n<td style=\"height: 32px; text-align: right; width: 48.684%;\">Representant PAE<\/td>\n<td style=\"height: 32px; width: 2.26819%;\"><\/td>\n<td style=\"height: 32px; width: 58.9575%;\">Alexandra Mart\u00ed Batlle<\/td>\n<\/tr>\n<tr style=\"height: 28px;\">\n<td style=\"height: 28px; text-align: right; width: 48.684%;\">Representant AMPA<\/td>\n<td style=\"height: 28px; width: 2.26819%;\"><\/td>\n<td style=\"height: 28px; width: 58.9575%;\">N\u00faria Zambrano Fern\u00e1ndez<\/td>\n<\/tr>\n<tr style=\"height: 25px;\">\n<td style=\"height: 25px; text-align: right; width: 48.684%;\">Representant Mares i Pares d&#8217;alumnat<\/td>\n<td style=\"height: 25px; width: 2.26819%;\"><\/td>\n<td style=\"height: 25px; width: 58.9575%;\">Magda Serrano Leiva<\/td>\n<\/tr>\n<tr style=\"height: 20px;\">\n<td style=\"height: 20px; text-align: right; width: 48.684%;\">Representant Mares i Pares d&#8217;alumnat<\/td>\n<td style=\"height: 20px; width: 2.26819%;\"><\/td>\n<td style=\"height: 20px; width: 58.9575%;\">Irene Aguilar Gual<\/td>\n<\/tr>\n<tr style=\"height: 28px;\">\n<td style=\"height: 28px; text-align: right; width: 48.684%;\">Representant Mares i Pares d&#8217;alumnat<\/td>\n<td style=\"height: 28px; width: 2.26819%;\"><\/td>\n<td style=\"height: 28px; width: 58.9575%;\">Imma Bigas Bassart<\/td>\n<\/tr>\n<tr style=\"height: 26px;\">\n<td style=\"height: 26px; text-align: right; width: 48.684%;\">Representant Ajuntament<\/td>\n<td style=\"height: 26px; width: 2.26819%;\"><\/td>\n<td style=\"height: 26px; width: 58.9575%;\">Susanna Pla Capdevila<\/td>\n<\/tr>\n<tr style=\"height: 22px;\">\n<td style=\"height: 22px; text-align: right; width: 48.684%;\">Representant Alumnat<\/td>\n<td style=\"height: 22px; width: 2.26819%;\"><\/td>\n<td style=\"height: 22px; width: 58.9575%;\">Joel Cabrera Casta\u00f1o<\/td>\n<\/tr>\n<tr style=\"height: 10px;\">\n<td style=\"height: 10px; text-align: right; width: 48.684%;\">Representant Alumnat<\/td>\n<td style=\"height: 10px; width: 2.26819%;\"><\/td>\n<td style=\"height: 10px; width: 58.9575%;\">Marc \u00dabeda Zodlov\u00e1<\/td>\n<\/tr>\n<\/tbody>\n<\/table>\n<p>* Finalitza el c\u00e0rrec el 2027<\/p>\n<p>** Vacant per ren\u00fancia<\/p>\n<p>Enlla\u00e7 a l&#8217;acta de constituci\u00f3 25\/11\/2025<\/p>\n","protected":false},"excerpt":{"rendered":"<p>El <a href=\"https:\/\/educacio.gencat.cat\/ca\/arees-actuacio\/centres-serveis-educatius\/centres\/consells-escolars-centres\/index.html\">Consell escolar<\/a> del centre \u00e9s l\u2019\u00f2rgan col\u00b7legiat de participaci\u00f3\u00a0de la comunitat escolar en el govern del centre. En el Consell escolar hi ha representats tots els col\u00b7lectius que intervenen en la comunitat educativa: direcci\u00f3, professorat, alumnat, fam\u00edlies, personal d\u2019administraci\u00f3 i serveis, personal d&#8217;educaci\u00f3,&hellip;  <a href=\"https:\/\/agora.xtec.cat\/iespalafolls\/linstitut\/consell-escolar\/\" title=\"Read Consell escolar\">Llegeix m\u00e9s\u00bb<\/a><\/p>\n","protected":false},"author":1,"featured_media":0,"parent":19,"menu_order":40,"comment_status":"closed","ping_status":"closed","template":"page-templates\/side-menu.php","meta":{"_bbp_topic_count":0,"_bbp_reply_count":0,"_bbp_total_topic_count":0,"_bbp_total_reply_count":0,"_bbp_voice_count":0,"_bbp_anonymous_reply_count":0,"_bbp_topic_count_hidden":0,"_bbp_reply_count_hidden":0,"_bbp_forum_subforum_count":0,"footnotes":""},"class_list":["post-43","page","type-page","status-publish","hentry"],"post_mailing_queue_ids":[],"_links":{"self":[{"href":"https:\/\/agora.xtec.cat\/iespalafolls\/wp-json\/wp\/v2\/pages\/43","targetHints":{"allow":["GET"]}}],"collection":[{"href":"https:\/\/agora.xtec.cat\/iespalafolls\/wp-json\/wp\/v2\/pages"}],"about":[{"href":"https:\/\/agora.xtec.cat\/iespalafolls\/wp-json\/wp\/v2\/types\/page"}],"author":[{"embeddable":true,"href":"https:\/\/agora.xtec.cat\/iespalafolls\/wp-json\/wp\/v2\/users\/1"}],"replies":[{"embeddable":true,"href":"https:\/\/agora.xtec.cat\/iespalafolls\/wp-json\/wp\/v2\/comments?post=43"}],"version-history":[{"count":6,"href":"https:\/\/agora.xtec.cat\/iespalafolls\/wp-json\/wp\/v2\/pages\/43\/revisions"}],"predecessor-version":[{"id":7251,"href":"https:\/\/agora.xtec.cat\/iespalafolls\/wp-json\/wp\/v2\/pages\/43\/revisions\/7251"}],"up":[{"embeddable":true,"href":"https:\/\/agora.xtec.cat\/iespalafolls\/wp-json\/wp\/v2\/pages\/19"}],"wp:attachment":[{"href":"https:\/\/agora.xtec.cat\/iespalafolls\/wp-json\/wp\/v2\/media?parent=43"}],"curies":[{"name":"wp","href":"https:\/\/api.w.org\/{rel}","templated":true}]}}