{"id":917,"date":"2026-03-25T11:09:52","date_gmt":"2026-03-25T10:09:52","guid":{"rendered":"https:\/\/agora.xtec.cat\/iesolorda\/?page_id=917"},"modified":"2026-03-25T11:11:10","modified_gmt":"2026-03-25T10:11:10","slug":"batxillerat","status":"publish","type":"page","link":"https:\/\/agora.xtec.cat\/iesolorda\/batxillerat\/","title":{"rendered":"Batxillerat"},"content":{"rendered":"\n<h1 class=\"wp-block-heading\">Curs 2025-26<\/h1>\n\n\n\n<h1 class=\"wp-block-heading\"><strong>Calendari<\/strong><\/h1>\n\n\n\n<p><a href=\"https:\/\/drive.google.com\/file\/d\/159L7oQhvwdK74j8quPzRHjgDNIBes6Jc\/view?usp=sharing\"><strong>Calendari del curs 2025-2026<\/strong><\/a><br><a href=\"https:\/\/drive.google.com\/file\/d\/1XXHAKw7QZNKKdA2d3064D_UJ3JkfD4vV\/view?usp=sharing\"><strong>Calendari sortides i activitats 2025-2026<\/strong><\/a><\/p>\n\n\n\n<h1 class=\"wp-block-heading\">&nbsp;<\/h1>\n\n\n\n<h1 class=\"wp-block-heading\"><strong>Llibres curs 2025-26<\/strong><\/h1>\n\n\n\n<p><a href=\"https:\/\/docs.google.com\/document\/d\/1CMk9xRjbljVN7npCfhsqgIDoqGAdJy2ffPhZeHhx6uY\/edit?usp=sharing\"><strong>1r Batxillerat<\/strong><\/a>&#8211;<a href=\"https:\/\/docs.google.com\/document\/d\/1ksT8xv4HD3CRmnwmHbZv9A5LDdBksKNxd47Jkwxd_1o\/edit?usp=sharing\"><strong>2n Batxillerat<\/strong><\/a><strong>&nbsp; (publicat el 19 de juny de 2025)<\/strong><\/p>\n\n\n\n<p>Les fam\u00edlies que vulguin fer \u00fas del&nbsp;<strong>servei de reutilitzaci\u00f3 de llibres<\/strong>&nbsp;de l&#8217;AFA amb l&#8217;empresa Iddink, podran fer la comanda directament a la p\u00e0gina &nbsp;<a href=\"https:\/\/www.iddink.cat\/\" target=\"_blank\" rel=\"noreferrer noopener\"><strong>iddink.cat<\/strong><\/a>. En el seg\u00fcent enlla\u00e7 trobaran la informaci\u00f3&nbsp;<a href=\"https:\/\/drive.google.com\/file\/d\/1MDgfm_xTEertqWJl4DKcjlUHtf2zGEmP\/view?usp=sharing\"><strong>Com fer la teva comanda<\/strong><\/a><strong>.<\/strong><\/p>\n\n\n\n<p>En el seg\u00fcent enlla\u00e7 podeu trobar v\u00eddeos explicatius preparats per IDDINK sobre el funcionament i preguntes freq\u00fcents: <a href=\"https:\/\/www.youtube.com\/@Iddinkspain\" rel=\"noreferrer noopener\" target=\"_blank\">https:\/\/www.youtube.com\/@Iddinkspain<\/a><\/p>\n\n\n\n<h1 class=\"wp-block-heading\"><strong>Reuni\u00f3 fam\u00edlies inici de curs<\/strong><\/h1>\n\n\n\n<p><strong>1r de batxillerat:<\/strong> <a href=\"https:\/\/drive.google.com\/file\/d\/1Eyp9m1lSQR0GtvwnZlUM8CTEqkYY84Nx\/preview\">presentaci\u00f3 de la reuni\u00f3&nbsp;del 6 d&#8217;octubre de 2025 per a fam\u00edlies del curs 2025-26<\/a><\/p>\n\n\n\n<p><strong>2n de batxillerat:<\/strong> <a href=\"https:\/\/drive.google.com\/file\/d\/1igUH_OqMhGRKQGcV3sGnHHACSiLOHLtB\/preview\">presentaci\u00f3 de la reuni\u00f3&nbsp;del 6 d&#8217;octubre de 2025 per a fam\u00edlies del curs 2025-26<\/a><\/p>\n\n\n\n<h1 class=\"wp-block-heading\">Curs 2024-25<\/h1>\n\n\n\n<h1 class=\"wp-block-heading\"><strong>Mat\u00e8ries de Batxillerat<\/strong><\/h1>\n\n\n\n<p>&nbsp;&#8211; <a href=\"https:\/\/drive.google.com\/file\/d\/1McnS8sFSJseTDuXfMuiqHCpHRLKRHaGS\/view?usp=sharing\">Full de tria de mat\u00e8ries i optatives<\/a>&nbsp;<\/p>\n\n\n\n<p>&nbsp;&#8211; <a href=\"https:\/\/drive.google.com\/file\/d\/1-9kt1N8L3h7T484WsgZ-vNrO_iKk4G4f\/view?usp=sharing\">Dossier optatives de 1r de Batxillerat<\/a><\/p>\n\n\n\n<h1 class=\"wp-block-heading\"><strong>Calendari<\/strong><\/h1>\n\n\n\n<p><a href=\"https:\/\/drive.google.com\/file\/d\/1TcNR9MtZUy-vHsjTzblVaKTQbvMAPVb7\/view?usp=sharing\"><strong>Calendari del curs 2024-2025<\/strong><\/a><br><a href=\"https:\/\/drive.google.com\/file\/d\/1G3ShxPEIxvdhrZfa0wpqk5z2aZwNRrq-\/view\"><strong>Calendari sortides i activitats 2024-2025<\/strong><\/a><\/p>\n\n\n\n<h1 class=\"wp-block-heading\"><strong>Llibres curs 2024-25<\/strong><\/h1>\n\n\n\n<p><a href=\"https:\/\/docs.google.com\/document\/d\/1IL4yVOjmsXHRd4Ps5mapzTiec65gSn7QVFLpUGqmxZc\/edit?usp=sharing\"><strong>1r Batxillerat<\/strong><\/a>&#8211;<a href=\"https:\/\/docs.google.com\/document\/d\/17L_E0VhRr3bEzicNR6ZHZh66mQds-_8MS9JHvin37Lc\/edit?usp=sharing\"><strong>2n Batxillerat<\/strong><\/a><strong>&nbsp; (publicat el 26 de juny de 2024)<\/strong><\/p>\n\n\n\n<p>Les fam\u00edlies que vulguin fer \u00fas del&nbsp;<strong>servei de reutilitzaci\u00f3 de llibres<\/strong>&nbsp;de l&#8217;AFA amb l&#8217;empresa Iddink, podran fer la comanda directament a la p\u00e0gina &nbsp;<a href=\"https:\/\/www.iddink.cat\/\" target=\"_blank\" rel=\"noreferrer noopener\"><strong>iddink.cat<\/strong><\/a> &nbsp;o per tel\u00e8fon. En el seg\u00fcent enlla\u00e7 trobaran la informaci\u00f3&nbsp;<a href=\"https:\/\/drive.google.com\/file\/d\/1az_Dci5-x5cC0akZ8Q3x_Mj9trtjoKMl\/view?usp=sharing\"><strong>Com fer la teva comanda<\/strong><\/a><strong>.<\/strong><\/p>\n\n\n\n<p><strong>ATENCI\u00d3<\/strong>: en aquests moments &nbsp;encara no es pot fer la compra dels llibres a IDDINK. Properament habilitaran el proc\u00e9s de compra.<\/p>\n\n\n\n<p>En el seg\u00fcent v\u00eddeo explicatiu preparat per IDDINK es pot veure&nbsp;<a href=\"https:\/\/vimeo.com\/953990128\">Com fer una comanda tractar els llibres i retornar-los a final de curs<\/a>.<\/p>\n\n\n\n<p>A continuaci\u00f3 poden veure de manera resumida <a href=\"https:\/\/drive.google.com\/file\/d\/1zIjYyKpZ2Pn91BpwEkfj1QXF4IsEhe9T\/view?usp=sharing\">com tractar els ecoBooks al llarg del curs<\/a>, <a href=\"https:\/\/drive.google.com\/file\/d\/1yUEe1khNvDc293VeHrkit3Q-jLqbpZq0\/view?usp=sharing\">com retornar els ecoBooks en finalitzar el curs<\/a>, i els <a href=\"https:\/\/drive.google.com\/file\/d\/1WHlw8iZkExMN4HFS03fNPUOkex5pX-Ll\/view?usp=sharing\">criteris de qualitat que han de complir els ecoBooks<\/a> per ser acceptats quan es retornen.<\/p>\n\n\n\n<h1 class=\"wp-block-heading\"><strong>Reuni\u00f3 fam\u00edlies inici de curs<\/strong><\/h1>\n\n\n\n<p><strong>1r de batxillerat:<\/strong> <a href=\"https:\/\/drive.google.com\/file\/d\/1shfjVRR5moy59o3ka8dc_pn3MGHhtD4G\/view?usp=sharing\">presentaci\u00f3 de la reuni\u00f3&nbsp;del 7 d&#8217;octubre de 2024 per a fam\u00edlies del curs 2024-25<\/a><\/p>\n\n\n\n<p><strong>2n de batxillerat:<\/strong> <a href=\"https:\/\/drive.google.com\/file\/d\/1JpPqeD4IdlevlSXa5XxsTiVbvwJa7Ecq\/view?usp=sharing\">presentaci\u00f3 de la reuni\u00f3&nbsp;del 7 d&#8217;octubre de 2024 per a fam\u00edlies del curs 2024-25<\/a><\/p>\n\n\n\n<h1 class=\"wp-block-heading\">&nbsp;<\/h1>\n\n\n\n<h1 class=\"wp-block-heading\">Curs 2023-24<\/h1>\n\n\n\n<h1 class=\"wp-block-heading\"><strong>Mat\u00e8ries de Batxillerat<\/strong><\/h1>\n\n\n\n<p>&nbsp;&#8211; <a href=\"https:\/\/drive.google.com\/file\/d\/1YkMIjKJdBu8sZbNSilTmnFFsOaEljKnV\/view?usp=sharing\">Full de tria de mat\u00e8ries i optatives<\/a><\/p>\n\n\n\n<p>&nbsp;&#8211; <a href=\"https:\/\/drive.google.com\/file\/d\/11Ir8KMiAKWGzngZCo-Cag0GNnTztwzrP\/view?usp=sharing\">Dossier optatives de 1r de Batxillerat<\/a><\/p>\n\n\n\n<h1 class=\"wp-block-heading\"><strong>Llibres curs 2023-24<\/strong><\/h1>\n\n\n\n<p><a href=\"https:\/\/docs.google.com\/document\/d\/1ghQ6JqocEJ6QVC8DEuhj52pWlO4aZQSLQtOq0htogdo\/edit?usp=sharing\"><strong>1r Batxillerat<\/strong><\/a>&#8211;<a href=\"https:\/\/docs.google.com\/document\/d\/1M2pGhEwH7_jka-ZgrTbqS5xPNFose9oY-8Fe6p_Q3xE\/edit?usp=sharing\"><strong>2n Batxillerat<\/strong><\/a><strong>&nbsp; (publicat el 20 de juny de 2023)<\/strong><\/p>\n\n\n\n<p>Les fam\u00edlies que vulguin fer \u00fas del&nbsp;<strong>servei de reutilitzaci\u00f3 de llibres<\/strong>&nbsp;de l&#8217;AFA amb l&#8217;empresa Iddink, podran fer la comanda directament a la p\u00e0gina&nbsp;<a href=\"https:\/\/www.iddink.cat\/\" target=\"_blank\" rel=\"noreferrer noopener\"><strong>iddink.cat<\/strong><\/a>&nbsp;o per tel\u00e8fon, segons el document&nbsp;<a href=\"https:\/\/drive.google.com\/file\/d\/1AxxoLkFaWX514ZrV8szcIOWX3z4rOueC\/view?usp=sharing\">Com fer la teva comanda<\/a><strong>.<\/strong><\/p>\n\n\n\n<p>En el seg\u00fcent v\u00eddeo explicatiu preparat per IDDINK es pot veure&nbsp;<a href=\"https:\/\/drive.google.com\/file\/d\/1-ySzXUEdMV5Ei0Gek9xHVSfqAZuuwjCt\/view?usp=sharing\">Com fer una comanda tractar els llibres i retornar-los a final de curs<\/a>.<\/p>\n\n\n\n<hr class=\"wp-block-separator has-alpha-channel-opacity\"\/>\n\n\n\n<h1 class=\"wp-block-heading\">Curs 2022-23<\/h1>\n\n\n\n<h1 class=\"wp-block-heading\"><strong>Llibres curs 2022-23<\/strong><\/h1>\n\n\n\n<p><a href=\"https:\/\/docs.google.com\/document\/d\/1KO_JXT4rzxM96Tv6fdiqoD_8NL1EYmD3JK41PojeVcU\/edit?usp=sharing\"><strong>1r Batxillerat<\/strong><\/a>&nbsp;&#8211;&nbsp;<a href=\"https:\/\/docs.google.com\/document\/d\/1TUaEOVu-Tf9J-R5TcjMf-iKbEWh81S5jYAPNFBri7ww\/edit?usp=sharing\"><strong>2n Batxillerat<\/strong><\/a><strong>&nbsp;&nbsp;&nbsp; (actualitzat el 21 juny de 2022)<\/strong><\/p>\n\n\n\n<p>Les fam\u00edlies que vulguin fer \u00fas del&nbsp;<strong>servei de reutilitzaci\u00f3 de llibres<\/strong>&nbsp;de l&#8217;AFA amb l&#8217;empresa Iddink, podran fer la comanda directament a la p\u00e0gina&nbsp;<a href=\"https:\/\/www.iddink.cat\/\" target=\"_blank\" rel=\"noreferrer noopener\"><strong>iddink.cat<\/strong><\/a>&nbsp;o per tel\u00e8fon, segons el document&nbsp;<a href=\"https:\/\/drive.google.com\/file\/d\/1z3rySgGKu_d1vmWpxd022U0VABljBeu-\/view?usp=sharing\">Com fer la teva comanda<\/a><strong>.<\/strong><\/p>\n\n\n\n<p>En el seg\u00fcent v\u00eddeo explicatiu preparat per IDDINK es pot veure&nbsp;<a href=\"https:\/\/drive.google.com\/file\/d\/1-ySzXUEdMV5Ei0Gek9xHVSfqAZuuwjCt\/view?usp=sharing\">Com fer una comanda tractar els llibres i retornar-los a final de curs<\/a>.<\/p>\n\n\n\n<h1 class=\"wp-block-heading\"><br><strong>Calendari<\/strong><\/h1>\n\n\n\n<p><a href=\"https:\/\/drive.google.com\/file\/d\/1ABZsJJmApnlRYq3-raE8hugYBj80w50e\/view?usp=sharing\"><strong>Calendari del curs 2023-2024<\/strong><\/a>&nbsp;(Actualitzat a 25 setembre 2023)<br><a href=\"https:\/\/drive.google.com\/file\/d\/1r3kcOE23vtZxpMDTbtGvfno5zo9WmOsM\/view?usp=sharing\"><strong>Calendari sortides i activitats 2023-2024<\/strong><\/a>&nbsp;(Actualitzat a 25 setembre 2023)<\/p>\n\n\n\n<p><strong>Indicacions inici de curs&nbsp;<\/strong>(reuni\u00f3 tutoria)<\/p>\n\n\n\n<p><a href=\"https:\/\/drive.google.com\/file\/d\/1M-f4El4yZvWvdFIl6saRGd0yQq5-qDDn\/view?usp=sharing\"><strong>Reuni\u00f3 fam\u00edlies 1r batxillerat<\/strong><\/a>&nbsp;&nbsp;(octubre 2023)<br><a href=\"https:\/\/drive.google.com\/file\/d\/1azUVzkCikD3DoblxzQLBVoN2OjJPFktj\/view?usp=sharing\"><strong>Reuni\u00f3 fam\u00edlies 2n batxillerat<\/strong><\/a>(octubre 2023)<\/p>\n\n\n\n<h1 class=\"wp-block-heading\"><strong>Informaci\u00f3 viatges<\/strong><\/h1>\n\n\n\n<p>Viatge a It\u00e0lia 1r BAT<\/p>\n\n\n\n<p><\/p>\n","protected":false},"excerpt":{"rendered":"<p>Curs 2025-26 Calendari Calendari del curs 2025-2026Calendari sortides i activitats 2025-2026 &nbsp; Llibres curs 2025-26 1r Batxillerat&#8211;2n Batxillerat&nbsp; (publicat el 19 de juny de 2025) Les fam\u00edlies que vulguin fer \u00fas del&nbsp;servei de reutilitzaci\u00f3 de llibres&nbsp;de l&#8217;AFA amb l&#8217;empresa Iddink, podran fer la comanda directament a la p\u00e0gina &nbsp;iddink.cat. En el seg\u00fcent enlla\u00e7 trobaran la [&hellip;]<\/p>\n","protected":false},"author":1,"featured_media":0,"parent":0,"menu_order":0,"comment_status":"closed","ping_status":"close","template":"","meta":{"site-sidebar-layout":"default","site-content-layout":"","ast-site-content-layout":"default","site-content-style":"default","site-sidebar-style":"default","ast-global-header-display":"","ast-banner-title-visibility":"","ast-main-header-display":"","ast-hfb-above-header-display":"","ast-hfb-below-header-display":"","ast-hfb-mobile-header-display":"","site-post-title":"","ast-breadcrumbs-content":"","ast-featured-img":"","footer-sml-layout":"","theme-transparent-header-meta":"","adv-header-id-meta":"","stick-header-meta":"","header-above-stick-meta":"","header-main-stick-meta":"","header-below-stick-meta":"","astra-migrate-meta-layouts":"set","ast-page-background-enabled":"default","ast-page-background-meta":{"desktop":{"background-color":"var(--ast-global-color-4)","background-image":"","background-repeat":"repeat","background-position":"center center","background-size":"auto","background-attachment":"scroll","background-type":"","background-media":"","overlay-type":"","overlay-color":"","overlay-opacity":"","overlay-gradient":""},"tablet":{"background-color":"","background-image":"","background-repeat":"repeat","background-position":"center center","background-size":"auto","background-attachment":"scroll","background-type":"","background-media":"","overlay-type":"","overlay-color":"","overlay-opacity":"","overlay-gradient":""},"mobile":{"background-color":"","background-image":"","background-repeat":"repeat","background-position":"center center","background-size":"auto","background-attachment":"scroll","background-type":"","background-media":"","overlay-type":"","overlay-color":"","overlay-opacity":"","overlay-gradient":""}},"ast-content-background-meta":{"desktop":{"background-color":"var(--ast-global-color-5)","background-image":"","background-repeat":"repeat","background-position":"center center","background-size":"auto","background-attachment":"scroll","background-type":"","background-media":"","overlay-type":"","overlay-color":"","overlay-opacity":"","overlay-gradient":""},"tablet":{"background-color":"var(--ast-global-color-5)","background-image":"","background-repeat":"repeat","background-position":"center center","background-size":"auto","background-attachment":"scroll","background-type":"","background-media":"","overlay-type":"","overlay-color":"","overlay-opacity":"","overlay-gradient":""},"mobile":{"background-color":"var(--ast-global-color-5)","background-image":"","background-repeat":"repeat","background-position":"center center","background-size":"auto","background-attachment":"scroll","background-type":"","background-media":"","overlay-type":"","overlay-color":"","overlay-opacity":"","overlay-gradient":""}},"footnotes":""},"class_list":["post-917","page","type-page","status-publish","hentry"],"post_mailing_queue_ids":[],"_links":{"self":[{"href":"https:\/\/agora.xtec.cat\/iesolorda\/wp-json\/wp\/v2\/pages\/917","targetHints":{"allow":["GET"]}}],"collection":[{"href":"https:\/\/agora.xtec.cat\/iesolorda\/wp-json\/wp\/v2\/pages"}],"about":[{"href":"https:\/\/agora.xtec.cat\/iesolorda\/wp-json\/wp\/v2\/types\/page"}],"author":[{"embeddable":true,"href":"https:\/\/agora.xtec.cat\/iesolorda\/wp-json\/wp\/v2\/users\/1"}],"replies":[{"embeddable":true,"href":"https:\/\/agora.xtec.cat\/iesolorda\/wp-json\/wp\/v2\/comments?post=917"}],"version-history":[{"count":2,"href":"https:\/\/agora.xtec.cat\/iesolorda\/wp-json\/wp\/v2\/pages\/917\/revisions"}],"predecessor-version":[{"id":929,"href":"https:\/\/agora.xtec.cat\/iesolorda\/wp-json\/wp\/v2\/pages\/917\/revisions\/929"}],"wp:attachment":[{"href":"https:\/\/agora.xtec.cat\/iesolorda\/wp-json\/wp\/v2\/media?parent=917"}],"curies":[{"name":"wp","href":"https:\/\/api.w.org\/{rel}","templated":true}]}}